{"id":357245,"date":"2026-02-28T06:26:55","date_gmt":"2026-02-28T03:26:55","guid":{"rendered":"https:\/\/ecoshop.ee\/maaratlemata\/hoiutelk-300x300-cm-teras-hall\/"},"modified":"2026-05-11T03:30:35","modified_gmt":"2026-05-11T00:30:35","slug":"%d0%bd%d0%b0%d0%bc%d0%b5%d1%82-%d0%b4%d0%bb%d1%8f-%d0%b7%d0%b1%d0%b5%d1%80%d1%96%d0%b3%d0%b0%d0%bd%d0%bd%d1%8f-300x300-%d1%81%d0%bc-%d1%81%d1%82%d0%b0%d0%bb%d0%b5%d0%b2%d0%be-%d1%81%d1%96%d1%80%d0%be","status":"publish","type":"product","link":"https:\/\/ecoshop.ee\/uk\/aiakuurid\/hoiutelk-300x300-cm-teras-hall\/","title":{"rendered":"\u041d\u0430\u043c\u0435\u0442 \u0434\u043b\u044f \u0437\u0431\u0435\u0440\u0456\u0433\u0430\u043d\u043d\u044f, 300 x 300 \u0441\u043c, \u0441\u0442\u0430\u043b\u044c, \u0441\u0456\u0440\u0438\u0439"},"content":{"rendered":"<p>\u041a\u043b\u0430\u0441\u0438\u0447\u043d\u0438\u0439 \u0431\u0430\u0433\u0430\u0442\u043e\u0444\u0443\u043d\u043a\u0446\u0456\u043e\u043d\u0430\u043b\u044c\u043d\u0438\u0439 \u043d\u0430\u043c\u0435\u0442 \u2013 \u0446\u0435 \u0447\u0443\u0434\u043e\u0432\u0438\u0439 \u0437\u0430\u0445\u0438\u0441\u0442 \u0434\u043b\u044f \u0441\u043f\u043e\u0440\u044f\u0434\u0436\u0435\u043d\u043d\u044f \u0434\u043b\u044f \u0430\u043a\u0442\u0438\u0432\u043d\u043e\u0433\u043e \u0432\u0456\u0434\u043f\u043e\u0447\u0438\u043d\u043a\u0443 \u0447\u0438 \u0456\u043d\u0448\u0438\u0445 \u0440\u0435\u0447\u0435\u0439, \u044f\u043a\u0456 \u043f\u043e\u0442\u0440\u0456\u0431\u043d\u043e \u0437\u0431\u0435\u0440\u0456\u0433\u0430\u0442\u0438, \u0430 \u0442\u0430\u043a\u043e\u0436 \u0434\u0435\u043a\u043e\u0440\u0430\u0442\u0438\u0432\u043d\u0438\u0439 \u0442\u0430 \u043f\u0440\u0430\u043a\u0442\u0438\u0447\u043d\u0438\u0439 \u0434\u043e\u043f\u043e\u0432\u043d\u0435\u043d\u043d\u044f \u0434\u043e \u0432\u0430\u0448\u043e\u0433\u043e \u043f\u0440\u043e\u0441\u0442\u043e\u0440\u0443 \u043d\u0430 \u0441\u0432\u0456\u0436\u043e\u043c\u0443 \u043f\u043e\u0432\u0456\u0442\u0440\u0456.<\/p>\n<\/p>\n<p>\u041d\u0430\u043c\u0435\u0442 \u0434\u043b\u044f \u0437\u0431\u0435\u0440\u0456\u0433\u0430\u043d\u043d\u044f \u0432\u0438\u0433\u043e\u0442\u043e\u0432\u043b\u0435\u043d\u0438\u0439 \u0437 \u043f\u043e\u043b\u0456\u0435\u0442\u0438\u043b\u0435\u043d\u0443, \u0454 \u0432\u043e\u0434\u043e\u043d\u0435\u043f\u0440\u043e\u043d\u0438\u043a\u043d\u0438\u043c \u0442\u0430 \u0441\u0442\u0456\u0439\u043a\u0438\u043c \u0434\u043e \u0443\u043b\u044c\u0442\u0440\u0430\u0444\u0456\u043e\u043b\u0435\u0442\u043e\u0432\u043e\u0433\u043e \u0432\u0438\u043f\u0440\u043e\u043c\u0456\u043d\u044e\u0432\u0430\u043d\u043d\u044f, \u0437\u0430\u0445\u0438\u0449\u0430\u044e\u0447\u0438 \u0432\u043c\u0456\u0441\u0442 \u0432\u0456\u0434 \u0434\u043e\u0449\u0443 \u0442\u0430 \u0441\u043f\u0435\u043a\u0438. \u041e\u0446\u0438\u043d\u043a\u043e\u0432\u0430\u043d\u0438\u0439 \u0441\u0442\u0430\u043b\u0435\u0432\u0438\u0439 \u043a\u0430\u0440\u043a\u0430\u0441 \u0434\u043e\u0434\u0430\u0454 \u0439\u043e\u043c\u0443 \u043c\u0456\u0446\u043d\u043e\u0441\u0442\u0456 \u0442\u0430 \u0441\u0442\u0456\u0439\u043a\u043e\u0441\u0442\u0456. \u041a\u043e\u043d\u0441\u0442\u0440\u0443\u043a\u0446\u0456\u044f \u0437 \u0432\u0456\u0434\u043a\u0440\u0438\u0442\u0438\u043c\u0438 \u0434\u0432\u0435\u0440\u0438\u043c\u0430 \u043f\u0440\u043e\u043f\u0443\u0441\u043a\u0430\u0454 \u0441\u0432\u0456\u0436\u0435 \u043f\u043e\u0432\u0456\u0442\u0440\u044f. \u0426\u0435 \u0442\u0430\u043a\u043e\u0436 \u0447\u0443\u0434\u043e\u0432\u0438\u0439 \u0432\u0438\u0431\u0456\u0440 \u0434\u043b\u044f \u0437\u0430\u0445\u043e\u0434\u0456\u0432 \u043d\u0430 \u0441\u0432\u0456\u0436\u043e\u043c\u0443 \u043f\u043e\u0432\u0456\u0442\u0440\u0456. \u0419\u043e\u0433\u043e \u043c\u043e\u0436\u043d\u0430 \u0441\u043a\u043b\u0430\u0441\u0442\u0438, \u043a\u043e\u043b\u0438 \u0432\u0456\u043d \u043d\u0435 \u0432\u0438\u043a\u043e\u0440\u0438\u0441\u0442\u043e\u0432\u0443\u0454\u0442\u044c\u0441\u044f.<\/p>\n<ul>\n<li>\u041a\u043e\u043b\u0456\u0440: \u0441\u0456\u0440\u0438\u0439<\/li>\n<li>\u041c\u0430\u0442\u0435\u0440\u0456\u0430\u043b: \u041f\u0415, \u043e\u0446\u0438\u043d\u043a\u043e\u0432\u0430\u043d\u0430 \u0441\u0442\u0430\u043b\u044c<\/li>\n<li>\u0420\u043e\u0437\u043c\u0456\u0440\u0438: 300 x 300 x 240 \u0441\u043c (\u0414 x \u0428 x \u0412)<\/li>\n<li>\u0420\u043e\u0437\u043c\u0456\u0440 \u0434\u0432\u0435\u0440\u0435\u0439: 210 x 160\/260 \u0441\u043c (\u0412 x \u0428)<\/li>\n<li>\u0429\u0456\u043b\u044c\u043d\u0456\u0441\u0442\u044c \u043e\u0431\u043a\u043b\u0430\u0434\u0438\u043d\u043a\u0438: 210 \u0433\/\u043c\u00b2<\/li>\n<li>\u0414\u0456\u0430\u043c\u0435\u0442\u0440 \u0441\u0442\u043e\u0432\u043f\u0430: 3,4 \u0441\u043c<\/li>\n<li>\u041a\u043e\u043c\u043f\u043b\u0435\u043a\u0442\u0430\u0446\u0456\u044f \u0432\u043a\u043b\u044e\u0447\u0430\u0454 8 \u043a\u0440\u0456\u043f\u0438\u043b\u044c\u043d\u0438\u0445 \u0440\u0435\u043c\u0435\u043d\u0456\u0432 \u0442\u0430 4 \u0448\u0442\u043e\u0440\u043c\u043e\u0432\u0456 \u0437\u0430\u0441\u0442\u0456\u0431\u043a\u0438<\/li>\n<li>\u0441\u0442\u0456\u0439\u043a\u0438\u0439 \u0434\u043e \u0443\u043b\u044c\u0442\u0440\u0430\u0444\u0456\u043e\u043b\u0435\u0442\u043e\u0432\u043e\u0433\u043e \u0432\u0438\u043f\u0440\u043e\u043c\u0456\u043d\u044e\u0432\u0430\u043d\u043d\u044f<\/li>\n<li>\u041f\u043e\u0442\u0440\u0456\u0431\u043d\u0430 \u0437\u0431\u0456\u0440\u043a\u0430: \u0442\u0430\u043a<\/li>\n<\/ul>","protected":false},"excerpt":{"rendered":"<p>Klassikaline mitmeotstarbeline telk on hea kaitse \u00f5ueseadmetele v\u00f5i muudele esemetele, mida peate hoiustama, olles teie \u00f5ueruumile dekoratiivne ja praktiline lisa. Hoiutelk on&hellip;<\/p>","protected":false},"featured_media":357239,"comment_status":"open","ping_status":"closed","template":"","meta":{"wprm-recipe-roundup-name":"","wprm-recipe-roundup-description":""},"product_brand":[],"product_cat":[7040],"product_tag":[2127,7051,550,536,7143,4867,540],"class_list":{"0":"post-357245","1":"product","2":"type-product","3":"status-publish","4":"has-post-thumbnail","6":"product_cat-aiakuurid","7":"product_tag-aed-ja-muru","8":"product_tag-aiakujundus","9":"product_tag-hall","10":"product_tag-kodu-ja-aed","11":"product_tag-kuurid","12":"product_tag-ouetegevused","13":"product_tag-parcel","14":"pa_brand-vidaxl","16":"first","17":"instock","18":"taxable","19":"shipping-taxable","20":"purchasable","21":"product-type-simple"},"supplier_id":null,"supplier_sku":"","barcode":null,"atum_controlled":false,"out_stock_date":null,"out_stock_threshold":null,"inheritable":false,"inbound_stock":null,"stock_on_hold":null,"sold_today":null,"sales_last_days":null,"reserved_stock":null,"customer_returns":null,"warehouse_damage":null,"lost_in_post":null,"other_logs":null,"out_stock_days":null,"lost_sales":null,"has_location":null,"update_date":"2026-05-11T00:30:36","atum_locations":[],"atum_stock_status":"instock","restock_status":false,"low_stock_amount":"","sales_update_date":null,"calc_backorders":null,"aioseo_notices":[],"_links":{"self":[{"href":"https:\/\/ecoshop.ee\/uk\/wp-json\/wp\/v2\/product\/357245","targetHints":{"allow":["GET"]}}],"collection":[{"href":"https:\/\/ecoshop.ee\/uk\/wp-json\/wp\/v2\/product"}],"about":[{"href":"https:\/\/ecoshop.ee\/uk\/wp-json\/wp\/v2\/types\/product"}],"replies":[{"embeddable":true,"href":"https:\/\/ecoshop.ee\/uk\/wp-json\/wp\/v2\/comments?post=357245"}],"version-history":[{"count":0,"href":"https:\/\/ecoshop.ee\/uk\/wp-json\/wp\/v2\/product\/357245\/revisions"}],"wp:featuredmedia":[{"embeddable":true,"href":"https:\/\/ecoshop.ee\/uk\/wp-json\/wp\/v2\/media\/357239"}],"wp:attachment":[{"href":"https:\/\/ecoshop.ee\/uk\/wp-json\/wp\/v2\/media?parent=357245"}],"wp:term":[{"taxonomy":"product_brand","embeddable":true,"href":"https:\/\/ecoshop.ee\/uk\/wp-json\/wp\/v2\/product_brand?post=357245"},{"taxonomy":"product_cat","embeddable":true,"href":"https:\/\/ecoshop.ee\/uk\/wp-json\/wp\/v2\/product_cat?post=357245"},{"taxonomy":"product_tag","embeddable":true,"href":"https:\/\/ecoshop.ee\/uk\/wp-json\/wp\/v2\/product_tag?post=357245"}],"curies":[{"name":"wp","href":"https:\/\/api.w.org\/{rel}","templated":true}]}}