{"id":358283,"date":"2026-02-28T06:56:14","date_gmt":"2026-02-28T03:56:14","guid":{"rendered":"https:\/\/ecoshop.ee\/maaratlemata\/aiakuur-mannipuidust-85-x-48-x-177-cm\/"},"modified":"2026-05-15T21:34:36","modified_gmt":"2026-05-15T18:34:36","slug":"%d1%81%d0%b0%d0%b4%d0%be%d0%b2%d0%b8%d0%b9-%d1%81%d0%b0%d1%80%d0%b0%d0%b9-%d0%b7-%d0%b4%d0%b5%d1%80%d0%b5%d0%b2%d0%b0-%d0%bc%d0%b0%d0%bd%d0%bd%d1%96-85-x-48-x-177-%d1%81%d0%bc","status":"publish","type":"product","link":"https:\/\/ecoshop.ee\/uk\/aiakuurid\/aiakuur-mannipuidust-85-x-48-x-177-cm\/","title":{"rendered":"\u0421\u0430\u0434\u043e\u0432\u0438\u0439 \u0441\u0430\u0440\u0430\u0439, \u0441\u043e\u0441\u043d\u043e\u0432\u0438\u0439, 85 x 48 x 177 \u0441\u043c"},"content":{"rendered":"<p>\u0426\u0435\u0439 \u0434\u0435\u0440\u0435\u0432&#039;\u044f\u043d\u0438\u0439 \u0441\u0430\u0434\u043e\u0432\u0438\u0439 \u0441\u0430\u0440\u0430\u0439 \u0432\u0438\u043f\u0440\u043e\u043c\u0456\u043d\u044e\u0454 \u0441\u0456\u043b\u044c\u0441\u044c\u043a\u0438\u0439 \u0448\u0430\u0440\u043c \u0456 \u0454 \u043f\u0440\u0430\u043a\u0442\u0438\u0447\u043d\u0438\u043c \u0434\u043e\u043f\u043e\u0432\u043d\u0435\u043d\u043d\u044f\u043c \u0434\u043e \u0432\u0430\u0448\u043e\u0433\u043e \u043f\u0430\u0442\u0456\u043e, \u0441\u0430\u0434\u0443 \u0447\u0438 \u0431\u0430\u043b\u043a\u043e\u043d\u0443. \u0417 \u0442\u0440\u044c\u043e\u043c\u0430 \u043f\u043e\u043b\u0438\u0446\u044f\u043c\u0438 \u0442\u0430 \u043e\u0434\u043d\u0456\u0454\u044e \u0432\u0435\u043b\u0438\u043a\u043e\u044e \u0448\u0430\u0444\u043e\u044e, \u0441\u0430\u0434\u043e\u0432\u0438\u0439 \u0441\u0430\u0440\u0430\u0439 \u043f\u0440\u043e\u043f\u043e\u043d\u0443\u0454 \u0431\u0430\u0433\u0430\u0442\u043e \u043c\u0456\u0441\u0446\u044f \u0434\u043b\u044f \u0437\u0431\u0435\u0440\u0456\u0433\u0430\u043d\u043d\u044f \u0456\u043d\u0441\u0442\u0440\u0443\u043c\u0435\u043d\u0442\u0456\u0432, \u0441\u0430\u0434\u043e\u0432\u043e\u0433\u043e \u043f\u0440\u0438\u043b\u0430\u0434\u0434\u044f \u0442\u0430 \u0456\u043d\u0448\u043e\u0433\u043e.<\/p>\n<\/p>\n<p>\u0421\u0430\u0434\u043e\u0432\u0438\u0439 \u0441\u0430\u0440\u0430\u0439 \u0432\u0438\u0433\u043e\u0442\u043e\u0432\u043b\u0435\u043d\u0438\u0439 \u0456\u0437 \u0441\u043e\u0441\u043d\u043e\u0432\u043e\u0457 \u0434\u0435\u0440\u0435\u0432\u0438\u043d\u0438. \u041f\u0440\u043e\u0441\u043e\u0447\u0435\u043d\u0430 \u0441\u043e\u0441\u043d\u043e\u0432\u0430 \u0434\u0435\u0440\u0435\u0432\u0438\u043d\u0430 \u0454 \u0437\u043d\u043e\u0441\u043e\u0441\u0442\u0456\u0439\u043a\u043e\u044e, \u0441\u0442\u0456\u0439\u043a\u043e\u044e \u0434\u043e \u043f\u043e\u0433\u043e\u0434\u043d\u0438\u0445 \u0443\u043c\u043e\u0432 \u0442\u0430 \u0433\u043d\u0438\u0442\u0442\u044f. \u041a\u0440\u0456\u043c \u0442\u043e\u0433\u043e, \u0434\u0430\u0445 \u043f\u043e\u043a\u0440\u0438\u0442\u0438\u0439 \u0432\u043e\u0434\u043e\u043d\u0435\u043f\u0440\u043e\u043d\u0438\u043a\u043d\u0438\u043c \u0440\u0443\u0431\u0435\u0440\u043e\u0457\u0434\u043e\u043c.<\/p>\n<\/p>\n<p>\u0421\u0430\u0434\u043e\u0432\u0438\u0439 \u0441\u0430\u0440\u0430\u0439 \u043b\u0435\u0433\u043a\u043e \u0437\u0456\u0431\u0440\u0430\u0442\u0438. \u0417\u0432\u0435\u0440\u043d\u0456\u0442\u044c \u0443\u0432\u0430\u0433\u0443, \u0449\u043e \u0434\u0435\u0440\u0435\u0432\u0438\u043d\u0430 \u0454 \u043d\u0430\u0442\u0443\u0440\u0430\u043b\u044c\u043d\u0438\u043c \u043f\u0440\u043e\u0434\u0443\u043a\u0442\u043e\u043c \u0456 \u043c\u043e\u0436\u0435 \u043c\u0430\u0442\u0438 \u0434\u0435\u0444\u0435\u043a\u0442\u0438.<\/p>\n<ul>\n<li>\u041c\u0430\u0442\u0435\u0440\u0456\u0430\u043b: \u0441\u043e\u0441\u043d\u043e\u0432\u0430 \u0434\u0435\u0440\u0435\u0432\u0438\u043d\u0430 \u0456\u0437 \u0437\u0435\u043b\u0435\u043d\u0438\u043c \u043f\u0440\u043e\u0441\u043e\u0447\u0435\u043d\u043d\u044f\u043c<\/li>\n<li>\u0420\u043e\u0437\u043c\u0456\u0440\u0438: 85 x 48 x 177 \u0441\u043c (\u0428 x \u0413 x \u0412)<\/li>\n<li>\u0420\u043e\u0437\u043c\u0456\u0440 \u043f\u043e\u043b\u0438\u0446\u0456: 42,5 x 39,5 \u0441\u043c (\u0428 x \u0413)<\/li>\n<li>\u0412\u043e\u0434\u043e\u043d\u0435\u043f\u0440\u043e\u043d\u0438\u043a\u043d\u0438\u0439 \u0431\u0440\u0435\u0437\u0435\u043d\u0442\u043e\u0432\u0438\u0439 \u0434\u0430\u0445<\/li>\n<li>\u0421\u0442\u0456\u0439\u043a\u0438\u0439 \u0434\u043e \u043f\u043e\u0433\u043e\u0434\u043d\u0438\u0445 \u0443\u043c\u043e\u0432 \u0442\u0430 \u0433\u043d\u0438\u0442\u0442\u044f<\/li>\n<\/ul>","protected":false},"excerpt":{"rendered":"<p>Puidust aiakuur \u00f5hkab maal\u00e4hedast v\u00f5lu ja on praktiliseks t\u00e4ienduseks terrassile, aeda v\u00f5i r\u00f5dule. Kolme riiuli ja \u00fche suure kapiosaga aiakuuris on piisavalt&hellip;<\/p>","protected":false},"featured_media":358275,"comment_status":"open","ping_status":"closed","template":"","meta":{"wprm-recipe-roundup-name":"","wprm-recipe-roundup-description":""},"product_brand":[],"product_cat":[7040],"product_tag":[2127,7051,536,7143,554,4867,955],"class_list":{"0":"post-358283","1":"product","2":"type-product","3":"status-publish","4":"has-post-thumbnail","6":"product_cat-aiakuurid","7":"product_tag-aed-ja-muru","8":"product_tag-aiakujundus","9":"product_tag-kodu-ja-aed","10":"product_tag-kuurid","11":"product_tag-ouemoobli-komplektid","12":"product_tag-ouetegevused","13":"product_tag-pallet","14":"pa_brand-vidaxl","16":"first","17":"instock","18":"taxable","19":"shipping-taxable","20":"purchasable","21":"product-type-simple"},"supplier_id":null,"supplier_sku":"","barcode":null,"atum_controlled":false,"out_stock_date":null,"out_stock_threshold":null,"inheritable":false,"inbound_stock":null,"stock_on_hold":null,"sold_today":null,"sales_last_days":null,"reserved_stock":null,"customer_returns":null,"warehouse_damage":null,"lost_in_post":null,"other_logs":null,"out_stock_days":null,"lost_sales":null,"has_location":null,"update_date":"2026-05-15T18:34:37","atum_locations":[],"atum_stock_status":"instock","restock_status":false,"low_stock_amount":"","sales_update_date":null,"calc_backorders":null,"aioseo_notices":[],"_links":{"self":[{"href":"https:\/\/ecoshop.ee\/uk\/wp-json\/wp\/v2\/product\/358283","targetHints":{"allow":["GET"]}}],"collection":[{"href":"https:\/\/ecoshop.ee\/uk\/wp-json\/wp\/v2\/product"}],"about":[{"href":"https:\/\/ecoshop.ee\/uk\/wp-json\/wp\/v2\/types\/product"}],"replies":[{"embeddable":true,"href":"https:\/\/ecoshop.ee\/uk\/wp-json\/wp\/v2\/comments?post=358283"}],"version-history":[{"count":0,"href":"https:\/\/ecoshop.ee\/uk\/wp-json\/wp\/v2\/product\/358283\/revisions"}],"wp:featuredmedia":[{"embeddable":true,"href":"https:\/\/ecoshop.ee\/uk\/wp-json\/wp\/v2\/media\/358275"}],"wp:attachment":[{"href":"https:\/\/ecoshop.ee\/uk\/wp-json\/wp\/v2\/media?parent=358283"}],"wp:term":[{"taxonomy":"product_brand","embeddable":true,"href":"https:\/\/ecoshop.ee\/uk\/wp-json\/wp\/v2\/product_brand?post=358283"},{"taxonomy":"product_cat","embeddable":true,"href":"https:\/\/ecoshop.ee\/uk\/wp-json\/wp\/v2\/product_cat?post=358283"},{"taxonomy":"product_tag","embeddable":true,"href":"https:\/\/ecoshop.ee\/uk\/wp-json\/wp\/v2\/product_tag?post=358283"}],"curies":[{"name":"wp","href":"https:\/\/api.w.org\/{rel}","templated":true}]}}