{"id":358312,"date":"2026-02-28T06:56:46","date_gmt":"2026-02-28T03:56:46","guid":{"rendered":"https:\/\/ecoshop.ee\/maaratlemata\/puukuur-aiakuur-mannipuidust-253-x-80-x-170-cm\/"},"modified":"2026-05-14T03:29:30","modified_gmt":"2026-05-14T00:29:30","slug":"%d0%b4%d0%b5%d1%80%d0%b5%d0%b2%d1%8f%d0%bd%d0%b8%d0%b9-%d1%81%d0%b0%d1%80%d0%b0%d0%b9-%d1%81%d0%b0%d0%b4%d0%be%d0%b2%d0%b8%d0%b9-%d1%81%d0%b0%d1%80%d0%b0%d0%b9-%d0%b7-%d1%81%d0%be%d1%81%d0%bd","status":"publish","type":"product","link":"https:\/\/ecoshop.ee\/uk\/aiakuurid\/puukuur-aiakuur-mannipuidust-253-x-80-x-170-cm\/","title":{"rendered":"\u0414\u0435\u0440\u0435\u0432&#039;\u044f\u043d\u0438\u0439 \u0441\u0430\u0440\u0430\u0439\/\u0441\u0430\u0434\u043e\u0432\u0438\u0439 \u0441\u0430\u0440\u0430\u0439, \u0441\u043e\u0441\u043d\u043e\u0432\u0430 \u0434\u0435\u0440\u0435\u0432\u0438\u043d\u0430, 253 x 80 x 170 \u0441\u043c"},"content":{"rendered":"<p>\u041d\u0430\u0448 \u0434\u0435\u0440\u0435\u0432&#039;\u044f\u043d\u0438\u0439 \u0441\u0430\u0440\u0430\u0439\/\u0441\u0430\u0434\u043e\u0432\u0438\u0439 \u043d\u0430\u0432\u0456\u0441 2-\u0432-1 \u0434\u043e\u0434\u0430\u0441\u0442\u044c \u0432\u0456\u043d\u0442\u0430\u0436\u043d\u043e\u0433\u043e \u0448\u0430\u0440\u043c\u0443 \u0432\u0430\u0448\u043e\u043c\u0443 \u0434\u043e\u043c\u0443 \u0442\u0430 \u0441\u0442\u0430\u043d\u0435 \u0447\u0443\u0434\u043e\u0432\u0438\u043c \u0434\u043e\u043f\u043e\u0432\u043d\u0435\u043d\u043d\u044f\u043c \u0434\u043e \u0432\u0430\u0448\u043e\u0433\u043e \u0441\u0430\u0434\u0443, \u043f\u043e\u0434\u0432\u0456\u0440&#039;\u044f \u0447\u0438 \u043f\u0430\u0442\u0456\u043e. \u0417\u0430\u0432\u0434\u044f\u043a\u0438 \u0434\u043e\u0432\u0433\u043e\u043c\u0443 \u0432\u0456\u0434\u0441\u0456\u043a\u0443 \u0434\u043b\u044f \u0437\u0431\u0435\u0440\u0456\u0433\u0430\u043d\u043d\u044f \u0442\u0430 \u0432\u0435\u043b\u0438\u043a\u0456\u0439 \u0448\u0430\u0444\u0456, \u0441\u0430\u0434\u043e\u0432\u0438\u0439 \u043d\u0430\u0432\u0456\u0441 \u043f\u0440\u043e\u043f\u043e\u043d\u0443\u0454 \u0431\u0430\u0433\u0430\u0442\u043e \u043c\u0456\u0441\u0446\u044f \u0434\u043b\u044f \u0437\u0431\u0435\u0440\u0456\u0433\u0430\u043d\u043d\u044f \u0434\u0440\u043e\u0432, \u0456\u043d\u0441\u0442\u0440\u0443\u043c\u0435\u043d\u0442\u0456\u0432, \u0441\u0430\u0434\u043e\u0432\u043e\u0433\u043e \u043f\u0440\u0438\u043b\u0430\u0434\u0434\u044f \u0442\u043e\u0449\u043e.<\/p>\n<\/p>\n<p>\u0421\u0430\u0434\u043e\u0432\u0438\u0439 \u0441\u0430\u0440\u0430\u0439 \u0432\u0438\u0433\u043e\u0442\u043e\u0432\u043b\u0435\u043d\u0438\u0439 \u0456\u0437 \u0441\u043e\u0441\u043d\u043e\u0432\u043e\u0457 \u0434\u0435\u0440\u0435\u0432\u0438\u043d\u0438. \u041f\u0440\u043e\u0441\u043e\u0447\u0435\u043d\u0430 \u0441\u043e\u0441\u043d\u043e\u0432\u0430 \u0434\u0435\u0440\u0435\u0432\u0438\u043d\u0430 \u0441\u0442\u0456\u0439\u043a\u0430 \u0434\u043e \u0437\u043d\u043e\u0441\u0443, \u043f\u043e\u0433\u043e\u0434\u043d\u0438\u0445 \u0443\u043c\u043e\u0432 \u0442\u0430 \u0433\u043d\u0438\u0442\u0442\u044f. \u041a\u0440\u0456\u043c \u0442\u043e\u0433\u043e, \u0434\u0430\u0445 \u043f\u043e\u043a\u0440\u0438\u0442\u0438\u0439 \u0432\u043e\u0434\u043e\u043d\u0435\u043f\u0440\u043e\u043d\u0438\u043a\u043d\u0438\u043c \u0440\u0443\u0431\u0435\u0440\u043e\u0457\u0434\u043e\u043c.<\/p>\n<\/p>\n<p>\u0421\u0430\u0434\u043e\u0432\u0438\u0439 \u0441\u0430\u0440\u0430\u0439 \u043b\u0435\u0433\u043a\u043e \u0437\u0456\u0431\u0440\u0430\u0442\u0438. \u0417\u0432\u0435\u0440\u043d\u0456\u0442\u044c \u0443\u0432\u0430\u0433\u0443, \u0449\u043e \u0434\u0435\u0440\u0435\u0432\u0438\u043d\u0430 \u0454 \u043d\u0430\u0442\u0443\u0440\u0430\u043b\u044c\u043d\u0438\u043c \u043f\u0440\u043e\u0434\u0443\u043a\u0442\u043e\u043c \u0456 \u043c\u043e\u0436\u0435 \u043c\u0430\u0442\u0438 \u0434\u0435\u0444\u0435\u043a\u0442\u0438.<\/p>\n<ul>\n<li>\u041c\u0430\u0442\u0435\u0440\u0456\u0430\u043b: \u0441\u043e\u0441\u043d\u043e\u0432\u0430 \u0434\u0435\u0440\u0435\u0432\u0438\u043d\u0430 \u0456\u0437 \u0437\u0435\u043b\u0435\u043d\u0438\u043c \u043f\u0440\u043e\u0441\u043e\u0447\u0435\u043d\u043d\u044f\u043c<\/li>\n<li>\u0417\u0430\u0433\u0430\u043b\u044c\u043d\u0456 \u0440\u043e\u0437\u043c\u0456\u0440\u0438: 253 x 80 x 170 \u0441\u043c (\u0428 x \u0413 x \u0412)<\/li>\n<li>\u0420\u043e\u0437\u043c\u0456\u0440\u0438 \u0448\u0430\u0444\u0438: 70 x 70 x 170 \u0441\u043c (\u0428 x \u0413 x \u0412)<\/li>\n<li>\u0412\u043e\u0434\u043e\u043d\u0435\u043f\u0440\u043e\u043d\u0438\u043a\u043d\u0438\u0439 \u0431\u0440\u0435\u0437\u0435\u043d\u0442\u043e\u0432\u0438\u0439 \u0434\u0430\u0445<\/li>\n<li>\u0421\u0442\u0456\u0439\u043a\u0438\u0439 \u0434\u043e \u043f\u043e\u0433\u043e\u0434\u043d\u0438\u0445 \u0443\u043c\u043e\u0432 \u0442\u0430 \u0433\u043d\u0438\u0442\u0442\u044f<\/li>\n<\/ul>","protected":false},"excerpt":{"rendered":"<p>Meie kaks \u00fches puukuur\/aiakuur lisab teie koju vanaaegset sarmi ja on suurep\u00e4raseks lisaks aeda, taga\u00f5ue v\u00f5i terrassile. Pika hoiuala ja suure kapiga&hellip;<\/p>","protected":false},"featured_media":358304,"comment_status":"open","ping_status":"closed","template":"","meta":{"wprm-recipe-roundup-name":"","wprm-recipe-roundup-description":""},"product_brand":[],"product_cat":[7040],"product_tag":[2127,7051,536,7143,554,4867,955],"class_list":{"0":"post-358312","1":"product","2":"type-product","3":"status-publish","4":"has-post-thumbnail","6":"product_cat-aiakuurid","7":"product_tag-aed-ja-muru","8":"product_tag-aiakujundus","9":"product_tag-kodu-ja-aed","10":"product_tag-kuurid","11":"product_tag-ouemoobli-komplektid","12":"product_tag-ouetegevused","13":"product_tag-pallet","14":"pa_brand-vidaxl","16":"first","17":"instock","18":"taxable","19":"shipping-taxable","20":"purchasable","21":"product-type-simple"},"supplier_id":null,"supplier_sku":"","barcode":null,"atum_controlled":false,"out_stock_date":null,"out_stock_threshold":null,"inheritable":false,"inbound_stock":null,"stock_on_hold":null,"sold_today":null,"sales_last_days":null,"reserved_stock":null,"customer_returns":null,"warehouse_damage":null,"lost_in_post":null,"other_logs":null,"out_stock_days":null,"lost_sales":null,"has_location":null,"update_date":"2026-05-14T00:29:30","atum_locations":[],"atum_stock_status":"instock","restock_status":false,"low_stock_amount":"","sales_update_date":null,"calc_backorders":null,"aioseo_notices":[],"_links":{"self":[{"href":"https:\/\/ecoshop.ee\/uk\/wp-json\/wp\/v2\/product\/358312","targetHints":{"allow":["GET"]}}],"collection":[{"href":"https:\/\/ecoshop.ee\/uk\/wp-json\/wp\/v2\/product"}],"about":[{"href":"https:\/\/ecoshop.ee\/uk\/wp-json\/wp\/v2\/types\/product"}],"replies":[{"embeddable":true,"href":"https:\/\/ecoshop.ee\/uk\/wp-json\/wp\/v2\/comments?post=358312"}],"version-history":[{"count":0,"href":"https:\/\/ecoshop.ee\/uk\/wp-json\/wp\/v2\/product\/358312\/revisions"}],"wp:featuredmedia":[{"embeddable":true,"href":"https:\/\/ecoshop.ee\/uk\/wp-json\/wp\/v2\/media\/358304"}],"wp:attachment":[{"href":"https:\/\/ecoshop.ee\/uk\/wp-json\/wp\/v2\/media?parent=358312"}],"wp:term":[{"taxonomy":"product_brand","embeddable":true,"href":"https:\/\/ecoshop.ee\/uk\/wp-json\/wp\/v2\/product_brand?post=358312"},{"taxonomy":"product_cat","embeddable":true,"href":"https:\/\/ecoshop.ee\/uk\/wp-json\/wp\/v2\/product_cat?post=358312"},{"taxonomy":"product_tag","embeddable":true,"href":"https:\/\/ecoshop.ee\/uk\/wp-json\/wp\/v2\/product_tag?post=358312"}],"curies":[{"name":"wp","href":"https:\/\/api.w.org\/{rel}","templated":true}]}}