{"id":359478,"date":"2026-02-28T07:43:58","date_gmt":"2026-02-28T04:43:58","guid":{"rendered":"https:\/\/ecoshop.ee\/maaratlemata\/varjualune-beez-3-x-3-m-teras-ja-kangas\/"},"modified":"2026-05-13T09:27:50","modified_gmt":"2026-05-13T06:27:50","slug":"%d1%83%d0%ba%d1%80%d0%b8%d1%82%d1%82%d1%8f-%d0%b1%d0%b5%d0%b6%d0%b5%d0%b2%d0%b5-3-x-3-%d0%bc-%d1%81%d1%82%d0%b0%d0%bb%d1%8c-%d1%82%d0%b0-%d1%82%d0%ba%d0%b0%d0%bd%d0%b8%d0%bd%d0%b0","status":"publish","type":"product","link":"https:\/\/ecoshop.ee\/uk\/aiapaviljonid\/varjualune-beez-3-x-3-m-teras-ja-kangas\/","title":{"rendered":"\u0423\u043a\u0440\u0438\u0442\u0442\u044f, \u0431\u0435\u0436\u0435\u0432\u0435, 3 x 3 \u043c, \u0441\u0442\u0430\u043b\u044c \u0442\u0430 \u0442\u043a\u0430\u043d\u0438\u043d\u0430"},"content":{"rendered":"<p>\u041d\u0430\u0441\u043e\u043b\u043e\u0434\u0436\u0443\u0439\u0442\u0435\u0441\u044c \u0432\u0456\u0434\u043f\u043e\u0447\u0438\u043d\u043a\u043e\u043c \u043d\u0430 \u0441\u0432\u0456\u0436\u043e\u043c\u0443 \u043f\u043e\u0432\u0456\u0442\u0440\u0456 \u0437 \u0446\u0438\u043c \u043d\u0430\u043c\u0435\u0442\u043e\u043c-\u0431\u0430\u043b\u0434\u0430\u0445\u0456\u043d\u043e\u043c, \u043d\u0435\u0437\u0430\u043b\u0435\u0436\u043d\u043e \u0432\u0456\u0434 \u0442\u043e\u0433\u043e, \u0441\u043e\u043d\u044f\u0447\u043d\u0430 \u043f\u043e\u0433\u043e\u0434\u0430 \u0447\u0438 \u043d\u0435\u0432\u0435\u043b\u0438\u043a\u0438\u0439 \u0434\u043e\u0449!<\/p>\n<\/p>\n<ul>\n<li>\u0412\u043e\u0434\u043e\u043d\u0435\u043f\u0440\u043e\u043d\u0438\u043a\u043d\u0438\u0439 \u043c\u0430\u0442\u0435\u0440\u0456\u0430\u043b: \u041f\u043e\u043b\u0456\u0435\u0441\u0442\u0435\u0440 \u2013 \u0446\u0435 \u0441\u0438\u043d\u0442\u0435\u0442\u0438\u0447\u043d\u0438\u0439 \u043c\u0430\u0442\u0435\u0440\u0456\u0430\u043b, \u0432\u0456\u0434\u043e\u043c\u0438\u0439 \u0441\u0432\u043e\u0454\u044e \u0441\u0442\u0456\u0439\u043a\u0456\u0441\u0442\u044e \u0434\u043e \u0443\u043b\u044c\u0442\u0440\u0430\u0444\u0456\u043e\u043b\u0435\u0442\u043e\u0432\u043e\u0433\u043e \u0432\u0438\u043f\u0440\u043e\u043c\u0456\u043d\u044e\u0432\u0430\u043d\u043d\u044f \u0442\u0430 \u043c\u0456\u0446\u043d\u0456\u0441\u0442\u044e \u043d\u0430 \u0440\u043e\u0437\u0442\u044f\u0433. \u041f\u043e\u043b\u0456\u0435\u0441\u0442\u0435\u0440 \u0437 \u043f\u043e\u043b\u0456\u0430\u043c\u0456\u0434\u043d\u0438\u043c \u043f\u043e\u043a\u0440\u0438\u0442\u0442\u044f\u043c \u0454 \u0432\u043e\u0434\u043e\u043d\u0435\u043f\u0440\u043e\u043d\u0438\u043a\u043d\u0438\u043c, \u0449\u043e \u0440\u043e\u0431\u0438\u0442\u044c \u0439\u043e\u0433\u043e \u0456\u0434\u0435\u0430\u043b\u044c\u043d\u0438\u043c \u0432\u0438\u0431\u043e\u0440\u043e\u043c \u0434\u043b\u044f \u0432\u043e\u043b\u043e\u0433\u0438\u0445 \u0430\u0431\u043e \u0434\u043e\u0449\u043e\u0432\u0438\u0445 \u0443\u043c\u043e\u0432, \u0430 \u0442\u0430\u043a\u043e\u0436 \u0439\u043e\u0433\u043e \u043b\u0435\u0433\u043a\u043e \u0447\u0438\u0441\u0442\u0438\u0442\u0438.<\/li>\n<li>\u0421\u0442\u0430\u0431\u0456\u043b\u044c\u043d\u0438\u0439 \u043a\u0430\u0440\u043a\u0430\u0441: \u0421\u0442\u0430\u043b\u0435\u0432\u0438\u0439 \u043a\u0430\u0440\u043a\u0430\u0441 \u0437 \u043f\u043e\u0440\u043e\u0448\u043a\u043e\u0432\u0438\u043c \u043f\u043e\u043a\u0440\u0438\u0442\u0442\u044f\u043c \u0437\u0430\u0431\u0435\u0437\u043f\u0435\u0447\u0443\u0454 \u0434\u043e\u0432\u0433\u043e\u0432\u0456\u0447\u043d\u0456\u0441\u0442\u044c \u0442\u0430 \u0441\u0442\u0456\u0439\u043a\u0456\u0441\u0442\u044c \u0430\u043b\u044c\u0442\u0430\u043d\u043a\u0438.<\/li>\n<li>\u041f\u0440\u043e\u0441\u0442\u043e\u0440\u0438\u0439 \u043f\u0440\u043e\u0441\u0442\u0456\u0440: \u0426\u0435\u0439 \u043d\u0430\u043c\u0435\u0442 \u0434\u043b\u044f \u0437\u0430\u0445\u043e\u0434\u0443 \u0434\u043e\u0441\u0442\u0430\u0442\u043d\u044c\u043e \u043f\u0440\u043e\u0441\u0442\u043e\u0440\u0438\u0439, \u0449\u043e\u0431 \u0437\u0456\u0431\u0440\u0430\u0442\u0438 \u0432\u0430\u0448\u0443 \u0440\u043e\u0434\u0438\u043d\u0443 \u0442\u0430 \u0434\u0440\u0443\u0437\u0456\u0432, \u043d\u0435 \u0432\u0456\u0434\u0447\u0443\u0432\u0430\u044e\u0447\u0438 \u0441\u0435\u0431\u0435 \u0442\u0456\u0441\u043d\u043e.<\/li>\n<li>\u0428\u0438\u0440\u043e\u043a\u0438\u0439 \u0441\u043f\u0435\u043a\u0442\u0440 \u0432\u0438\u043a\u043e\u0440\u0438\u0441\u0442\u0430\u043d\u043d\u044f: \u0421\u0430\u0434\u043e\u0432\u0438\u0439 \u043d\u0430\u043c\u0435\u0442 \u0456\u0434\u0435\u0430\u043b\u044c\u043d\u043e \u043f\u0456\u0434\u0445\u043e\u0434\u0438\u0442\u044c \u0434\u043b\u044f \u0447\u0430\u044e\u0432\u0430\u043d\u043d\u044f, \u0441\u0456\u043c\u0435\u0439\u043d\u0438\u0445 \u0437\u0443\u0441\u0442\u0440\u0456\u0447\u0435\u0439, \u043f\u0456\u043a\u043d\u0456\u043a\u0456\u0432 \u0442\u0430 \u043a\u0435\u043c\u043f\u0456\u043d\u0433\u0443. \u0419\u043e\u0433\u043e \u043c\u043e\u0436\u043d\u0430 \u0432\u0438\u043a\u043e\u0440\u0438\u0441\u0442\u043e\u0432\u0443\u0432\u0430\u0442\u0438 \u0443 \u0434\u0432\u043e\u0440\u0430\u0445, \u0441\u0430\u0434\u0430\u0445 \u0442\u0430 \u0456\u043d\u0448\u0438\u0445 \u0432\u0456\u0434\u043a\u0440\u0438\u0442\u0438\u0445 \u043f\u0440\u043e\u0441\u0442\u043e\u0440\u0430\u0445.<\/li>\n<\/ul>\n<p>\u041f\u0440\u0438\u043c\u0456\u0442\u043a\u0430:<\/p>\n<ul>\n<li>\u0426\u0435\u0439 \u0432\u0438\u0440\u0456\u0431 \u043d\u0435 \u043f\u0456\u0434\u0445\u043e\u0434\u0438\u0442\u044c \u0434\u043b\u044f \u0432\u0438\u043a\u043e\u0440\u0438\u0441\u0442\u0430\u043d\u043d\u044f \u0437\u0430 \u043d\u0435\u0441\u043f\u0440\u0438\u044f\u0442\u043b\u0438\u0432\u0438\u0445 \u043f\u043e\u0433\u043e\u0434\u043d\u0438\u0445 \u0443\u043c\u043e\u0432, \u0442\u0430\u043a\u0438\u0445 \u044f\u043a \u0441\u0438\u043b\u044c\u043d\u0438\u0439 \u0432\u0456\u0442\u0435\u0440, \u0437\u043b\u0438\u0432\u0430, \u0441\u043d\u0456\u0433, \u0448\u0442\u043e\u0440\u043c\u0438 \u0442\u043e\u0449\u043e.<\/li>\n<li>\u0426\u0435\u0439 \u0432\u0438\u0440\u0456\u0431 \u043d\u0435 \u043f\u0456\u0434\u0445\u043e\u0434\u0438\u0442\u044c \u0434\u043b\u044f \u0432\u0438\u043a\u043e\u0440\u0438\u0441\u0442\u0430\u043d\u043d\u044f \u044f\u043a \u043d\u0430\u0432\u0456\u0441 \u0434\u043b\u044f \u0430\u0432\u0442\u043e\u043c\u043e\u0431\u0456\u043b\u044f.<\/li>\n<\/ul>\n<ul>\n<li>\u041a\u043e\u043b\u0456\u0440: \u0431\u0435\u0436\u0435\u0432\u0438\u0439<\/li>\n<li>\u041c\u0430\u0442\u0435\u0440\u0456\u0430\u043b \u043a\u0430\u0440\u043a\u0430\u0441\u0430: \u0441\u0442\u0430\u043b\u044c \u0437 \u043f\u043e\u0440\u043e\u0448\u043a\u043e\u0432\u0438\u043c \u043f\u043e\u043a\u0440\u0438\u0442\u0442\u044f\u043c<\/li>\n<li>\u041c\u0430\u0442\u0435\u0440\u0456\u0430\u043b \u0434\u0430\u0445\u0443: \u0442\u043a\u0430\u043d\u0438\u043d\u0430 \u0437 \u043f\u043e\u043b\u0456\u0430\u043c\u0456\u0434\u043d\u0438\u043c \u043f\u043e\u043a\u0440\u0438\u0442\u0442\u044f\u043c (\u043f\u043e\u043b\u0456\u0435\u0441\u0442\u0435\u0440 100%)<\/li>\n<li>\u0417\u0430\u0433\u0430\u043b\u044c\u043d\u0456 \u0440\u043e\u0437\u043c\u0456\u0440\u0438: 3 x 3 x 2,5 \u043c (\u0414 x \u0428 x \u0412)<\/li>\n<li>\u041f\u043e\u0442\u0440\u0456\u0431\u043d\u0430 \u0437\u0431\u0456\u0440\u043a\u0430: \u0442\u0430\u043a<\/li>\n<\/ul>","protected":false},"excerpt":{"rendered":"<p>Nautige oma \u00f5ues elamist selle varikatusega telgiga olenemata p\u00e4ikesest v\u00f5i kergest vihmast! Veekindel materjal: Pol\u00fcester on s\u00fcnteetiline materjal, mis on tuntud oma&hellip;<\/p>","protected":false},"featured_media":359469,"comment_status":"open","ping_status":"closed","template":"","meta":{"wprm-recipe-roundup-name":"","wprm-recipe-roundup-description":""},"product_brand":[],"product_cat":[7038],"product_tag":[2127,7051,596,536,4867,540,7052],"class_list":{"0":"post-359478","1":"product","2":"type-product","3":"status-publish","4":"has-post-thumbnail","6":"product_cat-aiapaviljonid","7":"product_tag-aed-ja-muru","8":"product_tag-aiakujundus","9":"product_tag-beez","10":"product_tag-kodu-ja-aed","11":"product_tag-ouetegevused","12":"product_tag-parcel","13":"product_tag-varjualaused","14":"pa_brand-vidaxl","16":"first","17":"instock","18":"taxable","19":"shipping-taxable","20":"purchasable","21":"product-type-simple"},"supplier_id":null,"supplier_sku":"","barcode":null,"atum_controlled":false,"out_stock_date":null,"out_stock_threshold":null,"inheritable":false,"inbound_stock":null,"stock_on_hold":null,"sold_today":null,"sales_last_days":null,"reserved_stock":null,"customer_returns":null,"warehouse_damage":null,"lost_in_post":null,"other_logs":null,"out_stock_days":null,"lost_sales":null,"has_location":null,"update_date":"2026-05-13T06:27:51","atum_locations":[],"atum_stock_status":"instock","restock_status":false,"low_stock_amount":"","sales_update_date":null,"calc_backorders":null,"aioseo_notices":[],"_links":{"self":[{"href":"https:\/\/ecoshop.ee\/uk\/wp-json\/wp\/v2\/product\/359478","targetHints":{"allow":["GET"]}}],"collection":[{"href":"https:\/\/ecoshop.ee\/uk\/wp-json\/wp\/v2\/product"}],"about":[{"href":"https:\/\/ecoshop.ee\/uk\/wp-json\/wp\/v2\/types\/product"}],"replies":[{"embeddable":true,"href":"https:\/\/ecoshop.ee\/uk\/wp-json\/wp\/v2\/comments?post=359478"}],"version-history":[{"count":0,"href":"https:\/\/ecoshop.ee\/uk\/wp-json\/wp\/v2\/product\/359478\/revisions"}],"wp:featuredmedia":[{"embeddable":true,"href":"https:\/\/ecoshop.ee\/uk\/wp-json\/wp\/v2\/media\/359469"}],"wp:attachment":[{"href":"https:\/\/ecoshop.ee\/uk\/wp-json\/wp\/v2\/media?parent=359478"}],"wp:term":[{"taxonomy":"product_brand","embeddable":true,"href":"https:\/\/ecoshop.ee\/uk\/wp-json\/wp\/v2\/product_brand?post=359478"},{"taxonomy":"product_cat","embeddable":true,"href":"https:\/\/ecoshop.ee\/uk\/wp-json\/wp\/v2\/product_cat?post=359478"},{"taxonomy":"product_tag","embeddable":true,"href":"https:\/\/ecoshop.ee\/uk\/wp-json\/wp\/v2\/product_tag?post=359478"}],"curies":[{"name":"wp","href":"https:\/\/api.w.org\/{rel}","templated":true}]}}