{"id":359559,"date":"2026-02-28T07:46:27","date_gmt":"2026-02-28T04:46:27","guid":{"rendered":"https:\/\/ecoshop.ee\/maaratlemata\/peotelgi-kulgseinad-2-tk-valge-ja-must-vork\/"},"modified":"2026-05-15T04:16:03","modified_gmt":"2026-05-15T01:16:03","slug":"%d1%81%d1%82%d1%96%d0%bd%d0%b8-%d1%88%d0%b0%d1%82%d1%80%d0%b0-2-%d1%88%d1%82-%d0%b1%d1%96%d0%bb%d0%be%d1%97-%d1%82%d0%b0-%d1%87%d0%be%d1%80%d0%bd%d0%be%d1%97-%d1%81%d1%96%d1%82%d0%ba%d0%b8","status":"publish","type":"product","link":"https:\/\/ecoshop.ee\/uk\/aiapaviljonid\/peotelgi-kulgseinad-2-tk-valge-ja-must-vork\/","title":{"rendered":"\u0411\u0456\u0447\u043d\u0456 \u0441\u0442\u0456\u043d\u043a\u0438 \u0448\u0430\u0442\u0440\u0430, 2 \u0448\u0442., \u0431\u0456\u043b\u0430 \u0442\u0430 \u0447\u043e\u0440\u043d\u0430 \u0441\u0456\u0442\u043a\u0430"},"content":{"rendered":"<p>\u0411\u0456\u0447\u043d\u0456 \u0441\u0442\u0456\u043d\u043a\u0438 \u0448\u0430\u0442\u0440\u0430 \u2013 \u0456\u0434\u0435\u0430\u043b\u044c\u043d\u0435 \u0434\u043e\u043f\u043e\u0432\u043d\u0435\u043d\u043d\u044f \u0434\u043e \u0431\u0443\u0434\u044c-\u044f\u043a\u043e\u0433\u043e \u0448\u0430\u0442\u0440\u0430.<\/p>\n<\/p>\n<p>\u0421\u0442\u0456\u043d\u0430 \u0441\u0430\u0434\u043e\u0432\u043e\u0433\u043e \u043d\u0430\u043c\u0435\u0442\u0443 \u0432\u0438\u0433\u043e\u0442\u043e\u0432\u043b\u0435\u043d\u0430 \u0437 \u0441\u0456\u0442\u043a\u0438, \u0442\u043e\u043c\u0443 \u0437\u0430\u0431\u0435\u0437\u043f\u0435\u0447\u0443\u0454 \u0435\u0444\u0435\u043a\u0442\u0438\u0432\u043d\u0438\u0439 \u0437\u0430\u0445\u0438\u0441\u0442 \u0432\u0456\u0434 \u043a\u043e\u043c\u0430\u0440\u0456\u0432. \u0417\u0430\u0441\u0442\u0456\u0431\u043a\u0438-\u043b\u0438\u043f\u0443\u0447\u043a\u0438, \u0449\u043e \u0432\u0445\u043e\u0434\u044f\u0442\u044c \u0434\u043e \u043a\u043e\u043c\u043f\u043b\u0435\u043a\u0442\u0443, \u043f\u043e\u043b\u0435\u0433\u0448\u0443\u044e\u0442\u044c \u0432\u0441\u0442\u0430\u043d\u043e\u0432\u043b\u0435\u043d\u043d\u044f \u0441\u0442\u0456\u043d\u043e\u043a \u043d\u0430\u043c\u0435\u0442\u0443 \u0442\u0430 \u0437\u0430\u0431\u0435\u0437\u043f\u0435\u0447\u0443\u044e\u0442\u044c \u0441\u0442\u0430\u0431\u0456\u043b\u044c\u043d\u0435 \u043a\u0440\u0456\u043f\u043b\u0435\u043d\u043d\u044f. \u0423 \u043a\u043e\u043c\u043f\u043b\u0435\u043a\u0442 \u0432\u0445\u043e\u0434\u044f\u0442\u044c \u0434\u0432\u0456 \u0441\u0456\u0442\u0447\u0430\u0441\u0442\u0456 \u043f\u0430\u043d\u0435\u043b\u0456 \u043d\u0430\u043c\u0435\u0442\u0443.<\/p>\n<ul>\n<li>\u041a\u043e\u043b\u0456\u0440: \u0431\u0456\u043b\u0438\u0439 \u0442\u0430 \u0447\u043e\u0440\u043d\u0438\u0439<\/li>\n<li>\u041c\u0430\u0442\u0435\u0440\u0456\u0430\u043b \u0441\u0456\u0442\u043a\u0438: \u041f\u0415 (\u043f\u043e\u043b\u0456\u0435\u0442\u0438\u043b\u0435\u043d)<\/li>\n<li>\u0420\u043e\u0437\u043c\u0456\u0440\u0438: 300 x 195 \u0441\u043c (\u0414 x \u0412)<\/li>\n<li>\u0417 \u043b\u0438\u043f\u0443\u0447\u043a\u0430\u043c\u0438<\/li>\n<li>\u041a\u043e\u043c\u043f\u043b\u0435\u043a\u0442 \u0432\u043a\u043b\u044e\u0447\u0430\u0454 2 \u043f\u0440\u0435\u0434\u043c\u0435\u0442\u0438.<\/li>\n<\/ul>","protected":false},"excerpt":{"rendered":"<p>Peotelgi k\u00fclgseinad on ideaalne t\u00e4iendus igale peotelgile. Aiatelgi sein on valmistatud v\u00f5rgust ja t\u00e4nu sellele kaitseb t\u00f5husalt s\u00e4\u00e4skede eest. Komplektis olevate konksude&hellip;<\/p>","protected":false},"featured_media":359554,"comment_status":"open","ping_status":"closed","template":"","meta":{"wprm-recipe-roundup-name":"","wprm-recipe-roundup-description":""},"product_brand":[],"product_cat":[7038],"product_tag":[2127,7051,536,4867,540,7052,539],"class_list":{"0":"post-359559","1":"product","2":"type-product","3":"status-publish","4":"has-post-thumbnail","6":"product_cat-aiapaviljonid","7":"product_tag-aed-ja-muru","8":"product_tag-aiakujundus","9":"product_tag-kodu-ja-aed","10":"product_tag-ouetegevused","11":"product_tag-parcel","12":"product_tag-varjualaused","13":"product_tag-voodilinad","14":"pa_brand-vidaxl","16":"first","17":"instock","18":"taxable","19":"shipping-taxable","20":"purchasable","21":"product-type-simple"},"supplier_id":null,"supplier_sku":"","barcode":null,"atum_controlled":false,"out_stock_date":null,"out_stock_threshold":null,"inheritable":false,"inbound_stock":null,"stock_on_hold":null,"sold_today":null,"sales_last_days":null,"reserved_stock":null,"customer_returns":null,"warehouse_damage":null,"lost_in_post":null,"other_logs":null,"out_stock_days":null,"lost_sales":null,"has_location":null,"update_date":"2026-05-15T01:16:04","atum_locations":[],"atum_stock_status":"instock","restock_status":false,"low_stock_amount":"","sales_update_date":null,"calc_backorders":null,"aioseo_notices":[],"_links":{"self":[{"href":"https:\/\/ecoshop.ee\/uk\/wp-json\/wp\/v2\/product\/359559","targetHints":{"allow":["GET"]}}],"collection":[{"href":"https:\/\/ecoshop.ee\/uk\/wp-json\/wp\/v2\/product"}],"about":[{"href":"https:\/\/ecoshop.ee\/uk\/wp-json\/wp\/v2\/types\/product"}],"replies":[{"embeddable":true,"href":"https:\/\/ecoshop.ee\/uk\/wp-json\/wp\/v2\/comments?post=359559"}],"version-history":[{"count":0,"href":"https:\/\/ecoshop.ee\/uk\/wp-json\/wp\/v2\/product\/359559\/revisions"}],"wp:featuredmedia":[{"embeddable":true,"href":"https:\/\/ecoshop.ee\/uk\/wp-json\/wp\/v2\/media\/359554"}],"wp:attachment":[{"href":"https:\/\/ecoshop.ee\/uk\/wp-json\/wp\/v2\/media?parent=359559"}],"wp:term":[{"taxonomy":"product_brand","embeddable":true,"href":"https:\/\/ecoshop.ee\/uk\/wp-json\/wp\/v2\/product_brand?post=359559"},{"taxonomy":"product_cat","embeddable":true,"href":"https:\/\/ecoshop.ee\/uk\/wp-json\/wp\/v2\/product_cat?post=359559"},{"taxonomy":"product_tag","embeddable":true,"href":"https:\/\/ecoshop.ee\/uk\/wp-json\/wp\/v2\/product_tag?post=359559"}],"curies":[{"name":"wp","href":"https:\/\/api.w.org\/{rel}","templated":true}]}}