{"id":360463,"date":"2026-02-28T08:13:08","date_gmt":"2026-02-28T05:13:08","guid":{"rendered":"https:\/\/ecoshop.ee\/maaratlemata\/loomatelk-pvc-37-x-37-m-roheline\/"},"modified":"2026-05-02T16:46:35","modified_gmt":"2026-05-02T13:46:35","slug":"%d0%bd%d0%b0%d0%bc%d0%b5%d1%82-%d0%b4%d0%bb%d1%8f-%d1%82%d0%b2%d0%b0%d1%80%d0%b8%d0%bd-%d0%bf%d0%b2%d1%85-37-x-37-%d0%bc-%d0%b7%d0%b5%d0%bb%d0%b5%d0%bd%d0%b8%d0%b9","status":"publish","type":"product","link":"https:\/\/ecoshop.ee\/uk\/aiapaviljonid\/loomatelk-pvc-37-x-37-m-roheline\/","title":{"rendered":"\u041d\u0430\u043c\u0435\u0442 \u0434\u043b\u044f \u0442\u0432\u0430\u0440\u0438\u043d, \u041f\u0412\u0425, 3,7 x 3,7 \u043c, \u0437\u0435\u043b\u0435\u043d\u0438\u0439"},"content":{"rendered":"<p>\u041d\u0430\u043c\u0435\u0442 \u0434\u043b\u044f \u0445\u0443\u0434\u043e\u0431\u0438 \u043f\u0440\u0438\u0437\u043d\u0430\u0447\u0435\u043d\u0438\u0439 \u0434\u043b\u044f \u0443\u0442\u0440\u0438\u043c\u0430\u043d\u043d\u044f \u0432\u0435\u043b\u0438\u043a\u043e\u0457 \u0445\u0443\u0434\u043e\u0431\u0438, \u0442\u0430\u043a\u043e\u0457 \u044f\u043a \u043a\u043e\u043d\u0456, \u0432\u0456\u0432\u0446\u0456 \u0442\u0430 \u043a\u043e\u0440\u043e\u0432\u0438. \u0412\u0456\u043d \u0434\u043e\u0431\u0440\u0435 \u043f\u0456\u0434\u0445\u043e\u0434\u0438\u0442\u044c \u0434\u043b\u044f \u0437\u0430\u0445\u0438\u0441\u0442\u0443 \u0445\u0443\u0434\u043e\u0431\u0438 \u0432\u0456\u0434 \u043d\u0435\u0441\u043f\u0440\u0438\u044f\u0442\u043b\u0438\u0432\u0438\u0445 \u043f\u043e\u0433\u043e\u0434\u043d\u0438\u0445 \u0443\u043c\u043e\u0432.<\/p>\n<\/p>\n<p>\u0427\u043e\u0445\u043e\u043b \u043d\u0430\u043c\u0435\u0442\u0443 \u0434\u043b\u044f \u0442\u0432\u0430\u0440\u0438\u043d \u0432\u0438\u0433\u043e\u0442\u043e\u0432\u043b\u0435\u043d\u0438\u0439 \u0437 \u041f\u0412\u0425-\u043c\u0430\u0442\u0435\u0440\u0456\u0430\u043b\u0443 100%, \u0441\u0442\u0456\u0439\u043a\u043e\u0433\u043e \u0434\u043e \u0443\u043b\u044c\u0442\u0440\u0430\u0444\u0456\u043e\u043b\u0435\u0442\u043e\u0432\u043e\u0433\u043e \u0432\u0438\u043f\u0440\u043e\u043c\u0456\u043d\u044e\u0432\u0430\u043d\u043d\u044f \u0442\u0430 \u0432\u043e\u0434\u0438. \u041a\u0430\u0440\u043a\u0430\u0441 \u0432\u0438\u0433\u043e\u0442\u043e\u0432\u043b\u0435\u043d\u0438\u0439 \u0437 \u043d\u0435\u0440\u0436\u0430\u0432\u0456\u044e\u0447\u043e\u0457 \u0441\u0442\u0430\u043b\u0456. \u0422\u043e\u043c\u0443 \u0432\u0456\u043d \u0434\u0443\u0436\u0435 \u043c\u0456\u0446\u043d\u0438\u0439. \u041d\u0430\u043c\u0435\u0442 \u0434\u043b\u044f \u0442\u0432\u0430\u0440\u0438\u043d \u043b\u0435\u0433\u043a\u043e \u0437\u0456\u0431\u0440\u0430\u0442\u0438. \u041a\u043e\u043c\u043f\u043b\u0435\u043a\u0442\u0430\u0446\u0456\u044f \u0432\u043a\u043b\u044e\u0447\u0430\u0454 \u0442\u0435\u043d\u0442, \u0441\u0442\u0430\u043b\u0435\u0432\u0438\u0439 \u043a\u0430\u0440\u043a\u0430\u0441 \u0442\u0430 \u0432\u0441\u0456 \u0456\u043d\u0448\u0456 \u043d\u0435\u043e\u0431\u0445\u0456\u0434\u043d\u0456 \u0430\u043a\u0441\u0435\u0441\u0443\u0430\u0440\u0438 \u0434\u043b\u044f \u0432\u0441\u0442\u0430\u043d\u043e\u0432\u043b\u0435\u043d\u043d\u044f \u043d\u0430\u043c\u0435\u0442\u0443.<\/p>\n<\/p>\n<p>\u041f\u0420\u0418\u041c\u0406\u0422\u041a\u0410: \u0412\u0438\u0440\u0456\u0431 \u041d\u0406\u041a\u041e\u041b\u0418 \u043d\u0435 \u0441\u043b\u0456\u0434 \u0432\u0438\u043a\u043e\u0440\u0438\u0441\u0442\u043e\u0432\u0443\u0432\u0430\u0442\u0438 \u0437\u0430 \u043d\u0435\u0433\u043e\u0434\u0438, \u0442\u0430\u043a\u043e\u0457 \u044f\u043a \u0441\u0438\u043b\u044c\u043d\u0438\u0439 \u0432\u0456\u0442\u0435\u0440, \u0437\u043b\u0438\u0432\u0430, \u0441\u043d\u0456\u0433, \u0448\u0442\u043e\u0440\u043c\u0438 \u0442\u043e\u0449\u043e.<\/p>\n<\/p>\n<p><strong>\u041f\u0440\u0438\u043c\u0456\u0442\u043a\u0430<\/strong>\u043d\u0438\u0436\u043d\u044f \u043e\u043f\u043e\u0440\u043d\u0430 \u0440\u0430\u043c\u0430 \u043d\u0435 \u0432\u0445\u043e\u0434\u0438\u0442\u044c \u0434\u043e \u043a\u043e\u043c\u043f\u043b\u0435\u043a\u0442\u0443<\/p>\n<ul>\n<li>\u041a\u043e\u043b\u0456\u0440: \u0442\u0435\u043c\u043d\u043e-\u0437\u0435\u043b\u0435\u043d\u0438\u0439<\/li>\n<li>\u041c\u0430\u0442\u0435\u0440\u0456\u0430\u043b: \u0442\u043a\u0430\u043d\u0438\u043d\u0430 (100% \u041f\u0412\u0425), \u0441\u0442\u0430\u043b\u044c \u0437 \u043f\u043e\u0440\u043e\u0448\u043a\u043e\u0432\u0438\u043c \u043f\u043e\u043a\u0440\u0438\u0442\u0442\u044f\u043c<\/li>\n<li>\u0420\u043e\u0437\u043c\u0456\u0440: 3,7 x 3,7 \u043c (\u0428 x \u0414)<\/li>\n<li>\u0412\u0438\u0441\u043e\u0442\u0430: 1,6 \u043c<\/li>\n<li>\u0414\u0430\u0445: 500 \u0433\/\u043c\u00b2<\/li>\n<li>\u0414\u0456\u0430\u043c\u0435\u0442\u0440 \u0442\u0440\u0443\u0431\u0438: 38 \u043c\u043c<\/li>\n<li>\u0412\u043e\u0434\u043e\u043d\u0435\u043f\u0440\u043e\u043d\u0438\u043a\u043d\u0438\u0439<\/li>\n<li>\u041f\u043e\u0442\u0440\u0456\u0431\u043d\u0430 \u0437\u0431\u0456\u0440\u043a\u0430: \u0442\u0430\u043a<\/li>\n<\/ul>","protected":false},"excerpt":{"rendered":"<p>Loomatelk on m\u00f5eldud suuremate kariloomade, n\u00e4iteks hobuste, lammaste ja lehmade hoidmiseks. See sobib h\u00e4sti kariloomade kaitsmiseks ebasoodsate ilmastikutingimuste eest. Loomatelgi kate on&hellip;<\/p>","protected":false},"featured_media":360455,"comment_status":"open","ping_status":"closed","template":"","meta":{"wprm-recipe-roundup-name":"","wprm-recipe-roundup-description":""},"product_brand":[],"product_cat":[7038],"product_tag":[2127,7051,536,4867,540,879,7052],"class_list":{"0":"post-360463","1":"product","2":"type-product","3":"status-publish","4":"has-post-thumbnail","6":"product_cat-aiapaviljonid","7":"product_tag-aed-ja-muru","8":"product_tag-aiakujundus","9":"product_tag-kodu-ja-aed","10":"product_tag-ouetegevused","11":"product_tag-parcel","12":"product_tag-roheline","13":"product_tag-varjualaused","14":"pa_brand-vidaxl","16":"first","17":"instock","18":"taxable","19":"shipping-taxable","20":"purchasable","21":"product-type-simple"},"supplier_id":null,"supplier_sku":"","barcode":null,"atum_controlled":false,"out_stock_date":null,"out_stock_threshold":null,"inheritable":false,"inbound_stock":null,"stock_on_hold":null,"sold_today":null,"sales_last_days":null,"reserved_stock":null,"customer_returns":null,"warehouse_damage":null,"lost_in_post":null,"other_logs":null,"out_stock_days":null,"lost_sales":null,"has_location":null,"update_date":"2026-05-02T13:46:35","atum_locations":[],"atum_stock_status":"instock","restock_status":false,"low_stock_amount":"","sales_update_date":null,"calc_backorders":null,"aioseo_notices":[],"_links":{"self":[{"href":"https:\/\/ecoshop.ee\/uk\/wp-json\/wp\/v2\/product\/360463","targetHints":{"allow":["GET"]}}],"collection":[{"href":"https:\/\/ecoshop.ee\/uk\/wp-json\/wp\/v2\/product"}],"about":[{"href":"https:\/\/ecoshop.ee\/uk\/wp-json\/wp\/v2\/types\/product"}],"replies":[{"embeddable":true,"href":"https:\/\/ecoshop.ee\/uk\/wp-json\/wp\/v2\/comments?post=360463"}],"version-history":[{"count":0,"href":"https:\/\/ecoshop.ee\/uk\/wp-json\/wp\/v2\/product\/360463\/revisions"}],"wp:featuredmedia":[{"embeddable":true,"href":"https:\/\/ecoshop.ee\/uk\/wp-json\/wp\/v2\/media\/360455"}],"wp:attachment":[{"href":"https:\/\/ecoshop.ee\/uk\/wp-json\/wp\/v2\/media?parent=360463"}],"wp:term":[{"taxonomy":"product_brand","embeddable":true,"href":"https:\/\/ecoshop.ee\/uk\/wp-json\/wp\/v2\/product_brand?post=360463"},{"taxonomy":"product_cat","embeddable":true,"href":"https:\/\/ecoshop.ee\/uk\/wp-json\/wp\/v2\/product_cat?post=360463"},{"taxonomy":"product_tag","embeddable":true,"href":"https:\/\/ecoshop.ee\/uk\/wp-json\/wp\/v2\/product_tag?post=360463"}],"curies":[{"name":"wp","href":"https:\/\/api.w.org\/{rel}","templated":true}]}}