{"id":3788,"date":"2024-05-28T02:29:33","date_gmt":"2024-05-27T23:29:33","guid":{"rendered":"https:\/\/ecoshop.ee\/?post_type=product&#038;p=3788"},"modified":"2026-04-07T23:20:46","modified_gmt":"2026-04-07T20:20:46","slug":"%d0%b2%d0%b5%d0%b3%d0%b0%d0%bd%d1%81%d1%8c%d0%ba%d1%96-%d1%88%d0%be%d0%ba%d0%be%d0%bb%d0%b0%d0%b4%d0%bd%d1%96-%d0%b1%d0%be%d1%83%d0%bb%d0%b8-bettr-%d0%b7-%d1%84%d1%83%d0%bd%d0%b4%d1%83%d0%ba%d0%be","status":"publish","type":"product","link":"https:\/\/ecoshop.ee\/uk\/kommid\/bettr-sarapuupahklivoiga-vegan-sokolaadikausid-39g\/","title":{"rendered":"\u0412\u0435\u0433\u0430\u043d\u0441\u044c\u043a\u0456 \u0448\u043e\u043a\u043e\u043b\u0430\u0434\u043d\u0456 \u0431\u043e\u0443\u043b\u0438 Bett&#039;r \u0437 \u0444\u0443\u043d\u0434\u0443\u043a\u043e\u0432\u043e\u044e \u043f\u0430\u0441\u0442\u043e\u044e, 39 \u0433"},"content":{"rendered":"<p>\u0414\u0430\u0439\u0442\u0435 \u0432\u043e\u043b\u044e \u0441\u0432\u043e\u0457\u043c \u043f\u043e\u0447\u0443\u0442\u0442\u044f\u043c \u0442\u0430 \u043d\u0430\u0441\u043e\u043b\u043e\u0434\u0456\u0442\u044c\u0441\u044f \u043d\u0435\u0437\u0430\u0431\u0443\u0442\u043d\u0456\u043c \u0441\u043c\u0430\u043a\u043e\u0432\u0438\u043c \u0434\u043e\u0441\u0432\u0456\u0434\u043e\u043c. \u0412\u0435\u0433\u0430\u043d\u0441\u044c\u043a\u0456 \u0448\u043e\u043a\u043e\u043b\u0430\u0434\u043d\u0456 \u0431\u043e\u0443\u043b\u0438 Bett&#039;r \u0437 \u0432\u0435\u0440\u0448\u043a\u043e\u0432\u0438\u043c \u0444\u0443\u043d\u0434\u0443\u043a\u043e\u0432\u0438\u043c \u043c\u0430\u0441\u043b\u043e\u043c \u2013 \u0446\u0435 \u043c\u2019\u044f\u043a\u0456 \u043b\u0430\u0441\u043e\u0449\u0456, \u0449\u043e \u0442\u0430\u043d\u0443\u0442\u044c \u0443 \u0440\u043e\u0442\u0456 \u0442\u0430 \u0441\u043f\u043e\u043a\u0443\u0448\u0430\u044e\u0442\u044c. \u0428\u043e\u043a\u043e\u043b\u0430\u0434\u043a\u0438 Bett&#039;r \u043c\u0456\u0441\u0442\u044f\u0442\u044c \u0440\u0435\u0442\u0435\u043b\u044c\u043d\u043e \u0432\u0456\u0434\u0456\u0431\u0440\u0430\u043d\u0456 \u043e\u0440\u0433\u0430\u043d\u0456\u0447\u043d\u0456 \u0456\u043d\u0433\u0440\u0435\u0434\u0456\u0454\u043d\u0442\u0438. \u041d\u0435 \u043c\u0456\u0441\u0442\u044f\u0442\u044c \u0440\u0430\u0444\u0456\u043d\u043e\u0432\u0430\u043d\u043e\u0433\u043e \u0446\u0443\u043a\u0440\u0443 \u0442\u0430 \u0448\u0442\u0443\u0447\u043d\u0438\u0445 \u0430\u0440\u043e\u043c\u0430\u0442\u0438\u0437\u0430\u0442\u043e\u0440\u0456\u0432.<\/p>","protected":false},"excerpt":{"rendered":"<p>Lase enda meeled vabaks ja proovi unustamatut maitseelamust. Bett&#8217;r kreemja-sarapuup\u00e4hkliv\u00f5iga vegan \u0161okolaadikausid on suus sulavad ja pehmed h\u00f5rgutised mis tekitavad kiusatust. Bett&#8217;r&hellip;<\/p>","protected":false},"featured_media":3789,"comment_status":"open","ping_status":"closed","template":"","meta":{"wprm-recipe-roundup-name":"","wprm-recipe-roundup-description":""},"product_brand":[11995],"product_cat":[160,302],"product_tag":[296,142],"class_list":{"0":"post-3788","1":"product","2":"type-product","3":"status-publish","4":"has-post-thumbnail","6":"product_brand-bettr","7":"product_cat-kommid","8":"product_cat-gluteenivaba","9":"product_tag-gluteenivaba","10":"product_tag-sokolaad","11":"j79_wcxd_expiry_type-expiry-date","13":"first","14":"instock","15":"taxable","16":"shipping-taxable","17":"purchasable","18":"product-type-simple"},"supplier_id":9165,"supplier_sku":"","barcode":"3800233781243","atum_controlled":true,"out_stock_date":null,"out_stock_threshold":null,"inheritable":false,"inbound_stock":0,"stock_on_hold":0,"sold_today":0,"sales_last_days":0,"reserved_stock":0,"customer_returns":0,"warehouse_damage":0,"lost_in_post":0,"other_logs":0,"out_stock_days":0,"lost_sales":0,"has_location":false,"update_date":"2026-04-07T20:20:47","atum_locations":[],"atum_stock_status":"instock","restock_status":false,"low_stock_amount":"","sales_update_date":"2026-04-06T20:23:10","calc_backorders":null,"aioseo_notices":[],"_links":{"self":[{"href":"https:\/\/ecoshop.ee\/uk\/wp-json\/wp\/v2\/product\/3788","targetHints":{"allow":["GET"]}}],"collection":[{"href":"https:\/\/ecoshop.ee\/uk\/wp-json\/wp\/v2\/product"}],"about":[{"href":"https:\/\/ecoshop.ee\/uk\/wp-json\/wp\/v2\/types\/product"}],"replies":[{"embeddable":true,"href":"https:\/\/ecoshop.ee\/uk\/wp-json\/wp\/v2\/comments?post=3788"}],"version-history":[{"count":0,"href":"https:\/\/ecoshop.ee\/uk\/wp-json\/wp\/v2\/product\/3788\/revisions"}],"wp:featuredmedia":[{"embeddable":true,"href":"https:\/\/ecoshop.ee\/uk\/wp-json\/wp\/v2\/media\/3789"}],"wp:attachment":[{"href":"https:\/\/ecoshop.ee\/uk\/wp-json\/wp\/v2\/media?parent=3788"}],"wp:term":[{"taxonomy":"product_brand","embeddable":true,"href":"https:\/\/ecoshop.ee\/uk\/wp-json\/wp\/v2\/product_brand?post=3788"},{"taxonomy":"product_cat","embeddable":true,"href":"https:\/\/ecoshop.ee\/uk\/wp-json\/wp\/v2\/product_cat?post=3788"},{"taxonomy":"product_tag","embeddable":true,"href":"https:\/\/ecoshop.ee\/uk\/wp-json\/wp\/v2\/product_tag?post=3788"}],"curies":[{"name":"wp","href":"https:\/\/api.w.org\/{rel}","templated":true}]}}