{"id":385760,"date":"2026-02-28T23:49:06","date_gmt":"2026-02-28T20:49:06","guid":{"rendered":"https:\/\/ecoshop.ee\/maaratlemata\/telerikapp-mitmevarviline-100-x-35-x-50-cm-tugev-mango-puu\/"},"modified":"2026-05-07T21:35:06","modified_gmt":"2026-05-07T18:35:06","slug":"%d1%82%d1%83%d0%bc%d0%b1%d0%b0-%d0%bf%d1%96%d0%b4-%d1%82%d0%b5%d0%bb%d0%b5%d0%b2%d1%96%d0%b7%d0%be%d1%80-%d1%80%d1%96%d0%b7%d0%bd%d0%be%d0%ba%d0%be%d0%bb%d1%8c%d0%be%d1%80%d0%be%d0%b2%d0%b0-100-x-35-x","status":"publish","type":"product","link":"https:\/\/ecoshop.ee\/uk\/telerialused\/telerikapp-mitmevarviline-100-x-35-x-50-cm-tugev-mango-puu\/","title":{"rendered":"\u0422\u0443\u043c\u0431\u0430 \u043f\u0456\u0434 \u0442\u0435\u043b\u0435\u0432\u0456\u0437\u043e\u0440, \u0440\u0456\u0437\u043d\u043e\u043a\u043e\u043b\u044c\u043e\u0440\u043e\u0432\u0430, 100 x 35 x 50 \u0441\u043c, \u043c\u0430\u0441\u0438\u0432 \u043c\u0430\u043d\u0433\u043e\u0432\u043e\u0433\u043e \u0434\u0435\u0440\u0435\u0432\u0430"},"content":{"rendered":"<p>\u0426\u044f \u0442\u0443\u043c\u0431\u0430 \u043f\u0456\u0434 \u0442\u0435\u043b\u0435\u0432\u0456\u0437\u043e\u0440 \u2013 \u0441\u043f\u0440\u0430\u0432\u0436\u043d\u044f \u043f\u0435\u0440\u043b\u0438\u043d\u0430, \u0449\u043e \u043f\u043e\u0454\u0434\u043d\u0443\u0454 \u0441\u0443\u0447\u0430\u0441\u043d\u0438\u0439 \u0441\u0442\u0438\u043b\u044c \u0442\u0430 \u043f\u0440\u0430\u043a\u0442\u0438\u0447\u043d\u0438\u0439 \u0434\u0438\u0437\u0430\u0439\u043d \u2013 \u0456\u0434\u0435\u0430\u043b\u044c\u043d\u0438\u0439 \u0432\u0438\u0431\u0456\u0440 \u0434\u043b\u044f \u0441\u0443\u0447\u0430\u0441\u043d\u043e\u0457 \u0432\u0456\u0442\u0430\u043b\u044c\u043d\u0456. \u0407\u0457 \u043c\u0456\u043d\u0456\u043c\u0430\u043b\u0456\u0441\u0442\u0438\u0447\u043d\u0430 \u043f\u0440\u044f\u043c\u043e\u043a\u0443\u0442\u043d\u0430 \u0444\u043e\u0440\u043c\u0430 \u043d\u0430\u0434\u0430\u0454 \u043a\u0456\u043c\u043d\u0430\u0442\u0456 \u0441\u0432\u0456\u0436\u043e\u0433\u043e \u0432\u0438\u0433\u043b\u044f\u0434\u0443, \u0437\u0431\u0435\u0440\u0456\u0433\u0430\u044e\u0447\u0438 \u043f\u043e\u0440\u044f\u0434\u043e\u043a \u0442\u0430 \u0441\u0442\u0438\u043b\u044c.<\/p>\n<ul>\n<li><b>\u041c\u0430\u0442\u0435\u0440\u0456\u0430\u043b\u0438:<\/b> \u0421\u0443\u0447\u0430\u0441\u043d\u0430 \u0442\u0443\u043c\u0431\u0430 \u043f\u0456\u0434 \u0442\u0435\u043b\u0435\u0432\u0456\u0437\u043e\u0440 \u0432\u0438\u0433\u043e\u0442\u043e\u0432\u043b\u0435\u043d\u0430 \u0437 \u043c\u0430\u0441\u0438\u0432\u0443 \u043c\u0430\u043d\u0433\u043e\u0432\u043e\u0433\u043e \u0434\u0435\u0440\u0435\u0432\u0430, \u0432\u0456\u0434\u043e\u043c\u043e\u0433\u043e \u0441\u0432\u043e\u0454\u044e \u043c\u0456\u0446\u043d\u0456\u0441\u0442\u044e \u0442\u0430 \u0431\u0430\u0433\u0430\u0442\u043e\u044e \u0442\u0435\u043a\u0441\u0442\u0443\u0440\u043e\u044e \u2013 \u043f\u0440\u043e\u0434\u0443\u043a\u0442, \u044f\u043a\u0438\u0439 \u0454 \u043e\u0434\u043d\u043e\u0447\u0430\u0441\u043d\u043e \u0432\u0438\u0441\u043e\u043a\u043e\u044f\u043a\u0456\u0441\u043d\u0438\u043c \u0442\u0430 \u043a\u0440\u0430\u0441\u0438\u0432\u0438\u043c. \u0426\u0435\u0439 \u043c\u0430\u0442\u0435\u0440\u0456\u0430\u043b \u0437\u0430\u0431\u0435\u0437\u043f\u0435\u0447\u0443\u0454 \u043c\u0456\u0446\u043d\u0443 \u043e\u0441\u043d\u043e\u0432\u0443 \u0434\u043b\u044f \u0442\u0443\u043c\u0431\u0438, \u0437\u0430\u0431\u0435\u0437\u043f\u0435\u0447\u0443\u044e\u0447\u0438 \u0442\u0440\u0438\u0432\u0430\u043b\u0435 \u0432\u0438\u043a\u043e\u0440\u0438\u0441\u0442\u0430\u043d\u043d\u044f \u0432 \u0431\u0443\u0434\u044c-\u044f\u043a\u0456\u0439 \u043a\u0456\u043c\u043d\u0430\u0442\u0456.<\/li>\n<li><b>\u041a\u043e\u043c\u043f\u043e\u043d\u0435\u043d\u0442\u0438:<\/b> \u0414\u043e\u0440\u0456\u0436\u043a\u0438 \u043d\u0430 \u0441\u0442\u0456\u043b \u0440\u043e\u0431\u043b\u044f\u0442\u044c \u0446\u044e \u0448\u0430\u0444\u0443 \u043f\u0440\u0430\u043a\u0442\u0438\u0447\u043d\u043e\u044e \u0442\u0430 \u0437\u0440\u0443\u0447\u043d\u043e\u044e. \u041f\u043e\u043b\u0438\u0446\u0456 \u0437\u0430\u0431\u0435\u0437\u043f\u0435\u0447\u0443\u044e\u0442\u044c \u0431\u0430\u0433\u0430\u0442\u043e \u043c\u0456\u0441\u0446\u044f \u0434\u043b\u044f \u043e\u0440\u0433\u0430\u043d\u0456\u0437\u0430\u0446\u0456\u0457 \u043c\u0435\u0434\u0456\u0430-\u0430\u043a\u0441\u0435\u0441\u0443\u0430\u0440\u0456\u0432, \u043a\u043d\u0438\u0433 \u0430\u0431\u043e \u0434\u0435\u043a\u043e\u0440\u0430\u0442\u0438\u0432\u043d\u0438\u0445 \u043f\u0440\u0435\u0434\u043c\u0435\u0442\u0456\u0432, \u0449\u043e \u043f\u0456\u0434\u0432\u0438\u0449\u0443\u0454 \u0444\u0443\u043d\u043a\u0446\u0456\u043e\u043d\u0430\u043b\u044c\u043d\u0456\u0441\u0442\u044c \u0432\u0430\u0448\u043e\u0457 \u0432\u0456\u0442\u0430\u043b\u044c\u043d\u0456. \u042f\u043a\u0449\u043e \u0432\u0438 \u0445\u043e\u0447\u0435\u0442\u0435, \u0449\u043e\u0431 \u0443\u0441\u0435 \u0431\u0443\u043b\u043e \u043e\u0445\u0430\u0439\u043d\u0438\u043c \u0442\u0430 \u0435\u0441\u0442\u0435\u0442\u0438\u0447\u043d\u043e \u043f\u0440\u0438\u0432\u0430\u0431\u043b\u0438\u0432\u0438\u043c, \u0446\u0456 \u043f\u043e\u043b\u0438\u0446\u0456 \u043d\u0435\u0437\u0430\u043c\u0456\u043d\u043d\u0456!<\/li>\n<li><b>Omadused \/ \u0424\u0443\u043d\u043a\u0446\u0456\u044f \/ \u0414\u0438\u0437\u0430\u0439\u043d:<\/b> \u041c\u0456\u0446\u043d\u0430 \u043a\u043e\u043d\u0441\u0442\u0440\u0443\u043a\u0446\u0456\u044f \u0448\u0430\u0444\u0438 \u0440\u043e\u0437\u0440\u043e\u0431\u043b\u0435\u043d\u0430, \u0449\u043e\u0431 \u0432\u0438\u0442\u0440\u0438\u043c\u0443\u0432\u0430\u0442\u0438 \u043d\u0430\u0432\u0430\u043d\u0442\u0430\u0436\u0435\u043d\u043d\u044f \u0432\u0435\u043b\u0438\u043a\u0438\u0445 \u0442\u0435\u043b\u0435\u0432\u0456\u0437\u043e\u0440\u0456\u0432 \u0442\u0430 \u0434\u043e\u043c\u0430\u0448\u043d\u0456\u0445 \u0440\u043e\u0437\u0432\u0430\u0436\u0430\u043b\u044c\u043d\u0438\u0445 \u0441\u0438\u0441\u0442\u0435\u043c. \u041a\u0456\u043b\u044c\u0446\u0435\u043f\u043e\u0434\u0456\u0431\u043d\u0456 \u0440\u0443\u0447\u043a\u0438 \u043d\u0430 \u0434\u0432\u0435\u0440\u0446\u044f\u0442\u0430\u0445 \u0434\u043e\u0434\u0430\u044e\u0442\u044c \u0435\u043b\u0435\u0433\u0430\u043d\u0442\u043d\u043e\u0441\u0442\u0456 \u0442\u0430 \u043f\u043e\u043b\u0435\u0433\u0448\u0443\u044e\u0442\u044c \u0432\u0456\u0434\u043a\u0440\u0438\u0432\u0430\u043d\u043d\u044f, \u043f\u043e\u0454\u0434\u043d\u0443\u044e\u0447\u0438 \u043a\u0440\u0430\u0441\u0443 \u0442\u0430 \u043f\u0440\u0430\u043a\u0442\u0438\u0447\u043d\u0456\u0441\u0442\u044c.<\/li>\n<li><b>\u0420\u0435\u043a\u043e\u043c\u0435\u043d\u0434\u043e\u0432\u0430\u043d\u0435 \u0432\u0438\u043a\u043e\u0440\u0438\u0441\u0442\u0430\u043d\u043d\u044f:<\/b> \u0426\u044f \u0448\u0430\u0444\u0430, \u043e\u0441\u043e\u0431\u043b\u0438\u0432\u043e \u0437\u0440\u0443\u0447\u043d\u0430 \u0434\u043b\u044f \u043c\u0456\u0441\u044c\u043a\u043e\u0433\u043e \u0441\u0435\u0440\u0435\u0434\u043e\u0432\u0438\u0449\u0430, \u043f\u0456\u0434\u0456\u0439\u0434\u0435 \u0434\u043b\u044f \u0431\u0430\u0433\u0430\u0442\u044c\u043e\u0445 \u0446\u0456\u043b\u0435\u0439 \u2013 \u0432\u0456\u0434 \u043c\u0456\u043d\u0456\u043c\u0430\u043b\u0456\u0441\u0442\u0438\u0447\u043d\u043e\u0433\u043e \u0446\u0435\u043d\u0442\u0440\u0430\u043b\u044c\u043d\u043e\u0433\u043e \u0435\u043b\u0435\u043c\u0435\u043d\u0442\u0443 \u0432\u0456\u0442\u0430\u043b\u044c\u043d\u0456 \u0434\u043e \u0437\u0431\u0435\u0440\u0456\u0433\u0430\u043d\u043d\u044f \u043c\u0435\u0434\u0456\u0430\u043f\u0440\u0438\u0441\u0442\u0440\u043e\u0457\u0432. \u041d\u0435\u0437\u0430\u043b\u0435\u0436\u043d\u043e \u0432\u0456\u0434 \u0442\u043e\u0433\u043e, \u0447\u0438 \u0432\u0438 \u0434\u0438\u0432\u0438\u0442\u0435\u0441\u044f \u0444\u0456\u043b\u044c\u043c\u0438, \u0447\u0438 \u0434\u0435\u043c\u043e\u043d\u0441\u0442\u0440\u0443\u0454\u0442\u0435 \u0441\u0432\u043e\u044e \u043a\u043e\u043b\u0435\u043a\u0446\u0456\u044e \u043f\u043b\u0430\u0442\u0456\u0432\u043e\u043a, \u0443 \u0446\u0456\u0439 \u0448\u0430\u0444\u0456 \u0454 \u0432\u0441\u0435 \u043d\u0435\u043e\u0431\u0445\u0456\u0434\u043d\u0435.<\/li>\n<li><b>\u0414\u043e\u0433\u043b\u044f\u0434 \u0442\u0430 \u043e\u0431\u0441\u043b\u0443\u0433\u043e\u0432\u0443\u0432\u0430\u043d\u043d\u044f:<\/b> \u0429\u043e\u0431 \u0437\u0430\u0431\u0435\u0437\u043f\u0435\u0447\u0438\u0442\u0438 \u0434\u043e\u0432\u0433\u043e\u0432\u0456\u0447\u043d\u0456\u0441\u0442\u044c \u0432\u0430\u0448\u043e\u0457 \u0448\u0430\u0444\u0438, \u043f\u0440\u043e\u0441\u0442\u043e \u043f\u0440\u043e\u0442\u0440\u0456\u0442\u044c \u0457\u0457 \u0441\u0443\u0445\u043e\u044e \u0433\u0430\u043d\u0447\u0456\u0440\u043a\u043e\u044e. \u0423\u043d\u0438\u043a\u0430\u0439\u0442\u0435 \u0430\u0433\u0440\u0435\u0441\u0438\u0432\u043d\u0438\u0445 \u0445\u0456\u043c\u0456\u043a\u0430\u0442\u0456\u0432 \u0442\u0430 \u043d\u0430\u0434\u043c\u0456\u0440\u043d\u043e\u0457 \u0432\u043e\u043b\u043e\u0433\u0438, \u0449\u043e\u0431 \u0437\u0430\u0445\u0438\u0441\u0442\u0438\u0442\u0438 \u0457\u0457 \u043f\u043e\u043a\u0440\u0438\u0442\u0442\u044f. \u0422\u0430\u043a\u0438\u043c \u0447\u0438\u043d\u043e\u043c, \u0432\u0438 \u0437\u043c\u043e\u0436\u0435\u0442\u0435 \u0437\u0431\u0435\u0440\u0435\u0433\u0442\u0438 \u0441\u0432\u0456\u0436\u0438\u0439 \u0442\u0430 \u043e\u0434\u043d\u043e\u0440\u0456\u0434\u043d\u0438\u0439 \u0432\u0438\u0433\u043b\u044f\u0434 \u0432\u0430\u0448\u043e\u0457 \u0448\u0430\u0444\u0438.<\/li>\n<\/ul>\n<ul>\n<li>\u041a\u043e\u043b\u0456\u0440: \u0420\u0456\u0437\u043d\u043e\u043a\u043e\u043b\u044c\u043e\u0440\u043e\u0432\u0438\u0439<\/li>\n<li>\u041c\u0430\u0442\u0435\u0440\u0456\u0430\u043b: \u041c\u0430\u0441\u0438\u0432 \u0434\u0435\u0440\u0435\u0432\u0430 \u043c\u0430\u043d\u0433\u043e<\/li>\n<li>\u0417\u0430\u0433\u0430\u043b\u044c\u043d\u0456 \u0440\u043e\u0437\u043c\u0456\u0440\u0438: 100 x 35 x 50 \u0441\u043c (\u0414 x \u0428 x \u0412)<\/li>\n<li>2 \u0434\u0432\u0435\u0440\u0456<\/li>\n<li>\u0417 1 \u043f\u043e\u043b\u0438\u0446\u0435\u044e \u0437\u0456 \u0441\u0442\u043e\u043b\u043e\u043c<\/li>\n<li>\u041c\u0430\u043a\u0441\u0438\u043c\u0430\u043b\u044c\u043d\u0430 \u0432\u0430\u0433\u0430: 60 \u043a\u0433<\/li>\n<li>\u041f\u043e\u0442\u0440\u0456\u0431\u043d\u0435 \u0441\u043a\u043b\u0430\u0434\u0430\u043d\u043d\u044f: \u0422\u0430\u043a<\/li>\n<li>\u0406\u043d\u0432\u0435\u0441\u0442\u0438\u0446\u0456\u0457 \u0432 \u0434\u043e\u0441\u0442\u0430\u0432\u043a\u0443:<\/li>\n<li>1 \u0445 \u0442\u0443\u043c\u0431\u0430 \u043f\u0456\u0434 \u0442\u0435\u043b\u0435\u0432\u0456\u0437\u043e\u0440<\/li>\n<\/ul>","protected":false},"excerpt":{"rendered":"<p>See TV-kapp on t\u00f5eline p\u00e4rl, mis \u00fchendab endas kaasaegse stiili ja praktilise disaini \u2013 ideaalne valik t\u00e4nap\u00e4evase elutoa jaoks. Selle minimalistlik, ristk\u00fclikukujuline&hellip;<\/p>","protected":false},"featured_media":385749,"comment_status":"open","ping_status":"closed","template":"","meta":{"wprm-recipe-roundup-name":"","wprm-recipe-roundup-description":""},"product_brand":[],"product_cat":[660],"product_tag":[883,547,540,661],"class_list":{"0":"post-385760","1":"product","2":"type-product","3":"status-publish","4":"has-post-thumbnail","6":"product_cat-telerialused","7":"product_tag-mitmevarviline","8":"product_tag-moobel","9":"product_tag-parcel","10":"product_tag-telerialused","11":"pa_brand-vidaxl","13":"first","14":"instock","15":"taxable","16":"shipping-taxable","17":"purchasable","18":"product-type-simple"},"supplier_id":null,"supplier_sku":"","barcode":null,"atum_controlled":false,"out_stock_date":null,"out_stock_threshold":null,"inheritable":false,"inbound_stock":null,"stock_on_hold":null,"sold_today":null,"sales_last_days":null,"reserved_stock":null,"customer_returns":null,"warehouse_damage":null,"lost_in_post":null,"other_logs":null,"out_stock_days":null,"lost_sales":null,"has_location":null,"update_date":"2026-05-07T18:35:06","atum_locations":[],"atum_stock_status":"instock","restock_status":false,"low_stock_amount":"","sales_update_date":null,"calc_backorders":null,"aioseo_notices":[],"_links":{"self":[{"href":"https:\/\/ecoshop.ee\/uk\/wp-json\/wp\/v2\/product\/385760","targetHints":{"allow":["GET"]}}],"collection":[{"href":"https:\/\/ecoshop.ee\/uk\/wp-json\/wp\/v2\/product"}],"about":[{"href":"https:\/\/ecoshop.ee\/uk\/wp-json\/wp\/v2\/types\/product"}],"replies":[{"embeddable":true,"href":"https:\/\/ecoshop.ee\/uk\/wp-json\/wp\/v2\/comments?post=385760"}],"version-history":[{"count":0,"href":"https:\/\/ecoshop.ee\/uk\/wp-json\/wp\/v2\/product\/385760\/revisions"}],"wp:featuredmedia":[{"embeddable":true,"href":"https:\/\/ecoshop.ee\/uk\/wp-json\/wp\/v2\/media\/385749"}],"wp:attachment":[{"href":"https:\/\/ecoshop.ee\/uk\/wp-json\/wp\/v2\/media?parent=385760"}],"wp:term":[{"taxonomy":"product_brand","embeddable":true,"href":"https:\/\/ecoshop.ee\/uk\/wp-json\/wp\/v2\/product_brand?post=385760"},{"taxonomy":"product_cat","embeddable":true,"href":"https:\/\/ecoshop.ee\/uk\/wp-json\/wp\/v2\/product_cat?post=385760"},{"taxonomy":"product_tag","embeddable":true,"href":"https:\/\/ecoshop.ee\/uk\/wp-json\/wp\/v2\/product_tag?post=385760"}],"curies":[{"name":"wp","href":"https:\/\/api.w.org\/{rel}","templated":true}]}}