{"id":385984,"date":"2026-02-28T23:55:26","date_gmt":"2026-02-28T20:55:26","guid":{"rendered":"https:\/\/ecoshop.ee\/maaratlemata\/telerialus-must-100-x-33-x-46-cm-mangopuit-2\/"},"modified":"2026-04-19T16:03:19","modified_gmt":"2026-04-19T13:03:19","slug":"%d1%82%d1%83%d0%bc%d0%b1%d0%b0-%d0%bf%d1%96%d0%b4-%d1%82%d0%b5%d0%bb%d0%b5%d0%b2%d1%96%d0%b7%d0%be%d1%80-%d1%87%d0%be%d1%80%d0%bd%d0%b0-100-x-33-x-46-%d1%81%d0%bc-%d0%b4%d0%b5%d1%80%d0%b5%d0%b2%d0%be-2","status":"publish","type":"product","link":"https:\/\/ecoshop.ee\/uk\/telerialused\/telerialus-must-100-x-33-x-46-cm-mangopuit-2\/","title":{"rendered":"\u0422\u0443\u043c\u0431\u0430 \u043f\u0456\u0434 \u0442\u0435\u043b\u0435\u0432\u0456\u0437\u043e\u0440, \u0447\u043e\u0440\u043d\u0430, 100 x 33 x 46 \u0441\u043c, \u0434\u0435\u0440\u0435\u0432\u043e \u043c\u0430\u043d\u0433\u043e"},"content":{"rendered":"<p>\u0426\u044f \u0434\u0435\u0440\u0435\u0432&#039;\u044f\u043d\u0430 \u0442\u0443\u043c\u0431\u0430 \u043f\u0456\u0434 \u0442\u0435\u043b\u0435\u0432\u0456\u0437\u043e\u0440 \u0437 \u0432\u0435\u043b\u0438\u043a\u0438\u043c \u043c\u0456\u0441\u0446\u0435\u043c \u0434\u043b\u044f \u0437\u0431\u0435\u0440\u0456\u0433\u0430\u043d\u043d\u044f \u0440\u0435\u0447\u0435\u0439 \u0441\u0442\u0430\u043d\u0435 \u043f\u0440\u0430\u043a\u0442\u0438\u0447\u043d\u0438\u043c \u0442\u0430 \u043f\u0440\u0438\u0432\u0430\u0431\u043b\u0438\u0432\u0438\u043c \u0434\u043e\u043f\u043e\u0432\u043d\u0435\u043d\u043d\u044f\u043c \u0434\u043e \u0432\u0430\u0448\u043e\u0457 \u0432\u0456\u0442\u0430\u043b\u044c\u043d\u0456 \u0447\u0438 \u0441\u043f\u0430\u043b\u044c\u043d\u0456.<\/p>\n<\/p>\n<ul>\n<li>\u041c\u0456\u0446\u043d\u0438\u0439 \u0442\u0430 \u0441\u0442\u0456\u0439\u043a\u0438\u0439 \u043c\u0430\u0442\u0435\u0440\u0456\u0430\u043b: \u0434\u0435\u0440\u0435\u0432\u0438\u043d\u0430 \u043c\u0430\u043d\u0433\u043e \u2014 \u0446\u0435 \u043c\u0456\u0446\u043d\u0430 \u0442\u0440\u043e\u043f\u0456\u0447\u043d\u0430 \u0434\u0435\u0440\u0435\u0432\u0438\u043d\u0430 \u0442\u0432\u0435\u0440\u0434\u0438\u0445 \u043f\u043e\u0440\u0456\u0434, \u044f\u043a\u0430 \u0454 \u043f\u0435\u0440\u0435\u0432\u0430\u0436\u043d\u043e\u044e \u0434\u043b\u044f \u0432\u0438\u0433\u043e\u0442\u043e\u0432\u043b\u0435\u043d\u043d\u044f \u043c\u0435\u0431\u043b\u0456\u0432 \u0437\u0430\u0432\u0434\u044f\u043a\u0438 \u0441\u0432\u043e\u0457\u0439 \u0432\u0438\u043d\u044f\u0442\u043a\u043e\u0432\u0456\u0439 \u0434\u043e\u0432\u0433\u043e\u0432\u0456\u0447\u043d\u043e\u0441\u0442\u0456 \u0442\u0430 \u043c\u0456\u0446\u043d\u043e\u0441\u0442\u0456. \u0413\u0430\u0440\u043d\u0430 \u0442\u0435\u043a\u0441\u0442\u0443\u0440\u0430 \u0434\u0435\u0440\u0435\u0432\u0438\u043d\u0438 \u0440\u043e\u0431\u0438\u0442\u044c \u043a\u043e\u0436\u0435\u043d \u043f\u0440\u0435\u0434\u043c\u0435\u0442 \u043c\u0435\u0431\u043b\u0456\u0432 \u0443\u043d\u0456\u043a\u0430\u043b\u044c\u043d\u0438\u043c \u0442\u0430 \u0434\u0435\u0449\u043e \u0432\u0456\u0434\u043c\u0456\u043d\u043d\u0438\u043c \u0432\u0456\u0434 \u0456\u043d\u0448\u0438\u0445.<\/li>\n<li>\u0411\u0430\u0433\u0430\u0442\u043e \u043c\u0456\u0441\u0446\u044f \u0434\u043b\u044f \u0437\u0431\u0435\u0440\u0456\u0433\u0430\u043d\u043d\u044f: \u0442\u0443\u043c\u0431\u0430 \u043f\u0456\u0434 \u0442\u0435\u043b\u0435\u0432\u0456\u0437\u043e\u0440 \u043d\u0430\u0434\u0430\u0454 \u0434\u043e\u0441\u0442\u0430\u0442\u043d\u044c\u043e \u043c\u0456\u0441\u0446\u044f \u0434\u043b\u044f \u0437\u0431\u0435\u0440\u0456\u0433\u0430\u043d\u043d\u044f \u0436\u0443\u0440\u043d\u0430\u043b\u0456\u0432, \u043a\u043d\u0438\u0433, DVD-\u0434\u0438\u0441\u043a\u0456\u0432 \u0442\u0430 \u043c\u0443\u043b\u044c\u0442\u0438\u043c\u0435\u0434\u0456\u0439\u043d\u043e\u0433\u043e \u043e\u0431\u043b\u0430\u0434\u043d\u0430\u043d\u043d\u044f \u0432\u043f\u043e\u0440\u044f\u0434\u043a\u043e\u0432\u0430\u043d\u043e \u0442\u0430 \u043b\u0435\u0433\u043a\u043e\u0434\u043e\u0441\u0442\u0443\u043f\u043d\u043e.<\/li>\n<li>\u0420\u0456\u0437\u044c\u0431\u043b\u0435\u043d\u0438\u0439 \u0432\u0456\u0437\u0435\u0440\u0443\u043d\u043e\u043a \u0440\u0443\u0447\u043d\u043e\u0457 \u0440\u043e\u0431\u043e\u0442\u0438: \u0412\u0438\u0442\u043e\u043d\u0447\u0435\u043d\u043e \u0440\u0456\u0437\u044c\u0431\u043b\u0435\u043d\u0438\u0439 \u0432\u0456\u0437\u0435\u0440\u0443\u043d\u043e\u043a \u043d\u0430\u0434\u0430\u0454 \u043f\u0456\u0434\u0441\u0442\u0430\u0432\u0446\u0456 \u043f\u0456\u0434 \u0442\u0435\u043b\u0435\u0432\u0456\u0437\u043e\u0440 \u0443\u043d\u0456\u043a\u0430\u043b\u044c\u043d\u043e\u0433\u043e \u0432\u0438\u0433\u043b\u044f\u0434\u0443.<\/li>\n<li>\u0421\u0442\u0456\u0439\u043a\u0438\u0439 \u0456 \u043c\u0456\u0446\u043d\u0438\u0439 \u0432\u0435\u0440\u0445 \u0448\u0430\u0444\u0438: \u043c\u0456\u0446\u043d\u0438\u0439 \u0432\u0435\u0440\u0445 \u0456\u0434\u0435\u0430\u043b\u044c\u043d\u043e \u043f\u0456\u0434\u0445\u043e\u0434\u0438\u0442\u044c \u0434\u043b\u044f \u0437\u0431\u0435\u0440\u0456\u0433\u0430\u043d\u043d\u044f \u0442\u0435\u043b\u0435\u0432\u0456\u0437\u043e\u0440\u0456\u0432 \u0456 \u0441\u0442\u0435\u0440\u0435\u043e\u0441\u0438\u0441\u0442\u0435\u043c \u0430\u0431\u043e \u0434\u0435\u043a\u043e\u0440\u0430\u0442\u0438\u0432\u043d\u0438\u0445 \u043f\u0440\u0435\u0434\u043c\u0435\u0442\u0456\u0432, \u0442\u0430\u043a\u0438\u0445 \u044f\u043a \u0432\u0430\u0437\u0438 \u0456 \u0433\u043e\u0440\u0449\u0438\u043a\u0438 \u0437 \u0440\u043e\u0441\u043b\u0438\u043d\u0430\u043c\u0438.<\/li>\n<li>\u041b\u0435\u0433\u043a\u0438\u0439 \u0443 \u0434\u043e\u0433\u043b\u044f\u0434\u0456: \u043f\u0443\u043b\u044c\u0442 \u0434\u0438\u0441\u0442\u0430\u043d\u0446\u0456\u0439\u043d\u043e\u0433\u043e \u043a\u0435\u0440\u0443\u0432\u0430\u043d\u043d\u044f \u0442\u0435\u043b\u0435\u0432\u0456\u0437\u043e\u0440\u043e\u043c \u043b\u0435\u0433\u043a\u043e \u0447\u0438\u0441\u0442\u0438\u0442\u0438 \u0432\u043e\u043b\u043e\u0433\u043e\u044e \u0433\u0430\u043d\u0447\u0456\u0440\u043a\u043e\u044e \u0442\u0430 \u043f\u043e\u0442\u0440\u0435\u0431\u0443\u0454 \u043c\u0435\u043d\u0448\u0435 \u0434\u043e\u0433\u043b\u044f\u0434\u0443.<\/li>\n<\/ul>\n<p>\u041f\u0440\u0438\u0454\u043c\u043d\u043e \u0446\u0435 \u0447\u0443\u0442\u0438:<\/p>\n<ul>\n<li>\u041a\u043e\u043b\u0456\u0440used \u0442\u0430 \u0442\u0435\u043a\u0441\u0442\u0443\u0440\u0430 \u0434\u0435\u0440\u0435\u0432\u0438\u043d\u0438 \u043a\u043e\u0436\u043d\u043e\u0433\u043e \u0432\u0438\u0440\u043e\u0431\u0443 \u0440\u0456\u0437\u043d\u044f\u0442\u044c\u0441\u044f, \u0449\u043e \u0440\u043e\u0431\u0438\u0442\u044c \u043a\u043e\u0436\u0435\u043d \u0432\u0438\u0440\u0456\u0431 \u0443\u043d\u0456\u043a\u0430\u043b\u044c\u043d\u0438\u043c. \u041a\u043e\u043b\u0456\u0440 \u0434\u043e\u0441\u0442\u0430\u0432\u043b\u0435\u043d\u043e\u0433\u043e \u0432\u0438\u0440\u043e\u0431\u0443 \u0454 \u0432\u0438\u043f\u0430\u0434\u043a\u043e\u0432\u0438\u043c, \u0449\u043e \u0433\u0430\u0440\u0430\u043d\u0442\u0443\u0454 \u0435\u043a\u0441\u043a\u043b\u044e\u0437\u0438\u0432\u043d\u0456\u0441\u0442\u044c \u0442\u0430 \u0443\u043d\u0456\u043a\u0430\u043b\u044c\u043d\u0456\u0441\u0442\u044c \u043f\u0440\u043e\u0434\u0443\u043a\u0442\u0443.<\/li>\n<\/ul>\n<ul>\n<li>\u041a\u043e\u043b\u0456\u0440: \u0447\u043e\u0440\u043d\u0438\u0439<\/li>\n<li>\u041c\u0430\u0442\u0435\u0440\u0456\u0430\u043b: \u043c\u0430\u0441\u0438\u0432 \u043c\u0430\u043d\u0433\u043e\u0432\u043e\u0433\u043e \u0434\u0435\u0440\u0435\u0432\u0430 \u0437\u0456 \u0441\u0432\u0456\u0442\u043b\u043e-\u0441\u0456\u0440\u0438\u043c \u043f\u043e\u043a\u0440\u0438\u0442\u0442\u044f\u043c, \u0448\u0442\u0443\u0447\u043d\u0435 \u0434\u0435\u0440\u0435\u0432\u043e<\/li>\n<li>\u0420\u043e\u0437\u043c\u0456\u0440\u0438: 100 x 33 x 46 \u0441\u043c (\u0428 x \u0413 x \u0412)<\/li>\n<li>\u0417 1 \u0448\u0443\u0445\u043b\u044f\u0434\u043e\u044e \u0442\u0430 4 \u0432\u0456\u0434\u043a\u0440\u0438\u0442\u0438\u043c\u0438 \u0448\u0443\u0445\u043b\u044f\u0434\u0430\u043c\u0438<\/li>\n<li>\u041f\u043e\u0442\u0440\u0456\u0431\u043d\u0430 \u0437\u0431\u0456\u0440\u043a\u0430: \u0442\u0430\u043a<\/li>\n<\/ul>","protected":false},"excerpt":{"rendered":"<p>Suure panipaigaga puidust telerikapp on praktiline ja pilkup\u00fc\u00fcdev t\u00e4iendus teie elutuppa v\u00f5i magamistuppa. Tugev ja stabiilne materjal: mangopuit on tugev troopiline lehtpuu,&hellip;<\/p>","protected":false},"featured_media":385973,"comment_status":"open","ping_status":"closed","template":"","meta":{"wprm-recipe-roundup-name":"","wprm-recipe-roundup-description":""},"product_brand":[],"product_cat":[660],"product_tag":[547,554,540,661],"class_list":{"0":"post-385984","1":"product","2":"type-product","3":"status-publish","4":"has-post-thumbnail","6":"product_cat-telerialused","7":"product_tag-moobel","8":"product_tag-ouemoobli-komplektid","9":"product_tag-parcel","10":"product_tag-telerialused","11":"pa_brand-vidaxl","13":"first","14":"instock","15":"taxable","16":"shipping-taxable","17":"purchasable","18":"product-type-simple"},"supplier_id":null,"supplier_sku":"","barcode":null,"atum_controlled":false,"out_stock_date":null,"out_stock_threshold":null,"inheritable":false,"inbound_stock":null,"stock_on_hold":0,"sold_today":0,"sales_last_days":0,"reserved_stock":null,"customer_returns":null,"warehouse_damage":null,"lost_in_post":null,"other_logs":null,"out_stock_days":0,"lost_sales":0,"has_location":null,"update_date":"2026-04-19T13:03:20","atum_locations":[],"atum_stock_status":"instock","restock_status":false,"low_stock_amount":"","sales_update_date":"2026-03-05T01:12:12","calc_backorders":null,"aioseo_notices":[],"_links":{"self":[{"href":"https:\/\/ecoshop.ee\/uk\/wp-json\/wp\/v2\/product\/385984","targetHints":{"allow":["GET"]}}],"collection":[{"href":"https:\/\/ecoshop.ee\/uk\/wp-json\/wp\/v2\/product"}],"about":[{"href":"https:\/\/ecoshop.ee\/uk\/wp-json\/wp\/v2\/types\/product"}],"replies":[{"embeddable":true,"href":"https:\/\/ecoshop.ee\/uk\/wp-json\/wp\/v2\/comments?post=385984"}],"version-history":[{"count":0,"href":"https:\/\/ecoshop.ee\/uk\/wp-json\/wp\/v2\/product\/385984\/revisions"}],"wp:featuredmedia":[{"embeddable":true,"href":"https:\/\/ecoshop.ee\/uk\/wp-json\/wp\/v2\/media\/385973"}],"wp:attachment":[{"href":"https:\/\/ecoshop.ee\/uk\/wp-json\/wp\/v2\/media?parent=385984"}],"wp:term":[{"taxonomy":"product_brand","embeddable":true,"href":"https:\/\/ecoshop.ee\/uk\/wp-json\/wp\/v2\/product_brand?post=385984"},{"taxonomy":"product_cat","embeddable":true,"href":"https:\/\/ecoshop.ee\/uk\/wp-json\/wp\/v2\/product_cat?post=385984"},{"taxonomy":"product_tag","embeddable":true,"href":"https:\/\/ecoshop.ee\/uk\/wp-json\/wp\/v2\/product_tag?post=385984"}],"curies":[{"name":"wp","href":"https:\/\/api.w.org\/{rel}","templated":true}]}}