{"id":386314,"date":"2026-03-01T00:16:07","date_gmt":"2026-02-28T21:16:07","guid":{"rendered":"https:\/\/ecoshop.ee\/maaratlemata\/monitorialus-must-37-x-28-x-115-cm\/"},"modified":"2026-04-26T15:29:53","modified_gmt":"2026-04-26T12:29:53","slug":"%d0%bf%d1%96%d0%b4%d1%81%d1%82%d0%b0%d0%b2%d0%ba%d0%b0-%d0%b4%d0%bb%d1%8f-%d0%bc%d0%be%d0%bd%d1%96%d1%82%d0%be%d1%80%d0%b0-%d1%87%d0%be%d1%80%d0%bd%d0%b0-37-x-28-x-115-%d1%81%d0%bc","status":"publish","type":"product","link":"https:\/\/ecoshop.ee\/uk\/telerialused\/monitorialus-must-37-x-28-x-115-cm\/","title":{"rendered":"\u041f\u0456\u0434\u0441\u0442\u0430\u0432\u043a\u0430 \u0434\u043b\u044f \u043c\u043e\u043d\u0456\u0442\u043e\u0440\u0430, \u0447\u043e\u0440\u043d\u0430, 37 x 28 x 11,5 \u0441\u043c"},"content":{"rendered":"<p>\u0426\u044f \u043f\u0440\u0430\u043a\u0442\u0438\u0447\u043d\u0430 \u043f\u0456\u0434\u0441\u0442\u0430\u0432\u043a\u0430 \u0434\u043b\u044f \u043c\u043e\u043d\u0456\u0442\u043e\u0440\u0430 \u0437 \u043c\u0456\u043d\u0456\u043c\u0430\u043b\u0456\u0441\u0442\u0438\u0447\u043d\u0438\u043c \u0434\u0438\u0437\u0430\u0439\u043d\u043e\u043c \u0434\u043e\u0434\u0430\u0441\u0442\u044c \u0441\u0443\u0447\u0430\u0441\u043d\u043e\u0433\u043e \u0448\u0430\u0440\u043c\u0443 \u0432\u0430\u0448\u043e\u043c\u0443 \u0436\u0438\u0442\u043b\u043e\u0432\u043e\u043c\u0443 \u043f\u0440\u043e\u0441\u0442\u043e\u0440\u0443.<\/p>\n<\/p>\n<ul>\n<li>\u041c\u0456\u0446\u043d\u0438\u0439 \u043c\u0430\u0442\u0435\u0440\u0456\u0430\u043b: \u043f\u0456\u0434\u0441\u0442\u0430\u0432\u043a\u0430 \u0434\u043b\u044f \u043c\u043e\u043d\u0456\u0442\u043e\u0440\u0430 \u0432\u0438\u0433\u043e\u0442\u043e\u0432\u043b\u0435\u043d\u0430 \u0437 HIPS (\u0443\u0434\u0430\u0440\u043e\u0441\u0442\u0456\u0439\u043a\u043e\u0433\u043e \u043f\u043e\u043b\u0456\u0441\u0442\u0438\u0440\u043e\u043b\u0443), \u044f\u043a\u0438\u0439 \u0454 \u0434\u0443\u0436\u0435 \u043c\u0456\u0446\u043d\u0438\u043c \u0442\u0430 \u0441\u0442\u0430\u0431\u0456\u043b\u044c\u043d\u0438\u043c.<\/li>\n<li>\u0417\u0431\u0435\u0440\u0456\u0433\u0430\u043d\u043d\u044f: \u041f\u0440\u043e\u0441\u0442\u0456\u0440 \u043d\u0438\u0436\u0447\u0435 \u043c\u043e\u0436\u0435 \u0432\u043c\u0456\u0441\u0442\u0438\u0442\u0438 \u043a\u043b\u0430\u0432\u0456\u0430\u0442\u0443\u0440\u0443, DVD-\u043f\u0440\u043e\u0433\u0440\u0430\u0432\u0430\u0447, \u0456\u0433\u0440\u043e\u0432\u0443 \u043a\u043e\u043d\u0441\u043e\u043b\u044c, \u043f\u043e\u0442\u043e\u043a\u043e\u0432\u0438\u0439 \u043f\u0440\u0438\u0441\u0442\u0440\u0456\u0439, \u0440\u0435\u0441\u0438\u0432\u0435\u0440\u0438, \u043c\u0435\u0434\u0456\u0430\u043f\u043b\u0435\u0454\u0440\u0438, \u043d\u043e\u0443\u0442\u0431\u0443\u043a\u0438, \u0440\u0443\u0447\u043a\u0438 \u0442\u0430 \u0456\u043d\u0448\u0456 \u043f\u043e\u0434\u0456\u0431\u043d\u0456 \u043f\u0440\u0435\u0434\u043c\u0435\u0442\u0438.<\/li>\n<li>\u0424\u0443\u043d\u043a\u0446\u0456\u044f \u0437\u043d\u044f\u0442\u0442\u044f \u0441\u0442\u0440\u0435\u0441\u0443: \u043f\u0456\u0434\u0441\u0442\u0430\u0432\u043a\u0443 \u0434\u043b\u044f \u043c\u043e\u043d\u0456\u0442\u043e\u0440\u0430 \u043c\u043e\u0436\u043d\u0430 \u0432\u0438\u043a\u043e\u0440\u0438\u0441\u0442\u043e\u0432\u0443\u0432\u0430\u0442\u0438 \u044f\u043a \u043f\u0456\u0434\u043d\u044f\u0442\u0443 \u043f\u0456\u0434\u0441\u0442\u0430\u0432\u043a\u0443 \u0434\u043b\u044f \u043c\u043e\u043d\u0456\u0442\u043e\u0440\u0430 \u043a\u043e\u043c\u043f&#039;\u044e\u0442\u0435\u0440\u0430 \u0442\u0430 \u0456\u043d\u0448\u0438\u0445 \u043c\u0443\u043b\u044c\u0442\u0438\u043c\u0435\u0434\u0456\u0439\u043d\u0438\u0445 \u043f\u0440\u0438\u0441\u0442\u0440\u043e\u0457\u0432. \u041f\u0456\u0434\u043d\u044f\u0442\u0442\u044f \u0435\u043a\u0440\u0430\u043d\u0430 \u0437\u043c\u0435\u043d\u0448\u0443\u0454 \u043d\u0430\u0432\u0430\u043d\u0442\u0430\u0436\u0435\u043d\u043d\u044f \u043d\u0430 \u0448\u0438\u044e \u0442\u0430 \u0441\u043f\u0438\u043d\u0443.<\/li>\n<\/ul>\n<p>\u041f\u0440\u0438\u043c\u0456\u0442\u043a\u0430:<\/p>\n<ul>\n<li>\u041a\u043e\u0436\u0435\u043d \u0432\u0438\u0440\u0456\u0431 \u043f\u043e\u0441\u0442\u0430\u0447\u0430\u0454\u0442\u044c\u0441\u044f \u0437 \u0456\u043d\u0441\u0442\u0440\u0443\u043a\u0446\u0456\u0454\u044e \u0437\u0456 \u0441\u043a\u043b\u0430\u0434\u0430\u043d\u043d\u044f \u0434\u043b\u044f \u043b\u0435\u0433\u043a\u043e\u0433\u043e \u043c\u043e\u043d\u0442\u0430\u0436\u0443.<\/li>\n<\/ul>\n<ul>\n<li>\u041a\u043e\u043b\u0456\u0440: \u0447\u043e\u0440\u043d\u0438\u0439<\/li>\n<li>\u041c\u0430\u0442\u0435\u0440\u0456\u0430\u043b: HIPS (\u0443\u0434\u0430\u0440\u043e\u0441\u0442\u0456\u0439\u043a\u0438\u0439 \u043f\u043e\u043b\u0456\u0441\u0442\u0438\u0440\u043e\u043b), \u043c\u0435\u0442\u0430\u043b<\/li>\n<li>\u0420\u043e\u0437\u043c\u0456\u0440\u0438: 37 x 28 x 11,5 \u0441\u043c (\u0428 x \u0413 x \u0412)<\/li>\n<\/ul>","protected":false},"excerpt":{"rendered":"<p>Minimalistliku disainiga praktiline monitorialus lisab teie eluruumi kaasaegset h\u00f5ngu. Vastupidav materjal: monitorialus on valmistatud HIPS-st (k\u00f5rgl\u00f6\u00f6gikindel pol\u00fcst\u00fcreen), mis on v\u00e4ga vastupidav ja&hellip;<\/p>","protected":false},"featured_media":386307,"comment_status":"open","ping_status":"closed","template":"","meta":{"wprm-recipe-roundup-name":"","wprm-recipe-roundup-description":""},"product_brand":[],"product_cat":[660],"product_tag":[547,544,540,661],"class_list":{"0":"post-386314","1":"product","2":"type-product","3":"status-publish","4":"has-post-thumbnail","6":"product_cat-telerialused","7":"product_tag-moobel","8":"product_tag-must","9":"product_tag-parcel","10":"product_tag-telerialused","11":"pa_brand-vidaxl","13":"first","14":"instock","15":"taxable","16":"shipping-taxable","17":"purchasable","18":"product-type-simple"},"supplier_id":null,"supplier_sku":"","barcode":null,"atum_controlled":false,"out_stock_date":null,"out_stock_threshold":null,"inheritable":false,"inbound_stock":null,"stock_on_hold":null,"sold_today":null,"sales_last_days":null,"reserved_stock":null,"customer_returns":null,"warehouse_damage":null,"lost_in_post":null,"other_logs":null,"out_stock_days":null,"lost_sales":null,"has_location":null,"update_date":"2026-04-26T12:29:54","atum_locations":[],"atum_stock_status":"instock","restock_status":false,"low_stock_amount":"","sales_update_date":null,"calc_backorders":null,"aioseo_notices":[],"_links":{"self":[{"href":"https:\/\/ecoshop.ee\/uk\/wp-json\/wp\/v2\/product\/386314","targetHints":{"allow":["GET"]}}],"collection":[{"href":"https:\/\/ecoshop.ee\/uk\/wp-json\/wp\/v2\/product"}],"about":[{"href":"https:\/\/ecoshop.ee\/uk\/wp-json\/wp\/v2\/types\/product"}],"replies":[{"embeddable":true,"href":"https:\/\/ecoshop.ee\/uk\/wp-json\/wp\/v2\/comments?post=386314"}],"version-history":[{"count":0,"href":"https:\/\/ecoshop.ee\/uk\/wp-json\/wp\/v2\/product\/386314\/revisions"}],"wp:featuredmedia":[{"embeddable":true,"href":"https:\/\/ecoshop.ee\/uk\/wp-json\/wp\/v2\/media\/386307"}],"wp:attachment":[{"href":"https:\/\/ecoshop.ee\/uk\/wp-json\/wp\/v2\/media?parent=386314"}],"wp:term":[{"taxonomy":"product_brand","embeddable":true,"href":"https:\/\/ecoshop.ee\/uk\/wp-json\/wp\/v2\/product_brand?post=386314"},{"taxonomy":"product_cat","embeddable":true,"href":"https:\/\/ecoshop.ee\/uk\/wp-json\/wp\/v2\/product_cat?post=386314"},{"taxonomy":"product_tag","embeddable":true,"href":"https:\/\/ecoshop.ee\/uk\/wp-json\/wp\/v2\/product_tag?post=386314"}],"curies":[{"name":"wp","href":"https:\/\/api.w.org\/{rel}","templated":true}]}}