{"id":387215,"date":"2026-03-01T00:34:01","date_gmt":"2026-02-28T21:34:01","guid":{"rendered":"https:\/\/ecoshop.ee\/maaratlemata\/telerikapp-110-x-30-x-45-cm-toekas-taaskasutatud-puit\/"},"modified":"2026-05-15T04:20:27","modified_gmt":"2026-05-15T01:20:27","slug":"%d1%82%d1%83%d0%bc%d0%b1%d0%b0-%d0%bf%d1%96%d0%b4-%d1%82%d0%b5%d0%bb%d0%b5%d0%b2%d1%96%d0%b7%d0%be%d1%80-110-x-30-x-45-%d1%81%d0%bc-%d0%b7-%d0%bc%d1%96%d1%86%d0%bd%d0%be%d1%97-%d0%bf%d0%b5%d1%80%d0%b5","status":"publish","type":"product","link":"https:\/\/ecoshop.ee\/uk\/telerialused\/telerikapp-110-x-30-x-45-cm-toekas-taaskasutatud-puit\/","title":{"rendered":"\u0422\u0443\u043c\u0431\u0430 \u043f\u0456\u0434 \u0442\u0435\u043b\u0435\u0432\u0456\u0437\u043e\u0440, 110 x 30 x 45 \u0441\u043c, \u043c\u0456\u0446\u043d\u0430 \u043f\u0435\u0440\u0435\u0440\u043e\u0431\u043b\u0435\u043d\u0430 \u0434\u0435\u0440\u0435\u0432\u0438\u043d\u0430"},"content":{"rendered":"<p>\u0426\u044f \u0442\u0443\u043c\u0431\u0430 \u043f\u0456\u0434 \u0442\u0435\u043b\u0435\u0432\u0456\u0437\u043e\u0440 \u0432 \u0430\u043d\u0442\u0438\u043a\u0432\u0430\u0440\u043d\u043e\u043c\u0443 \u0441\u0442\u0438\u043b\u0456 \u0432\u0438\u043f\u0440\u043e\u043c\u0456\u043d\u044e\u0454 \u0432\u0456\u043d\u0442\u0430\u0436\u043d\u0438\u0439 \u0448\u0430\u0440\u043c \u0456 \u0441\u0442\u0430\u043d\u0435 \u0447\u0443\u0434\u043e\u0432\u0438\u043c \u0434\u043e\u043f\u043e\u0432\u043d\u0435\u043d\u043d\u044f\u043c \u0434\u043e \u0432\u0430\u0448\u043e\u0433\u043e \u0434\u043e\u043c\u0443.<\/p>\n<\/p>\n<p>\u0428\u0430\u0444\u0430 Hi-Fi \u0432\u0438\u0433\u043e\u0442\u043e\u0432\u043b\u0435\u043d\u0430 \u0437 \u043c\u0456\u0446\u043d\u043e\u0457 \u043f\u0435\u0440\u0435\u0440\u043e\u0431\u043b\u0435\u043d\u043e\u0457 \u0434\u0435\u0440\u0435\u0432\u0438\u043d\u0438, \u044f\u043a\u0430 \u0431\u0435\u0440\u0435\u0442\u044c\u0441\u044f \u0437 \u0431\u0430\u043b\u043e\u043a, \u043f\u0456\u0434\u043b\u043e\u0433 \u0442\u0430 \u043e\u043f\u043e\u0440\u043d\u0438\u0445 \u0431\u0430\u043b\u043e\u043a \u0441\u0442\u0430\u0440\u0438\u0445 \u0437\u043d\u0435\u0441\u0435\u043d\u0438\u0445 \u0431\u0443\u0434\u0456\u0432\u0435\u043b\u044c, \u0456 \u043c\u043e\u0436\u0435 \u0441\u043a\u043b\u0430\u0434\u0430\u0442\u0438\u0441\u044f \u0437 \u0440\u0456\u0437\u043d\u0438\u0445 \u043f\u043e\u0440\u0456\u0434 \u0434\u0435\u0440\u0435\u0432\u0438\u043d\u0438, \u0442\u0430\u043a\u0438\u0445 \u044f\u043a \u0441\u043e\u0441\u043d\u0430, \u0442\u0438\u043a, \u0431\u0443\u043a, \u0434\u0443\u0431, \u043a\u0435\u0434\u0440, \u043c\u0430\u043d\u0433\u043e\u0432\u0435 \u0434\u0435\u0440\u0435\u0432\u043e, \u0430\u043a\u0430\u0446\u0456\u044f \u0442\u043e\u0449\u043e. \u0426\u0435 \u043e\u0437\u043d\u0430\u0447\u0430\u0454, \u0449\u043e \u043f\u0435\u0440\u0435\u0440\u043e\u0431\u043b\u0435\u043d\u0430 \u0434\u0435\u0440\u0435\u0432\u0438\u043d\u0430 \u0437\u0431\u0435\u0440\u0456\u0433\u0430\u0454 \u0445\u0430\u0440\u0430\u043a\u0442\u0435\u0440\u0438\u0441\u0442\u0438\u043a\u0438 \u0446\u0438\u0445 \u0440\u0456\u0437\u043d\u0438\u0445 \u0432\u0438\u0434\u0456\u0432 \u0434\u0435\u0440\u0435\u0432\u0438\u043d\u0438. \u041f\u0435\u0440\u0435\u0440\u043e\u0431\u043b\u0435\u043d\u0430 \u0434\u0435\u0440\u0435\u0432\u0438\u043d\u0430 \u0432\u0436\u0435 \u0432\u0438\u0442\u0440\u0438\u043c\u0430\u043d\u0430, \u0432\u0438\u0432\u0456\u0442\u0440\u0435\u043d\u0430 \u0442\u0430 \u0441\u0443\u0445\u0430, \u0442\u043e\u043c\u0443 \u0432\u043e\u043d\u0430 \u043d\u0435 \u0441\u0442\u0438\u0441\u043a\u0430\u0454\u0442\u044c\u0441\u044f \u0442\u0430 \u043d\u0435 \u0433\u043d\u0435\u0442\u044c\u0441\u044f. \u0428\u0430\u0444\u0430 \u043f\u0456\u0434 \u0442\u0435\u043b\u0435\u0432\u0456\u0437\u043e\u0440 \u043f\u043e\u0432\u043d\u0456\u0441\u0442\u044e \u0432\u0438\u0433\u043e\u0442\u043e\u0432\u043b\u0435\u043d\u0430 \u0432\u0440\u0443\u0447\u043d\u0443, \u0430 \u043a\u0440\u0430\u0441\u0438\u0432\u0456 \u0434\u0435\u0440\u0435\u0432\u043d\u0456 \u0442\u0435\u043a\u0441\u0442\u0443\u0440\u0438 \u0440\u043e\u0431\u043b\u044f\u0442\u044c \u043a\u043e\u0436\u0435\u043d \u043f\u0440\u0435\u0434\u043c\u0435\u0442 \u043c\u0435\u0431\u043b\u0456\u0432 \u0443\u043d\u0456\u043a\u0430\u043b\u044c\u043d\u0438\u043c \u0442\u0430 \u0434\u0435\u0449\u043e \u0432\u0456\u0434\u043c\u0456\u043d\u043d\u0438\u043c \u0432\u0456\u0434 \u0456\u043d\u0448\u0438\u0445. \u041c\u0435\u0442\u0430\u043b\u0435\u0432\u0456 \u0434\u0432\u0435\u0440\u0446\u044f\u0442\u0430 \u0434\u043e\u043f\u043e\u0432\u043d\u044e\u044e\u0442\u044c \u0456\u043d\u0434\u0443\u0441\u0442\u0440\u0456\u0430\u043b\u044c\u043d\u0438\u0439 \u0441\u0442\u0438\u043b\u044c \u0448\u0430\u0444\u0438.<\/p>\n<\/p>\n<p>\u0411\u0456\u0447\u043d\u0430 \u0448\u0430\u0444\u0430 \u043c\u0430\u0454 \u0442\u0440\u0438 \u0432\u0456\u0434\u0434\u0456\u043b\u0435\u043d\u043d\u044f \u0442\u0430 \u043e\u0434\u043d\u0443 \u0448\u0443\u0445\u043b\u044f\u0434\u0443, \u0449\u043e \u0437\u0430\u0431\u0435\u0437\u043f\u0435\u0447\u0443\u0454 \u0434\u043e\u0441\u0442\u0430\u0442\u043d\u044c\u043e \u043c\u0456\u0441\u0446\u044f \u0434\u043b\u044f \u0437\u0431\u0435\u0440\u0456\u0433\u0430\u043d\u043d\u044f \u043c\u0443\u043b\u044c\u0442\u0438\u043c\u0435\u0434\u0456\u0439\u043d\u0438\u0445 \u043f\u0440\u0438\u0441\u0442\u0440\u043e\u0457\u0432, \u043a\u043d\u0438\u0433 \u0442\u043e\u0449\u043e. \u0428\u0430\u0444\u0430 \u043c\u0430\u0454 \u0434\u0432\u043e\u0454 \u0440\u043e\u0437\u0441\u0443\u0432\u043d\u0438\u0445 \u0434\u0432\u0435\u0440\u0435\u0439, \u0449\u043e \u0434\u043e\u0437\u0432\u043e\u043b\u044f\u0454 \u043b\u0435\u0433\u043a\u043e \u043a\u043b\u0430\u0441\u0442\u0438 \u0442\u0430 \u0432\u0438\u0439\u043c\u0430\u0442\u0438 \u0440\u0435\u0447\u0456. \u0412\u0438\u0440\u0456\u0431 \u043b\u0435\u0433\u043a\u043e \u0437\u0456\u0431\u0440\u0430\u0442\u0438.<\/p>\n<\/p>\n<p>\u0412\u0430\u0436\u043b\u0438\u0432\u0435 \u0437\u0430\u0443\u0432\u0430\u0436\u0435\u043d\u043d\u044f: \u041a\u043e\u043b\u0456\u0440 \u043a\u043e\u0436\u043d\u043e\u0433\u043e \u0442\u043e\u0432\u0430\u0440\u0443 \u0440\u0456\u0437\u043d\u0438\u0439, \u0449\u043e \u0440\u043e\u0431\u0438\u0442\u044c \u0439\u043e\u0433\u043e \u0443\u043d\u0456\u043a\u0430\u043b\u044c\u043d\u0438\u043c. \u041a\u043e\u043b\u0456\u0440 \u0434\u043e\u0441\u0442\u0430\u0432\u043b\u0435\u043d\u043e\u0433\u043e \u0442\u043e\u0432\u0430\u0440\u0443 \u0454 \u0432\u0438\u043f\u0430\u0434\u043a\u043e\u0432\u0438\u043c, \u0449\u043e \u0433\u0430\u0440\u0430\u043d\u0442\u0443\u0454 \u0435\u043a\u0441\u043a\u043b\u044e\u0437\u0438\u0432\u043d\u0456\u0441\u0442\u044c \u0442\u0430 \u0443\u043d\u0456\u043a\u0430\u043b\u044c\u043d\u0456\u0441\u0442\u044c \u043f\u0440\u043e\u0434\u0443\u043a\u0442\u0443.<\/p>\n<ul>\n<li>\u041c\u0430\u0442\u0435\u0440\u0456\u0430\u043b: \u043f\u0435\u0440\u0435\u0440\u043e\u0431\u043b\u0435\u043d\u0430 \u0434\u0435\u0440\u0435\u0432\u0438\u043d\u0430<\/li>\n<li>\u0420\u043e\u0437\u043c\u0456\u0440\u0438: 110 x 30 x 45 \u0441\u043c (\u0428 x \u0413 x \u0412)<\/li>\n<li>\u041e\u0437\u0434\u043e\u0431\u043b\u0435\u043d\u043d\u044f: \u0448\u043b\u0456\u0444\u043e\u0432\u0430\u043d\u0430, \u043f\u043e\u0444\u0430\u0440\u0431\u043e\u0432\u0430\u043d\u0430 \u0442\u0430 \u043f\u043e\u043a\u0440\u0438\u0442\u0430 \u043b\u0430\u043a\u043e\u043c<\/li>\n<li>\u0417 \u0442\u0440\u044c\u043e\u043c\u0430 \u0432\u0456\u0434\u0434\u0456\u043b\u0435\u043d\u043d\u044f\u043c\u0438 \u0442\u0430 \u043e\u0434\u043d\u0456\u0454\u044e \u0448\u0443\u0445\u043b\u044f\u0434\u043e\u044e<\/li>\n<li>\u0417 \u0434\u0432\u043e\u043c\u0430 \u043c\u0435\u0442\u0430\u043b\u0435\u0432\u0438\u043c\u0438 \u0440\u043e\u0437\u0441\u0443\u0432\u043d\u0438\u043c\u0438 \u0434\u0432\u0435\u0440\u0438\u043c\u0430<\/li>\n<\/ul>","protected":false},"excerpt":{"rendered":"<p>Antiikstiilis telerialus \u00f5hkab vanaaegset sarmi ja on suurep\u00e4rane t\u00e4iendus teie kodule. HiFi-kapp on valmistatud toekast taaskasutatud puidust, mis p\u00e4rineb vanade lammutatud hoonete&hellip;<\/p>","protected":false},"featured_media":387203,"comment_status":"open","ping_status":"closed","template":"","meta":{"wprm-recipe-roundup-name":"","wprm-recipe-roundup-description":""},"product_brand":[],"product_cat":[660],"product_tag":[547,554,540,661],"class_list":{"0":"post-387215","1":"product","2":"type-product","3":"status-publish","4":"has-post-thumbnail","6":"product_cat-telerialused","7":"product_tag-moobel","8":"product_tag-ouemoobli-komplektid","9":"product_tag-parcel","10":"product_tag-telerialused","11":"pa_brand-vidaxl","13":"first","14":"instock","15":"taxable","16":"shipping-taxable","17":"purchasable","18":"product-type-simple"},"supplier_id":null,"supplier_sku":"","barcode":null,"atum_controlled":false,"out_stock_date":null,"out_stock_threshold":null,"inheritable":false,"inbound_stock":null,"stock_on_hold":null,"sold_today":null,"sales_last_days":null,"reserved_stock":null,"customer_returns":null,"warehouse_damage":null,"lost_in_post":null,"other_logs":null,"out_stock_days":null,"lost_sales":null,"has_location":null,"update_date":"2026-05-12T18:43:36","atum_locations":[],"atum_stock_status":"instock","restock_status":false,"low_stock_amount":"","sales_update_date":null,"calc_backorders":null,"aioseo_notices":[],"_links":{"self":[{"href":"https:\/\/ecoshop.ee\/uk\/wp-json\/wp\/v2\/product\/387215","targetHints":{"allow":["GET"]}}],"collection":[{"href":"https:\/\/ecoshop.ee\/uk\/wp-json\/wp\/v2\/product"}],"about":[{"href":"https:\/\/ecoshop.ee\/uk\/wp-json\/wp\/v2\/types\/product"}],"replies":[{"embeddable":true,"href":"https:\/\/ecoshop.ee\/uk\/wp-json\/wp\/v2\/comments?post=387215"}],"version-history":[{"count":0,"href":"https:\/\/ecoshop.ee\/uk\/wp-json\/wp\/v2\/product\/387215\/revisions"}],"wp:featuredmedia":[{"embeddable":true,"href":"https:\/\/ecoshop.ee\/uk\/wp-json\/wp\/v2\/media\/387203"}],"wp:attachment":[{"href":"https:\/\/ecoshop.ee\/uk\/wp-json\/wp\/v2\/media?parent=387215"}],"wp:term":[{"taxonomy":"product_brand","embeddable":true,"href":"https:\/\/ecoshop.ee\/uk\/wp-json\/wp\/v2\/product_brand?post=387215"},{"taxonomy":"product_cat","embeddable":true,"href":"https:\/\/ecoshop.ee\/uk\/wp-json\/wp\/v2\/product_cat?post=387215"},{"taxonomy":"product_tag","embeddable":true,"href":"https:\/\/ecoshop.ee\/uk\/wp-json\/wp\/v2\/product_tag?post=387215"}],"curies":[{"name":"wp","href":"https:\/\/api.w.org\/{rel}","templated":true}]}}