{"id":388820,"date":"2026-03-01T01:06:28","date_gmt":"2026-02-28T22:06:28","guid":{"rendered":"https:\/\/ecoshop.ee\/maaratlemata\/kapp-5-sahtliga-2-riiuliga-valge\/"},"modified":"2026-05-16T01:09:42","modified_gmt":"2026-05-15T22:09:42","slug":"%d1%88%d0%b0%d1%84%d0%b0-%d0%b7-5-%d1%88%d1%83%d1%85%d0%bb%d1%8f%d0%b4%d0%b0%d0%bc%d0%b8-%d1%82%d0%b0-2-%d0%bf%d0%be%d0%bb%d0%b8%d1%86%d1%8f%d0%bc%d0%b8-%d0%b1%d1%96%d0%bb%d0%b0","status":"publish","type":"product","link":"https:\/\/ecoshop.ee\/uk\/kummutid\/kapp-5-sahtliga-2-riiuliga-valge\/","title":{"rendered":"\u0428\u0430\u0444\u0430 \u0437 5 \u0448\u0443\u0445\u043b\u044f\u0434\u0430\u043c\u0438, 2 \u043f\u043e\u043b\u0438\u0446\u044f\u043c\u0438, \u0431\u0456\u043b\u0430"},"content":{"rendered":"<p>\u0428\u0430\u0444\u0430 \u0432 \u0430\u043d\u0442\u0438\u0447\u043d\u043e\u043c\u0443 \u0441\u0442\u0438\u043b\u0456 \u0447\u0443\u0434\u043e\u0432\u043e \u0434\u043e\u043f\u043e\u0432\u043d\u0438\u0442\u044c \u0432\u0430\u0448 \u043e\u0444\u0456\u0441, \u0432\u0456\u0442\u0430\u043b\u044c\u043d\u044e, \u0441\u043f\u0430\u043b\u044c\u043d\u044e, \u043a\u043e\u0440\u0438\u0434\u043e\u0440 \u0442\u043e\u0449\u043e. \u0412\u043e\u043d\u0430 \u0441\u0442\u0430\u043d\u0435 \u0447\u0443\u0434\u043e\u0432\u0438\u043c \u0434\u043e\u043f\u043e\u0432\u043d\u0435\u043d\u043d\u044f\u043c \u0434\u043e \u0432\u0430\u0448\u043e\u0457 \u0441\u043f\u0430\u043b\u044c\u043d\u0456, \u043a\u0430\u0431\u0456\u043d\u0435\u0442\u0443 \u0430\u0431\u043e \u043d\u0430\u0432\u0456\u0442\u044c \u043a\u043e\u0440\u0438\u0434\u043e\u0440\u0443.<\/p>\n<\/p>\n<p>\u041f&#039;\u044f\u0442\u044c \u0448\u0443\u0445\u043b\u044f\u0434 \u0437\u0430\u0431\u0435\u0437\u043f\u0435\u0447\u0443\u044e\u0442\u044c \u0434\u043e\u0441\u0442\u0430\u0442\u043d\u044c\u043e \u043c\u0456\u0441\u0446\u044f \u0434\u043b\u044f \u0437\u0431\u0435\u0440\u0456\u0433\u0430\u043d\u043d\u044f \u043e\u0434\u044f\u0433\u0443, \u043a\u043d\u0438\u0433, \u043f\u0430\u043f\u0435\u0440\u0456\u0432 \u0442\u0430 \u0456\u043d\u0448\u0438\u0445 \u043d\u0435\u043e\u0431\u0445\u0456\u0434\u043d\u0438\u0445 \u0440\u0435\u0447\u0435\u0439. \u0414\u0432\u0456 \u043f\u043e\u043b\u0438\u0446\u0456 \u0432\u043c\u0456\u0449\u0443\u044e\u0442\u044c \u0440\u0456\u0437\u043d\u043e\u043c\u0430\u043d\u0456\u0442\u043d\u0456 \u043f\u0440\u0435\u0434\u043c\u0435\u0442\u0438, \u0430 \u0430\u043a\u0440\u0438\u043b\u043e\u0432\u0456 \u0434\u0432\u0435\u0440\u0446\u044f\u0442\u0430 \u0437\u0430\u0445\u0438\u0449\u0430\u044e\u0442\u044c \u0432\u043c\u0456\u0441\u0442 \u0448\u0430\u0444\u0438 \u0432\u0456\u0434 \u0431\u0440\u0443\u0434\u0443 \u0442\u0430 \u043f\u0438\u043b\u0443.<\/p>\n<\/p>\n<p>\u0428\u0430\u0444\u0430 \u0432\u0438\u0433\u043e\u0442\u043e\u0432\u043b\u0435\u043d\u0430 \u0437 \u041c\u0414\u0424 \u0442\u0430 \u0441\u043e\u0441\u043d\u043e\u0432\u043e\u0457 \u0434\u0435\u0440\u0435\u0432\u0438\u043d\u0438 \u0437 \u0431\u0456\u043b\u0438\u043c \u043f\u043e\u043a\u0440\u0438\u0442\u0442\u044f\u043c \u0456 \u043f\u0440\u043e\u0441\u043b\u0443\u0436\u0438\u0442\u044c \u0434\u043e\u0432\u0433\u0456 \u0440\u043e\u043a\u0438.<\/p>\n<ul>\n<li>\u041a\u043e\u043b\u0456\u0440: \u0431\u0456\u043b\u0438\u0439<\/li>\n<li>\u041c\u0430\u0442\u0435\u0440\u0456\u0430\u043b: \u041c\u0414\u0424 + \u0441\u043e\u0441\u043d\u043e\u0432\u0430 \u0434\u0435\u0440\u0435\u0432\u0438\u043d\u0430<\/li>\n<li>\u0417\u0430\u0433\u0430\u043b\u044c\u043d\u0438\u0439 \u0440\u043e\u0437\u043c\u0456\u0440: 53 x 30,5 x 95,5 \u0441\u043c (\u0428 x \u0413 x \u0412) <\/li>\n<li>\u0417 \u043f&#039;\u044f\u0442\u044c\u043c\u0430 \u0448\u0443\u0445\u043b\u044f\u0434\u0430\u043c\u0438 \u0442\u0430 \u0434\u0432\u043e\u043c\u0430 \u043f\u043e\u043b\u0438\u0446\u044f\u043c\u0438<\/li>\n<li>\u0417 \u0430\u043a\u0440\u0438\u043b\u043e\u0432\u0438\u043c\u0438 \u0434\u0432\u0435\u0440\u0438\u043c\u0430 \u0442\u0430 \u0437\u0430\u043b\u0456\u0437\u043d\u0438\u043c\u0438 \u0440\u0443\u0447\u043a\u0430\u043c\u0438<\/li>\n<li>\u041c\u0430\u043a\u0441\u0438\u043c\u0430\u043b\u044c\u043d\u0435 \u043d\u0430\u0432\u0430\u043d\u0442\u0430\u0436\u0435\u043d\u043d\u044f (\u0437\u0430\u0433\u0430\u043b\u044c\u043d\u0435): 75 \u043a\u0433<\/li>\n<li>\u041c\u0430\u043a\u0441\u0438\u043c\u0430\u043b\u044c\u043d\u0435 \u0437\u0430\u0432\u0430\u043d\u0442\u0430\u0436\u0435\u043d\u043d\u044f (\u0432\u0435\u043b\u0438\u043a\u0438\u0439 \u044f\u0449\u0438\u043a): 4 \u043a\u0433<\/li>\n<li>\u041c\u0430\u043a\u0441\u0438\u043c\u0430\u043b\u044c\u043d\u0435 \u0437\u0430\u0432\u0430\u043d\u0442\u0430\u0436\u0435\u043d\u043d\u044f (\u043c\u0430\u043b\u0430 \u0448\u0443\u0445\u043b\u044f\u0434\u0430): 2 \u043a\u0433<\/li>\n<li>\u041c\u0430\u043a\u0441\u0438\u043c\u0430\u043b\u044c\u043d\u0435 \u043d\u0430\u0432\u0430\u043d\u0442\u0430\u0436\u0435\u043d\u043d\u044f \u043d\u0430 \u043f\u043e\u043b\u0438\u0446\u044e: 5 \u043a\u0433<\/li>\n<li>\u041f\u043e\u043f\u0435\u0440\u0435\u0434\u0436\u0435\u043d\u043d\u044f: \u0429\u043e\u0431 \u0437\u0430\u043f\u043e\u0431\u0456\u0433\u0442\u0438 \u043f\u0435\u0440\u0435\u043a\u0438\u0434\u0430\u043d\u043d\u044e, \u0432\u0438\u0440\u0456\u0431 \u0441\u043b\u0456\u0434 \u0432\u0438\u043a\u043e\u0440\u0438\u0441\u0442\u043e\u0432\u0443\u0432\u0430\u0442\u0438 \u0437 \u043d\u0430\u0441\u0442\u0456\u043d\u043d\u0438\u043c \u043a\u0440\u0456\u043f\u043b\u0435\u043d\u043d\u044f\u043c, \u0449\u043e \u0432\u0445\u043e\u0434\u0438\u0442\u044c \u0434\u043e \u043a\u043e\u043c\u043f\u043b\u0435\u043a\u0442\u0443.<\/li>\n<li>\u042e\u0440\u0438\u0434\u0438\u0447\u043d\u0456 \u0434\u043e\u043a\u0443\u043c\u0435\u043d\u0442\u0438:\n<p><span>\u0429\u043e\u0431 \u0434\u0456\u0437\u043d\u0430\u0442\u0438\u0441\u044f \u0431\u0456\u043b\u044c\u0448\u0435 \u043f\u0440\u043e \u0442\u0435, \u044f\u043a \u0437\u0430\u043f\u043e\u0431\u0456\u0433\u0442\u0438 \u043f\u0435\u0440\u0435\u043a\u0438\u0434\u0430\u043d\u043d\u044e \u043c\u0435\u0431\u043b\u0456\u0432, \u0434\u0438\u0432. <span style=\"text-decoration: underline\"><strong><a title=\"https:\/\/bit.ly\/3hTNl1i\" href=\"https:\/\/bit.ly\/3hTNl1i\" target=\"_blank\">\u0437\u0432\u0456\u0434\u0441\u0438<\/a><\/strong><\/span><\/span><\/p>\n<\/li>\n<\/ul>","protected":false},"excerpt":{"rendered":"<p>Antiikstiilis kapp on suurep\u00e4rane t\u00e4iendus kontorisse, elutuppa, magamistuppa, esikusse ja mujale. See on suurep\u00e4rane lisa teie magamistuppa, t\u00f6\u00f6ruumi v\u00f5i isegi esikusse. Viies&hellip;<\/p>","protected":false},"featured_media":388810,"comment_status":"open","ping_status":"closed","template":"","meta":{"wprm-recipe-roundup-name":"","wprm-recipe-roundup-description":""},"product_brand":[],"product_cat":[800],"product_tag":[567,801,547,540,539],"class_list":{"0":"post-388820","1":"product","2":"type-product","3":"status-publish","4":"has-post-thumbnail","6":"product_cat-kummutid","7":"product_tag-kapid-ja-hoiustamine","8":"product_tag-kummutid","9":"product_tag-moobel","10":"product_tag-parcel","11":"product_tag-voodilinad","12":"pa_brand-vidaxl","14":"first","15":"instock","16":"taxable","17":"shipping-taxable","18":"purchasable","19":"product-type-simple"},"supplier_id":null,"supplier_sku":"","barcode":null,"atum_controlled":false,"out_stock_date":null,"out_stock_threshold":null,"inheritable":false,"inbound_stock":null,"stock_on_hold":null,"sold_today":null,"sales_last_days":null,"reserved_stock":null,"customer_returns":null,"warehouse_damage":null,"lost_in_post":null,"other_logs":null,"out_stock_days":null,"lost_sales":null,"has_location":null,"update_date":"2026-05-15T22:09:43","atum_locations":[],"atum_stock_status":"instock","restock_status":false,"low_stock_amount":"","sales_update_date":null,"calc_backorders":null,"aioseo_notices":[],"_links":{"self":[{"href":"https:\/\/ecoshop.ee\/uk\/wp-json\/wp\/v2\/product\/388820","targetHints":{"allow":["GET"]}}],"collection":[{"href":"https:\/\/ecoshop.ee\/uk\/wp-json\/wp\/v2\/product"}],"about":[{"href":"https:\/\/ecoshop.ee\/uk\/wp-json\/wp\/v2\/types\/product"}],"replies":[{"embeddable":true,"href":"https:\/\/ecoshop.ee\/uk\/wp-json\/wp\/v2\/comments?post=388820"}],"version-history":[{"count":0,"href":"https:\/\/ecoshop.ee\/uk\/wp-json\/wp\/v2\/product\/388820\/revisions"}],"wp:featuredmedia":[{"embeddable":true,"href":"https:\/\/ecoshop.ee\/uk\/wp-json\/wp\/v2\/media\/388810"}],"wp:attachment":[{"href":"https:\/\/ecoshop.ee\/uk\/wp-json\/wp\/v2\/media?parent=388820"}],"wp:term":[{"taxonomy":"product_brand","embeddable":true,"href":"https:\/\/ecoshop.ee\/uk\/wp-json\/wp\/v2\/product_brand?post=388820"},{"taxonomy":"product_cat","embeddable":true,"href":"https:\/\/ecoshop.ee\/uk\/wp-json\/wp\/v2\/product_cat?post=388820"},{"taxonomy":"product_tag","embeddable":true,"href":"https:\/\/ecoshop.ee\/uk\/wp-json\/wp\/v2\/product_tag?post=388820"}],"curies":[{"name":"wp","href":"https:\/\/api.w.org\/{rel}","templated":true}]}}