{"id":395474,"date":"2026-04-15T16:43:36","date_gmt":"2026-04-15T13:43:36","guid":{"rendered":"https:\/\/ecoshop.ee\/maaratlemata\/winterdekbed-premium-2\/"},"modified":"2026-05-13T05:55:02","modified_gmt":"2026-05-13T02:55:02","slug":"%d0%b1%d0%b0%d0%bc%d0%b1%d1%83%d0%ba%d0%be%d0%b2%d0%b0-%d0%b7%d0%b8%d0%bc%d0%be%d0%b2%d0%b0-%d0%ba%d0%be%d0%b2%d0%b4%d1%80%d0%b0-%d0%bf%d1%80%d0%b5%d0%bc%d1%96%d1%83%d0%bc-%d0%ba%d0%bb%d0%b0%d1%81","status":"publish","type":"product","link":"https:\/\/ecoshop.ee\/uk\/bambusest-tekid\/bambusest-talvetekk-premium-2\/","title":{"rendered":"\u0411\u0430\u043c\u0431\u0443\u043a\u043e\u0432\u0430 \u0437\u0438\u043c\u043e\u0432\u0430 \u043a\u043e\u0432\u0434\u0440\u0430 \u2013 \u041f\u0440\u0435\u043c\u0456\u0443\u043c"},"content":{"rendered":"<p>\u0411\u0430\u043c\u0431\u0443\u043a\u043e\u0432\u0430 \u0437\u0438\u043c\u043e\u0432\u0430 \u043a\u043e\u0432\u0434\u0440\u0430 \u0437\u0430\u0431\u0435\u0437\u043f\u0435\u0447\u0443\u0454 \u043f\u0440\u0438\u0440\u043e\u0434\u043d\u0435 \u0442\u0435\u043f\u043b\u043e \u0442\u0430 \u043a\u043e\u043c\u0444\u043e\u0440\u0442 \u0443 \u0445\u043e\u043b\u043e\u0434\u043d\u0456 \u043d\u043e\u0447\u0456 \u0431\u0435\u0437 \u043f\u0435\u0440\u0435\u0433\u0440\u0456\u0432\u0443. \u0412\u0438\u0433\u043e\u0442\u043e\u0432\u043b\u0435\u043d\u0430 \u0437 \u043e\u0440\u0433\u0430\u043d\u0456\u0447\u043d\u043e\u0433\u043e \u0431\u0430\u043c\u0431\u0443\u043a\u0430 100% \u2014 \u044f\u043a \u0447\u043e\u0445\u043e\u043b, \u0442\u0430\u043a \u0456 \u043d\u0430\u043f\u043e\u0432\u043d\u044e\u0432\u0430\u0447 \u2014 \u0446\u044f \u043a\u043e\u0432\u0434\u0440\u0430 \u043d\u0430\u0434\u0437\u0432\u0438\u0447\u0430\u0439\u043d\u043e \u043c\u2019\u044f\u043a\u0430, \u0434\u0438\u0445\u0430\u044e\u0447\u0430 \u0442\u0430 \u0440\u0435\u0433\u0443\u043b\u044e\u0454 \u0442\u0435\u043c\u043f\u0435\u0440\u0430\u0442\u0443\u0440\u0443. \u0429\u0456\u043b\u044c\u043d\u0456\u0441\u0442\u044c \u043d\u0430\u043f\u043e\u0432\u043d\u044e\u0432\u0430\u0447\u0430 400 \u0433\/\u043c\u00b2 \u0437\u0430\u0431\u0435\u0437\u043f\u0435\u0447\u0443\u0454 \u043e\u043f\u0442\u0438\u043c\u0430\u043b\u044c\u043d\u0435 \u0442\u0435\u043f\u043b\u043e \u0432\u0437\u0438\u043c\u043a\u0443, \u0430 \u043f\u0440\u0438\u0440\u043e\u0434\u043d\u0456 \u043f\u043e\u0432\u0456\u0442\u0440\u044f\u043d\u0456 \u043a\u0430\u043d\u0430\u043b\u0438 \u0443 \u0431\u0430\u043c\u0431\u0443\u043a\u043e\u0432\u0438\u0445 \u0432\u043e\u043b\u043e\u043a\u043d\u0430\u0445 \u0437\u0431\u0435\u0440\u0456\u0433\u0430\u044e\u0442\u044c \u0441\u0443\u0445\u0456\u0441\u0442\u044c \u0442\u0430 \u043a\u043e\u043c\u0444\u043e\u0440\u0442 \u043f\u0440\u043e\u0442\u044f\u0433\u043e\u043c \u0443\u0441\u0456\u0454\u0457 \u043d\u043e\u0447\u0456.<\/p>\n<ul>\n<li>\u0422\u0435\u043f\u043b\u0438\u0439 \u0442\u0430 \u0456\u0437\u043e\u043b\u044f\u0446\u0456\u0439\u043d\u0438\u0439 \u2014 \u043d\u0430\u043f\u043e\u0432\u043d\u044e\u0432\u0430\u0447 400 \u0433\/\u043c\u00b2 \u0434\u043b\u044f \u043e\u043f\u0442\u0438\u043c\u0430\u043b\u044c\u043d\u043e\u0433\u043e \u0437\u0438\u043c\u043e\u0432\u043e\u0433\u043e \u0442\u0435\u043f\u043b\u0430<\/li>\n<li>\u0414\u0438\u0445\u0430\u044e\u0447\u0430 \u2014 \u0431\u0430\u043c\u0431\u0443\u043a \u0437\u0456\u0433\u0440\u0456\u0432\u0430\u0454 \u0432\u0430\u0441, \u043d\u0435 \u0434\u0430\u044e\u0447\u0438 \u043f\u043e\u0442\u0456\u0442\u0438<\/li>\n<li>\u0427\u043e\u0445\u043e\u043b \u0442\u0430 \u043d\u0430\u043f\u043e\u0432\u043d\u044e\u0432\u0430\u0447 100% \u0437 \u043e\u0440\u0433\u0430\u043d\u0456\u0447\u043d\u043e\u0433\u043e \u0431\u0430\u043c\u0431\u0443\u043a\u0430 \u2014 \u0447\u0438\u0441\u0442\u0430 \u043d\u0430\u0442\u0443\u0440\u0430\u043b\u044c\u043d\u0430 \u044f\u043a\u0456\u0441\u0442\u044c \u0432\u0441\u0435\u0440\u0435\u0434\u0438\u043d\u0456 \u0442\u0430 \u0437\u043e\u0432\u043d\u0456<\/li>\n<li>\u0413\u0456\u043f\u043e\u0430\u043b\u0435\u0440\u0433\u0435\u043d\u043d\u0438\u0439 \u2014 \u043d\u0430\u0442\u0443\u0440\u0430\u043b\u044c\u043d\u0430 \u0441\u0442\u0456\u0439\u043a\u0456\u0441\u0442\u044c \u0434\u043e \u043f\u0438\u043b\u043e\u0432\u0438\u0445 \u043a\u043b\u0456\u0449\u0456\u0432, \u0456\u0434\u0435\u0430\u043b\u044c\u043d\u043e \u043f\u0456\u0434\u0445\u043e\u0434\u0438\u0442\u044c \u0434\u043b\u044f \u0430\u043b\u0435\u0440\u0433\u0456\u043a\u0456\u0432 \u0442\u0430 \u0447\u0443\u0442\u043b\u0438\u0432\u043e\u0457 \u0448\u043a\u0456\u0440\u0438<\/li>\n<li>\u041a\u0443\u0442\u043e\u0432\u0456 \u0440\u0435\u043c\u0456\u043d\u0446\u0456 \u2014 \u0437\u0430\u0441\u0442\u0456\u0431\u0430\u044e\u0442\u044c \u043f\u0456\u0434\u043a\u043e\u0432\u0434\u0440\u0443 \u043d\u0430 \u0491\u0443\u0434\u0437\u0438\u043a\u0438, \u043f\u0456\u0434\u043a\u043e\u0432\u0434\u0440\u0430 \u043d\u0435 \u0437\u043c\u0456\u0449\u0443\u0454\u0442\u044c\u0441\u044f \u043f\u0440\u043e\u0442\u044f\u0433\u043e\u043c \u043d\u043e\u0447\u0456<\/li>\n<li>\u041c\u043e\u0436\u043d\u0430 \u043f\u0440\u0430\u0442\u0438 \u043f\u0440\u0438 30\u00b0C, \u0441\u0443\u0448\u0438\u0442\u0438 \u043d\u0430 \u043f\u043e\u0432\u0456\u0442\u0440\u0456<\/li>\n<li>\u0420\u0443\u0447\u043d\u0430 \u0440\u043e\u0431\u043e\u0442\u0430 \u2014 \u0432\u0438\u0441\u043e\u043a\u0430 \u044f\u043a\u0456\u0441\u0442\u044c \u0443 \u043a\u043e\u0436\u043d\u0456\u0439 \u0434\u0435\u0442\u0430\u043b\u0456<\/li>\n<li>\u0421\u0435\u0440\u0442\u0438\u0444\u0456\u043a\u043e\u0432\u0430\u043d\u043e OEKO-TEX\u00ae, Ecocert \u0442\u0430 Organic 100<\/li>\n<\/ul>\n<p><strong>\u0427\u043e\u0445\u043e\u043b \u0442\u0430 \u043d\u0430\u043f\u043e\u0432\u043d\u0435\u043d\u043d\u044f \u2014 \u043f\u043e\u0432\u043d\u0456\u0441\u0442\u044e \u0432\u0438\u0433\u043e\u0442\u043e\u0432\u043b\u0435\u043d\u0456 \u0437 \u0431\u0430\u043c\u0431\u0443\u043a\u0430<\/strong><br \/>\u0423 \u0431\u0456\u043b\u044c\u0448\u043e\u0441\u0442\u0456 \u043a\u043e\u0432\u0434\u0440 \u043e\u0441\u043e\u0431\u043b\u0438\u0432\u0438\u0439 \u043b\u0438\u0448\u0435 \u043d\u0430\u043f\u043e\u0432\u043d\u044e\u0432\u0430\u0447. \u041d\u0430\u0448\u0430 \u0431\u0430\u043c\u0431\u0443\u043a\u043e\u0432\u0430 \u0437\u0438\u043c\u043e\u0432\u0430 \u043a\u043e\u0432\u0434\u0440\u0430 \u0442\u0430\u043a\u043e\u0436 \u043c\u0430\u0454 \u0447\u043e\u0445\u043e\u043b \u0437 \u043e\u0440\u0433\u0430\u043d\u0456\u0447\u043d\u043e\u0433\u043e \u0431\u0430\u043c\u0431\u0443\u043a\u0430 100%. \u0426\u0435 \u043e\u0437\u043d\u0430\u0447\u0430\u0454, \u0449\u043e \u0456 \u043c\u0430\u0442\u0435\u0440\u0456\u0430\u043b, \u044f\u043a\u0438\u0439 \u0432\u0438 \u0432\u0456\u0434\u0447\u0443\u0432\u0430\u0454\u0442\u0435, \u0456 \u043d\u0430\u043f\u043e\u0432\u043d\u044e\u0432\u0430\u0447, \u044f\u043a\u0438\u0439 \u0432\u0430\u0441 \u0437\u0456\u0433\u0440\u0456\u0432\u0430\u0454, \u043e\u0434\u043d\u0430\u043a\u043e\u0432\u043e\u0457 \u0432\u0438\u0441\u043e\u043a\u043e\u0457 \u044f\u043a\u043e\u0441\u0442\u0456 \u2014 \u0436\u043e\u0434\u043d\u043e\u0457 \u0441\u0438\u043d\u0442\u0435\u0442\u0438\u043a\u0438, \u0436\u043e\u0434\u043d\u043e\u0457 \u0431\u0430\u0432\u043e\u0432\u043d\u0438, \u043b\u0438\u0448\u0435 \u0447\u0438\u0441\u0442\u0438\u0439 \u0431\u0430\u043c\u0431\u0443\u043a \u0432\u0441\u0435\u0440\u0435\u0434\u0438\u043d\u0456 \u0442\u0430 \u0437\u043e\u0432\u043d\u0456.<\/p>\n<p><strong>\u041a\u0440\u0456\u043f\u043b\u044f\u0447\u0456 \u0440\u0435\u043c\u0435\u043d\u0456<\/strong><br \/>\u041a\u043e\u0432\u0434\u0440\u0430 \u043c\u0430\u0454 \u0437\u0430\u0432&#039;\u044f\u0437\u043a\u0438 \u043f\u043e \u0447\u043e\u0442\u0438\u0440\u044c\u043e\u0445 \u043a\u0443\u0442\u0430\u0445 \u0456 \u043f\u043e\u0441\u0435\u0440\u0435\u0434\u0438\u043d\u0456. \u0417\u0430 \u0457\u0445 \u0434\u043e\u043f\u043e\u043c\u043e\u0433\u043e\u044e \u0432\u0438 \u043c\u043e\u0436\u0435\u0442\u0435 \u043b\u0435\u0433\u043a\u043e \u043f\u0440\u0438\u043a\u0440\u0456\u043f\u0438\u0442\u0438 \u043a\u043e\u0432\u0434\u0440\u0443 \u0434\u043e \u0491\u0443\u0434\u0437\u0438\u043a\u0456\u0432 \u043f\u0456\u0434\u043e\u0434\u0456\u044f\u043b\u044c\u043d\u0438\u043a\u0430, \u0449\u043e\u0431 \u0432\u043e\u043d\u0430 \u043d\u0435 \u0440\u0443\u0445\u0430\u043b\u0430\u0441\u044f \u043f\u0456\u0434 \u0447\u0430\u0441 \u0441\u043d\u0443.<\/p>\n<p><strong>\u0422\u0435\u0445\u043d\u0456\u0447\u043d\u0435 \u043e\u0431\u0441\u043b\u0443\u0433\u043e\u0432\u0443\u0432\u0430\u043d\u043d\u044f<\/strong><br \/>\u041f\u0440\u0430\u0442\u0438 \u043f\u0440\u0438 \u0442\u0435\u043c\u043f\u0435\u0440\u0430\u0442\u0443\u0440\u0456 30\u00b0C \u0437 \u043c\u2019\u044f\u043a\u0438\u043c \u043c\u0438\u0439\u043d\u0438\u043c \u0437\u0430\u0441\u043e\u0431\u043e\u043c, \u0431\u0435\u0437 \u043f\u043e\u043c\u2019\u044f\u043a\u0448\u0443\u0432\u0430\u0447\u0456\u0432 \u0442\u043a\u0430\u043d\u0438\u043d\u0438 \u0442\u0430 \u0432\u0456\u0434\u0431\u0456\u043b\u044e\u0432\u0430\u0447\u0430. \u0421\u0443\u0448\u0438\u0442\u0438 \u043d\u0430 \u043f\u043e\u0432\u0456\u0442\u0440\u0456.<\/p>\n<p><strong>\u0429\u043e \u0434\u0443\u043c\u0430\u044e\u0442\u044c \u043f\u043e\u043a\u0443\u043f\u0446\u0456, \u044f\u043a\u0456 \u043f\u0440\u0438\u0434\u0431\u0430\u043b\u0438 \u0446\u0435\u0439 \u043f\u0440\u043e\u0434\u0443\u043a\u0442:<\/strong><br \/>\u201c\u0427\u0443\u0434\u043e\u0432\u0430 \u0442\u0435\u043f\u043b\u0430 \u043a\u043e\u0432\u0434\u0440\u0430, \u044f\u043a\u0430 \u043d\u0435 \u0437\u043c\u0443\u0441\u0438\u0442\u044c \u0432\u0430\u0441 \u043f\u0456\u0442\u043d\u0456\u0442\u0438. \u0421\u0430\u043c\u0435 \u0442\u0435, \u0449\u043e \u044f \u0448\u0443\u043a\u0430\u0432 \u2014 \u0434\u043e\u0441\u0442\u0430\u0442\u043d\u044c\u043e \u0442\u0435\u043f\u043b\u0430 \u0434\u043b\u044f \u0437\u0438\u043c\u0438, \u0430\u043b\u0435 \u0432\u043e\u0434\u043d\u043e\u0447\u0430\u0441 \u043f\u043e\u0432\u0456\u0442\u0440\u043e\u043f\u0440\u043e\u043d\u0438\u043a\u043d\u0430\u201d.\u201d<br \/>\u201c\u041d\u0430\u0440\u0435\u0448\u0442\u0456 \u043a\u043e\u0432\u0434\u0440\u0430, \u044f\u043a\u0430 \u0437\u0430\u0434\u043e\u0432\u043e\u043b\u044c\u043d\u044f\u0454 \u043d\u0430\u0441 \u043e\u0431\u043e\u0445. \u041c\u0456\u0439 \u0447\u043e\u043b\u043e\u0432\u0456\u043a \u0441\u043f\u0438\u0442\u044c \u0445\u043e\u043b\u043e\u0434\u043d\u043e, \u044f \u0441\u043f\u043b\u044e \u0442\u0435\u043f\u043b\u043e \u2014 \u0446\u044f \u043a\u043e\u0432\u0434\u0440\u0430 \u0456\u0434\u0435\u0430\u043b\u044c\u043d\u043e \u043f\u0456\u0434\u0445\u043e\u0434\u0438\u0442\u044c \u0434\u043b\u044f \u043d\u0430\u0441 \u043e\u0431\u043e\u0445\u201d.\u201d<\/p>","protected":false},"excerpt":{"rendered":"<p>Bambusest talvetekk pakub looduslikku soojust ja mugavust k\u00fclmadel \u00f6\u00f6del ilma \u00fclekuumenemiseta. 100% orgaanilisest bambusest \u2014 nii kate kui t\u00e4idis \u2014 on see&hellip;<\/p>","protected":false},"featured_media":395473,"comment_status":"open","ping_status":"closed","template":"","meta":{"wprm-recipe-roundup-name":"","wprm-recipe-roundup-description":""},"product_brand":[],"product_cat":[12068],"product_tag":[12073,12141],"class_list":{"0":"post-395474","1":"product","2":"type-product","3":"status-publish","4":"has-post-thumbnail","6":"product_cat-bambusest-tekid","7":"product_tag-boomba-bamboo","8":"product_tag-dekbedden","9":"pa_brand-boomba-bamboo","11":"first","12":"instock","13":"taxable","14":"shipping-taxable","15":"purchasable","16":"product-type-variable"},"supplier_id":null,"supplier_sku":"","barcode":null,"atum_controlled":false,"out_stock_date":null,"out_stock_threshold":null,"inheritable":false,"inbound_stock":null,"stock_on_hold":null,"sold_today":null,"sales_last_days":null,"reserved_stock":null,"customer_returns":null,"warehouse_damage":null,"lost_in_post":null,"other_logs":null,"out_stock_days":null,"lost_sales":null,"has_location":null,"update_date":"2026-04-15T14:03:05","atum_locations":[],"atum_stock_status":"instock","restock_status":false,"low_stock_amount":"","sales_update_date":null,"calc_backorders":null,"aioseo_notices":[],"_links":{"self":[{"href":"https:\/\/ecoshop.ee\/uk\/wp-json\/wp\/v2\/product\/395474","targetHints":{"allow":["GET"]}}],"collection":[{"href":"https:\/\/ecoshop.ee\/uk\/wp-json\/wp\/v2\/product"}],"about":[{"href":"https:\/\/ecoshop.ee\/uk\/wp-json\/wp\/v2\/types\/product"}],"replies":[{"embeddable":true,"href":"https:\/\/ecoshop.ee\/uk\/wp-json\/wp\/v2\/comments?post=395474"}],"version-history":[{"count":1,"href":"https:\/\/ecoshop.ee\/uk\/wp-json\/wp\/v2\/product\/395474\/revisions"}],"predecessor-version":[{"id":395647,"href":"https:\/\/ecoshop.ee\/uk\/wp-json\/wp\/v2\/product\/395474\/revisions\/395647"}],"wp:featuredmedia":[{"embeddable":true,"href":"https:\/\/ecoshop.ee\/uk\/wp-json\/wp\/v2\/media\/395473"}],"wp:attachment":[{"href":"https:\/\/ecoshop.ee\/uk\/wp-json\/wp\/v2\/media?parent=395474"}],"wp:term":[{"taxonomy":"product_brand","embeddable":true,"href":"https:\/\/ecoshop.ee\/uk\/wp-json\/wp\/v2\/product_brand?post=395474"},{"taxonomy":"product_cat","embeddable":true,"href":"https:\/\/ecoshop.ee\/uk\/wp-json\/wp\/v2\/product_cat?post=395474"},{"taxonomy":"product_tag","embeddable":true,"href":"https:\/\/ecoshop.ee\/uk\/wp-json\/wp\/v2\/product_tag?post=395474"}],"curies":[{"name":"wp","href":"https:\/\/api.w.org\/{rel}","templated":true}]}}