{"id":396213,"date":"2026-05-11T22:30:42","date_gmt":"2026-05-11T19:30:42","guid":{"rendered":"https:\/\/ecoshop.ee\/?post_type=product&#038;p=396213"},"modified":"2026-05-11T22:30:43","modified_gmt":"2026-05-11T19:30:43","slug":"%d1%84%d1%96%d0%bd%d1%96%d0%ba%d0%be%d0%b2%d0%b8%d0%b9-%d0%b1%d0%b0%d1%82%d0%be%d0%bd%d1%87%d0%b8%d0%ba-%d0%b7-%d0%b0%d1%80%d0%b0%d1%85%d1%96%d1%81%d0%be%d0%b2%d0%be%d1%8e-%d0%bf%d0%b0%d1%81%d1%82","status":"publish","type":"product","link":"https:\/\/ecoshop.ee\/uk\/proteiinibatoonid\/datlibatoon-maapahkli-ja-soolakaramelliga-mahe-30g\/","title":{"rendered":"\u0424\u0456\u043d\u0456\u043a\u043e\u0432\u0438\u0439 \u0431\u0430\u0442\u043e\u043d\u0447\u0438\u043a \u0437 \u0430\u0440\u0430\u0445\u0456\u0441\u043e\u043c \u0442\u0430 \u0441\u043e\u043b\u043e\u043d\u043e\u044e \u043a\u0430\u0440\u0430\u043c\u0435\u043b\u043b\u044e, \u043e\u0440\u0433\u0430\u043d\u0456\u0447\u043d\u0438\u0439, 30 \u0433"},"content":{"rendered":"<p class=\"font-claude-response-body break-words whitespace-normal leading-[1.7]\">Soolase ja magusa t\u00e4iusliku tasakaaluga datlibaar, mis meenutab oma maitselt klassikalist \u0161okolaadibatooni \u2013 aga puhtalt ja looduslikult. R\u00f6stitud maap\u00e4hklid, kreemjas maap\u00e4hkliv\u00f5i ja kookossiirup loovad vastupandamatu kombinatsiooni, mis rahuldab magusaisu ilma rafineeritud suhkruta.<\/p>\n<ul>\n<li>Mahe ja vegan<\/li>\n<li>Gluteenivaba<\/li>\n<li>Ilma rafineeritud suhkruta<\/li>\n<li>K\u00f5rge valgusisaldusega<\/li>\n<\/ul>\n","protected":false},"excerpt":{"rendered":"<p>Soolase ja magusa t\u00e4iusliku tasakaaluga datlibaar, mis meenutab oma maitselt klassikalist \u0161okolaadibatooni \u2013 aga puhtalt ja looduslikult. R\u00f6stitud maap\u00e4hklid, kreemjas maap\u00e4hkliv\u00f5i ja&hellip;<\/p>","protected":false},"featured_media":396216,"comment_status":"open","ping_status":"closed","template":"","meta":{"wprm-recipe-roundup-name":"","wprm-recipe-roundup-description":""},"product_brand":[12000],"product_cat":[144,160],"product_tag":[289],"class_list":{"0":"post-396213","1":"product","2":"type-product","3":"status-publish","4":"has-post-thumbnail","6":"product_brand-naughty-nuts","7":"product_cat-proteiinibatoonid","8":"product_cat-kommid","9":"product_tag-toorbatoon","10":"j79_wcxd_expiry_type-expiry-date","12":"first","13":"instock","14":"taxable","15":"shipping-taxable","16":"purchasable","17":"product-type-simple"},"supplier_id":9165,"supplier_sku":"","barcode":"4260737541887","atum_controlled":true,"out_stock_date":null,"out_stock_threshold":null,"inheritable":false,"inbound_stock":null,"stock_on_hold":null,"sold_today":null,"sales_last_days":null,"reserved_stock":null,"customer_returns":null,"warehouse_damage":null,"lost_in_post":null,"other_logs":null,"out_stock_days":null,"lost_sales":null,"has_location":false,"update_date":"2026-05-11T19:30:44","atum_locations":[],"atum_stock_status":"instock","restock_status":false,"low_stock_amount":"","sales_update_date":null,"calc_backorders":null,"aioseo_notices":[],"_links":{"self":[{"href":"https:\/\/ecoshop.ee\/uk\/wp-json\/wp\/v2\/product\/396213","targetHints":{"allow":["GET"]}}],"collection":[{"href":"https:\/\/ecoshop.ee\/uk\/wp-json\/wp\/v2\/product"}],"about":[{"href":"https:\/\/ecoshop.ee\/uk\/wp-json\/wp\/v2\/types\/product"}],"replies":[{"embeddable":true,"href":"https:\/\/ecoshop.ee\/uk\/wp-json\/wp\/v2\/comments?post=396213"}],"version-history":[{"count":1,"href":"https:\/\/ecoshop.ee\/uk\/wp-json\/wp\/v2\/product\/396213\/revisions"}],"predecessor-version":[{"id":396217,"href":"https:\/\/ecoshop.ee\/uk\/wp-json\/wp\/v2\/product\/396213\/revisions\/396217"}],"wp:featuredmedia":[{"embeddable":true,"href":"https:\/\/ecoshop.ee\/uk\/wp-json\/wp\/v2\/media\/396216"}],"wp:attachment":[{"href":"https:\/\/ecoshop.ee\/uk\/wp-json\/wp\/v2\/media?parent=396213"}],"wp:term":[{"taxonomy":"product_brand","embeddable":true,"href":"https:\/\/ecoshop.ee\/uk\/wp-json\/wp\/v2\/product_brand?post=396213"},{"taxonomy":"product_cat","embeddable":true,"href":"https:\/\/ecoshop.ee\/uk\/wp-json\/wp\/v2\/product_cat?post=396213"},{"taxonomy":"product_tag","embeddable":true,"href":"https:\/\/ecoshop.ee\/uk\/wp-json\/wp\/v2\/product_tag?post=396213"}],"curies":[{"name":"wp","href":"https:\/\/api.w.org\/{rel}","templated":true}]}}