{"id":3992,"date":"2024-06-03T20:55:46","date_gmt":"2024-06-03T17:55:46","guid":{"rendered":"https:\/\/ecoshop.ee\/?post_type=product&#038;p=3992"},"modified":"2025-10-20T23:09:06","modified_gmt":"2025-10-20T20:09:06","slug":"%d0%b2%d0%b5%d0%b3%d0%b0%d0%bd%d1%81%d1%8c%d0%ba%d0%b0-%d0%bb%d0%be%d0%ba%d1%88%d0%b8%d0%bd%d0%b0-%d1%88%d0%b2%d0%b8%d0%b4%d0%ba%d0%be%d0%b3%d0%be-%d0%bf%d1%80%d0%b8%d0%b3%d0%be%d1%82%d1%83%d0%b2","status":"publish","type":"product","link":"https:\/\/ecoshop.ee\/uk\/sahvrikaubad\/nissin-miso-vegan-kiirnuudlid-100g\/","title":{"rendered":"\u0412\u0435\u0433\u0430\u043d\u0441\u044c\u043a\u0430 \u043b\u043e\u043a\u0448\u0438\u043d\u0430 \u0448\u0432\u0438\u0434\u043a\u043e\u0433\u043e \u043f\u0440\u0438\u0433\u043e\u0442\u0443\u0432\u0430\u043d\u043d\u044f Nissin Miso, 100 \u0433"},"content":{"rendered":"<p>\u0412\u0435\u0433\u0430\u043d\u0441\u044c\u043a\u0430 \u043b\u043e\u043a\u0448\u0438\u043d\u0430 \u0448\u0432\u0438\u0434\u043a\u043e\u0433\u043e \u043f\u0440\u0438\u0433\u043e\u0442\u0443\u0432\u0430\u043d\u043d\u044f Nissin Miso \u043f\u0440\u043e\u043f\u043e\u043d\u0443\u0454 \u0443\u043d\u0456\u043a\u0430\u043b\u044c\u043d\u0435 \u0437\u0430\u0434\u043e\u0432\u043e\u043b\u0435\u043d\u043d\u044f, \u043f\u043e\u0454\u0434\u043d\u0443\u044e\u0447\u0438 \u0447\u0443\u0434\u043e\u0432\u0438\u0439 \u0441\u043c\u0430\u043a \u043c\u0456\u0441\u043e \u0437\u0456 \u0441\u043c\u0430\u0436\u0435\u043d\u0438\u043c \u043a\u0443\u043d\u0436\u0443\u0442\u043e\u043c, \u0456\u043c\u0431\u0438\u0440\u043e\u043c, \u0441\u043c\u0430\u0436\u0435\u043d\u043e\u044e \u0446\u0438\u0431\u0443\u043b\u0435\u044e, \u0447\u0430\u0441\u043d\u0438\u043a\u043e\u043c \u0442\u0430 \u0441\u043f\u0440\u0430\u0432\u0436\u043d\u0456\u043c\u0438 \u0430\u0437\u0456\u0439\u0441\u044c\u043a\u0438\u043c\u0438 \u0441\u043f\u0435\u0446\u0456\u044f\u043c\u0438 \u2013 \u0432\u0456\u0434\u0447\u0443\u0439\u0442\u0435 \u0430\u0432\u0442\u0435\u043d\u0442\u0438\u0447\u043d\u0438\u0439 \u0441\u043c\u0430\u043a \u0441\u0443\u043f\u0443 \u0440\u0430\u043c\u0435\u043d \u0443 \u0432\u0430\u0448\u043e\u043c\u0443 \u0434\u043e\u043c\u0456 \u0447\u0438 \u043e\u0444\u0456\u0441\u0456. \u041b\u043e\u043a\u0448\u0438\u043d\u0430 \u0448\u0432\u0438\u0434\u043a\u043e\u0433\u043e \u043f\u0440\u0438\u0433\u043e\u0442\u0443\u0432\u0430\u043d\u043d\u044f Nissin \u043f\u0456\u0434\u043a\u0440\u0435\u0441\u043b\u044e\u0454 \u043a\u0443\u043b\u0456\u043d\u0430\u0440\u043d\u0435 \u0440\u0456\u0437\u043d\u043e\u043c\u0430\u043d\u0456\u0442\u0442\u044f \u0410\u0437\u0456\u0457 \u0442\u0430 \u043f\u0440\u043e\u043f\u043e\u043d\u0443\u0454 \u0443\u043d\u0456\u043a\u0430\u043b\u044c\u043d\u0438\u0439 \u0441\u043c\u0430\u043a \u0437\u0430 \u043b\u0456\u0447\u0435\u043d\u0456 \u0445\u0432\u0438\u043b\u0438\u043d\u0438. \u041b\u043e\u043a\u0448\u0438\u043d\u0430 \u0448\u0432\u0438\u0434\u043a\u043e\u0433\u043e \u043f\u0440\u0438\u0433\u043e\u0442\u0443\u0432\u0430\u043d\u043d\u044f Nissin Demae Ramen Miso \u043d\u0435 \u0442\u0456\u043b\u044c\u043a\u0438 \u0448\u0432\u0438\u0434\u043a\u0430 \u0442\u0430 \u043f\u0440\u043e\u0441\u0442\u0430 \u0443 \u043f\u0440\u0438\u0433\u043e\u0442\u0443\u0432\u0430\u043d\u043d\u0456, \u0430\u043b\u0435 \u0439 \u043d\u0430\u0434\u0437\u0432\u0438\u0447\u0430\u0439\u043d\u043e \u043e\u0440\u0438\u0433\u0456\u043d\u0430\u043b\u044c\u043d\u0430 \u0442\u0430 \u0441\u043c\u0430\u0447\u043d\u0430.<\/p>","protected":false},"excerpt":{"rendered":"<p>Nissin Miso vegan kiirnuudlid pakuvad unikaalset naudingut, \u00fchendades maitsva miso maitse r\u00f6stitud seesami, ingveri, r\u00f6stitud sibula, k\u00fc\u00fcslaugu ja ehtsate Aasia v\u00fcrtsidega &#8211;&hellip;<\/p>","protected":false},"featured_media":3993,"comment_status":"open","ping_status":"closed","template":"","meta":{"wprm-recipe-roundup-name":"","wprm-recipe-roundup-description":""},"product_brand":[12023],"product_cat":[363,323,240,161],"product_tag":[162],"class_list":{"0":"post-3992","1":"product","2":"type-product","3":"status-publish","4":"has-post-thumbnail","6":"product_brand-nissin","7":"product_cat-pastad-ja-nuudlid","8":"product_cat-kupsetussegud-ja-kuivained","9":"product_cat-allahinnatud","10":"product_cat-sahvrikaubad","11":"product_tag-kiirnuudlid","12":"j79_wcxd_expiry_type-best-before","14":"first","15":"outofstock","16":"sale","17":"taxable","18":"shipping-taxable","19":"purchasable","20":"product-type-simple"},"supplier_id":9158,"supplier_sku":"","barcode":"5997523335410","atum_controlled":true,"out_stock_date":"2025-10-20 23:09:06","out_stock_threshold":null,"inheritable":false,"inbound_stock":0,"stock_on_hold":0,"sold_today":0,"sales_last_days":0,"reserved_stock":0,"customer_returns":0,"warehouse_damage":0,"lost_in_post":0,"other_logs":0,"out_stock_days":137,"lost_sales":0,"has_location":false,"update_date":"2026-03-07T01:16:02","atum_locations":[],"atum_stock_status":"outofstock","restock_status":false,"low_stock_amount":"","sales_update_date":"2026-03-07T01:16:02","calc_backorders":null,"aioseo_notices":[],"_links":{"self":[{"href":"https:\/\/ecoshop.ee\/uk\/wp-json\/wp\/v2\/product\/3992","targetHints":{"allow":["GET"]}}],"collection":[{"href":"https:\/\/ecoshop.ee\/uk\/wp-json\/wp\/v2\/product"}],"about":[{"href":"https:\/\/ecoshop.ee\/uk\/wp-json\/wp\/v2\/types\/product"}],"replies":[{"embeddable":true,"href":"https:\/\/ecoshop.ee\/uk\/wp-json\/wp\/v2\/comments?post=3992"}],"version-history":[{"count":0,"href":"https:\/\/ecoshop.ee\/uk\/wp-json\/wp\/v2\/product\/3992\/revisions"}],"wp:featuredmedia":[{"embeddable":true,"href":"https:\/\/ecoshop.ee\/uk\/wp-json\/wp\/v2\/media\/3993"}],"wp:attachment":[{"href":"https:\/\/ecoshop.ee\/uk\/wp-json\/wp\/v2\/media?parent=3992"}],"wp:term":[{"taxonomy":"product_brand","embeddable":true,"href":"https:\/\/ecoshop.ee\/uk\/wp-json\/wp\/v2\/product_brand?post=3992"},{"taxonomy":"product_cat","embeddable":true,"href":"https:\/\/ecoshop.ee\/uk\/wp-json\/wp\/v2\/product_cat?post=3992"},{"taxonomy":"product_tag","embeddable":true,"href":"https:\/\/ecoshop.ee\/uk\/wp-json\/wp\/v2\/product_tag?post=3992"}],"curies":[{"name":"wp","href":"https:\/\/api.w.org\/{rel}","templated":true}]}}