{"id":43647,"date":"2024-12-23T23:35:50","date_gmt":"2024-12-23T20:35:50","guid":{"rendered":"https:\/\/ecoshop.ee\/maaratlemata\/terrarium-diy-kit-sam-xl-red-bottle-garden-%e2%86%91-35-cm\/"},"modified":"2026-05-15T20:15:04","modified_gmt":"2026-05-15T17:15:04","slug":"%d1%82%d0%b5%d1%80%d0%b0%d1%80%d1%96%d1%83%d0%bc-%d1%81%d0%b2%d0%be%d1%97%d0%bc%d0%b8-%d1%80%d1%83%d0%ba%d0%b0%d0%bc%d0%b8-sam-xl-%d1%87%d0%b5%d1%80%d0%b2%d0%be%d0%bd%d0%b8%d0%b9-%e2%86%91-35-%d1%81","status":"publish","type":"product","link":"https:\/\/ecoshop.ee\/uk\/taime-terraariumid\/tee-ise-terraarium-sam-xl-red-%e2%86%91-35-cm\/","title":{"rendered":"\u0422\u0435\u0440\u0430\u0440\u0456\u0443\u043c \u0441\u0432\u043e\u0457\u043c\u0438 \u0440\u0443\u043a\u0430\u043c\u0438 - Sam-XL Red - \u2191 35 \u0441\u043c"},"content":{"rendered":"<div class=\"flex max-w-full flex-col flex-grow\">\n<div class=\"min-h-8 text-message flex w-full flex-col items-end gap-2 whitespace-normal break-words text-start [.text-message+&amp;]:mt-5\" dir=\"auto\" data-message-author-role=\"assistant\" data-message-id=\"1df5beb5-3f32-4717-b417-222b9ae43034\" data-message-model-slug=\"gpt-4o\">\n<div class=\"flex w-full flex-col gap-1 empty:hidden first:pt-[3px]\">\n<div class=\"markdown prose w-full break-words dark:prose-invert dark\">\n<p>Terraarium lisab sinu koju v\u00f5i kontorisse t\u00f5elise pilgup\u00fc\u00fcdja! Sul ei ole vaja olla kogenud taimehooldaja, sest meie terraariumid on iseseisvad ja vajavad kastmist vaid m\u00f5ni kord aastas.<\/p>\n<p><strong>Omadused:<\/strong><\/p>\n<ul>\n<li>Suurus: \u00d8 30 cm, k\u00f5rgus 35 cm<\/li>\n<li>Imeilus v\u00e4limus, iseseisev ja j\u00e4tkusuutlik<\/li>\n<li>DIY-komplekt sisaldab k\u00f5ike vajalikku oma minid\u017eungli loomiseks<\/li>\n<\/ul>\n<p><strong>Komplektis sisaldub:<\/strong><\/p>\n<ul>\n<li>Taimed: Fittonia White Tiger, Fittonia Red\/Ruby, Calathea<\/li>\n<li>Rohkelt rohelist samblikku<\/li>\n<li>H\u00fcdrograanulid<\/li>\n<li>Aktiivs\u00fcsi<\/li>\n<li>Terraariumi muld<\/li>\n<li>Samm-sammuline juhend suletud terraariumi valmistamiseks<\/li>\n<li>Hooldusn\u00f5uanded<\/li>\n<\/ul>\n<p><strong>Kokku panemine ja hooldus:<\/strong><br \/>\nKomplektiga tuleb lihtne 5-sammuline juhend, millega saad oma rohelise kaaslase kiirelt kokku panna. K\u00f5ik vajalikud juhised on selgelt lahti seletatud, et saaksid nautida oma v\u00e4ikest d\u017eunglit ilma muretsemata.<\/p>\n<p><strong>J\u00e4tkusuutlikkus:<\/strong><br \/>\nTaimed ja samblikud on hoolikalt kasvatatud ja kvaliteedikontrollitud. Need valmivad armastusega meie kasvanduses ja j\u00f5uavad sinuni k\u00f5ige l\u00fchemat teed pidi. See t\u00e4hendab, et valid j\u00e4tkusuutliku ja kvaliteetse lahenduse, mis kestab aastaid.<\/p>\n<p><strong>Kingisoovitus:<\/strong><br \/>\nKuigi terraariumid sobivad ideaalselt iseendale, on need ka suurep\u00e4rased kingitused. Olgu selleks pereliige, s\u00f5ber, kolleeg v\u00f5i \u00f5petaja \u2013 r\u00f5\u00f5mustad nendega iga\u00fcht!<\/p>\n<p>Muuda oma ruum roheliseks oaasiks DIY terraariumiga!<\/p>\n<\/div>\n<\/div>\n<\/div>\n<\/div>\n","protected":false},"excerpt":{"rendered":"<p>Terraarium lisab sinu koju v\u00f5i kontorisse t\u00f5elise pilgup\u00fc\u00fcdja! Sul ei ole vaja olla kogenud taimehooldaja, sest meie terraariumid on iseseisvad ja vajavad&hellip;<\/p>","protected":false},"featured_media":43642,"comment_status":"open","ping_status":"closed","template":"","meta":{"wprm-recipe-roundup-name":"","wprm-recipe-roundup-description":""},"product_brand":[],"product_cat":[2001,2063],"product_tag":[2005,2003,2043,2008,2009,2010,2002],"class_list":{"0":"post-43647","1":"product","2":"type-product","3":"status-publish","4":"has-post-thumbnail","6":"product_cat-taimed","7":"product_cat-taime-terraariumid","8":"product_tag-diy","9":"product_tag-diy-terrarium-kit","10":"product_tag-terraarium","11":"product_tag-terrarium","12":"product_tag-terrarium-kit","13":"product_tag-urban-jungle","14":"product_tag-urbanjngl","15":"pa_brand-urbanjngl","17":"first","18":"instock","19":"taxable","20":"shipping-taxable","21":"purchasable","22":"product-type-variable"},"supplier_id":null,"supplier_sku":"","barcode":null,"atum_controlled":true,"out_stock_date":null,"out_stock_threshold":null,"inheritable":true,"inbound_stock":null,"stock_on_hold":0,"sold_today":0,"sales_last_days":0,"reserved_stock":null,"customer_returns":null,"warehouse_damage":null,"lost_in_post":null,"other_logs":null,"out_stock_days":0,"lost_sales":0,"has_location":false,"update_date":"2026-03-07T01:15:52","atum_locations":[],"atum_stock_status":"instock","restock_status":false,"low_stock_amount":"","sales_update_date":"2026-03-07T01:15:52","calc_backorders":null,"aioseo_notices":[],"_links":{"self":[{"href":"https:\/\/ecoshop.ee\/uk\/wp-json\/wp\/v2\/product\/43647","targetHints":{"allow":["GET"]}}],"collection":[{"href":"https:\/\/ecoshop.ee\/uk\/wp-json\/wp\/v2\/product"}],"about":[{"href":"https:\/\/ecoshop.ee\/uk\/wp-json\/wp\/v2\/types\/product"}],"replies":[{"embeddable":true,"href":"https:\/\/ecoshop.ee\/uk\/wp-json\/wp\/v2\/comments?post=43647"}],"version-history":[{"count":0,"href":"https:\/\/ecoshop.ee\/uk\/wp-json\/wp\/v2\/product\/43647\/revisions"}],"wp:featuredmedia":[{"embeddable":true,"href":"https:\/\/ecoshop.ee\/uk\/wp-json\/wp\/v2\/media\/43642"}],"wp:attachment":[{"href":"https:\/\/ecoshop.ee\/uk\/wp-json\/wp\/v2\/media?parent=43647"}],"wp:term":[{"taxonomy":"product_brand","embeddable":true,"href":"https:\/\/ecoshop.ee\/uk\/wp-json\/wp\/v2\/product_brand?post=43647"},{"taxonomy":"product_cat","embeddable":true,"href":"https:\/\/ecoshop.ee\/uk\/wp-json\/wp\/v2\/product_cat?post=43647"},{"taxonomy":"product_tag","embeddable":true,"href":"https:\/\/ecoshop.ee\/uk\/wp-json\/wp\/v2\/product_tag?post=43647"}],"curies":[{"name":"wp","href":"https:\/\/api.w.org\/{rel}","templated":true}]}}