{"id":4518,"date":"2024-06-18T01:57:03","date_gmt":"2024-06-17T22:57:03","guid":{"rendered":"https:\/\/ecoshop.ee\/?post_type=product&#038;p=4518"},"modified":"2026-04-14T00:47:21","modified_gmt":"2026-04-13T21:47:21","slug":"%d0%b1%d0%b0%d0%bc%d0%b1%d1%83%d0%ba%d0%be%d0%b2%d1%96-%d1%81%d0%be%d0%bb%d0%be%d0%bc%d0%b8%d0%bd%d0%ba%d0%b8-12-%d1%88%d1%82","status":"publish","type":"product","link":"https:\/\/ecoshop.ee\/uk\/korduvkasutus\/bambusest-korred-12tk\/","title":{"rendered":"\u0411\u0430\u043c\u0431\u0443\u043a\u043e\u0432\u0456 \u0441\u043e\u043b\u043e\u043c\u0438\u043d\u043a\u0438, 12 \u0448\u0442."},"content":{"rendered":"<p>\u0421\u043e\u043b\u043e\u043c\u0438\u043d\u043a\u0438 \u00ab\u0414\u0436\u0443\u043d\u0433\u043b\u0456\u00bb \u0432\u0438\u0433\u043e\u0442\u043e\u0432\u043b\u044f\u044e\u0442\u044c\u0441\u044f \u043c\u0456\u0441\u0446\u0435\u0432\u0438\u043c\u0438 \u0440\u0435\u043c\u0456\u0441\u043d\u0438\u043a\u0430\u043c\u0438 \u0443 \u043d\u0435\u0432\u0435\u043b\u0438\u043a\u043e\u043c\u0443 \u0441\u0456\u043c\u0435\u0439\u043d\u043e\u043c\u0443 \u0431\u0456\u0437\u043d\u0435\u0441\u0456 \u0443 \u0441\u0456\u043b\u044c\u0441\u044c\u043a\u0456\u0439 \u043c\u0456\u0441\u0446\u0435\u0432\u043e\u0441\u0442\u0456 \u0412&#039;\u0454\u0442\u043d\u0430\u043c\u0443. \u0426\u0456 \u0431\u0430\u0433\u0430\u0442\u043e\u0440\u0430\u0437\u043e\u0432\u0456 \u0431\u0430\u043c\u0431\u0443\u043a\u043e\u0432\u0456 \u0441\u043e\u043b\u043e\u043c\u0438\u043d\u043a\u0438 \u0454 \u0435\u043a\u043e\u043b\u043e\u0433\u0456\u0447\u043d\u043e \u0447\u0438\u0441\u0442\u043e\u044e \u0442\u0430 \u0441\u0442\u0456\u0439\u043a\u043e\u044e \u0430\u043b\u044c\u0442\u0435\u0440\u043d\u0430\u0442\u0438\u0432\u043e\u044e \u043f\u043b\u0430\u0441\u0442\u0438\u043a\u043e\u0432\u0438\u043c \u0441\u043e\u043b\u043e\u043c\u0438\u043d\u043a\u0430\u043c, \u0432\u0438\u0433\u043e\u0442\u043e\u0432\u043b\u0435\u043d\u0438\u043c\u0438 \u0431\u0435\u0437 \u0432\u0438\u043a\u043e\u0440\u0438\u0441\u0442\u0430\u043d\u043d\u044f \u0448\u043a\u0456\u0434\u043b\u0438\u0432\u0438\u0445 \u043f\u0435\u0441\u0442\u0438\u0446\u0438\u0434\u0456\u0432 \u0447\u0438 \u0445\u0456\u043c\u0456\u043a\u0430\u0442\u0456\u0432. \u0412\u0435\u0441\u044c \u043f\u0440\u043e\u0446\u0435\u0441 \u0432\u0438\u0440\u043e\u0431\u043d\u0438\u0446\u0442\u0432\u0430 \u0431\u0435\u0437\u043f\u0435\u0447\u043d\u0438\u0439, \u043d\u0435\u0442\u043e\u043a\u0441\u0438\u0447\u043d\u0438\u0439 \u0442\u0430 \u043f\u043e\u0432\u043d\u0456\u0441\u0442\u044e \u043e\u0440\u0433\u0430\u043d\u0456\u0447\u043d\u0438\u0439 (\u0441\u0435\u0440\u0442\u0438\u0444\u0456\u043a\u043e\u0432\u0430\u043d\u0438\u0439 SGS).<\/p>\n<p>100% \u043e\u0440\u0433\u0430\u043d\u0456\u0447\u043d\u0438\u0439, \u043d\u0430\u0442\u0443\u0440\u0430\u043b\u044c\u043d\u0438\u0439, \u0431\u0456\u043e\u0440\u043e\u0437\u043a\u043b\u0430\u0434\u043d\u0438\u0439 \u0442\u0430 \u043a\u043e\u043c\u043f\u043e\u0441\u0442\u043e\u0432\u0430\u043d\u0438\u0439.<br \/>\n\u0406\u0434\u0435\u0430\u043b\u044c\u043d\u0438\u0439 \u0435\u043a\u043e\u043b\u043e\u0433\u0456\u0447\u043d\u0438\u0439 \u043d\u0430\u0431\u0456\u0440 \u0434\u043b\u044f \u0432\u0441\u0456\u0454\u0457 \u0440\u043e\u0434\u0438\u043d\u0438.<br \/>\n\u0411\u0435\u0437 \u0431\u0456\u0441\u0444\u0435\u043d\u043e\u043b\u0443 \u0410 \u2013 \u043f\u0456\u0434 \u0447\u0430\u0441 \u0432\u0438\u0440\u043e\u0449\u0443\u0432\u0430\u043d\u043d\u044f \u043d\u0430\u0448\u043e\u0433\u043e \u0431\u0430\u043c\u0431\u0443\u043a\u0430 \u043d\u0435 \u0432\u0438\u043a\u043e\u0440\u0438\u0441\u0442\u043e\u0432\u0443\u044e\u0442\u044c\u0441\u044f \u0445\u0456\u043c\u0456\u043a\u0430\u0442\u0438 \u0447\u0438 \u043f\u0435\u0441\u0442\u0438\u0446\u0438\u0434\u0438.<br \/>\n\u0411\u0430\u0433\u0430\u0442\u043e\u0440\u0430\u0437\u043e\u0432\u0456 \u0441\u043e\u043b\u043e\u043c\u0438\u043d\u043a\u0438 \u2013 \u0457\u0445 \u043c\u043e\u0436\u043d\u0430 \u0432\u0438\u043a\u043e\u0440\u0438\u0441\u0442\u043e\u0432\u0443\u0432\u0430\u0442\u0438 \u0441\u043e\u0442\u043d\u0456, \u044f\u043a\u0449\u043e \u043d\u0435 \u0442\u0438\u0441\u044f\u0447\u0456 \u0440\u0430\u0437\u0456\u0432.<br \/>\n\u041c\u043e\u0436\u043d\u0430 \u043c\u0438\u0442\u0438 \u0432 \u043f\u043e\u0441\u0443\u0434\u043e\u043c\u0438\u0439\u043d\u0456\u0439 \u043c\u0430\u0448\u0438\u043d\u0456.<\/p>\n<p><strong><span class=\"jCAhz JxVs2d ChMk0b\"><span class=\"ryNqvb\">\u041a\u043e\u043c\u043f\u043b\u0435\u043a\u0442 \u0432\u043a\u043b\u044e\u0447\u0430\u0454:<\/span><\/span><\/strong><\/p>\n<ul>\n<li><span class=\"jCAhz JxVs2d ChMk0b\"><span class=\"ryNqvb\">12 \u0431\u0430\u043c\u0431\u0443\u043a\u043e\u0432\u0438\u0445 \u0442\u0440\u0443\u0431\u043e\u0447\u043e\u043a \u0434\u043b\u044f \u043f\u0438\u0442\u0442\u044f<\/span><\/span><\/li>\n<li><span class=\"jCAhz JxVs2d ChMk0b\"><span class=\"ryNqvb\">1 \u043c\u0456\u0448\u043e\u043a \u0434\u043b\u044f \u0437\u0431\u0435\u0440\u0456\u0433\u0430\u043d\u043d\u044f \u0437 \u043c\u0456\u0448\u043a\u043e\u0432\u0438\u043d\u0438 (\u043a\u043e\u0440\u0438\u0447\u043d\u0435\u0432\u0438\u0439)<\/span><\/span><\/li>\n<li><span class=\"jCAhz JxVs2d ChMk0b\"><span class=\"ryNqvb\">1 \u043c\u0456\u0448\u0435\u0447\u043e\u043a \u0434\u043b\u044f \u0437\u0431\u0435\u0440\u0456\u0433\u0430\u043d\u043d\u044f \u0437 \u043c\u0456\u0448\u043a\u043e\u0432\u0438\u043d\u0438 (\u0431\u0456\u043b\u0438\u0439, \u0432\u043c\u0456\u0449\u0443\u0454 2 \u0441\u043e\u043b\u043e\u043c\u0438\u043d\u043a\u0438)<\/span><\/span><\/li>\n<li><span class=\"jCAhz JxVs2d ChMk0b\"><span class=\"ryNqvb\">1 \u0449\u0456\u0442\u043a\u0430 \u0434\u043b\u044f \u0447\u0438\u0449\u0435\u043d\u043d\u044f<\/span><\/span><\/li>\n<\/ul>","protected":false},"excerpt":{"rendered":"<p>Jungle Straws on toodetud kohalike k\u00e4sit\u00f6\u00f6liste poolt v\u00e4ikeses pereettev\u00f5ttes Vietnami maapiirkonnas. Need korduvkasutatavad bambusest k\u00f5rred on looduss\u00f5bralik ja j\u00e4tkusuutlik alternatiiv plastikk\u00f5rtele, valmistatud&hellip;<\/p>","protected":false},"featured_media":4519,"comment_status":"open","ping_status":"closed","template":"","meta":{"wprm-recipe-roundup-name":"","wprm-recipe-roundup-description":""},"product_brand":[12064],"product_cat":[163,248,247],"product_tag":[195],"class_list":{"0":"post-4518","1":"product","2":"type-product","3":"status-publish","4":"has-post-thumbnail","6":"product_brand-jungle-culture","7":"product_cat-kodutarbed","8":"product_cat-korduvkasutus","9":"product_cat-noud-ja-koogitarbed","10":"product_tag-korred","12":"first","13":"instock","14":"taxable","15":"shipping-taxable","16":"purchasable","17":"product-type-simple"},"supplier_id":9133,"supplier_sku":"","barcode":null,"atum_controlled":true,"out_stock_date":null,"out_stock_threshold":null,"inheritable":false,"inbound_stock":0,"stock_on_hold":0,"sold_today":0,"sales_last_days":0,"reserved_stock":0,"customer_returns":0,"warehouse_damage":0,"lost_in_post":0,"other_logs":0,"out_stock_days":0,"lost_sales":0,"has_location":false,"update_date":"2026-04-13T21:47:22","atum_locations":[],"atum_stock_status":"instock","restock_status":false,"low_stock_amount":"","sales_update_date":"2026-03-07T01:16:04","calc_backorders":null,"aioseo_notices":[],"_links":{"self":[{"href":"https:\/\/ecoshop.ee\/uk\/wp-json\/wp\/v2\/product\/4518","targetHints":{"allow":["GET"]}}],"collection":[{"href":"https:\/\/ecoshop.ee\/uk\/wp-json\/wp\/v2\/product"}],"about":[{"href":"https:\/\/ecoshop.ee\/uk\/wp-json\/wp\/v2\/types\/product"}],"replies":[{"embeddable":true,"href":"https:\/\/ecoshop.ee\/uk\/wp-json\/wp\/v2\/comments?post=4518"}],"version-history":[{"count":0,"href":"https:\/\/ecoshop.ee\/uk\/wp-json\/wp\/v2\/product\/4518\/revisions"}],"wp:featuredmedia":[{"embeddable":true,"href":"https:\/\/ecoshop.ee\/uk\/wp-json\/wp\/v2\/media\/4519"}],"wp:attachment":[{"href":"https:\/\/ecoshop.ee\/uk\/wp-json\/wp\/v2\/media?parent=4518"}],"wp:term":[{"taxonomy":"product_brand","embeddable":true,"href":"https:\/\/ecoshop.ee\/uk\/wp-json\/wp\/v2\/product_brand?post=4518"},{"taxonomy":"product_cat","embeddable":true,"href":"https:\/\/ecoshop.ee\/uk\/wp-json\/wp\/v2\/product_cat?post=4518"},{"taxonomy":"product_tag","embeddable":true,"href":"https:\/\/ecoshop.ee\/uk\/wp-json\/wp\/v2\/product_tag?post=4518"}],"curies":[{"name":"wp","href":"https:\/\/api.w.org\/{rel}","templated":true}]}}