{"id":4655,"date":"2024-06-22T22:51:19","date_gmt":"2024-06-22T19:51:19","guid":{"rendered":"https:\/\/ecoshop.ee\/?post_type=product&#038;p=4655"},"modified":"2025-12-25T19:36:49","modified_gmt":"2025-12-25T16:36:49","slug":"%d1%87%d0%be%d0%bb%d0%be%d0%b2%d1%96%d1%87%d0%b8%d0%b9-%d0%ba%d0%be%d1%80%d0%ba%d0%be%d0%b2%d0%b8%d0%b9-%d1%80%d0%b5%d0%bc%d1%96%d0%bd%d1%8c","status":"publish","type":"product","link":"https:\/\/ecoshop.ee\/uk\/rihmad\/korgist-meeste-puksirihm\/","title":{"rendered":"\u0427\u043e\u043b\u043e\u0432\u0456\u0447\u0438\u0439 \u043a\u043e\u0440\u043a\u043e\u0432\u0438\u0439 \u0440\u0435\u043c\u0456\u043d\u044c"},"content":{"rendered":"<p>\u0415\u043b\u0435\u0433\u0430\u043d\u0442\u043d\u0438\u0439 \u0442\u0430 \u043c\u0456\u0446\u043d\u0438\u0439 \u0447\u043e\u043b\u043e\u0432\u0456\u0447\u0438\u0439 \u043a\u043e\u0440\u043a\u043e\u0432\u0438\u0439 \u0440\u0435\u043c\u0456\u043d\u044c \u0434\u043e\u043f\u043e\u0432\u043d\u0438\u0442\u044c \u0432\u0430\u0448 \u043e\u0431\u0440\u0430\u0437 \u0441\u0442\u0438\u043b\u044c\u043d\u043e\u044e \u0442\u0435\u043a\u0441\u0442\u0443\u0440\u043e\u044e. \u0426\u0435\u0439 \u0440\u0435\u043c\u0456\u043d\u044c \u0447\u0443\u0434\u043e\u0432\u043e \u043f\u0456\u0434\u0456\u0439\u0434\u0435 \u044f\u043a \u0434\u043b\u044f \u0432\u0435\u0441\u0456\u043b\u043b\u044f, \u0442\u0430\u043a \u0456 \u0434\u043b\u044f \u0440\u043e\u0431\u043e\u0442\u0438 \u0432 \u043e\u0444\u0456\u0441\u0456. \u0412\u0438\u0433\u043e\u0442\u043e\u0432\u043b\u0435\u043d\u0438\u0439 \u0437 \u0432\u0438\u0441\u043e\u043a\u043e\u044f\u043a\u0456\u0441\u043d\u043e\u0433\u043e \u0434\u0443\u0431\u043e\u0432\u043e\u0433\u043e \u043a\u043e\u0440\u043a\u0443, \u044f\u043a\u0438\u0439 \u0454 \u0435\u043a\u043e\u043b\u043e\u0433\u0456\u0447\u043d\u0438\u043c, \u0441\u0442\u0456\u0439\u043a\u0438\u043c, \u043c&#039;\u044f\u043a\u0438\u043c, \u0433\u043d\u0443\u0447\u043a\u0438\u043c \u0442\u0430 \u0434\u043e\u0432\u0433\u043e\u0432\u0456\u0447\u043d\u0438\u043c. \u041a\u043e\u0440\u043e\u043a \u2013 \u0446\u0435 \u043e\u0440\u0433\u0430\u043d\u0456\u0447\u043d\u0438\u0439 \u043c\u0430\u0442\u0435\u0440\u0456\u0430\u043b, \u043e\u0442\u0440\u0438\u043c\u0430\u043d\u0438\u0439 \u0437\u0456 \u0441\u0442\u0430\u043b\u043e\u0433\u043e \u0434\u0436\u0435\u0440\u0435\u043b\u0430, \u0449\u043e \u0437\u043c\u0435\u043d\u0448\u0443\u0454 \u0435\u043a\u043e\u043b\u043e\u0433\u0456\u0447\u043d\u0438\u0439 \u0441\u043b\u0456\u0434 \u0446\u044c\u043e\u0433\u043e \u0440\u0435\u043c\u0435\u043d\u044f.<\/p>\n<p>\u041a\u043e\u0440\u043e\u043a \u043c\u0430\u0454 \u043f\u0440\u0438\u0440\u043e\u0434\u043d\u0443 \u0432\u043e\u0434\u043e\u043d\u0435\u043f\u0440\u043e\u043d\u0438\u043a\u043d\u0456\u0441\u0442\u044c \u0442\u0430 \u0432\u043e\u0433\u043d\u0435\u0441\u0442\u0456\u0439\u043a\u0456\u0441\u0442\u044c, \u0449\u043e \u0434\u043e\u0434\u0430\u0454 \u0439\u043e\u043c\u0443 \u043c\u0456\u0446\u043d\u043e\u0441\u0442\u0456 \u0442\u0430 \u0434\u043e\u0432\u0433\u043e\u0432\u0456\u0447\u043d\u043e\u0441\u0442\u0456. \u041a\u0440\u0456\u043c \u0442\u043e\u0433\u043e, \u0432\u0438\u0440\u043e\u0431\u043d\u0438\u0446\u0442\u0432\u043e \u043a\u043e\u0440\u043a\u0443 \u0454 \u0435\u043d\u0435\u0440\u0433\u043e\u0435\u0444\u0435\u043a\u0442\u0438\u0432\u043d\u0438\u043c, \u043e\u0441\u043a\u0456\u043b\u044c\u043a\u0438 \u043d\u0435 \u0432\u0438\u043c\u0430\u0433\u0430\u0454 \u0432\u0438\u0440\u0443\u0431\u043a\u0438 \u0434\u0435\u0440\u0435\u0432, \u043b\u0438\u0448\u0435 \u043e\u0447\u0438\u0449\u0435\u043d\u043d\u044f \u0457\u0445\u043d\u044c\u043e\u0457 \u043a\u043e\u0440\u0438, \u044f\u043a\u0430 \u0437 \u0447\u0430\u0441\u043e\u043c \u0432\u0456\u0434\u043d\u043e\u0432\u043b\u044e\u0454\u0442\u044c\u0441\u044f. \u041b\u0435\u0433\u043a\u0456\u0441\u0442\u044c \u0442\u0430 \u0437\u0440\u0443\u0447\u043d\u0456\u0441\u0442\u044c \u043a\u043e\u0440\u043a\u0443 \u0440\u043e\u0431\u043b\u044f\u0442\u044c \u0439\u043e\u0433\u043e \u0456\u0434\u0435\u0430\u043b\u044c\u043d\u0438\u043c \u0432\u0438\u0431\u043e\u0440\u043e\u043c \u0434\u043b\u044f \u0449\u043e\u0434\u0435\u043d\u043d\u043e\u0433\u043e \u043d\u043e\u0441\u0456\u043d\u043d\u044f.<\/p>\n<p>&nbsp;<\/p>\n<p><strong>\u0420\u043e\u0437\u043c\u0456\u0440 \u0442\u0430 \u043f\u043e\u0441\u0430\u0434\u043a\u0430:<\/strong><\/p>\n<ul>\n<li>\u0428\u0438\u0440\u0438\u043d\u0430: 3,3 \u0441\u043c<\/li>\n<li>\u0414\u043e\u0432\u0436\u0438\u043d\u0430: 110-120 \u0441\u043c<\/li>\n<li>\u0422\u043e\u0432\u0449\u0438\u043d\u0430: 0,33 \u0441\u043c<\/li>\n<li>\u0412\u0430\u0433\u0430: 170 \u0433<\/li>\n<\/ul>","protected":false},"excerpt":{"rendered":"<p>Elegantne ja tugev korgist meeste p\u00fcksirihm t\u00e4iustab riietust stiilse tekstuuriga. See v\u00f6\u00f6 on suurep\u00e4rane valik nii pulmas osalemiseks kui ka kontoris viibimiseks.&hellip;<\/p>","protected":false},"featured_media":4666,"comment_status":"open","ping_status":"closed","template":"","meta":{"wprm-recipe-roundup-name":"","wprm-recipe-roundup-description":""},"product_brand":[],"product_cat":[244],"product_tag":[214],"class_list":{"0":"post-4655","1":"product","2":"type-product","3":"status-publish","4":"has-post-thumbnail","6":"product_cat-rihmad","7":"product_tag-voo","9":"first","10":"instock","11":"taxable","12":"shipping-taxable","13":"purchasable","14":"product-type-variable"},"supplier_id":null,"supplier_sku":"","barcode":null,"atum_controlled":true,"out_stock_date":null,"out_stock_threshold":null,"inheritable":false,"inbound_stock":0,"stock_on_hold":0,"sold_today":0,"sales_last_days":0,"reserved_stock":0,"customer_returns":0,"warehouse_damage":0,"lost_in_post":0,"other_logs":0,"out_stock_days":0,"lost_sales":0,"has_location":false,"update_date":"2026-03-07T01:16:08","atum_locations":[],"atum_stock_status":"instock","restock_status":false,"low_stock_amount":"","sales_update_date":"2026-03-07T01:16:08","calc_backorders":null,"aioseo_notices":[],"_links":{"self":[{"href":"https:\/\/ecoshop.ee\/uk\/wp-json\/wp\/v2\/product\/4655","targetHints":{"allow":["GET"]}}],"collection":[{"href":"https:\/\/ecoshop.ee\/uk\/wp-json\/wp\/v2\/product"}],"about":[{"href":"https:\/\/ecoshop.ee\/uk\/wp-json\/wp\/v2\/types\/product"}],"replies":[{"embeddable":true,"href":"https:\/\/ecoshop.ee\/uk\/wp-json\/wp\/v2\/comments?post=4655"}],"version-history":[{"count":0,"href":"https:\/\/ecoshop.ee\/uk\/wp-json\/wp\/v2\/product\/4655\/revisions"}],"wp:featuredmedia":[{"embeddable":true,"href":"https:\/\/ecoshop.ee\/uk\/wp-json\/wp\/v2\/media\/4666"}],"wp:attachment":[{"href":"https:\/\/ecoshop.ee\/uk\/wp-json\/wp\/v2\/media?parent=4655"}],"wp:term":[{"taxonomy":"product_brand","embeddable":true,"href":"https:\/\/ecoshop.ee\/uk\/wp-json\/wp\/v2\/product_brand?post=4655"},{"taxonomy":"product_cat","embeddable":true,"href":"https:\/\/ecoshop.ee\/uk\/wp-json\/wp\/v2\/product_cat?post=4655"},{"taxonomy":"product_tag","embeddable":true,"href":"https:\/\/ecoshop.ee\/uk\/wp-json\/wp\/v2\/product_tag?post=4655"}],"curies":[{"name":"wp","href":"https:\/\/api.w.org\/{rel}","templated":true}]}}