{"id":4755,"date":"2024-06-24T17:18:21","date_gmt":"2024-06-24T14:18:21","guid":{"rendered":"https:\/\/ecoshop.ee\/?post_type=product&#038;p=4755"},"modified":"2025-12-25T19:35:23","modified_gmt":"2025-12-25T16:35:23","slug":"%d0%ba%d0%be%d0%bc%d0%bf%d0%b0%d0%ba%d1%82%d0%bd%d0%b8%d0%b9-%d0%ba%d0%be%d1%80%d0%ba%d0%be%d0%b2%d0%b8%d0%b9-%d0%b3%d0%b0%d0%bc%d0%b0%d0%bd%d0%b5%d1%86%d1%8c-%d1%96%d0%b7-%d0%b7%d0%b0%d1%81%d1%82","status":"publish","type":"product","link":"https:\/\/ecoshop.ee\/uk\/rahakotid\/kompaktne-tomblukuga-korgist-rahakott\/","title":{"rendered":"\u041a\u043e\u043c\u043f\u0430\u043a\u0442\u043d\u0438\u0439 \u043a\u043e\u0440\u043a\u043e\u0432\u0438\u0439 \u0433\u0430\u043c\u0430\u043d\u0435\u0446\u044c \u043d\u0430 \u0431\u043b\u0438\u0441\u043a\u0430\u0432\u0446\u0456"},"content":{"rendered":"<p>\u041f\u0440\u0435\u0434\u0441\u0442\u0430\u0432\u043b\u044f\u0454\u043c\u043e \u0432\u0430\u0448\u043e\u0433\u043e \u043d\u043e\u0432\u043e\u0433\u043e \u0441\u0443\u043f\u0443\u0442\u043d\u0438\u043a\u0430 \u043d\u0430 \u043a\u043e\u0436\u0435\u043d \u0434\u0435\u043d\u044c \u2013 \u043a\u043e\u043c\u043f\u0430\u043a\u0442\u043d\u0438\u0439 \u043a\u043e\u0440\u043a\u043e\u0432\u0438\u0439 \u0433\u0430\u043c\u0430\u043d\u0435\u0446\u044c \u0456\u0437 \u0437\u0430\u0441\u0442\u0456\u0431\u043a\u043e\u044e-\u0431\u043b\u0438\u0441\u043a\u0430\u0432\u043a\u043e\u044e. \u0421\u0440\u0456\u0431\u043d\u0456 \u0430\u043a\u0446\u0435\u043d\u0442\u0438 \u0446\u044c\u043e\u0433\u043e \u0433\u0430\u043c\u0430\u043d\u0446\u044f \u0434\u043e\u0434\u0430\u044e\u0442\u044c \u043d\u043e\u0442\u043a\u0443 \u0435\u043b\u0435\u0433\u0430\u043d\u0442\u043d\u043e\u0441\u0442\u0456 \u0442\u0430 \u0431\u043b\u0438\u0441\u043a\u0443 \u0431\u0443\u0434\u044c-\u044f\u043a\u043e\u043c\u0443 \u0432\u0431\u0440\u0430\u043d\u043d\u044e. \u0412\u0435\u0440\u0445\u043d\u044f \u0431\u043b\u0438\u0441\u043a\u0430\u0432\u043a\u0430 \u0437\u0430\u0431\u0435\u0437\u043f\u0435\u0447\u0443\u0454 \u043b\u0435\u0433\u043a\u0438\u0439 \u0442\u0430 \u0448\u0432\u0438\u0434\u043a\u0438\u0439 \u0434\u043e\u0441\u0442\u0443\u043f, \u0449\u043e \u0440\u043e\u0431\u0438\u0442\u044c \u0446\u0435\u0439 \u0433\u0430\u043c\u0430\u043d\u0435\u0446\u044c \u0456\u0434\u0435\u0430\u043b\u044c\u043d\u0438\u043c \u0432\u0438\u0431\u043e\u0440\u043e\u043c \u0434\u043b\u044f \u0449\u043e\u0434\u0435\u043d\u043d\u043e\u0433\u043e \u0432\u0438\u043a\u043e\u0440\u0438\u0441\u0442\u0430\u043d\u043d\u044f.<\/p>\n<p>\u041a\u043e\u0440\u043e\u043a \u2013 \u0446\u0435 \u043c\u0430\u0442\u0435\u0440\u0456\u0430\u043b, \u043e\u0442\u0440\u0438\u043c\u0430\u043d\u0438\u0439 \u0437 \u043a\u043e\u0440\u0438 \u0434\u0443\u0431\u0430. \u0426\u0435\u0439 \u043a\u043e\u0440\u043a\u043e\u0432\u0438\u0439 \u0433\u0430\u043c\u0430\u043d\u0435\u0446\u044c \u043d\u0435 \u0442\u0456\u043b\u044c\u043a\u0438 \u0435\u043a\u043e\u043b\u043e\u0433\u0456\u0447\u043d\u0438\u0439 \u0442\u0430 \u0441\u0442\u0456\u0439\u043a\u0438\u0439, \u0430\u043b\u0435 \u0439 \u0434\u0443\u0436\u0435 \u043c\u0456\u0446\u043d\u0438\u0439 \u0442\u0430 \u0433\u043d\u0443\u0447\u043a\u0438\u0439. \u041a\u043e\u0440\u043e\u043a \u043c\u0430\u0454 \u043f\u0440\u0438\u0440\u043e\u0434\u043d\u0456 \u0432\u043e\u0434\u043e\u043d\u0435\u043f\u0440\u043e\u043d\u0438\u043a\u043d\u0456 \u0442\u0430 \u0432\u043e\u0433\u043d\u0435\u0441\u0442\u0456\u0439\u043a\u0456 \u0432\u043b\u0430\u0441\u0442\u0438\u0432\u043e\u0441\u0442\u0456, \u0449\u043e \u0440\u043e\u0431\u0438\u0442\u044c \u0439\u043e\u0433\u043e \u0456\u0434\u0435\u0430\u043b\u044c\u043d\u0438\u043c \u0432\u0438\u0431\u043e\u0440\u043e\u043c \u0434\u043b\u044f \u0449\u043e\u0434\u0435\u043d\u043d\u0438\u0445 \u0430\u043a\u0441\u0435\u0441\u0443\u0430\u0440\u0456\u0432. \u041c\u2019\u044f\u043a\u0430 \u0442\u0435\u043a\u0441\u0442\u0443\u0440\u0430 \u0442\u0430 \u043b\u0435\u0433\u043a\u0456\u0441\u0442\u044c \u043a\u043e\u0440\u043a\u0443 \u0440\u043e\u0431\u043b\u044f\u0442\u044c \u0439\u043e\u0433\u043e \u043f\u0440\u0438\u0454\u043c\u043d\u0438\u043c \u0434\u043b\u044f \u043d\u043e\u0441\u0456\u043d\u043d\u044f, \u0456 \u0432\u0456\u043d \u043d\u0435 \u0432\u0442\u0440\u0430\u0447\u0430\u0454 \u0441\u0432\u043e\u0454\u0457 \u0444\u043e\u0440\u043c\u0438 \u0447\u0438 \u0437\u043e\u0432\u043d\u0456\u0448\u043d\u044c\u043e\u0433\u043e \u0432\u0438\u0433\u043b\u044f\u0434\u0443 \u0437 \u0447\u0430\u0441\u043e\u043c.<\/p>\n<p>&nbsp;<\/p>\n<p><strong>\u0420\u043e\u0437\u043c\u0456\u0440\u0438:<\/strong><\/p>\n<ul>\n<li>\u0414\u043e\u0432\u0436\u0438\u043d\u0430: 19 \u0441\u043c<\/li>\n<li>\u0428\u0438\u0440\u0438\u043d\u0430 10 \u0441\u043c<\/li>\n<li>\u0422\u043e\u0432\u0449\u0438\u043d\u0430: 2,5 \u0441\u043c<\/li>\n<\/ul>","protected":false},"excerpt":{"rendered":"<p>Tutvustame sinu uut igap\u00e4evast kaaslast \u2013 kompaktset t\u00f5mblukuga korgist rahakotti. Selle rahakoti h\u00f5bedased aktsendid annavad igale riietusele s\u00e4rtsu ja elegantsi. \u00dclemine t\u00f5mblukk&hellip;<\/p>","protected":false},"featured_media":4761,"comment_status":"open","ping_status":"closed","template":"","meta":{"wprm-recipe-roundup-name":"","wprm-recipe-roundup-description":""},"product_brand":[],"product_cat":[241],"product_tag":[219],"class_list":{"0":"post-4755","1":"product","2":"type-product","3":"status-publish","4":"has-post-thumbnail","6":"product_cat-rahakotid","7":"product_tag-rahakott","9":"first","10":"instock","11":"taxable","12":"shipping-taxable","13":"purchasable","14":"product-type-variable"},"supplier_id":null,"supplier_sku":"","barcode":null,"atum_controlled":true,"out_stock_date":null,"out_stock_threshold":null,"inheritable":false,"inbound_stock":0,"stock_on_hold":0,"sold_today":0,"sales_last_days":0,"reserved_stock":0,"customer_returns":0,"warehouse_damage":0,"lost_in_post":0,"other_logs":0,"out_stock_days":0,"lost_sales":0,"has_location":false,"update_date":"2026-03-07T01:16:10","atum_locations":[],"atum_stock_status":"instock","restock_status":false,"low_stock_amount":"","sales_update_date":"2026-03-07T01:16:10","calc_backorders":null,"aioseo_notices":[],"_links":{"self":[{"href":"https:\/\/ecoshop.ee\/uk\/wp-json\/wp\/v2\/product\/4755","targetHints":{"allow":["GET"]}}],"collection":[{"href":"https:\/\/ecoshop.ee\/uk\/wp-json\/wp\/v2\/product"}],"about":[{"href":"https:\/\/ecoshop.ee\/uk\/wp-json\/wp\/v2\/types\/product"}],"replies":[{"embeddable":true,"href":"https:\/\/ecoshop.ee\/uk\/wp-json\/wp\/v2\/comments?post=4755"}],"version-history":[{"count":0,"href":"https:\/\/ecoshop.ee\/uk\/wp-json\/wp\/v2\/product\/4755\/revisions"}],"wp:featuredmedia":[{"embeddable":true,"href":"https:\/\/ecoshop.ee\/uk\/wp-json\/wp\/v2\/media\/4761"}],"wp:attachment":[{"href":"https:\/\/ecoshop.ee\/uk\/wp-json\/wp\/v2\/media?parent=4755"}],"wp:term":[{"taxonomy":"product_brand","embeddable":true,"href":"https:\/\/ecoshop.ee\/uk\/wp-json\/wp\/v2\/product_brand?post=4755"},{"taxonomy":"product_cat","embeddable":true,"href":"https:\/\/ecoshop.ee\/uk\/wp-json\/wp\/v2\/product_cat?post=4755"},{"taxonomy":"product_tag","embeddable":true,"href":"https:\/\/ecoshop.ee\/uk\/wp-json\/wp\/v2\/product_tag?post=4755"}],"curies":[{"name":"wp","href":"https:\/\/api.w.org\/{rel}","templated":true}]}}