{"id":4769,"date":"2024-06-24T18:55:01","date_gmt":"2024-06-24T15:55:01","guid":{"rendered":"https:\/\/ecoshop.ee\/?post_type=product&#038;p=4769"},"modified":"2025-12-25T19:36:49","modified_gmt":"2025-12-25T16:36:49","slug":"%d0%b6%d1%96%d0%bd%d0%be%d1%87%d0%b8%d0%b9-%d1%81%d1%82%d1%80%d1%96%d0%bc-%d0%ba%d0%be%d1%80%d0%ba%d0%b0","status":"publish","type":"product","link":"https:\/\/ecoshop.ee\/uk\/rihmad\/korgist-naiste-voo\/","title":{"rendered":"\u0416\u0456\u043d\u043e\u0447\u0438\u0439 \u043a\u043e\u0440\u043a\u043e\u0432\u0438\u0439 \u043f\u043e\u044f\u0441"},"content":{"rendered":"<p>\u0412\u0456\u0434\u0447\u0443\u0439\u0442\u0435 \u0456\u0434\u0435\u0430\u043b\u044c\u043d\u0435 \u043f\u043e\u0454\u0434\u043d\u0430\u043d\u043d\u044f \u043c\u043e\u0434\u0438 \u0442\u0430 \u0435\u043a\u043e\u043b\u043e\u0433\u0456\u0447\u043d\u043e\u0441\u0442\u0456 \u0437 \u043d\u0430\u0448\u0438\u043c \u0436\u0456\u043d\u043e\u0447\u0438\u043c \u043a\u043e\u0440\u043a\u043e\u0432\u0438\u043c \u0440\u0435\u043c\u0435\u043d\u0435\u043c. \u041f\u0435\u0440\u0435\u0434\u043d\u044f \u0447\u0430\u0441\u0442\u0438\u043d\u0430 \u0440\u0435\u043c\u0435\u043d\u044f \u0432\u0438\u0433\u043e\u0442\u043e\u0432\u043b\u0435\u043d\u0430 \u0437 \u043d\u0430\u0442\u0443\u0440\u0430\u043b\u044c\u043d\u043e\u0433\u043e \u043a\u043e\u0440\u043a\u043e\u0432\u043e\u0433\u043e \u043c\u0430\u0442\u0435\u0440\u0456\u0430\u043b\u0443, \u0449\u043e \u0434\u0435\u043c\u043e\u043d\u0441\u0442\u0440\u0443\u0454 \u0432\u0456\u0434\u0434\u0430\u043d\u0456\u0441\u0442\u044c \u0435\u043a\u043e\u043b\u043e\u0433\u0456\u0447\u043d\u0456\u0439 \u043c\u043e\u0434\u0456. \u0417\u0430\u0434\u043d\u044f \u0447\u0430\u0441\u0442\u0438\u043d\u0430 \u043e\u0431\u0448\u0438\u0442\u0430 \u043c&#039;\u044f\u043a\u043e\u044e \u0432\u0435\u0433\u0430\u043d\u0441\u044c\u043a\u043e\u044e \u0448\u043a\u0456\u0440\u043e\u044e, \u0449\u043e \u0437\u0430\u0431\u0435\u0437\u043f\u0435\u0447\u0443\u0454 \u043a\u043e\u043c\u0444\u043e\u0440\u0442. \u0420\u0435\u043c\u0456\u043d\u044c \u043e\u0441\u043d\u0430\u0449\u0435\u043d\u0438\u0439 \u043c\u0456\u0446\u043d\u043e\u044e \u0442\u0430 \u0441\u0442\u0438\u043b\u044c\u043d\u043e\u044e \u0441\u0440\u0456\u0431\u043b\u044f\u0441\u0442\u043e-\u0441\u0456\u0440\u043e\u044e \u043f\u0440\u044f\u043c\u043e\u043a\u0443\u0442\u043d\u043e\u044e \u043f\u0440\u044f\u0436\u043a\u043e\u044e, \u044f\u043a\u0430 \u0434\u043e\u0434\u0430\u0441\u0442\u044c \u0435\u043b\u0435\u0433\u0430\u043d\u0442\u043d\u043e\u0441\u0442\u0456 \u0431\u0443\u0434\u044c-\u044f\u043a\u043e\u043c\u0443 \u0432\u0431\u0440\u0430\u043d\u043d\u044e.<\/p>\n<p>\u041a\u043e\u0440\u043e\u043a \u043c\u0430\u0454 \u043f\u0440\u0438\u0440\u043e\u0434\u043d\u0443 \u0432\u043e\u0434\u043e\u043d\u0435\u043f\u0440\u043e\u043d\u0438\u043a\u043d\u0456\u0441\u0442\u044c \u0442\u0430 \u0432\u043e\u0433\u043d\u0435\u0441\u0442\u0456\u0439\u043a\u0456\u0441\u0442\u044c, \u0449\u043e \u0434\u043e\u0434\u0430\u0454 \u0439\u043e\u043c\u0443 \u043c\u0456\u0446\u043d\u043e\u0441\u0442\u0456 \u0442\u0430 \u0434\u043e\u0432\u0433\u043e\u0432\u0456\u0447\u043d\u043e\u0441\u0442\u0456. \u041a\u0440\u0456\u043c \u0442\u043e\u0433\u043e, \u0432\u0438\u0440\u043e\u0431\u043d\u0438\u0446\u0442\u0432\u043e \u043a\u043e\u0440\u043a\u0443 \u0454 \u0435\u043d\u0435\u0440\u0433\u043e\u0435\u0444\u0435\u043a\u0442\u0438\u0432\u043d\u0438\u043c, \u043e\u0441\u043a\u0456\u043b\u044c\u043a\u0438 \u043d\u0435 \u0432\u0438\u043c\u0430\u0433\u0430\u0454 \u0432\u0438\u0440\u0443\u0431\u043a\u0438 \u0434\u0435\u0440\u0435\u0432, \u043b\u0438\u0448\u0435 \u043e\u0447\u0438\u0449\u0435\u043d\u043d\u044f \u0457\u0445\u043d\u044c\u043e\u0457 \u043a\u043e\u0440\u0438, \u044f\u043a\u0430 \u0437 \u0447\u0430\u0441\u043e\u043c \u0432\u0456\u0434\u043d\u043e\u0432\u043b\u044e\u0454\u0442\u044c\u0441\u044f. \u041b\u0435\u0433\u043a\u0456\u0441\u0442\u044c \u0442\u0430 \u0437\u0440\u0443\u0447\u043d\u0456\u0441\u0442\u044c \u043a\u043e\u0440\u043a\u0443 \u0440\u043e\u0431\u043b\u044f\u0442\u044c \u0439\u043e\u0433\u043e \u0456\u0434\u0435\u0430\u043b\u044c\u043d\u0438\u043c \u0432\u0438\u0431\u043e\u0440\u043e\u043c \u0434\u043b\u044f \u0449\u043e\u0434\u0435\u043d\u043d\u043e\u0433\u043e \u043d\u043e\u0441\u0456\u043d\u043d\u044f.<\/p>\n<p>\u0414\u043e\u043f\u043e\u0432\u043d\u0456\u0442\u044c \u0441\u0432\u0456\u0439 \u0433\u0430\u0440\u0434\u0435\u0440\u043e\u0431 \u0446\u0438\u043c \u0435\u043b\u0435\u0433\u0430\u043d\u0442\u043d\u0438\u043c \u0442\u0430 \u0435\u043a\u043e\u043b\u043e\u0433\u0456\u0447\u043d\u0438\u043c \u0440\u0435\u043c\u0435\u043d\u0435\u043c!<\/p>\n<p><strong>\u0420\u043e\u0437\u043c\u0456\u0440:<\/strong><\/p>\n<ul>\n<li>\u0414\u043e\u0432\u0436\u0438\u043d\u0430: 95 \u0441\u043c<\/li>\n<li>\u0428\u0438\u0440\u0438\u043d\u0430: 2 \u0441\u043c<\/li>\n<\/ul>","protected":false},"excerpt":{"rendered":"<p>Koge moe ja j\u00e4tkusuutlikkuse t\u00e4iuslikku kombinatsiooni meie korgist naiste v\u00f6\u00f6ga. V\u00f6\u00f6 esik\u00fclg on valmistatud ehtsast korgimaterjalist, demonstreerides p\u00fchendumust keskkonnas\u00f5bralikule moele. Tagak\u00fclg on&hellip;<\/p>","protected":false},"featured_media":4772,"comment_status":"open","ping_status":"closed","template":"","meta":{"wprm-recipe-roundup-name":"","wprm-recipe-roundup-description":""},"product_brand":[],"product_cat":[244],"product_tag":[214],"class_list":{"0":"post-4769","1":"product","2":"type-product","3":"status-publish","4":"has-post-thumbnail","6":"product_cat-rihmad","7":"product_tag-voo","9":"first","10":"instock","11":"taxable","12":"shipping-taxable","13":"purchasable","14":"product-type-variable"},"supplier_id":null,"supplier_sku":"","barcode":null,"atum_controlled":true,"out_stock_date":null,"out_stock_threshold":null,"inheritable":false,"inbound_stock":0,"stock_on_hold":0,"sold_today":0,"sales_last_days":0,"reserved_stock":0,"customer_returns":0,"warehouse_damage":0,"lost_in_post":0,"other_logs":0,"out_stock_days":0,"lost_sales":0,"has_location":false,"update_date":"2026-03-07T01:16:10","atum_locations":[],"atum_stock_status":"instock","restock_status":false,"low_stock_amount":"","sales_update_date":"2026-03-07T01:16:10","calc_backorders":null,"aioseo_notices":[],"_links":{"self":[{"href":"https:\/\/ecoshop.ee\/uk\/wp-json\/wp\/v2\/product\/4769","targetHints":{"allow":["GET"]}}],"collection":[{"href":"https:\/\/ecoshop.ee\/uk\/wp-json\/wp\/v2\/product"}],"about":[{"href":"https:\/\/ecoshop.ee\/uk\/wp-json\/wp\/v2\/types\/product"}],"replies":[{"embeddable":true,"href":"https:\/\/ecoshop.ee\/uk\/wp-json\/wp\/v2\/comments?post=4769"}],"version-history":[{"count":0,"href":"https:\/\/ecoshop.ee\/uk\/wp-json\/wp\/v2\/product\/4769\/revisions"}],"wp:featuredmedia":[{"embeddable":true,"href":"https:\/\/ecoshop.ee\/uk\/wp-json\/wp\/v2\/media\/4772"}],"wp:attachment":[{"href":"https:\/\/ecoshop.ee\/uk\/wp-json\/wp\/v2\/media?parent=4769"}],"wp:term":[{"taxonomy":"product_brand","embeddable":true,"href":"https:\/\/ecoshop.ee\/uk\/wp-json\/wp\/v2\/product_brand?post=4769"},{"taxonomy":"product_cat","embeddable":true,"href":"https:\/\/ecoshop.ee\/uk\/wp-json\/wp\/v2\/product_cat?post=4769"},{"taxonomy":"product_tag","embeddable":true,"href":"https:\/\/ecoshop.ee\/uk\/wp-json\/wp\/v2\/product_tag?post=4769"}],"curies":[{"name":"wp","href":"https:\/\/api.w.org\/{rel}","templated":true}]}}