{"id":4873,"date":"2024-06-27T21:39:24","date_gmt":"2024-06-27T18:39:24","guid":{"rendered":"https:\/\/ecoshop.ee\/?post_type=product&#038;p=4873"},"modified":"2025-02-20T11:40:28","modified_gmt":"2025-02-20T09:40:28","slug":"%d0%b3%d0%b0%d1%80%d0%bd%d0%b8%d0%b9-%d0%ba%d0%be%d1%80%d0%ba%d0%be%d0%b2%d0%b8%d0%b9-%d1%82%d0%b0%d0%bb%d1%96%d1%81%d0%bc%d0%b0%d0%bd-%d0%b7-%d1%82%d1%80%d0%b0%d0%b4%d0%b8%d1%86%d1%96%d0%b9%d0%bd","status":"publish","type":"product","link":"https:\/\/ecoshop.ee\/uk\/kaekellad-ja-ehted\/kaunis-korgist-kaevoru-traditsioonilise-amuletiga\/","title":{"rendered":"\u0413\u0430\u0440\u043d\u0438\u0439 \u043a\u043e\u0440\u043a\u043e\u0432\u0438\u0439 \u0431\u0440\u0430\u0441\u043b\u0435\u0442 \u0437 \u0442\u0440\u0430\u0434\u0438\u0446\u0456\u0439\u043d\u0438\u043c \u0430\u043c\u0443\u043b\u0435\u0442\u043e\u043c"},"content":{"rendered":"<p>\u0413\u0430\u0440\u043d\u0438\u0439 \u043a\u043e\u0440\u043a\u043e\u0432\u0438\u0439 \u0431\u0440\u0430\u0441\u043b\u0435\u0442 \u2013 \u0430\u043a\u0441\u0435\u0441\u0443\u0430\u0440, \u0449\u043e \u043f\u043e\u0454\u0434\u043d\u0443\u0454 \u0432 \u0441\u043e\u0431\u0456 \u0442\u0440\u0430\u0434\u0438\u0446\u0456\u0439\u043d\u0438\u0439 \u043f\u043e\u0440\u0442\u0443\u0433\u0430\u043b\u044c\u0441\u044c\u043a\u0438\u0439 \u0430\u043c\u0443\u043b\u0435\u0442 \u0442\u0430 \u043c\u0456\u0446\u043d\u0438\u0439 \u043a\u043e\u0440\u043a\u043e\u0432\u0438\u0439 \u0448\u043d\u0443\u0440, \u0432\u0438\u0433\u043e\u0442\u043e\u0432\u043b\u0435\u043d\u0438\u0439 \u0437\u0456 \u0441\u043f\u0440\u0430\u0432\u0436\u043d\u044c\u043e\u0457 \u043f\u043e\u0440\u0442\u0443\u0433\u0430\u043b\u044c\u0441\u044c\u043a\u043e\u0457 \u0434\u0443\u0431\u043e\u0432\u043e\u0457 \u0434\u0435\u0440\u0435\u0432\u0438\u043d\u0438. \u0412\u0438\u0440\u043e\u0431\u043d\u0438\u0446\u0442\u0432\u043e \u043a\u043e\u0440\u043a\u0443 \u0454 \u0435\u043a\u043e\u043b\u043e\u0433\u0456\u0447\u043d\u0438\u043c \u0442\u0430 \u043d\u0435 \u0448\u043a\u043e\u0434\u0438\u0442\u044c \u0434\u0435\u0440\u0435\u0432\u0443. \u0423 \u0431\u0440\u0430\u0441\u043b\u0435\u0442\u0456 \u0432\u0438\u043a\u043e\u0440\u0438\u0441\u0442\u043e\u0432\u0443\u0454\u0442\u044c\u0441\u044f \u0437\u0440\u0443\u0447\u043d\u0430 \u043c\u0430\u0433\u043d\u0456\u0442\u043d\u0430 \u0437\u0430\u0441\u0442\u0456\u0431\u043a\u0430, \u044f\u043a\u0430 \u0437\u0430\u0431\u0435\u0437\u043f\u0435\u0447\u0443\u0454 \u043b\u0435\u0433\u043a\u0435 \u043a\u0440\u0456\u043f\u043b\u0435\u043d\u043d\u044f \u0442\u0430 \u043d\u0430\u0434\u0456\u0439\u043d\u0435 \u043d\u043e\u0441\u0456\u043d\u043d\u044f. \u041f\u0440\u0438\u043c\u0456\u0442\u043a\u0430! \u0412\u0456\u0437\u0435\u0440\u0443\u043d\u043e\u043a \u0430\u043c\u0443\u043b\u0435\u0442\u0430 \u043f\u0440\u0438\u0434\u0431\u0430\u043d\u0438\u0445 \u0431\u0440\u0430\u0441\u043b\u0435\u0442\u0456\u0432 \u0432\u0438\u043f\u0430\u0434\u043a\u043e\u0432\u0438\u0439.<\/p>\n<p><strong>\u0420\u043e\u0437\u043c\u0456\u0440:<\/strong><\/p>\n<ul>\n<li>\u0414\u043e\u0432\u0436\u0438\u043d\u0430: 20 \u0441\u043c<\/li>\n<li>\u0428\u0438\u0440\u0438\u043d\u0430: 2 \u0441\u043c<\/li>\n<\/ul>","protected":false},"excerpt":{"rendered":"<p>Kaunis korgist k\u00e4ev\u00f5ru \u2013 aksessuaar, mis \u00fchendab endas traditsioonilise Portugali amuleti ja vastupidava korgist n\u00f6\u00f6ri mis valmistatud ehtsast Portugali tammepuidust. Korgi tootmine&hellip;<\/p>","protected":false},"featured_media":4875,"comment_status":"open","ping_status":"closed","template":"","meta":{"wprm-recipe-roundup-name":"","wprm-recipe-roundup-description":""},"product_brand":[],"product_cat":[243],"product_tag":[225],"class_list":{"0":"post-4873","1":"product","2":"type-product","3":"status-publish","4":"has-post-thumbnail","6":"product_cat-kaekellad-ja-ehted","7":"product_tag-kaevoru","9":"first","10":"instock","11":"taxable","12":"shipping-taxable","13":"purchasable","14":"product-type-simple"},"supplier_id":9159,"supplier_sku":"","barcode":null,"atum_controlled":true,"out_stock_date":null,"out_stock_threshold":null,"inheritable":false,"inbound_stock":0,"stock_on_hold":0,"sold_today":0,"sales_last_days":0,"reserved_stock":0,"customer_returns":0,"warehouse_damage":0,"lost_in_post":0,"other_logs":0,"out_stock_days":0,"lost_sales":0,"has_location":false,"update_date":"2026-03-07T01:16:03","atum_locations":[],"atum_stock_status":"instock","restock_status":false,"low_stock_amount":"","sales_update_date":"2026-03-07T01:16:03","calc_backorders":null,"aioseo_notices":[],"_links":{"self":[{"href":"https:\/\/ecoshop.ee\/uk\/wp-json\/wp\/v2\/product\/4873","targetHints":{"allow":["GET"]}}],"collection":[{"href":"https:\/\/ecoshop.ee\/uk\/wp-json\/wp\/v2\/product"}],"about":[{"href":"https:\/\/ecoshop.ee\/uk\/wp-json\/wp\/v2\/types\/product"}],"replies":[{"embeddable":true,"href":"https:\/\/ecoshop.ee\/uk\/wp-json\/wp\/v2\/comments?post=4873"}],"version-history":[{"count":0,"href":"https:\/\/ecoshop.ee\/uk\/wp-json\/wp\/v2\/product\/4873\/revisions"}],"wp:featuredmedia":[{"embeddable":true,"href":"https:\/\/ecoshop.ee\/uk\/wp-json\/wp\/v2\/media\/4875"}],"wp:attachment":[{"href":"https:\/\/ecoshop.ee\/uk\/wp-json\/wp\/v2\/media?parent=4873"}],"wp:term":[{"taxonomy":"product_brand","embeddable":true,"href":"https:\/\/ecoshop.ee\/uk\/wp-json\/wp\/v2\/product_brand?post=4873"},{"taxonomy":"product_cat","embeddable":true,"href":"https:\/\/ecoshop.ee\/uk\/wp-json\/wp\/v2\/product_cat?post=4873"},{"taxonomy":"product_tag","embeddable":true,"href":"https:\/\/ecoshop.ee\/uk\/wp-json\/wp\/v2\/product_tag?post=4873"}],"curies":[{"name":"wp","href":"https:\/\/api.w.org\/{rel}","templated":true}]}}