{"id":4893,"date":"2024-06-27T22:31:17","date_gmt":"2024-06-27T19:31:17","guid":{"rendered":"https:\/\/ecoshop.ee\/?post_type=product&#038;p=4893"},"modified":"2025-12-25T19:44:33","modified_gmt":"2025-12-25T16:44:33","slug":"%d0%bf%d0%b5%d0%bd%d0%b0%d0%bb-%d0%b7-%d0%b3%d0%b5%d0%be%d0%bc%d0%b5%d1%82%d1%80%d0%b8%d1%87%d0%bd%d0%b8%d0%bc-%d0%b2%d1%96%d0%b7%d0%b5%d1%80%d1%83%d0%bd%d0%ba%d0%be%d0%bc-%d0%b7-%d0%ba%d0%be%d1%80","status":"publish","type":"product","link":"https:\/\/ecoshop.ee\/uk\/tarvikud\/geomeetrilise-mustriga-korgist-pliiatsikott\/","title":{"rendered":"\u041f\u0435\u043d\u0430\u043b \u0437 \u043a\u043e\u0440\u043a\u0430 \u0437 \u0433\u0435\u043e\u043c\u0435\u0442\u0440\u0438\u0447\u043d\u0438\u043c \u0432\u0456\u0437\u0435\u0440\u0443\u043d\u043a\u043e\u043c"},"content":{"rendered":"<p>\u0426\u0435\u0439 \u043a\u043e\u0440\u043a\u043e\u0432\u0438\u0439 \u043f\u0435\u043d\u0430\u043b \u0456\u0434\u0435\u0430\u043b\u044c\u043d\u043e \u043f\u0456\u0434\u0445\u043e\u0434\u0438\u0442\u044c \u0434\u043b\u044f \u0448\u043a\u043e\u043b\u0438, \u0443\u043d\u0456\u0432\u0435\u0440\u0441\u0438\u0442\u0435\u0442\u0443 \u0447\u0438 \u043e\u0444\u0456\u0441\u0443. \u0423\u043d\u0456\u043a\u0430\u043b\u044c\u043d\u0438\u0439 \u043a\u043e\u0440\u043a\u043e\u0432\u0438\u0439 \u0432\u0438\u0440\u0456\u0431, \u044f\u043a\u0438\u0439 \u0434\u0443\u0436\u0435 \u043f\u0440\u0430\u043a\u0442\u0438\u0447\u043d\u0438\u0439 \u0456 \u0437\u0440\u0443\u0447\u043d\u0438\u0439 \u0434\u043b\u044f \u043f\u0435\u0440\u0435\u043d\u0435\u0441\u0435\u043d\u043d\u044f, \u043f\u043e\u043c\u0456\u0449\u0430\u0454\u0442\u044c\u0441\u044f \u0432 \u0431\u0443\u0434\u044c-\u044f\u043a\u0443 \u0441\u0443\u043c\u043a\u0443. \u041f\u0456\u0434\u0445\u043e\u0434\u0438\u0442\u044c \u0434\u043b\u044f \u043b\u0435\u0433\u043a\u043e\u0433\u043e \u0437\u0431\u0435\u0440\u0456\u0433\u0430\u043d\u043d\u044f \u0442\u0430 \u043e\u0440\u0433\u0430\u043d\u0456\u0437\u0430\u0446\u0456\u0457 \u044f\u043a \u0448\u043a\u0456\u043b\u044c\u043d\u043e\u0433\u043e \u043f\u0440\u0438\u043b\u0430\u0434\u0434\u044f, \u0442\u0430\u043a \u0456 \u043a\u043e\u0441\u043c\u0435\u0442\u0438\u043a\u0438. \u0412\u0438\u0433\u043e\u0442\u043e\u0432\u043b\u0435\u043d\u0438\u0439 \u0437 \u0435\u043a\u043e\u043b\u043e\u0433\u0456\u0447\u043d\u043e\u0433\u043e \u0442\u0430 \u0441\u0442\u0456\u0439\u043a\u043e\u0433\u043e \u043a\u043e\u0440\u043a\u0443, \u044f\u043a\u0438\u0439 \u0434\u0443\u0436\u0435 \u043c&#039;\u044f\u043a\u0438\u0439, \u0433\u043d\u0443\u0447\u043a\u0438\u0439 \u0442\u0430 \u043c\u0456\u0446\u043d\u0438\u0439.<\/p>\n<p><strong>\u0420\u043e\u0437\u043c\u0456\u0440:<\/strong><\/p>\n<ul>\n<li>\u0414\u043e\u0432\u0436\u0438\u043d\u0430: 20 \u0441\u043c<\/li>\n<li>\u0428\u0438\u0440\u0438\u043d\u0430: 9 \u0441\u043c<\/li>\n<li>\u0422\u043e\u0432\u0449\u0438\u043d\u0430: 9 \u0441\u043c<\/li>\n<\/ul>","protected":false},"excerpt":{"rendered":"<p>See korgist pliiatsikott on ideaalne kooli, \u00fclikooli v\u00f5i kontorisse. Unikaalne korgist toode, mis on v\u00e4ga praktiline ja kergesti kaasaskantav, mahtudes igasse k\u00e4ekotti.&hellip;<\/p>","protected":false},"featured_media":4894,"comment_status":"open","ping_status":"closed","template":"","meta":{"wprm-recipe-roundup-name":"","wprm-recipe-roundup-description":""},"product_brand":[],"product_cat":[245],"product_tag":[202,237],"class_list":{"0":"post-4893","1":"product","2":"type-product","3":"status-publish","4":"has-post-thumbnail","6":"product_cat-tarvikud","7":"product_tag-kott","8":"product_tag-pliiatsikott","10":"first","11":"instock","12":"taxable","13":"shipping-taxable","14":"purchasable","15":"product-type-simple"},"supplier_id":9159,"supplier_sku":"","barcode":null,"atum_controlled":true,"out_stock_date":null,"out_stock_threshold":null,"inheritable":false,"inbound_stock":0,"stock_on_hold":0,"sold_today":0,"sales_last_days":0,"reserved_stock":0,"customer_returns":0,"warehouse_damage":0,"lost_in_post":0,"other_logs":0,"out_stock_days":0,"lost_sales":0,"has_location":false,"update_date":"2026-03-07T01:16:04","atum_locations":[],"atum_stock_status":"instock","restock_status":false,"low_stock_amount":"","sales_update_date":"2026-03-07T01:16:04","calc_backorders":null,"aioseo_notices":[],"_links":{"self":[{"href":"https:\/\/ecoshop.ee\/uk\/wp-json\/wp\/v2\/product\/4893","targetHints":{"allow":["GET"]}}],"collection":[{"href":"https:\/\/ecoshop.ee\/uk\/wp-json\/wp\/v2\/product"}],"about":[{"href":"https:\/\/ecoshop.ee\/uk\/wp-json\/wp\/v2\/types\/product"}],"replies":[{"embeddable":true,"href":"https:\/\/ecoshop.ee\/uk\/wp-json\/wp\/v2\/comments?post=4893"}],"version-history":[{"count":0,"href":"https:\/\/ecoshop.ee\/uk\/wp-json\/wp\/v2\/product\/4893\/revisions"}],"wp:featuredmedia":[{"embeddable":true,"href":"https:\/\/ecoshop.ee\/uk\/wp-json\/wp\/v2\/media\/4894"}],"wp:attachment":[{"href":"https:\/\/ecoshop.ee\/uk\/wp-json\/wp\/v2\/media?parent=4893"}],"wp:term":[{"taxonomy":"product_brand","embeddable":true,"href":"https:\/\/ecoshop.ee\/uk\/wp-json\/wp\/v2\/product_brand?post=4893"},{"taxonomy":"product_cat","embeddable":true,"href":"https:\/\/ecoshop.ee\/uk\/wp-json\/wp\/v2\/product_cat?post=4893"},{"taxonomy":"product_tag","embeddable":true,"href":"https:\/\/ecoshop.ee\/uk\/wp-json\/wp\/v2\/product_tag?post=4893"}],"curies":[{"name":"wp","href":"https:\/\/api.w.org\/{rel}","templated":true}]}}