{"id":5222,"date":"2024-07-11T21:02:45","date_gmt":"2024-07-11T18:02:45","guid":{"rendered":"https:\/\/ecoshop.ee\/?post_type=product&#038;p=5222"},"modified":"2026-04-07T20:52:49","modified_gmt":"2026-04-07T17:52:49","slug":"%d0%b2%d1%96%d0%b2%d1%81%d1%8f%d0%bd%d0%b8%d0%b9-%d0%b1%d0%b0%d1%82%d0%be%d0%bd%d1%87%d0%b8%d0%ba-trek-%d0%b7-%d0%ba%d0%b0%d0%ba%d0%b0%d0%be-50-%d0%b3","status":"publish","type":"product","link":"https:\/\/ecoshop.ee\/uk\/allahinnatud\/trek-kaerabatoon-kakaoga-50g\/","title":{"rendered":"\u0412\u0456\u0432\u0441\u044f\u043d\u0438\u0439 \u0431\u0430\u0442\u043e\u043d\u0447\u0438\u043a TREK \u0437 \u043a\u0430\u043a\u0430\u043e, 50 \u0433"},"content":{"rendered":"<p>\u0412\u0456\u0432\u0441\u044f\u043d\u0456 \u043f\u0440\u043e\u0442\u0435\u0457\u043d\u043e\u0432\u0456 \u0431\u0430\u0442\u043e\u043d\u0447\u0438\u043a\u0438 TREK \u2013 \u0447\u0443\u0434\u043e\u0432\u0430 \u0430\u043b\u044c\u0442\u0435\u0440\u043d\u0430\u0442\u0438\u0432\u0430 \u0456\u043d\u0448\u0438\u043c \u0441\u043d\u0456\u0434\u0430\u043d\u043a\u0430\u043c \u0430\u0431\u043e \u0437\u043b\u0430\u043a\u043e\u0432\u0438\u043c \u0431\u0430\u0442\u043e\u043d\u0447\u0438\u043a\u0430\u043c. \u0412\u043e\u043d\u0438 \u0431\u0430\u0433\u0430\u0442\u0456 \u043d\u0430 \u0431\u0456\u043b\u043e\u043a \u0456 \u0441\u043c\u0430\u0447\u043d\u0443 \u0432\u0456\u0432\u0441\u044f\u043d\u043a\u0443, \u0449\u043e \u0437\u0430\u0431\u0435\u0437\u043f\u0435\u0447\u0443\u0454 \u043b\u0435\u0433\u043a\u0443 \u0441\u043e\u043b\u043e\u0434\u043a\u0456\u0441\u0442\u044c \u0456 \u043f\u0440\u0438\u0454\u043c\u043d\u0438\u0439 \u043c\u2019\u044f\u043a\u0438\u0439 \u0445\u0440\u0443\u0441\u043a\u0456\u0442. \u0406\u0434\u0435\u0430\u043b\u044c\u043d\u043e \u043f\u0456\u0434\u0445\u043e\u0434\u044f\u0442\u044c \u044f\u043a \u043f\u0435\u0440\u0435\u043a\u0443\u0441 \u0430\u0431\u043e \u0448\u0432\u0438\u0434\u043a\u0438\u0439 \u0441\u043d\u0456\u0434\u0430\u043d\u043e\u043a, \u0449\u043e\u0431 \u0440\u043e\u0437\u043f\u043e\u0447\u0430\u0442\u0438 \u0434\u0435\u043d\u044c \u0437 \u0435\u043d\u0435\u0440\u0433\u0456\u0454\u044e. \u0426\u0456 \u0431\u0430\u0442\u043e\u043d\u0447\u0438\u043a\u0438 \u043d\u0435 \u043f\u0440\u043e\u0439\u0448\u043b\u0438 \u043d\u0430\u0434\u043c\u0456\u0440\u043d\u0443 \u043e\u0431\u0440\u043e\u0431\u043a\u0443 \u0442\u0430 \u043d\u0435 \u0432\u0438\u0433\u043e\u0442\u043e\u0432\u043b\u044f\u044e\u0442\u044c\u0441\u044f \u0432 \u043b\u0430\u0431\u043e\u0440\u0430\u0442\u043e\u0440\u0456\u0457. \u041c\u0438 \u0432\u0456\u0434\u0431\u0438\u0440\u0430\u0454\u043c\u043e \u043b\u0438\u0448\u0435 \u0440\u043e\u0441\u043b\u0438\u043d\u043d\u0456 \u0456\u043d\u0433\u0440\u0435\u0434\u0456\u0454\u043d\u0442\u0438, \u043a\u043e\u0440\u0438\u0441\u043d\u0456 \u0434\u043b\u044f \u0432\u0430\u0441 \u0456 \u043d\u0435\u0439\u043c\u043e\u0432\u0456\u0440\u043d\u043e \u0441\u043c\u0430\u0447\u043d\u0456.<\/p>","protected":false},"excerpt":{"rendered":"<p>TREK valgurikkad kaerabatoonid on suurep\u00e4rane alternatiiv teistele hommiku- v\u00f5i teraviljabatoonidele. Need on t\u00e4is valke ja maitsvaid kaerahelbeid, pakkudes peent magusust ja rahuldavalt&hellip;<\/p>","protected":false},"featured_media":5223,"comment_status":"open","ping_status":"closed","template":"","meta":{"wprm-recipe-roundup-name":"","wprm-recipe-roundup-description":""},"product_brand":[12046],"product_cat":[240,144],"product_tag":[147],"class_list":{"0":"post-5222","1":"product","2":"type-product","3":"status-publish","4":"has-post-thumbnail","6":"product_brand-trek","7":"product_cat-allahinnatud","8":"product_cat-proteiinibatoonid","9":"product_tag-proteiinibatoon","10":"j79_wcxd_expiry_type-best-before","12":"first","13":"instock","14":"sale","15":"taxable","16":"shipping-taxable","17":"purchasable","18":"product-type-simple"},"supplier_id":9158,"supplier_sku":"","barcode":"5060088702307","atum_controlled":true,"out_stock_date":null,"out_stock_threshold":null,"inheritable":false,"inbound_stock":0,"stock_on_hold":0,"sold_today":0,"sales_last_days":1,"reserved_stock":0,"customer_returns":0,"warehouse_damage":0,"lost_in_post":0,"other_logs":0,"out_stock_days":0,"lost_sales":0,"has_location":false,"update_date":"2026-04-07T17:52:50","atum_locations":[],"atum_stock_status":"instock","restock_status":false,"low_stock_amount":"","sales_update_date":"2026-03-07T01:16:20","calc_backorders":null,"aioseo_notices":[],"_links":{"self":[{"href":"https:\/\/ecoshop.ee\/uk\/wp-json\/wp\/v2\/product\/5222","targetHints":{"allow":["GET"]}}],"collection":[{"href":"https:\/\/ecoshop.ee\/uk\/wp-json\/wp\/v2\/product"}],"about":[{"href":"https:\/\/ecoshop.ee\/uk\/wp-json\/wp\/v2\/types\/product"}],"replies":[{"embeddable":true,"href":"https:\/\/ecoshop.ee\/uk\/wp-json\/wp\/v2\/comments?post=5222"}],"version-history":[{"count":0,"href":"https:\/\/ecoshop.ee\/uk\/wp-json\/wp\/v2\/product\/5222\/revisions"}],"wp:featuredmedia":[{"embeddable":true,"href":"https:\/\/ecoshop.ee\/uk\/wp-json\/wp\/v2\/media\/5223"}],"wp:attachment":[{"href":"https:\/\/ecoshop.ee\/uk\/wp-json\/wp\/v2\/media?parent=5222"}],"wp:term":[{"taxonomy":"product_brand","embeddable":true,"href":"https:\/\/ecoshop.ee\/uk\/wp-json\/wp\/v2\/product_brand?post=5222"},{"taxonomy":"product_cat","embeddable":true,"href":"https:\/\/ecoshop.ee\/uk\/wp-json\/wp\/v2\/product_cat?post=5222"},{"taxonomy":"product_tag","embeddable":true,"href":"https:\/\/ecoshop.ee\/uk\/wp-json\/wp\/v2\/product_tag?post=5222"}],"curies":[{"name":"wp","href":"https:\/\/api.w.org\/{rel}","templated":true}]}}