{"id":5529,"date":"2024-07-12T23:56:28","date_gmt":"2024-07-12T20:56:28","guid":{"rendered":"https:\/\/ecoshop.ee\/?post_type=product&#038;p=5529"},"modified":"2025-12-25T19:40:49","modified_gmt":"2025-12-25T16:40:49","slug":"%d1%80%d1%8e%d0%ba%d0%b7%d0%b0%d0%ba-sonum-%d0%b7-%d0%ba%d0%be%d1%80%d0%ba%d1%83-%d1%82%d0%b0-%d0%b1%d0%b0%d0%b2%d0%be%d0%b2%d0%bd%d0%b8","status":"publish","type":"product","link":"https:\/\/ecoshop.ee\/uk\/kotid\/korgist-ja-puuvillast-sonumikandja-seljakott\/","title":{"rendered":"\u0420\u044e\u043a\u0437\u0430\u043a-\u043c\u0435\u0441\u0441\u0435\u043d\u0434\u0436\u0435\u0440 \u0437 \u043a\u043e\u0440\u043a\u0443 \u0442\u0430 \u0431\u0430\u0432\u043e\u0432\u043d\u0438"},"content":{"rendered":"<p>\u0426\u0435\u0439 \u0448\u0438\u043a\u0430\u0440\u043d\u0438\u0439 \u0440\u044e\u043a\u0437\u0430\u043a \u2013 \u043e\u0431\u043e\u0432\u2019\u044f\u0437\u043a\u043e\u0432\u0438\u0439 \u0430\u0442\u0440\u0438\u0431\u0443\u0442 \u0431\u0443\u0434\u044c-\u044f\u043a\u043e\u0457 \u043c\u043e\u0434\u043d\u0438\u0446\u0456. \u041a\u043e\u043c\u043f\u0430\u043a\u0442\u043d\u0438\u0439 \u0442\u0430 \u0437\u0440\u0443\u0447\u043d\u0438\u0439, \u0432\u0456\u043d \u043b\u0435\u0433\u043a\u043e \u043f\u043e\u043c\u0456\u0441\u0442\u0438\u0442\u044c \u0443\u0441\u0456 \u043d\u0435\u043e\u0431\u0445\u0456\u0434\u043d\u0456 \u0440\u0435\u0447\u0456. \u041a\u0456\u043b\u044c\u043a\u0430 \u043a\u0438\u0448\u0435\u043d\u044c, \u0449\u043e \u0437\u0430\u043c\u0438\u043a\u0430\u044e\u0442\u044c\u0441\u044f, \u0434\u043e\u043f\u043e\u043c\u0430\u0433\u0430\u044e\u0442\u044c \u0437\u0431\u0435\u0440\u0456\u0433\u0430\u0442\u0438 \u0440\u0435\u0447\u0456 \u0432 \u0431\u0435\u0437\u043f\u0435\u0446\u0456 \u0442\u0430 \u043e\u0440\u0433\u0430\u043d\u0456\u0437\u043e\u0432\u0430\u043d\u043e. \u0421\u0442\u0438\u043b\u044c\u043d\u0438\u0439 \u0430\u043a\u0441\u0435\u0441\u0443\u0430\u0440 \u0434\u043b\u044f \u0449\u043e\u0434\u0435\u043d\u043d\u043e\u0433\u043e \u043d\u043e\u0441\u0456\u043d\u043d\u044f.<\/p>\n<p>&nbsp;<\/p>\n<p>\u041c\u0430\u0442\u0435\u0440\u0456\u0430\u043b:<\/p>\n<ul>\n<li>\u041d\u0430\u0442\u0443\u0440\u0430\u043b\u044c\u043d\u0438\u0439 \u043a\u043e\u0440\u043e\u043a<\/li>\n<li>\u0411\u0430\u0432\u043e\u0432\u043d\u0430<\/li>\n<\/ul>\n<p>\u0420\u043e\u0437\u043c\u0456\u0440 \u0442\u0430 \u043f\u043e\u0441\u0430\u0434\u043a\u0430:<\/p>\n<ul>\n<li>\u0414\u043e\u0432\u0436\u0438\u043d\u0430: 22 \u0441\u043c<\/li>\n<li>\u0428\u0438\u0440\u0438\u043d\u0430: 16 \u0441\u043c<\/li>\n<li>\u0422\u043e\u0432\u0449\u0438\u043d\u0430: 9,5 \u0441\u043c<\/li>\n<li>\u0411\u0456\u0447\u043d\u0430 \u043a\u0438\u0448\u0435\u043d\u044f: 4 \u0441\u043c<\/li>\n<\/ul>","protected":false},"excerpt":{"rendered":"<p>See \u0161ikk seljakott on kohustuslik igale moeteadlikule. Kompaktne ja mugav, mahutab k\u00f5ik vajalikud esemed h\u00f5lpsasti. Mitmed lukustatavad taskud aitavad hoida asju turvaliselt&hellip;<\/p>","protected":false},"featured_media":5537,"comment_status":"open","ping_status":"closed","template":"","meta":{"wprm-recipe-roundup-name":"","wprm-recipe-roundup-description":""},"product_brand":[],"product_cat":[242],"product_tag":[202],"class_list":{"0":"post-5529","1":"product","2":"type-product","3":"status-publish","4":"has-post-thumbnail","6":"product_cat-kotid","7":"product_tag-kott","9":"first","10":"instock","11":"taxable","12":"shipping-taxable","13":"purchasable","14":"product-type-variable"},"supplier_id":null,"supplier_sku":"","barcode":null,"atum_controlled":true,"out_stock_date":null,"out_stock_threshold":null,"inheritable":false,"inbound_stock":0,"stock_on_hold":0,"sold_today":0,"sales_last_days":0,"reserved_stock":0,"customer_returns":0,"warehouse_damage":0,"lost_in_post":0,"other_logs":0,"out_stock_days":0,"lost_sales":0,"has_location":false,"update_date":"2026-03-07T01:16:04","atum_locations":[],"atum_stock_status":"instock","restock_status":false,"low_stock_amount":"","sales_update_date":"2026-03-07T01:16:04","calc_backorders":null,"aioseo_notices":[],"_links":{"self":[{"href":"https:\/\/ecoshop.ee\/uk\/wp-json\/wp\/v2\/product\/5529","targetHints":{"allow":["GET"]}}],"collection":[{"href":"https:\/\/ecoshop.ee\/uk\/wp-json\/wp\/v2\/product"}],"about":[{"href":"https:\/\/ecoshop.ee\/uk\/wp-json\/wp\/v2\/types\/product"}],"replies":[{"embeddable":true,"href":"https:\/\/ecoshop.ee\/uk\/wp-json\/wp\/v2\/comments?post=5529"}],"version-history":[{"count":0,"href":"https:\/\/ecoshop.ee\/uk\/wp-json\/wp\/v2\/product\/5529\/revisions"}],"wp:featuredmedia":[{"embeddable":true,"href":"https:\/\/ecoshop.ee\/uk\/wp-json\/wp\/v2\/media\/5537"}],"wp:attachment":[{"href":"https:\/\/ecoshop.ee\/uk\/wp-json\/wp\/v2\/media?parent=5529"}],"wp:term":[{"taxonomy":"product_brand","embeddable":true,"href":"https:\/\/ecoshop.ee\/uk\/wp-json\/wp\/v2\/product_brand?post=5529"},{"taxonomy":"product_cat","embeddable":true,"href":"https:\/\/ecoshop.ee\/uk\/wp-json\/wp\/v2\/product_cat?post=5529"},{"taxonomy":"product_tag","embeddable":true,"href":"https:\/\/ecoshop.ee\/uk\/wp-json\/wp\/v2\/product_tag?post=5529"}],"curies":[{"name":"wp","href":"https:\/\/api.w.org\/{rel}","templated":true}]}}