{"id":5554,"date":"2024-07-13T20:44:11","date_gmt":"2024-07-13T17:44:11","guid":{"rendered":"https:\/\/ecoshop.ee\/?post_type=product&#038;p=5554"},"modified":"2024-11-09T01:29:16","modified_gmt":"2024-11-08T22:29:16","slug":"%d0%bd%d0%b0%d0%b1%d1%96%d1%80-%d0%ba%d0%be%d1%80%d0%ba%d0%be%d0%b2%d0%b8%d1%85-%d0%b3%d0%b0%d0%bc%d0%b0%d0%bd%d1%86%d1%96%d0%b2-%d1%83-%d0%bf%d0%be%d0%b4%d0%b0%d1%80%d1%83%d0%bd%d0%ba%d0%be%d0%b2","status":"publish","type":"product","link":"https:\/\/ecoshop.ee\/uk\/rahakotid\/kinkekarbis-korgist-rahakottide-komplekt\/","title":{"rendered":"\u041d\u0430\u0431\u0456\u0440 \u043a\u043e\u0440\u043a\u043e\u0432\u0438\u0445 \u0433\u0430\u043c\u0430\u043d\u0446\u0456\u0432 \u0443 \u043f\u043e\u0434\u0430\u0440\u0443\u043d\u043a\u043e\u0432\u0456\u0439 \u043a\u043e\u0440\u043e\u0431\u0446\u0456"},"content":{"rendered":"<p>\u041d\u0430\u0431\u0456\u0440 \u043a\u043e\u0440\u043a\u043e\u0432\u0438\u0445 \u0433\u0430\u043c\u0430\u043d\u0446\u0456\u0432 \u0437 \u043b\u0435\u0433\u043a\u0438\u043c \u0442\u0430 \u043a\u043e\u043c\u043f\u0430\u043a\u0442\u043d\u0438\u043c \u0434\u0438\u0437\u0430\u0439\u043d\u043e\u043c. \u041a\u043e\u0440\u043e\u043a \u043c&#039;\u044f\u043a\u0438\u0439, \u0437\u0440\u0443\u0447\u043d\u0438\u0439 \u0443 \u0432\u0438\u043a\u043e\u0440\u0438\u0441\u0442\u0430\u043d\u043d\u0456, \u0432\u043e\u0434\u043e\u043d\u0435\u043f\u0440\u043e\u043d\u0438\u043a\u043d\u0438\u0439 \u0442\u0430 \u043b\u0435\u0433\u043a\u043e \u0447\u0438\u0441\u0442\u0438\u0442\u044c\u0441\u044f. \u0406\u0434\u0435\u0430\u043b\u044c\u043d\u043e \u043f\u0456\u0434\u0445\u043e\u0434\u0438\u0442\u044c \u0434\u043b\u044f \u0449\u043e\u0434\u0435\u043d\u043d\u043e\u0433\u043e \u0437\u0431\u0435\u0440\u0456\u0433\u0430\u043d\u043d\u044f \u043c\u043e\u043d\u0435\u0442 \u0442\u0430 \u0431\u0430\u043d\u043a\u0456\u0432\u0441\u044c\u043a\u0438\u0445 \u043a\u0430\u0440\u0442\u043e\u043a. \u0428\u0432\u0438\u0434\u043a\u0438\u0439, \u043f\u0440\u043e\u0441\u0442\u0438\u0439 \u0442\u0430 \u043f\u0440\u0430\u043a\u0442\u0438\u0447\u043d\u0438\u0439 \u0434\u043b\u044f \u0449\u043e\u0434\u0435\u043d\u043d\u043e\u0433\u043e \u0432\u0438\u043a\u043e\u0440\u0438\u0441\u0442\u0430\u043d\u043d\u044f. \u041d\u0430\u0431\u0456\u0440 \u0432\u043a\u043b\u044e\u0447\u0430\u0454 \u0434\u043e\u0432\u0433\u0438\u0439 \u0433\u0430\u043c\u0430\u043d\u0435\u0446\u044c \u0442\u0430 \u043a\u0438\u0448\u0435\u043d\u044e \u0434\u043b\u044f \u043a\u0430\u0440\u0442\u043e\u043a, \u043e\u0431\u0438\u0434\u0432\u0430 \u0432 \u0433\u0430\u0440\u043d\u0456\u0439 \u043f\u043e\u0434\u0430\u0440\u0443\u043d\u043a\u043e\u0432\u0456\u0439 \u043a\u043e\u0440\u043e\u0431\u0446\u0456.<\/p>\n<p>&nbsp;<\/p>\n<p><strong>\u041c\u0430\u0442\u0435\u0440\u0456\u0430\u043b:<\/strong><\/p>\n<ul>\n<li>\u0417\u043e\u0432\u043d\u0456\u0448\u043d\u0456\u0439 \u043c\u0430\u0442\u0435\u0440\u0456\u0430\u043b: \u041a\u043e\u0440\u043a<\/li>\n<li>\u041f\u0456\u0434\u043a\u043b\u0430\u0434\u043a\u0430: \u043f\u043e\u043b\u0456\u0435\u0441\u0442\u0435\u0440 100%<\/li>\n<\/ul>\n<p>&nbsp;<\/p>\n<p><strong>\u0420\u043e\u0437\u043c\u0456\u0440\u0438:<\/strong><\/p>\n<ul>\n<li>\u0414\u043e\u0432\u0433\u0438\u0439 \u0433\u0430\u043c\u0430\u043d\u0435\u0446\u044c: \u0414\u043e\u0432\u0436\u0438\u043d\u0430: 19; \u0428\u0438\u0440\u0438\u043d\u0430: 10; \u0422\u043e\u0432\u0449\u0438\u043d\u0430: 2,5 \u0441\u043c<\/li>\n<li>\u041a\u0438\u0448\u0435\u043d\u044f \u0434\u043b\u044f \u043a\u0430\u0440\u0442\u043e\u043a: \u0414\u043e\u0432\u0436\u0438\u043d\u0430: 11; \u0428\u0438\u0440\u0438\u043d\u0430: 7; \u0422\u043e\u0432\u0449\u0438\u043d\u0430: 2,5 \u0441\u043c<\/li>\n<\/ul>","protected":false},"excerpt":{"rendered":"<p>Kerge ja kompaktse disainiga korgist rahakottide komplekt. Kork on pehme, mugav k\u00e4es hoida, veekindel ja kergesti puhastatav. Ideaalne igap\u00e4evaseks m\u00fcndi- ja pangakaartide&hellip;<\/p>","protected":false},"featured_media":5555,"comment_status":"open","ping_status":"closed","template":"","meta":{"wprm-recipe-roundup-name":"","wprm-recipe-roundup-description":""},"product_brand":[],"product_cat":[241],"product_tag":[219],"class_list":{"0":"post-5554","1":"product","2":"type-product","3":"status-publish","4":"has-post-thumbnail","6":"product_cat-rahakotid","7":"product_tag-rahakott","9":"first","10":"instock","11":"taxable","12":"shipping-taxable","13":"purchasable","14":"product-type-simple"},"supplier_id":9159,"supplier_sku":"","barcode":null,"atum_controlled":true,"out_stock_date":null,"out_stock_threshold":null,"inheritable":false,"inbound_stock":0,"stock_on_hold":0,"sold_today":0,"sales_last_days":0,"reserved_stock":0,"customer_returns":0,"warehouse_damage":0,"lost_in_post":0,"other_logs":0,"out_stock_days":0,"lost_sales":0,"has_location":false,"update_date":"2026-03-07T01:16:04","atum_locations":[],"atum_stock_status":"instock","restock_status":false,"low_stock_amount":"","sales_update_date":"2026-03-07T01:16:04","calc_backorders":null,"aioseo_notices":[],"_links":{"self":[{"href":"https:\/\/ecoshop.ee\/uk\/wp-json\/wp\/v2\/product\/5554","targetHints":{"allow":["GET"]}}],"collection":[{"href":"https:\/\/ecoshop.ee\/uk\/wp-json\/wp\/v2\/product"}],"about":[{"href":"https:\/\/ecoshop.ee\/uk\/wp-json\/wp\/v2\/types\/product"}],"replies":[{"embeddable":true,"href":"https:\/\/ecoshop.ee\/uk\/wp-json\/wp\/v2\/comments?post=5554"}],"version-history":[{"count":0,"href":"https:\/\/ecoshop.ee\/uk\/wp-json\/wp\/v2\/product\/5554\/revisions"}],"wp:featuredmedia":[{"embeddable":true,"href":"https:\/\/ecoshop.ee\/uk\/wp-json\/wp\/v2\/media\/5555"}],"wp:attachment":[{"href":"https:\/\/ecoshop.ee\/uk\/wp-json\/wp\/v2\/media?parent=5554"}],"wp:term":[{"taxonomy":"product_brand","embeddable":true,"href":"https:\/\/ecoshop.ee\/uk\/wp-json\/wp\/v2\/product_brand?post=5554"},{"taxonomy":"product_cat","embeddable":true,"href":"https:\/\/ecoshop.ee\/uk\/wp-json\/wp\/v2\/product_cat?post=5554"},{"taxonomy":"product_tag","embeddable":true,"href":"https:\/\/ecoshop.ee\/uk\/wp-json\/wp\/v2\/product_tag?post=5554"}],"curies":[{"name":"wp","href":"https:\/\/api.w.org\/{rel}","templated":true}]}}