{"id":5710,"date":"2024-07-16T13:44:54","date_gmt":"2024-07-16T10:44:54","guid":{"rendered":"https:\/\/ecoshop.ee\/?post_type=product&#038;p=5710"},"modified":"2025-12-25T19:40:48","modified_gmt":"2025-12-25T16:40:48","slug":"%d0%ba%d0%be%d1%80%d0%ba%d0%be%d0%b2%d0%b8%d0%b9-%d0%bc%d1%96%d1%88%d0%be%d0%ba-%d0%b4%d0%bb%d1%8f-%d0%bf%d0%be%d1%82%d0%be%d0%ba%d1%83","status":"publish","type":"product","link":"https:\/\/ecoshop.ee\/uk\/kotid\/korgist-vookott\/","title":{"rendered":"\u041a\u043e\u0440\u043a\u043e\u0432\u0430 \u043f\u043e\u044f\u0441\u043d\u0430 \u0441\u0443\u043c\u043a\u0430"},"content":{"rendered":"<div class=\"flex-shrink-0 flex flex-col relative items-end\">\n<div>\n<div class=\"pt-0.5 juice:pt-0\">\n<div class=\"gizmo-bot-avatar flex h-6 w-6 items-center justify-center overflow-hidden rounded-full juice:h-8 juice:w-8\">\n<div class=\"relative p-1 rounded-sm flex items-center justify-center bg-token-main-surface-primary text-token-text-primary h-8 w-8\">See moodne ja kompaktne v\u00f6\u00f6kott on ideaalne valik kaasaegsele seiklejale. Kerge ja vastupidav, mahutab telefoni, rahakoti ja v\u00f5tmed.<\/div>\n<\/div>\n<\/div>\n<\/div>\n<\/div>\n<div class=\"group\/conversation-turn relative flex w-full min-w-0 flex-col agent-turn\">\n<div class=\"flex-col gap-1 md:gap-3\">\n<div class=\"flex flex-grow flex-col max-w-full\">\n<div class=\"min-h-[20px] text-message flex flex-col items-start whitespace-pre-wrap break-words [.text-message+&amp;]:mt-5 juice:w-full juice:items-end overflow-x-auto gap-2\" dir=\"auto\" data-message-author-role=\"assistant\" data-message-id=\"88e4105f-752c-46a1-b669-9ddc48cb906d\">\n<div class=\"flex w-full flex-col gap-1 juice:empty:hidden juice:first:pt-[3px]\">\n<div class=\"markdown prose w-full break-words dark:prose-invert dark\">\n<p>Valmistatud kvaliteetsest korgist mis on vastupidav ja j\u00e4tkusuutlik. Kolm eraldi lukuga taskut ja unikaalne stiilne muster.<\/p>\n<p>Reguleeritav v\u00f6\u00f6rihm tagab mugavuse. Lukud on zamakist ja rihmad pol\u00fcestrist.<\/p>\n<p>&nbsp;<\/p>\n<p><strong>Suurused:<\/strong><\/p>\n<ul>\n<li>Pikkus: 30 cm<\/li>\n<li>Laius: 14 cm<\/li>\n<li>Paksus: 5 cm<\/li>\n<\/ul>\n<\/div>\n<\/div>\n<\/div>\n<\/div>\n<\/div>\n<\/div>\n","protected":false},"excerpt":{"rendered":"<p>See moodne ja kompaktne v\u00f6\u00f6kott on ideaalne valik kaasaegsele seiklejale. Kerge ja vastupidav, mahutab telefoni, rahakoti ja v\u00f5tmed. Valmistatud kvaliteetsest korgist mis&hellip;<\/p>","protected":false},"featured_media":5711,"comment_status":"open","ping_status":"closed","template":"","meta":{"wprm-recipe-roundup-name":"","wprm-recipe-roundup-description":""},"product_brand":[],"product_cat":[242],"product_tag":[251],"class_list":{"0":"post-5710","1":"product","2":"type-product","3":"status-publish","4":"has-post-thumbnail","6":"product_cat-kotid","7":"product_tag-vookott","9":"first","10":"instock","11":"taxable","12":"shipping-taxable","13":"purchasable","14":"product-type-simple"},"supplier_id":9159,"supplier_sku":"","barcode":null,"atum_controlled":true,"out_stock_date":null,"out_stock_threshold":null,"inheritable":false,"inbound_stock":0,"stock_on_hold":0,"sold_today":0,"sales_last_days":0,"reserved_stock":0,"customer_returns":0,"warehouse_damage":0,"lost_in_post":0,"other_logs":0,"out_stock_days":0,"lost_sales":0,"has_location":false,"update_date":"2026-03-07T01:16:09","atum_locations":[],"atum_stock_status":"instock","restock_status":false,"low_stock_amount":"","sales_update_date":"2026-03-07T01:16:09","calc_backorders":null,"aioseo_notices":[],"_links":{"self":[{"href":"https:\/\/ecoshop.ee\/uk\/wp-json\/wp\/v2\/product\/5710","targetHints":{"allow":["GET"]}}],"collection":[{"href":"https:\/\/ecoshop.ee\/uk\/wp-json\/wp\/v2\/product"}],"about":[{"href":"https:\/\/ecoshop.ee\/uk\/wp-json\/wp\/v2\/types\/product"}],"replies":[{"embeddable":true,"href":"https:\/\/ecoshop.ee\/uk\/wp-json\/wp\/v2\/comments?post=5710"}],"version-history":[{"count":0,"href":"https:\/\/ecoshop.ee\/uk\/wp-json\/wp\/v2\/product\/5710\/revisions"}],"wp:featuredmedia":[{"embeddable":true,"href":"https:\/\/ecoshop.ee\/uk\/wp-json\/wp\/v2\/media\/5711"}],"wp:attachment":[{"href":"https:\/\/ecoshop.ee\/uk\/wp-json\/wp\/v2\/media?parent=5710"}],"wp:term":[{"taxonomy":"product_brand","embeddable":true,"href":"https:\/\/ecoshop.ee\/uk\/wp-json\/wp\/v2\/product_brand?post=5710"},{"taxonomy":"product_cat","embeddable":true,"href":"https:\/\/ecoshop.ee\/uk\/wp-json\/wp\/v2\/product_cat?post=5710"},{"taxonomy":"product_tag","embeddable":true,"href":"https:\/\/ecoshop.ee\/uk\/wp-json\/wp\/v2\/product_tag?post=5710"}],"curies":[{"name":"wp","href":"https:\/\/api.w.org\/{rel}","templated":true}]}}