{"id":5732,"date":"2024-07-16T15:03:44","date_gmt":"2024-07-16T12:03:44","guid":{"rendered":"https:\/\/ecoshop.ee\/?post_type=product&#038;p=5732"},"modified":"2025-12-25T19:36:48","modified_gmt":"2025-12-25T16:36:48","slug":"%d0%ba%d0%bb%d0%b0%d1%81%d0%b8%d1%87%d0%bd%d0%b8%d0%b9-%d1%87%d0%be%d0%bb%d0%be%d0%b2%d1%96%d1%87%d0%b8%d0%b9-%d0%ba%d0%be%d1%80%d0%ba%d0%be%d0%b2%d0%b8%d0%b9-%d1%80%d0%b5%d0%bc%d1%96%d0%bd%d1%8c","status":"publish","type":"product","link":"https:\/\/ecoshop.ee\/uk\/rihmad\/klassikaline-meeste-auguvaba-korgist-puksirihm\/","title":{"rendered":"\u041a\u043b\u0430\u0441\u0438\u0447\u043d\u0438\u0439 \u0447\u043e\u043b\u043e\u0432\u0456\u0447\u0438\u0439 \u043a\u043e\u0440\u043a\u043e\u0432\u0438\u0439 \u0440\u0435\u043c\u0456\u043d\u044c \u0431\u0435\u0437 \u0434\u0456\u0440\u043e\u043a"},"content":{"rendered":"<p>\u041a\u043b\u0430\u0441\u0438\u0447\u043d\u0438\u0439 \u043a\u043e\u0440\u043a\u043e\u0432\u0438\u0439 \u0440\u0435\u043c\u0456\u043d\u044c \u0431\u0435\u0437 \u0434\u0456\u0440\u043e\u043a \u2013 \u043f\u043e\u0454\u0434\u043d\u0430\u043d\u043d\u044f \u043f\u043e\u0437\u0430\u0447\u0430\u0441\u043e\u0432\u043e\u0457 \u0435\u043b\u0435\u0433\u0430\u043d\u0442\u043d\u043e\u0441\u0442\u0456 \u0442\u0430 \u0456\u043d\u043d\u043e\u0432\u0430\u0446\u0456\u0439\u043d\u043e\u0457 \u0444\u0443\u043d\u043a\u0446\u0456\u043e\u043d\u0430\u043b\u044c\u043d\u043e\u0441\u0442\u0456. \u0420\u0435\u043c\u0456\u043d\u044c \u043d\u0435 \u043c\u0430\u0454 \u0434\u0456\u0440\u043e\u043a \u0442\u0430 \u043c\u0430\u0454 \u0440\u043e\u0437\u0443\u043c\u043d\u0438\u0439 \u043c\u0435\u0445\u0430\u043d\u0456\u0437\u043c \u0440\u0435\u0433\u0443\u043b\u044e\u0432\u0430\u043d\u043d\u044f \u043d\u0430 \u0441\u043f\u0438\u043d\u0456, \u044f\u043a\u0438\u0439 \u0434\u043e\u0437\u0432\u043e\u043b\u044f\u0454 \u0442\u043e\u0447\u043d\u043e \u0440\u0435\u0433\u0443\u043b\u044e\u0432\u0430\u0442\u0438 \u0434\u043e\u0432\u0436\u0438\u043d\u0443 \u0432 \u043c\u0435\u0436\u0430\u0445 23 \u0441\u043c.<\/p>\n<p>\u0412\u0456\u0434\u0440\u0435\u0433\u0443\u043b\u044e\u0432\u0430\u0442\u0438 \u0434\u043e\u0432\u0436\u0438\u043d\u0443 \u043b\u0435\u0433\u043a\u043e: \u0432\u0456\u0434\u043a\u0440\u0438\u0439\u0442\u0435 \u0441\u0442\u0438\u043b\u044c\u043d\u0443 \u0447\u043e\u0440\u043d\u0443 \u043f\u0440\u044f\u0436\u043a\u0443, \u0432\u0456\u0434\u0440\u0435\u0433\u0443\u043b\u044e\u0439\u0442\u0435 \u0440\u0435\u043c\u0456\u043d\u0435\u0446\u044c \u0456 \u0437\u043d\u043e\u0432\u0443 \u0437\u0430\u0441\u0442\u0435\u0431\u043d\u0456\u0442\u044c \u0439\u043e\u0433\u043e \u043e\u0434\u043d\u0438\u043c \u043a\u043b\u0430\u0446\u0430\u043d\u043d\u044f\u043c. \u0426\u0435\u0439 \u0434\u0438\u0437\u0430\u0439\u043d \u0437\u0430\u0431\u0435\u0437\u043f\u0435\u0447\u0443\u0454 \u043a\u043e\u043c\u0444\u043e\u0440\u0442 \u0456 \u0430\u0434\u0430\u043f\u0442\u0443\u0454\u0442\u044c\u0441\u044f \u0434\u043e \u0437\u043c\u0456\u043d \u043e\u0431\u0445\u0432\u0430\u0442\u0443 \u0442\u0430\u043b\u0456\u0457. \u0420\u043e\u0437\u043a\u0456\u0448\u043d\u0438\u0439 \u0434\u0432\u043e\u0441\u0442\u043e\u0440\u043e\u043d\u043d\u0456\u0439 \u0447\u043e\u0440\u043d\u0438\u0439 \u043a\u043e\u0440\u043e\u043a \u0437\u0431\u0435\u0440\u0435\u0436\u0435 \u0441\u0432\u043e\u044e \u043a\u0440\u0430\u0441\u0443 \u0437 \u0447\u0430\u0441\u043e\u043c. \u041e\u0431\u0435\u0440\u0456\u0442\u044c \u043d\u0430\u0448\u0456 \u043a\u043e\u0440\u043a\u043e\u0432\u0456 \u0440\u0435\u043c\u0435\u043d\u0456 \u0434\u043b\u044f \u0431\u0440\u044e\u043a, \u044f\u043a\u0449\u043e \u0432\u0438 \u0446\u0456\u043d\u0443\u0454\u0442\u0435 \u0435\u043a\u043e\u043b\u043e\u0433\u0456\u0447\u043d\u0456\u0441\u0442\u044c \u0442\u0430 \u0441\u0442\u0438\u043b\u044c\u043d\u0443 \u043c\u0430\u0439\u0441\u0442\u0435\u0440\u043d\u0456\u0441\u0442\u044c!<\/p>\n<p>&nbsp;<\/p>\n<p><strong>\u0420\u043e\u0437\u043c\u0456\u0440\u0438:<\/strong><\/p>\n<ul>\n<li>\u0414\u043e\u0432\u0436\u0438\u043d\u0430: 120 \u0441\u043c<\/li>\n<li>\u0428\u0438\u0440\u0438\u043d\u0430: 3,5 \u0441\u043c<\/li>\n<\/ul>","protected":false},"excerpt":{"rendered":"<p>Klassikaline auguvaba korgist p\u00fcksirihm \u2013 ajatu elegantsi ja uuendusliku funktsionaalsuse kooslus. V\u00f6\u00f6l puuduvad augud ja selle tagak\u00fcljel on nutikas reguleerimismehhanism, mis v\u00f5imaldab&hellip;<\/p>","protected":false},"featured_media":5733,"comment_status":"open","ping_status":"closed","template":"","meta":{"wprm-recipe-roundup-name":"","wprm-recipe-roundup-description":""},"product_brand":[],"product_cat":[244],"product_tag":[],"class_list":{"0":"post-5732","1":"product","2":"type-product","3":"status-publish","4":"has-post-thumbnail","6":"product_cat-rihmad","8":"first","9":"instock","10":"taxable","11":"shipping-taxable","12":"purchasable","13":"product-type-simple"},"supplier_id":9159,"supplier_sku":"","barcode":null,"atum_controlled":true,"out_stock_date":null,"out_stock_threshold":null,"inheritable":false,"inbound_stock":0,"stock_on_hold":0,"sold_today":0,"sales_last_days":0,"reserved_stock":0,"customer_returns":0,"warehouse_damage":0,"lost_in_post":0,"other_logs":0,"out_stock_days":0,"lost_sales":0,"has_location":false,"update_date":"2026-03-07T01:16:09","atum_locations":[],"atum_stock_status":"instock","restock_status":false,"low_stock_amount":"","sales_update_date":"2026-03-07T01:16:09","calc_backorders":null,"aioseo_notices":[],"_links":{"self":[{"href":"https:\/\/ecoshop.ee\/uk\/wp-json\/wp\/v2\/product\/5732","targetHints":{"allow":["GET"]}}],"collection":[{"href":"https:\/\/ecoshop.ee\/uk\/wp-json\/wp\/v2\/product"}],"about":[{"href":"https:\/\/ecoshop.ee\/uk\/wp-json\/wp\/v2\/types\/product"}],"replies":[{"embeddable":true,"href":"https:\/\/ecoshop.ee\/uk\/wp-json\/wp\/v2\/comments?post=5732"}],"version-history":[{"count":0,"href":"https:\/\/ecoshop.ee\/uk\/wp-json\/wp\/v2\/product\/5732\/revisions"}],"wp:featuredmedia":[{"embeddable":true,"href":"https:\/\/ecoshop.ee\/uk\/wp-json\/wp\/v2\/media\/5733"}],"wp:attachment":[{"href":"https:\/\/ecoshop.ee\/uk\/wp-json\/wp\/v2\/media?parent=5732"}],"wp:term":[{"taxonomy":"product_brand","embeddable":true,"href":"https:\/\/ecoshop.ee\/uk\/wp-json\/wp\/v2\/product_brand?post=5732"},{"taxonomy":"product_cat","embeddable":true,"href":"https:\/\/ecoshop.ee\/uk\/wp-json\/wp\/v2\/product_cat?post=5732"},{"taxonomy":"product_tag","embeddable":true,"href":"https:\/\/ecoshop.ee\/uk\/wp-json\/wp\/v2\/product_tag?post=5732"}],"curies":[{"name":"wp","href":"https:\/\/api.w.org\/{rel}","templated":true}]}}