{"id":5984,"date":"2024-07-18T13:43:55","date_gmt":"2024-07-18T10:43:55","guid":{"rendered":"https:\/\/ecoshop.ee\/?post_type=product&#038;p=5984"},"modified":"2024-11-09T01:31:31","modified_gmt":"2024-11-08T22:31:31","slug":"%d1%81%d1%82%d0%b8%d0%bb%d1%8c%d0%bd%d0%b8%d0%b9-%d0%b3%d0%be%d0%b4%d0%b8%d0%bd%d0%bd%d0%b8%d0%ba-%d0%b7-%d0%bd%d0%b0%d1%82%d1%83%d1%80%d0%b0%d0%bb%d1%8c%d0%bd%d0%be%d1%97-%d0%ba%d0%be%d1%80%d0%ba-2","status":"publish","type":"product","link":"https:\/\/ecoshop.ee\/uk\/kaekellad-ja-ehted\/naturaalsest-korgist-stiilne-kaekell-kinkekarbis\/","title":{"rendered":"\u0421\u0442\u0438\u043b\u044c\u043d\u0438\u0439 \u0433\u043e\u0434\u0438\u043d\u043d\u0438\u043a \u0437 \u043d\u0430\u0442\u0443\u0440\u0430\u043b\u044c\u043d\u043e\u0433\u043e \u043a\u043e\u0440\u043a\u0430 \u0432 \u043f\u043e\u0434\u0430\u0440\u0443\u043d\u043a\u043e\u0432\u0456\u0439 \u043a\u043e\u0440\u043e\u0431\u0446\u0456"},"content":{"rendered":"<p>\u0426\u0435\u0439 \u0441\u0442\u0438\u043b\u044c\u043d\u0438\u0439 \u0433\u043e\u0434\u0438\u043d\u043d\u0438\u043a \u2013 \u0456\u0434\u0435\u0430\u043b\u044c\u043d\u0438\u0439 \u043f\u043e\u0434\u0430\u0440\u0443\u043d\u043e\u043a \u0434\u043b\u044f \u0441\u0435\u0431\u0435 \u0430\u0431\u043e \u0432\u0430\u0448\u0438\u0445 \u0431\u043b\u0438\u0437\u044c\u043a\u0438\u0445. \u0413\u043e\u0434\u0438\u043d\u043d\u0438\u043a \u043f\u043e\u0441\u0442\u0430\u0447\u0430\u0454\u0442\u044c\u0441\u044f \u0437 \u0434\u0432\u043e\u043c\u0430 \u0437\u043c\u0456\u043d\u043d\u0438\u043c\u0438 \u0440\u0435\u043c\u0456\u043d\u0446\u044f\u043c\u0438 \u2013 \u043e\u0434\u0438\u043d \u0437 \u043d\u0430\u0442\u0443\u0440\u0430\u043b\u044c\u043d\u043e\u0433\u043e \u043a\u043e\u0440\u043a\u0430, \u0430 \u0456\u043d\u0448\u0438\u0439 \u2013 \u0431\u043e\u0440\u0434\u043e\u0432\u043e\u0433\u043e. \u041d\u0430\u0442\u0443\u0440\u0430\u043b\u044c\u043d\u0438\u0439 \u043a\u043e\u0440\u043e\u043a \u0437\u0430\u0431\u0435\u0437\u043f\u0435\u0447\u0443\u0454 \u043b\u0435\u0433\u043a\u0456\u0441\u0442\u044c \u0456 \u043a\u043e\u043c\u0444\u043e\u0440\u0442, \u0430 \u0443\u043d\u0456\u043a\u0430\u043b\u044c\u043d\u0438\u0439 \u0432\u0456\u0437\u0435\u0440\u0443\u043d\u043e\u043a \u0456 \u043a\u043e\u043b\u0456\u0440 \u0434\u043e\u0434\u0430\u044e\u0442\u044c \u0441\u0442\u0438\u043b\u044e. \u041f\u043e\u0437\u0430\u0447\u0430\u0441\u043e\u0432\u0438\u0439 \u0442\u0430 \u0443\u043d\u0456\u0432\u0435\u0440\u0441\u0430\u043b\u044c\u043d\u0438\u0439 \u0434\u0438\u0437\u0430\u0439\u043d \u0433\u043e\u0434\u0438\u043d\u043d\u0438\u043a\u0430 \u0456\u0434\u0435\u0430\u043b\u044c\u043d\u043e \u043f\u0456\u0434\u0445\u043e\u0434\u0438\u0442\u044c \u044f\u043a \u0434\u043b\u044f \u0449\u043e\u0434\u0435\u043d\u043d\u043e\u0433\u043e \u043d\u043e\u0441\u0456\u043d\u043d\u044f, \u0442\u0430\u043a \u0456 \u0434\u043b\u044f \u0431\u0456\u043b\u044c\u0448 \u043e\u0444\u0456\u0446\u0456\u0439\u043d\u0438\u0445 \u0432\u0438\u043f\u0430\u0434\u043a\u0456\u0432. \u0426\u0435\u0439 \u0443\u043d\u0456\u0432\u0435\u0440\u0441\u0430\u043b\u044c\u043d\u0438\u0439 \u0442\u0430 \u0435\u043a\u043e\u043b\u043e\u0433\u0456\u0447\u043d\u0438\u0439 \u0430\u043a\u0441\u0435\u0441\u0443\u0430\u0440 \u2013 \u0447\u0443\u0434\u043e\u0432\u0438\u0439 \u0432\u0438\u0431\u0456\u0440, \u044f\u043a\u0438\u0439 \u043f\u0456\u0434\u0445\u043e\u0434\u0438\u0442\u044c \u044f\u043a \u0447\u043e\u043b\u043e\u0432\u0456\u043a\u0430\u043c, \u0442\u0430\u043a \u0456 \u0436\u0456\u043d\u043a\u0430\u043c.<\/p>\n<p>&nbsp;<\/p>\n<p><strong>\u0420\u043e\u0437\u043c\u0456\u0440\u0438:<\/strong><\/p>\n<ul>\n<li>\u0414\u043e\u0432\u0436\u0438\u043d\u0430: 23 \u0441\u043c<\/li>\n<li>\u0428\u0438\u0440\u0438\u043d\u0430 \u0446\u0438\u0444\u0435\u0440\u0431\u043b\u0430\u0442\u0430: 4 \u0441\u043c<\/li>\n<li>\u0428\u0438\u0440\u0438\u043d\u0430 \u0440\u0435\u043c\u0456\u043d\u0446\u044f: 1,8 \u0441\u043c<\/li>\n<\/ul>","protected":false},"excerpt":{"rendered":"<p>See stiilne k\u00e4ekell on t\u00e4iuslik kingitus nii iseendale kui l\u00e4hedastele. Kellaga on kaasas kaks vahetatavat rihma \u2013 \u00fcks naturaalse v\u00e4rvusega korgist ja&hellip;<\/p>","protected":false},"featured_media":5985,"comment_status":"open","ping_status":"closed","template":"","meta":{"wprm-recipe-roundup-name":"","wprm-recipe-roundup-description":""},"product_brand":[],"product_cat":[243],"product_tag":[222],"class_list":{"0":"post-5984","1":"product","2":"type-product","3":"status-publish","4":"has-post-thumbnail","6":"product_cat-kaekellad-ja-ehted","7":"product_tag-kell","9":"first","10":"instock","11":"taxable","12":"shipping-taxable","13":"purchasable","14":"product-type-simple"},"supplier_id":9159,"supplier_sku":"","barcode":null,"atum_controlled":true,"out_stock_date":null,"out_stock_threshold":null,"inheritable":false,"inbound_stock":0,"stock_on_hold":0,"sold_today":0,"sales_last_days":0,"reserved_stock":0,"customer_returns":0,"warehouse_damage":0,"lost_in_post":0,"other_logs":0,"out_stock_days":0,"lost_sales":0,"has_location":false,"update_date":"2026-03-07T01:16:01","atum_locations":[],"atum_stock_status":"instock","restock_status":false,"low_stock_amount":"","sales_update_date":"2026-03-07T01:16:01","calc_backorders":null,"aioseo_notices":[],"_links":{"self":[{"href":"https:\/\/ecoshop.ee\/uk\/wp-json\/wp\/v2\/product\/5984","targetHints":{"allow":["GET"]}}],"collection":[{"href":"https:\/\/ecoshop.ee\/uk\/wp-json\/wp\/v2\/product"}],"about":[{"href":"https:\/\/ecoshop.ee\/uk\/wp-json\/wp\/v2\/types\/product"}],"replies":[{"embeddable":true,"href":"https:\/\/ecoshop.ee\/uk\/wp-json\/wp\/v2\/comments?post=5984"}],"version-history":[{"count":0,"href":"https:\/\/ecoshop.ee\/uk\/wp-json\/wp\/v2\/product\/5984\/revisions"}],"wp:featuredmedia":[{"embeddable":true,"href":"https:\/\/ecoshop.ee\/uk\/wp-json\/wp\/v2\/media\/5985"}],"wp:attachment":[{"href":"https:\/\/ecoshop.ee\/uk\/wp-json\/wp\/v2\/media?parent=5984"}],"wp:term":[{"taxonomy":"product_brand","embeddable":true,"href":"https:\/\/ecoshop.ee\/uk\/wp-json\/wp\/v2\/product_brand?post=5984"},{"taxonomy":"product_cat","embeddable":true,"href":"https:\/\/ecoshop.ee\/uk\/wp-json\/wp\/v2\/product_cat?post=5984"},{"taxonomy":"product_tag","embeddable":true,"href":"https:\/\/ecoshop.ee\/uk\/wp-json\/wp\/v2\/product_tag?post=5984"}],"curies":[{"name":"wp","href":"https:\/\/api.w.org\/{rel}","templated":true}]}}