{"id":6008,"date":"2024-07-18T15:03:07","date_gmt":"2024-07-18T12:03:07","guid":{"rendered":"https:\/\/ecoshop.ee\/?post_type=product&#038;p=6008"},"modified":"2024-11-09T01:31:31","modified_gmt":"2024-11-08T22:31:31","slug":"%d0%bd%d0%b0%d0%bc%d0%b8%d1%81%d1%82%d0%be-%d0%b7-%d0%bd%d0%b0%d1%82%d1%83%d1%80%d0%b0%d0%bb%d1%8c%d0%bd%d0%be%d1%97-%d0%ba%d0%be%d1%80%d0%ba%d0%be%d0%b2%d0%be%d1%97-%d0%ba%d0%be%d1%80%d0%ba%d0%b8","status":"publish","type":"product","link":"https:\/\/ecoshop.ee\/uk\/kaekellad-ja-ehted\/looduslikust-korgist-kaelakee\/","title":{"rendered":"\u041d\u0430\u043c\u0438\u0441\u0442\u043e \u0437 \u043d\u0430\u0442\u0443\u0440\u0430\u043b\u044c\u043d\u043e\u0457 \u043a\u043e\u0440\u043a\u043e\u0432\u043e\u0457 \u043a\u043e\u0440\u043a\u0438"},"content":{"rendered":"<p>\u0426\u0435 \u043a\u043e\u043b\u044c\u0454 \u0437 \u043d\u0430\u0442\u0443\u0440\u0430\u043b\u044c\u043d\u043e\u0433\u043e \u043a\u043e\u0440\u043a\u0443 \u0432\u0438\u0433\u043e\u0442\u043e\u0432\u043b\u0435\u043d\u0435 \u0437 \u043a\u043e\u0440\u043a\u0443 \u0442\u0430 \u0437\u0430\u043c\u0430\u043a\u0443 \u0437 \u041f\u043e\u0440\u0442\u0443\u0433\u0430\u043b\u0456\u0457, \u0449\u043e \u043f\u0440\u043e\u043f\u043e\u043d\u0443\u0454 \u0435\u043a\u043e\u043b\u043e\u0433\u0456\u0447\u043d\u0438\u0439 \u0442\u0430 \u0443\u043d\u0456\u043a\u0430\u043b\u044c\u043d\u0438\u0439 \u0434\u0438\u0437\u0430\u0439\u043d \u044e\u0432\u0435\u043b\u0456\u0440\u043d\u0438\u0445 \u0432\u0438\u0440\u043e\u0431\u0456\u0432. \u041a\u043e\u043b\u044c\u0454 \u0443 \u0432\u0456\u043d\u0442\u0430\u0436\u043d\u043e\u043c\u0443 \u0441\u0442\u0438\u043b\u0456 \u043f\u043e\u0454\u0434\u043d\u0443\u0454 \u0432 \u0441\u043e\u0431\u0456 \u043e\u0440\u0438\u0433\u0456\u043d\u0430\u043b\u044c\u043d\u0438\u0439 \u0434\u0435\u0440\u0435\u0432&#039;\u044f\u043d\u0438\u0439 \u0434\u0438\u0437\u0430\u0439\u043d \u0442\u0430 \u043c\u0430\u0439\u0441\u0442\u0435\u0440\u043d\u0456\u0441\u0442\u044c. \u041a\u043e\u0436\u043d\u0435 \u043a\u043e\u043b\u044c\u0454 \u0432\u0438\u0433\u043e\u0442\u043e\u0432\u043b\u044f\u0454\u0442\u044c\u0441\u044f \u0432\u0440\u0443\u0447\u043d\u0443 \u0442\u0430 \u043f\u043e\u0441\u0442\u0430\u0447\u0430\u0454\u0442\u044c\u0441\u044f \u0431\u0435\u0437\u043f\u043e\u0441\u0435\u0440\u0435\u0434\u043d\u044c\u043e \u0437 \u041f\u043e\u0440\u0442\u0443\u0433\u0430\u043b\u0456\u0457, \u0449\u043e \u0433\u0430\u0440\u0430\u043d\u0442\u0443\u0454 \u0432\u0438\u0441\u043e\u043a\u0443 \u044f\u043a\u0456\u0441\u0442\u044c \u0442\u0430 \u0430\u0432\u0442\u0435\u043d\u0442\u0438\u0447\u043d\u0456\u0441\u0442\u044c. \u041a\u043e\u043b\u044c\u0454 \u043c\u0430\u0454 \u0434\u043e\u0432\u0436\u0438\u043d\u0443 45 \u0441\u043c \u0442\u0430 \u0434\u043e\u0441\u0442\u0443\u043f\u043d\u0435 \u0443 \u0447\u043e\u0442\u0438\u0440\u044c\u043e\u0445 \u0440\u0456\u0437\u043d\u0438\u0445 \u0434\u0438\u0437\u0430\u0439\u043d\u0430\u0445.<\/p>","protected":false},"excerpt":{"rendered":"<p>See naturaalsest korgist kaelakee on valmistatud Portugalist p\u00e4rit korgist ja zamakist, pakkudes keskkonnas\u00f5bralikku ja ainulaadset ehtedisaini. Vintage stiilis kaelakee \u00fchendab endas originaalse&hellip;<\/p>","protected":false},"featured_media":6015,"comment_status":"open","ping_status":"closed","template":"","meta":{"wprm-recipe-roundup-name":"","wprm-recipe-roundup-description":""},"product_brand":[],"product_cat":[243],"product_tag":[259],"class_list":{"0":"post-6008","1":"product","2":"type-product","3":"status-publish","4":"has-post-thumbnail","6":"product_cat-kaekellad-ja-ehted","7":"product_tag-kaelakee","9":"first","10":"instock","11":"taxable","12":"shipping-taxable","13":"purchasable","14":"product-type-variable"},"supplier_id":null,"supplier_sku":"","barcode":null,"atum_controlled":true,"out_stock_date":null,"out_stock_threshold":null,"inheritable":false,"inbound_stock":0,"stock_on_hold":0,"sold_today":0,"sales_last_days":0,"reserved_stock":0,"customer_returns":0,"warehouse_damage":0,"lost_in_post":0,"other_logs":0,"out_stock_days":0,"lost_sales":0,"has_location":false,"update_date":"2026-03-07T01:16:01","atum_locations":[],"atum_stock_status":"instock","restock_status":false,"low_stock_amount":"","sales_update_date":"2026-03-07T01:16:01","calc_backorders":null,"aioseo_notices":[],"_links":{"self":[{"href":"https:\/\/ecoshop.ee\/uk\/wp-json\/wp\/v2\/product\/6008","targetHints":{"allow":["GET"]}}],"collection":[{"href":"https:\/\/ecoshop.ee\/uk\/wp-json\/wp\/v2\/product"}],"about":[{"href":"https:\/\/ecoshop.ee\/uk\/wp-json\/wp\/v2\/types\/product"}],"replies":[{"embeddable":true,"href":"https:\/\/ecoshop.ee\/uk\/wp-json\/wp\/v2\/comments?post=6008"}],"version-history":[{"count":0,"href":"https:\/\/ecoshop.ee\/uk\/wp-json\/wp\/v2\/product\/6008\/revisions"}],"wp:featuredmedia":[{"embeddable":true,"href":"https:\/\/ecoshop.ee\/uk\/wp-json\/wp\/v2\/media\/6015"}],"wp:attachment":[{"href":"https:\/\/ecoshop.ee\/uk\/wp-json\/wp\/v2\/media?parent=6008"}],"wp:term":[{"taxonomy":"product_brand","embeddable":true,"href":"https:\/\/ecoshop.ee\/uk\/wp-json\/wp\/v2\/product_brand?post=6008"},{"taxonomy":"product_cat","embeddable":true,"href":"https:\/\/ecoshop.ee\/uk\/wp-json\/wp\/v2\/product_cat?post=6008"},{"taxonomy":"product_tag","embeddable":true,"href":"https:\/\/ecoshop.ee\/uk\/wp-json\/wp\/v2\/product_tag?post=6008"}],"curies":[{"name":"wp","href":"https:\/\/api.w.org\/{rel}","templated":true}]}}