{"id":6069,"date":"2024-07-18T20:58:07","date_gmt":"2024-07-18T17:58:07","guid":{"rendered":"https:\/\/ecoshop.ee\/?post_type=product&#038;p=6069"},"modified":"2025-12-25T19:43:05","modified_gmt":"2025-12-25T16:43:05","slug":"%d0%bc%d0%b0%d0%bb%d0%b5%d0%bd%d1%8c%d0%ba%d0%b0-%d0%ba%d0%be%d1%80%d0%ba%d0%be%d0%b2%d0%b0-%d1%81%d0%ba%d1%80%d0%b8%d0%bd%d1%8c%d0%ba%d0%b0-%d0%b4%d0%bb%d1%8f-%d0%b7%d0%b1%d0%b5%d1%80%d1%96%d0%b3","status":"publish","type":"product","link":"https:\/\/ecoshop.ee\/uk\/tarvikud\/korgist-vaike-kaekella-hoiukarp\/","title":{"rendered":"\u041c\u0430\u043b\u0435\u043d\u044c\u043a\u0430 \u0441\u043a\u0440\u0438\u043d\u044c\u043a\u0430 \u0434\u043b\u044f \u0437\u0431\u0435\u0440\u0456\u0433\u0430\u043d\u043d\u044f \u043a\u043e\u0440\u043a\u043e\u0432\u0438\u0445 \u0433\u043e\u0434\u0438\u043d\u043d\u0438\u043a\u0456\u0432"},"content":{"rendered":"<p>\u0413\u0430\u0440\u043d\u0430 \u043c\u0430\u043b\u0435\u043d\u044c\u043a\u0430 \u043a\u043e\u0440\u043a\u043e\u0432\u0430 \u0441\u043a\u0440\u0438\u043d\u044c\u043a\u0430 \u0434\u043b\u044f \u0437\u0431\u0435\u0440\u0456\u0433\u0430\u043d\u043d\u044f \u0437 \u0431\u0430\u0433\u0430\u0442\u043e\u044e \u0442\u0435\u043a\u0441\u0442\u0443\u0440\u043e\u044e. \u0406\u0434\u0435\u0430\u043b\u044c\u043d\u043e \u043f\u0456\u0434\u0445\u043e\u0434\u0438\u0442\u044c \u0434\u043b\u044f \u0437\u0431\u0435\u0440\u0456\u0433\u0430\u043d\u043d\u044f \u0431\u0440\u0430\u0441\u043b\u0435\u0442\u0456\u0432, \u0433\u043e\u0434\u0438\u043d\u043d\u0438\u043a\u0456\u0432, \u043a\u0456\u043b\u0435\u0446\u044c \u0430\u0431\u043e \u0456\u043d\u0448\u0438\u0445 \u0434\u0440\u0456\u0431\u043d\u0438\u0445 \u043f\u0440\u0435\u0434\u043c\u0435\u0442\u0456\u0432. \u0412\u0438\u0433\u043e\u0442\u043e\u0432\u043b\u0435\u043d\u0430 \u0437 \u0432\u0438\u0441\u043e\u043a\u043e\u044f\u043a\u0456\u0441\u043d\u043e\u0433\u043e, \u0435\u043a\u043e\u043b\u043e\u0433\u0456\u0447\u043d\u043e \u0447\u0438\u0441\u0442\u043e\u0433\u043e, \u043c&#039;\u044f\u043a\u043e\u0433\u043e \u0442\u0430 \u043c\u0456\u0446\u043d\u043e\u0433\u043e \u043a\u043e\u0440\u043a\u0430!<\/p>\n<p>&nbsp;<\/p>\n<p><strong>\u0420\u043e\u0437\u043c\u0456\u0440\u0438:<\/strong><\/p>\n<ul>\n<li>\u0414\u043e\u0432\u0436\u0438\u043d\u0430: 9 \u0441\u043c<\/li>\n<li>\u0428\u0438\u0440\u0438\u043d\u0430 9 \u0441\u043c<\/li>\n<li>\u0412\u0438\u0441\u043e\u0442\u0430: 6 \u0441\u043c<\/li>\n<\/ul>","protected":false},"excerpt":{"rendered":"<p>Kaunis v\u00e4ike korgist hoiukarp, rikkaliku tekstuuriga. Sobib ideaalselt k\u00e4ev\u00f5rude, kellade, s\u00f5rmuste v\u00f5i teiste v\u00e4ikeste esemete hoidmiseks. Valmistatud k\u00f5rgekvaliteedilisest, keskkonnas\u00f5bralikust, pehmest ja vastupidavast&hellip;<\/p>","protected":false},"featured_media":6070,"comment_status":"open","ping_status":"closed","template":"","meta":{"wprm-recipe-roundup-name":"","wprm-recipe-roundup-description":""},"product_brand":[],"product_cat":[245],"product_tag":[],"class_list":{"0":"post-6069","1":"product","2":"type-product","3":"status-publish","4":"has-post-thumbnail","6":"product_cat-tarvikud","8":"first","9":"instock","10":"taxable","11":"shipping-taxable","12":"purchasable","13":"product-type-simple"},"supplier_id":9159,"supplier_sku":"","barcode":null,"atum_controlled":true,"out_stock_date":null,"out_stock_threshold":null,"inheritable":false,"inbound_stock":0,"stock_on_hold":0,"sold_today":0,"sales_last_days":0,"reserved_stock":0,"customer_returns":0,"warehouse_damage":0,"lost_in_post":0,"other_logs":0,"out_stock_days":0,"lost_sales":0,"has_location":false,"update_date":"2026-03-07T01:16:09","atum_locations":[],"atum_stock_status":"instock","restock_status":false,"low_stock_amount":"","sales_update_date":"2026-03-07T01:16:09","calc_backorders":null,"aioseo_notices":[],"_links":{"self":[{"href":"https:\/\/ecoshop.ee\/uk\/wp-json\/wp\/v2\/product\/6069","targetHints":{"allow":["GET"]}}],"collection":[{"href":"https:\/\/ecoshop.ee\/uk\/wp-json\/wp\/v2\/product"}],"about":[{"href":"https:\/\/ecoshop.ee\/uk\/wp-json\/wp\/v2\/types\/product"}],"replies":[{"embeddable":true,"href":"https:\/\/ecoshop.ee\/uk\/wp-json\/wp\/v2\/comments?post=6069"}],"version-history":[{"count":0,"href":"https:\/\/ecoshop.ee\/uk\/wp-json\/wp\/v2\/product\/6069\/revisions"}],"wp:featuredmedia":[{"embeddable":true,"href":"https:\/\/ecoshop.ee\/uk\/wp-json\/wp\/v2\/media\/6070"}],"wp:attachment":[{"href":"https:\/\/ecoshop.ee\/uk\/wp-json\/wp\/v2\/media?parent=6069"}],"wp:term":[{"taxonomy":"product_brand","embeddable":true,"href":"https:\/\/ecoshop.ee\/uk\/wp-json\/wp\/v2\/product_brand?post=6069"},{"taxonomy":"product_cat","embeddable":true,"href":"https:\/\/ecoshop.ee\/uk\/wp-json\/wp\/v2\/product_cat?post=6069"},{"taxonomy":"product_tag","embeddable":true,"href":"https:\/\/ecoshop.ee\/uk\/wp-json\/wp\/v2\/product_tag?post=6069"}],"curies":[{"name":"wp","href":"https:\/\/api.w.org\/{rel}","templated":true}]}}