{"id":61922,"date":"2025-03-09T21:25:48","date_gmt":"2025-03-09T19:25:48","guid":{"rendered":"https:\/\/ecoshop.ee\/?post_type=product&#038;p=61922"},"modified":"2026-04-27T22:05:47","modified_gmt":"2026-04-27T19:05:47","slug":"%d0%be%d1%80%d0%b3%d0%b0%d0%bd%d1%96%d1%87%d0%bd%d0%b0-%d0%b2%d1%96%d0%b2%d1%81%d1%8f%d0%bd%d0%ba%d0%b0-clearspring-500-%d0%bc%d0%bb","status":"publish","type":"product","link":"https:\/\/ecoshop.ee\/uk\/piimad-ja-maarded\/clearspring-mahe-ounaaadikas-500ml\/","title":{"rendered":"\u041e\u0440\u0433\u0430\u043d\u0456\u0447\u043d\u0438\u0439 \u044f\u0431\u043b\u0443\u0447\u043d\u0438\u0439 \u043e\u0446\u0435\u0442 Clearspring, 500 \u043c\u043b"},"content":{"rendered":"<p data-start=\"98\" data-end=\"364\">\u0426\u0435\u0439 \u0441\u0432\u0456\u0436\u0438\u0439 \u0442\u0430 \u0444\u0440\u0443\u043a\u0442\u043e\u0432\u0438\u0439 \u044f\u0431\u043b\u0443\u0447\u043d\u0438\u0439 \u043e\u0446\u0435\u0442 \u0432\u0438\u0433\u043e\u0442\u043e\u0432\u043b\u044f\u0454\u0442\u044c\u0441\u044f \u0456\u0442\u0430\u043b\u0456\u0439\u0441\u044c\u043a\u0438\u043c\u0438 \u043c\u0430\u0439\u0441\u0442\u0440\u0430\u043c\u0438 \u0437 \u0432\u0438\u043a\u043e\u0440\u0438\u0441\u0442\u0430\u043d\u043d\u044f\u043c \u0445\u043e\u043b\u043e\u0434\u043d\u043e\u0433\u043e \u0432\u0456\u0434\u0436\u0438\u043c\u0443 \u043e\u0440\u0433\u0430\u043d\u0456\u0447\u043d\u043e\u0433\u043e \u044f\u0431\u043b\u0443\u0447\u043d\u043e\u0433\u043e \u0441\u043e\u043a\u0443. \u041d\u0430\u0442\u0443\u0440\u0430\u043b\u044c\u043d\u043e \u0444\u0435\u0440\u043c\u0435\u043d\u0442\u043e\u0432\u0430\u043d\u0438\u0439, \u043d\u0435\u043f\u0430\u0441\u0442\u0435\u0440\u0438\u0437\u043e\u0432\u0430\u043d\u0438\u0439 \u0442\u0430 \u043d\u0435\u0444\u0456\u043b\u044c\u0442\u0440\u043e\u0432\u0430\u043d\u0438\u0439 \u2013 \u043c\u0456\u0441\u0442\u0438\u0442\u044c \u201e\u043c\u0430\u0442\u0438\u201c, \u044f\u043a\u0430 \u043d\u0430\u0434\u0430\u0454 \u0439\u043e\u043c\u0443 \u043a\u0430\u043b\u0430\u043c\u0443\u0442\u043d\u043e\u0433\u043e \u0432\u0438\u0433\u043b\u044f\u0434\u0443 \u0442\u0430 \u043f\u0440\u0438\u0440\u043e\u0434\u043d\u043e\u0433\u043e \u043e\u0441\u0430\u0434\u0443.<\/p>\n<p data-start=\"366\" data-end=\"484\" data-is-last-node=\"\" data-is-only-node=\"\">\u0427\u0443\u0434\u043e\u0432\u043e \u043f\u0456\u0434\u0445\u043e\u0434\u0438\u0442\u044c \u0434\u043b\u044f \u0441\u043e\u0443\u0441\u0456\u0432 \u0442\u0430 \u0437\u0430\u043f\u0440\u0430\u0432\u043e\u043a \u0434\u043b\u044f \u0441\u0430\u043b\u0430\u0442\u0456\u0432, \u0430\u0431\u043e \u0432\u0436\u0438\u0432\u0430\u0439\u0442\u0435 2 \u0441\u0442\u043e\u043b\u043e\u0432\u0456 \u043b\u043e\u0436\u043a\u0438 \u0437 \u0432\u043e\u0434\u043e\u044e \u044f\u043a \u0449\u043e\u0434\u0435\u043d\u043d\u0438\u0439 \u043a\u043e\u0440\u0438\u0441\u043d\u0438\u0439 \u0442\u043e\u043d\u0456\u043a.<\/p>","protected":false},"excerpt":{"rendered":"<p>See v\u00e4rske ja puuviljane \u00f5una\u00e4\u00e4dikas on valmistatud Itaalia meistrite poolt, kasutades k\u00fclmpressitud mahedat \u00f5unamahla. Looduslikult fermenteeritud, past\u00f6riseerimata ja filtreerimata \u2013 sisaldab \u201eEmat\u201c,&hellip;<\/p>","protected":false},"featured_media":61924,"comment_status":"open","ping_status":"closed","template":"","meta":{"wprm-recipe-roundup-name":"","wprm-recipe-roundup-description":""},"product_brand":[12018],"product_cat":[325],"product_tag":[3655,297],"class_list":{"0":"post-61922","1":"product","2":"type-product","3":"status-publish","4":"has-post-thumbnail","6":"product_brand-clearspring","7":"product_cat-piimad-ja-maarded","8":"product_tag-aadikas","9":"product_tag-mahe","10":"j79_wcxd_expiry_type-best-before","12":"first","13":"instock","14":"taxable","15":"shipping-taxable","16":"purchasable","17":"product-type-simple"},"supplier_id":9160,"supplier_sku":"","barcode":"5021554003090","atum_controlled":true,"out_stock_date":null,"out_stock_threshold":null,"inheritable":false,"inbound_stock":0,"stock_on_hold":0,"sold_today":0,"sales_last_days":1,"reserved_stock":0,"customer_returns":0,"warehouse_damage":0,"lost_in_post":0,"other_logs":0,"out_stock_days":0,"lost_sales":0,"has_location":false,"update_date":"2026-04-30T12:07:59","atum_locations":[],"atum_stock_status":"instock","restock_status":true,"low_stock_amount":"","sales_update_date":"2026-04-30T12:07:59","calc_backorders":null,"aioseo_notices":[],"_links":{"self":[{"href":"https:\/\/ecoshop.ee\/uk\/wp-json\/wp\/v2\/product\/61922","targetHints":{"allow":["GET"]}}],"collection":[{"href":"https:\/\/ecoshop.ee\/uk\/wp-json\/wp\/v2\/product"}],"about":[{"href":"https:\/\/ecoshop.ee\/uk\/wp-json\/wp\/v2\/types\/product"}],"replies":[{"embeddable":true,"href":"https:\/\/ecoshop.ee\/uk\/wp-json\/wp\/v2\/comments?post=61922"}],"version-history":[{"count":0,"href":"https:\/\/ecoshop.ee\/uk\/wp-json\/wp\/v2\/product\/61922\/revisions"}],"wp:featuredmedia":[{"embeddable":true,"href":"https:\/\/ecoshop.ee\/uk\/wp-json\/wp\/v2\/media\/61924"}],"wp:attachment":[{"href":"https:\/\/ecoshop.ee\/uk\/wp-json\/wp\/v2\/media?parent=61922"}],"wp:term":[{"taxonomy":"product_brand","embeddable":true,"href":"https:\/\/ecoshop.ee\/uk\/wp-json\/wp\/v2\/product_brand?post=61922"},{"taxonomy":"product_cat","embeddable":true,"href":"https:\/\/ecoshop.ee\/uk\/wp-json\/wp\/v2\/product_cat?post=61922"},{"taxonomy":"product_tag","embeddable":true,"href":"https:\/\/ecoshop.ee\/uk\/wp-json\/wp\/v2\/product_tag?post=61922"}],"curies":[{"name":"wp","href":"https:\/\/api.w.org\/{rel}","templated":true}]}}