{"id":6281,"date":"2024-07-23T00:54:43","date_gmt":"2024-07-22T21:54:43","guid":{"rendered":"https:\/\/ecoshop.ee\/?post_type=product&#038;p=6281"},"modified":"2025-12-25T19:40:50","modified_gmt":"2025-12-25T16:40:50","slug":"%d0%b5%d0%ba%d0%be%d0%bb%d0%be%d0%b3%d1%96%d1%87%d0%bd%d0%b0-%d0%b4%d0%be%d1%80%d0%be%d0%b6%d0%bd%d1%8f-%d1%81%d1%83%d0%bc%d0%ba%d0%b0-%d0%b7-%d0%ba%d0%be%d1%80%d0%ba%d0%b0-%d0%b7-%d0%b2%d1%96%d0%b7","status":"publish","type":"product","link":"https:\/\/ecoshop.ee\/uk\/kotid\/keskkonnasobralik-mustriga-korgist-reisikott\/","title":{"rendered":"\u0415\u043a\u043e\u043b\u043e\u0433\u0456\u0447\u043d\u0430 \u0434\u043e\u0440\u043e\u0436\u043d\u044f \u0441\u0443\u043c\u043a\u0430 \u0437 \u0432\u0456\u0437\u0435\u0440\u0443\u043d\u043a\u043e\u043c \u0437 \u043a\u043e\u0440\u043a\u0430"},"content":{"rendered":"<p>\u0415\u043a\u043e\u043b\u043e\u0433\u0456\u0447\u043d\u0430 \u043a\u043e\u0440\u043a\u043e\u0432\u0430 \u0434\u043e\u0440\u043e\u0436\u043d\u044f \u0441\u0443\u043c\u043a\u0430, \u044f\u043a\u0430 \u043f\u043e\u0454\u0434\u043d\u0443\u0454 \u043d\u0430\u0442\u0443\u0440\u0430\u043b\u044c\u043d\u0438\u0439 \u043a\u043e\u0440\u043e\u043a \u0437\u0456 \u0441\u0442\u0438\u043b\u044c\u043d\u0438\u043c \u0434\u0438\u0437\u0430\u0439\u043d\u043e\u043c. \u0426\u0435\u0439 \u0443\u043d\u0456\u0432\u0435\u0440\u0441\u0430\u043b\u044c\u043d\u0438\u0439 \u0441\u0443\u043f\u0443\u0442\u043d\u0438\u043a \u0443 \u043f\u043e\u0434\u043e\u0440\u043e\u0436\u0430\u0445 \u043c\u0430\u0454 \u043a\u0456\u043b\u044c\u043a\u0430 \u0432\u043d\u0443\u0442\u0440\u0456\u0448\u043d\u0456\u0445 \u043a\u0438\u0448\u0435\u043d\u044c \u0434\u043b\u044f \u043e\u0440\u0433\u0430\u043d\u0456\u0437\u0430\u0446\u0456\u0457 \u0432\u0430\u0448\u0438\u0445 \u0440\u0435\u0447\u0435\u0439. \u0417\u043d\u0456\u043c\u043d\u0438\u0439 \u0440\u0435\u0433\u0443\u043b\u044c\u043e\u0432\u0430\u043d\u0438\u0439 \u043f\u043b\u0435\u0447\u043e\u0432\u0438\u0439 \u0440\u0435\u043c\u0456\u043d\u044c \u0437\u0430\u0431\u0435\u0437\u043f\u0435\u0447\u0443\u0454 \u0433\u043d\u0443\u0447\u043a\u0456\u0441\u0442\u044c, \u0434\u043e\u0437\u0432\u043e\u043b\u044f\u044e\u0447\u0438 \u043d\u043e\u0441\u0438\u0442\u0438 \u0441\u0443\u043c\u043a\u0443 \u0432 \u0440\u0443\u0446\u0456 \u0430\u0431\u043e \u043d\u0430 \u043f\u043b\u0435\u0447\u0456. \u041a\u043e\u0440\u043a\u043e\u0432\u0438\u0439 \u043c\u0430\u0442\u0435\u0440\u0456\u0430\u043b \u0454 \u0441\u0442\u0456\u0439\u043a\u0438\u043c, \u0435\u043a\u043e\u043b\u043e\u0433\u0456\u0447\u043d\u043e \u0447\u0438\u0441\u0442\u0438\u043c, \u0432\u043e\u0434\u043e\u043d\u0435\u043f\u0440\u043e\u043d\u0438\u043a\u043d\u0438\u043c, \u043c\u0456\u0446\u043d\u0438\u043c \u0442\u0430 \u043f\u0440\u043e\u0441\u0442\u0438\u043c \u0443 \u0434\u043e\u0433\u043b\u044f\u0434\u0456. \u0406\u0434\u0435\u0430\u043b\u044c\u043d\u0438\u0439 \u0432\u0438\u0431\u0456\u0440 \u0434\u043b\u044f \u0449\u043e\u0434\u0435\u043d\u043d\u043e\u0433\u043e \u0432\u0438\u043a\u043e\u0440\u0438\u0441\u0442\u0430\u043d\u043d\u044f.<\/p>\n<p>&nbsp;<\/p>\n<p><strong>\u0420\u043e\u0437\u043c\u0456\u0440\u0438<\/strong>:<\/p>\n<ul>\n<li>\u0414\u043e\u0432\u0436\u0438\u043d\u0430: 30 \u0441\u043c<\/li>\n<li>\u0428\u0438\u0440\u0438\u043d\u0430: 21 \u0441\u043c<\/li>\n<li>\u0422\u043e\u0432\u0449\u0438\u043d\u0430: 12 \u0441\u043c<\/li>\n<li>\u0414\u043e\u0432\u0436\u0438\u043d\u0430 \u0440\u0435\u043c\u0456\u043d\u0446\u044f: 65-130 \u0441\u043c<\/li>\n<\/ul>","protected":false},"excerpt":{"rendered":"<p>Looduss\u00f5bralik korgist reisikott, mis \u00fchendab endas naturaalse korgi ja stiilse disaini. See mitmek\u00fclgne reisikaaslane on mitme sisemise taskuga, et hoida teie asjad&hellip;<\/p>","protected":false},"featured_media":6286,"comment_status":"open","ping_status":"closed","template":"","meta":{"wprm-recipe-roundup-name":"","wprm-recipe-roundup-description":""},"product_brand":[],"product_cat":[242],"product_tag":[202],"class_list":{"0":"post-6281","1":"product","2":"type-product","3":"status-publish","4":"has-post-thumbnail","6":"product_cat-kotid","7":"product_tag-kott","9":"first","10":"instock","11":"taxable","12":"shipping-taxable","13":"purchasable","14":"product-type-variable"},"supplier_id":null,"supplier_sku":"","barcode":null,"atum_controlled":true,"out_stock_date":null,"out_stock_threshold":null,"inheritable":false,"inbound_stock":0,"stock_on_hold":0,"sold_today":0,"sales_last_days":0,"reserved_stock":0,"customer_returns":0,"warehouse_damage":0,"lost_in_post":0,"other_logs":0,"out_stock_days":0,"lost_sales":0,"has_location":false,"update_date":"2026-03-07T01:16:01","atum_locations":[],"atum_stock_status":"instock","restock_status":false,"low_stock_amount":"","sales_update_date":"2026-03-07T01:16:01","calc_backorders":null,"aioseo_notices":[],"_links":{"self":[{"href":"https:\/\/ecoshop.ee\/uk\/wp-json\/wp\/v2\/product\/6281","targetHints":{"allow":["GET"]}}],"collection":[{"href":"https:\/\/ecoshop.ee\/uk\/wp-json\/wp\/v2\/product"}],"about":[{"href":"https:\/\/ecoshop.ee\/uk\/wp-json\/wp\/v2\/types\/product"}],"replies":[{"embeddable":true,"href":"https:\/\/ecoshop.ee\/uk\/wp-json\/wp\/v2\/comments?post=6281"}],"version-history":[{"count":0,"href":"https:\/\/ecoshop.ee\/uk\/wp-json\/wp\/v2\/product\/6281\/revisions"}],"wp:featuredmedia":[{"embeddable":true,"href":"https:\/\/ecoshop.ee\/uk\/wp-json\/wp\/v2\/media\/6286"}],"wp:attachment":[{"href":"https:\/\/ecoshop.ee\/uk\/wp-json\/wp\/v2\/media?parent=6281"}],"wp:term":[{"taxonomy":"product_brand","embeddable":true,"href":"https:\/\/ecoshop.ee\/uk\/wp-json\/wp\/v2\/product_brand?post=6281"},{"taxonomy":"product_cat","embeddable":true,"href":"https:\/\/ecoshop.ee\/uk\/wp-json\/wp\/v2\/product_cat?post=6281"},{"taxonomy":"product_tag","embeddable":true,"href":"https:\/\/ecoshop.ee\/uk\/wp-json\/wp\/v2\/product_tag?post=6281"}],"curies":[{"name":"wp","href":"https:\/\/api.w.org\/{rel}","templated":true}]}}