{"id":6595,"date":"2024-07-27T22:58:29","date_gmt":"2024-07-27T19:58:29","guid":{"rendered":"https:\/\/ecoshop.ee\/?post_type=product&#038;p=6595"},"modified":"2026-04-14T00:43:12","modified_gmt":"2026-04-13T21:43:12","slug":"%d0%b1%d0%b0%d0%b3%d0%b0%d1%82%d0%be%d1%80%d0%b0%d0%b7%d0%be%d0%b2%d0%b0-%d0%b1%d1%80%d0%b8%d1%82%d0%b2%d0%b0-%d0%b7-%d1%82%d0%b5%d0%bc%d0%bd%d0%be%d0%b3%d0%be-%d0%b1%d0%b0%d0%bc%d0%b1%d1%83%d0%ba","status":"publish","type":"product","link":"https:\/\/ecoshop.ee\/uk\/raseerijad\/korduvkasutatav-tumedast-bambusest-raseerija\/","title":{"rendered":"\u0411\u0430\u0433\u0430\u0442\u043e\u0440\u0430\u0437\u043e\u0432\u0430 \u0431\u0440\u0438\u0442\u0432\u0430 \u0437 \u0442\u0435\u043c\u043d\u043e\u0433\u043e \u0431\u0430\u043c\u0431\u0443\u043a\u0430 + 10 \u043b\u0435\u0437"},"content":{"rendered":"<p>\u041d\u0430\u0448\u0430 \u0434\u0432\u043e\u0441\u0442\u043e\u0440\u043e\u043d\u043d\u044f \u0431\u0430\u043c\u0431\u0443\u043a\u043e\u0432\u0430 \u0431\u0440\u0438\u0442\u0432\u0430 \u0442\u043e\u0447\u043d\u043e \u0440\u043e\u0437\u0440\u043e\u0431\u043b\u0435\u043d\u0430 \u0442\u0430 \u0456\u0434\u0435\u0430\u043b\u044c\u043d\u043e \u0437\u0432\u0430\u0436\u0435\u043d\u0430, \u0449\u043e\u0431 \u0437\u0430\u0431\u0435\u0437\u043f\u0435\u0447\u0438\u0442\u0438 \u0433\u043b\u0430\u0434\u043a\u0435 \u0433\u043e\u043b\u0456\u043d\u043d\u044f \u0431\u0435\u0437 \u0432\u0456\u0434\u0445\u043e\u0434\u0456\u0432.<\/p>\n<p>\u041a\u043e\u0436\u043d\u0430 \u0431\u0430\u0433\u0430\u0442\u043e\u0440\u0430\u0437\u043e\u0432\u0430 \u0431\u0440\u0438\u0442\u0432\u0430 \u043e\u0441\u043d\u0430\u0449\u0435\u043d\u0430 \u0443\u043d\u0456\u043a\u0430\u043b\u044c\u043d\u043e\u044e \u0434\u043e\u0432\u0433\u043e\u044e \u0431\u0430\u043c\u0431\u0443\u043a\u043e\u0432\u043e\u044e \u0440\u0443\u0447\u043a\u043e\u044e \u0434\u043b\u044f \u043a\u043e\u043c\u0444\u043e\u0440\u0442\u0443 \u0442\u0430 \u0445\u0440\u043e\u043c\u043e\u0432\u0430\u043d\u0438\u043c \u0437\u0430\u0445\u0438\u0441\u043d\u0438\u043c \u043a\u043e\u0436\u0443\u0445\u043e\u043c \u0434\u043b\u044f \u0437\u0430\u043f\u043e\u0431\u0456\u0433\u0430\u043d\u043d\u044f \u043f\u043e\u0440\u0456\u0437\u0430\u043c \u0442\u0430 \u043f\u043e\u0434\u0440\u0430\u0437\u043d\u0435\u043d\u043d\u044e.<\/p>\n<p>&nbsp;<\/p>\n<h3>\u0412\u043a\u043b\u044e\u0447\u0435\u043d\u043e:<\/h3>\n<ul>\n<li>1 \u0431\u0430\u043c\u0431\u0443\u043a\u043e\u0432\u0430 \u0431\u0440\u0438\u0442\u0432\u0430 \u0437 \u0442\u043e\u043d\u043a\u043e\u044e \u0440\u0443\u0447\u043a\u043e\u044e<\/li>\n<li>10 \u043b\u0435\u0437 \u0434\u043b\u044f \u0431\u0440\u0438\u0442\u0432\u0438<\/li>\n<li>1 \u041a\u043e\u0440\u043e\u0431\u043a\u0430 \u0434\u043b\u044f \u0437\u0431\u0435\u0440\u0456\u0433\u0430\u043d\u043d\u044f<\/li>\n<\/ul>","protected":false},"excerpt":{"rendered":"<p>Meie kahepoolsete teradega bambusest raseerija on t\u00e4pselt konstrueeritud ja ideaalse kaaluga, et pakkuda sujuvat null-j\u00e4\u00e4tmetega raseerimiskogemust. Iga korduvkasutatav raseerija on varustatud ainulaadse&hellip;<\/p>","protected":false},"featured_media":6596,"comment_status":"open","ping_status":"closed","template":"","meta":{"wprm-recipe-roundup-name":"","wprm-recipe-roundup-description":""},"product_brand":[12064],"product_cat":[280],"product_tag":[190],"class_list":{"0":"post-6595","1":"product","2":"type-product","3":"status-publish","4":"has-post-thumbnail","6":"product_brand-jungle-culture","7":"product_cat-raseerijad","8":"product_tag-raseerija","10":"first","11":"instock","12":"taxable","13":"shipping-taxable","14":"purchasable","15":"product-type-simple"},"supplier_id":9133,"supplier_sku":"","barcode":null,"atum_controlled":true,"out_stock_date":null,"out_stock_threshold":null,"inheritable":false,"inbound_stock":0,"stock_on_hold":0,"sold_today":0,"sales_last_days":0,"reserved_stock":0,"customer_returns":0,"warehouse_damage":0,"lost_in_post":0,"other_logs":0,"out_stock_days":0,"lost_sales":0,"has_location":false,"update_date":"2026-04-13T21:43:13","atum_locations":[],"atum_stock_status":"instock","restock_status":false,"low_stock_amount":"","sales_update_date":"2026-03-07T01:16:13","calc_backorders":null,"aioseo_notices":[],"_links":{"self":[{"href":"https:\/\/ecoshop.ee\/uk\/wp-json\/wp\/v2\/product\/6595","targetHints":{"allow":["GET"]}}],"collection":[{"href":"https:\/\/ecoshop.ee\/uk\/wp-json\/wp\/v2\/product"}],"about":[{"href":"https:\/\/ecoshop.ee\/uk\/wp-json\/wp\/v2\/types\/product"}],"replies":[{"embeddable":true,"href":"https:\/\/ecoshop.ee\/uk\/wp-json\/wp\/v2\/comments?post=6595"}],"version-history":[{"count":0,"href":"https:\/\/ecoshop.ee\/uk\/wp-json\/wp\/v2\/product\/6595\/revisions"}],"wp:featuredmedia":[{"embeddable":true,"href":"https:\/\/ecoshop.ee\/uk\/wp-json\/wp\/v2\/media\/6596"}],"wp:attachment":[{"href":"https:\/\/ecoshop.ee\/uk\/wp-json\/wp\/v2\/media?parent=6595"}],"wp:term":[{"taxonomy":"product_brand","embeddable":true,"href":"https:\/\/ecoshop.ee\/uk\/wp-json\/wp\/v2\/product_brand?post=6595"},{"taxonomy":"product_cat","embeddable":true,"href":"https:\/\/ecoshop.ee\/uk\/wp-json\/wp\/v2\/product_cat?post=6595"},{"taxonomy":"product_tag","embeddable":true,"href":"https:\/\/ecoshop.ee\/uk\/wp-json\/wp\/v2\/product_tag?post=6595"}],"curies":[{"name":"wp","href":"https:\/\/api.w.org\/{rel}","templated":true}]}}