{"id":6901,"date":"2024-08-09T22:50:35","date_gmt":"2024-08-09T19:50:35","guid":{"rendered":"https:\/\/ecoshop.ee\/?post_type=product&#038;p=6901"},"modified":"2026-04-14T00:36:55","modified_gmt":"2026-04-13T21:36:55","slug":"%d0%be%d1%80%d0%b3%d0%b0%d0%bd%d1%96%d1%87%d0%bd%d0%b8%d0%b9-%d0%ba%d0%be%d0%ba%d0%be%d1%81%d0%be%d0%b2%d0%b8%d0%b9-%d1%86%d1%83%d0%ba%d0%be%d1%80-250-%d0%b3","status":"publish","type":"product","link":"https:\/\/ecoshop.ee\/uk\/kupsetussegud-ja-kuivained\/orgaaniline-kookossuhkur-250g\/","title":{"rendered":"\u041e\u0440\u0433\u0430\u043d\u0456\u0447\u043d\u0438\u0439 \u043a\u043e\u043a\u043e\u0441\u043e\u0432\u0438\u0439 \u0446\u0443\u043a\u043e\u0440, 250 \u0433"},"content":{"rendered":"<p>\u041e\u0440\u0433\u0430\u043d\u0456\u0447\u043d\u0438\u0439 \u043a\u043e\u043a\u043e\u0441\u043e\u0432\u0438\u0439 \u0446\u0443\u043a\u043e\u0440 Dragon Superfoods \u2013 \u0446\u0435 \u0441\u043c\u0430\u0447\u043d\u0438\u0439 \u043d\u0430\u0442\u0443\u0440\u0430\u043b\u044c\u043d\u0438\u0439 \u043f\u0456\u0434\u0441\u043e\u043b\u043e\u0434\u0436\u0443\u0432\u0430\u0447, \u0432\u0438\u0433\u043e\u0442\u043e\u0432\u043b\u0435\u043d\u0438\u0439 \u0437 \u043d\u0435\u043a\u0442\u0430\u0440\u0443 \u043a\u0432\u0456\u0442\u043e\u043a \u043a\u043e\u043a\u043e\u0441\u043e\u0432\u043e\u0457 \u043f\u0430\u043b\u044c\u043c\u0438. \u0412\u0456\u043d \u043c\u0430\u0454 \u043d\u0456\u0436\u043d\u0438\u0439 \u043a\u0430\u0440\u0430\u043c\u0435\u043b\u044c\u043d\u0438\u0439 \u0441\u043c\u0430\u043a, \u044f\u043a\u0438\u0439 \u0456\u0434\u0435\u0430\u043b\u044c\u043d\u043e \u043f\u0456\u0434\u0445\u043e\u0434\u0438\u0442\u044c \u0434\u043b\u044f \u0431\u0443\u0434\u044c-\u044f\u043a\u043e\u0433\u043e \u0434\u0435\u0441\u0435\u0440\u0442\u0443 \u0430\u0431\u043e \u0449\u043e\u0434\u0435\u043d\u043d\u043e\u0433\u043e \u0447\u0430\u044e \u0442\u0430 \u043a\u0430\u0432\u0438.<\/p>","protected":false},"excerpt":{"rendered":"<p>Dragon Superfoods orgaaniline kookossuhkur on maitsev looduslik magusaine, mis on valmistatud kookospalmi\u00f5ite nektarist. Sellel on \u00f5rn karamelline maitse, mis sobib suurep\u00e4raselt iga&hellip;<\/p>","protected":false},"featured_media":6904,"comment_status":"open","ping_status":"closed","template":"","meta":{"wprm-recipe-roundup-name":"","wprm-recipe-roundup-description":""},"product_brand":[12065],"product_cat":[323,161,303],"product_tag":[297,276],"class_list":{"0":"post-6901","1":"product","2":"type-product","3":"status-publish","4":"has-post-thumbnail","6":"product_brand-dragon-superfoods","7":"product_cat-kupsetussegud-ja-kuivained","8":"product_cat-sahvrikaubad","9":"product_cat-mahetooted","10":"product_tag-mahe","11":"product_tag-suhkur","12":"j79_wcxd_expiry_type-best-before","14":"first","15":"instock","16":"taxable","17":"shipping-taxable","18":"purchasable","19":"product-type-simple"},"supplier_id":9165,"supplier_sku":"","barcode":"3800225478885","atum_controlled":true,"out_stock_date":null,"out_stock_threshold":null,"inheritable":false,"inbound_stock":0,"stock_on_hold":0,"sold_today":0,"sales_last_days":0,"reserved_stock":0,"customer_returns":0,"warehouse_damage":0,"lost_in_post":0,"other_logs":0,"out_stock_days":0,"lost_sales":0,"has_location":false,"update_date":"2026-04-13T21:36:56","atum_locations":[],"atum_stock_status":"instock","restock_status":false,"low_stock_amount":"","sales_update_date":"2026-04-06T20:22:20","calc_backorders":null,"aioseo_notices":[],"_links":{"self":[{"href":"https:\/\/ecoshop.ee\/uk\/wp-json\/wp\/v2\/product\/6901","targetHints":{"allow":["GET"]}}],"collection":[{"href":"https:\/\/ecoshop.ee\/uk\/wp-json\/wp\/v2\/product"}],"about":[{"href":"https:\/\/ecoshop.ee\/uk\/wp-json\/wp\/v2\/types\/product"}],"replies":[{"embeddable":true,"href":"https:\/\/ecoshop.ee\/uk\/wp-json\/wp\/v2\/comments?post=6901"}],"version-history":[{"count":0,"href":"https:\/\/ecoshop.ee\/uk\/wp-json\/wp\/v2\/product\/6901\/revisions"}],"wp:featuredmedia":[{"embeddable":true,"href":"https:\/\/ecoshop.ee\/uk\/wp-json\/wp\/v2\/media\/6904"}],"wp:attachment":[{"href":"https:\/\/ecoshop.ee\/uk\/wp-json\/wp\/v2\/media?parent=6901"}],"wp:term":[{"taxonomy":"product_brand","embeddable":true,"href":"https:\/\/ecoshop.ee\/uk\/wp-json\/wp\/v2\/product_brand?post=6901"},{"taxonomy":"product_cat","embeddable":true,"href":"https:\/\/ecoshop.ee\/uk\/wp-json\/wp\/v2\/product_cat?post=6901"},{"taxonomy":"product_tag","embeddable":true,"href":"https:\/\/ecoshop.ee\/uk\/wp-json\/wp\/v2\/product_tag?post=6901"}],"curies":[{"name":"wp","href":"https:\/\/api.w.org\/{rel}","templated":true}]}}