{"id":6911,"date":"2024-08-10T00:01:48","date_gmt":"2024-08-09T21:01:48","guid":{"rendered":"https:\/\/ecoshop.ee\/?post_type=product&#038;p=6911"},"modified":"2026-05-08T11:44:06","modified_gmt":"2026-05-08T08:44:06","slug":"%d0%be%d1%80%d0%b3%d0%b0%d0%bd%d1%96%d1%87%d0%bd%d0%b5-%d0%be%d1%87%d0%b8%d1%89%d0%b5%d0%bd%d0%b5-%d0%bd%d0%b0%d1%81%d1%96%d0%bd%d0%bd%d1%8f-%d0%ba%d0%be%d0%bd%d0%be%d0%bf%d0%b5%d0%bb%d1%8c-200-%d0%b3","status":"publish","type":"product","link":"https:\/\/ecoshop.ee\/uk\/kupsetussegud-ja-kuivained\/orgaanilised-kooritud-kanepiseemned-200g\/","title":{"rendered":"\u041e\u0440\u0433\u0430\u043d\u0456\u0447\u043d\u0435 \u043e\u0447\u0438\u0449\u0435\u043d\u0435 \u043d\u0430\u0441\u0456\u043d\u043d\u044f \u043a\u043e\u043d\u043e\u043f\u0435\u043b\u044c, 200 \u0433"},"content":{"rendered":"<p>\u041e\u0440\u0433\u0430\u043d\u0456\u0447\u043d\u0435 \u043b\u0443\u0449\u0435\u043d\u0435 \u043d\u0430\u0441\u0456\u043d\u043d\u044f \u043a\u043e\u043d\u043e\u043f\u0435\u043b\u044c Dragon Superfoods \u0434\u0431\u0430\u0439\u043b\u0438\u0432\u043e \u043e\u0447\u0438\u0449\u0430\u0454\u0442\u044c\u0441\u044f \u0432\u0456\u0434 \u043b\u0443\u0449\u0435\u043d\u043d\u044f \u0437\u0430 \u043d\u0438\u0437\u044c\u043a\u0438\u0445 \u0442\u0435\u043c\u043f\u0435\u0440\u0430\u0442\u0443\u0440 \u0431\u0435\u0437 \u0432\u0438\u043a\u043e\u0440\u0438\u0441\u0442\u0430\u043d\u043d\u044f \u0445\u0456\u043c\u0456\u043a\u0430\u0442\u0456\u0432, \u0449\u043e \u0437\u0431\u0435\u0440\u0456\u0433\u0430\u0454 \u0432\u0438\u0441\u043e\u043a\u0438\u0439 \u0432\u043c\u0456\u0441\u0442 \u041e\u043c\u0435\u0433\u0430-3 \u0442\u0430 \u0432\u0456\u0442\u0430\u043c\u0456\u043d\u0443 \u0415. \u0426\u0435 \u043f\u0440\u0438\u0437\u0432\u043e\u0434\u0438\u0442\u044c \u0434\u043e \u0456\u0434\u0435\u0430\u043b\u044c\u043d\u043e\u0433\u043e \u0441\u043f\u0456\u0432\u0432\u0456\u0434\u043d\u043e\u0448\u0435\u043d\u043d\u044f \u041e\u043c\u0435\u0433\u0430-3 \u0442\u0430 \u041e\u043c\u0435\u0433\u0430-6. \u041c&#039;\u044f\u043a\u0438\u0439 \u0433\u043e\u0440\u0456\u0445\u043e\u0432\u0438\u0439 \u0441\u043c\u0430\u043a \u043d\u0430\u0441\u0456\u043d\u043d\u044f \u0434\u043e\u0434\u0430\u0454 \u0447\u0443\u0434\u043e\u0432\u043e\u0433\u043e \u0437\u0430\u0432\u0435\u0440\u0448\u0430\u043b\u044c\u043d\u043e\u0433\u043e \u0448\u0442\u0440\u0438\u0445\u0430 \u0440\u0456\u0437\u043d\u043e\u043c\u0430\u043d\u0456\u0442\u043d\u0438\u043c \u0441\u0430\u043b\u0430\u0442\u0430\u043c, \u0441\u043c\u0443\u0437\u0456 \u0442\u0430 \u043d\u0430\u0432\u0456\u0442\u044c \u0441\u0443\u043f\u0430\u043c.<\/p>\n<p>\u0420\u0435\u043a\u043e\u043c\u0435\u043d\u0434\u043e\u0432\u0430\u043d\u0435 \u0432\u0436\u0438\u0432\u0430\u043d\u043d\u044f: 30 \u0433 \u043d\u0430 \u0434\u0435\u043d\u044c.<\/p>\n<p>\u0417\u0431\u0435\u0440\u0456\u0433\u0430\u0442\u0438 \u0432 \u043f\u0440\u043e\u0445\u043e\u043b\u043e\u0434\u043d\u043e\u043c\u0443, \u0441\u0443\u0445\u043e\u043c\u0443 \u043c\u0456\u0441\u0446\u0456.<\/p>","protected":false},"excerpt":{"rendered":"<p>Dragon Superfoods orgaanilised kooritud kanepiseemned on \u00f5rnalt kooritud madalal temperatuuril kemikaalivaba protsessi kaudu, s\u00e4ilitades nende k\u00f5rge Omega 3 ja E-vitamiini sisalduse. Seet\u00f5ttu&hellip;<\/p>","protected":false},"featured_media":6912,"comment_status":"open","ping_status":"closed","template":"","meta":{"wprm-recipe-roundup-name":"","wprm-recipe-roundup-description":""},"product_brand":[12065],"product_cat":[323,161,303],"product_tag":[297,300],"class_list":{"0":"post-6911","1":"product","2":"type-product","3":"status-publish","4":"has-post-thumbnail","6":"product_brand-dragon-superfoods","7":"product_cat-kupsetussegud-ja-kuivained","8":"product_cat-sahvrikaubad","9":"product_cat-mahetooted","10":"product_tag-mahe","11":"product_tag-seemned","12":"j79_wcxd_expiry_type-expiry-date","14":"first","15":"instock","16":"taxable","17":"shipping-taxable","18":"purchasable","19":"product-type-simple"},"supplier_id":9165,"supplier_sku":"","barcode":"3800225473156","atum_controlled":true,"out_stock_date":null,"out_stock_threshold":null,"inheritable":false,"inbound_stock":0,"stock_on_hold":0,"sold_today":0,"sales_last_days":1,"reserved_stock":0,"customer_returns":0,"warehouse_damage":0,"lost_in_post":0,"other_logs":0,"out_stock_days":0,"lost_sales":0,"has_location":false,"update_date":"2026-05-12T12:37:21","atum_locations":[],"atum_stock_status":"instock","restock_status":false,"low_stock_amount":"","sales_update_date":"2026-05-12T12:37:21","calc_backorders":null,"aioseo_notices":[],"_links":{"self":[{"href":"https:\/\/ecoshop.ee\/uk\/wp-json\/wp\/v2\/product\/6911","targetHints":{"allow":["GET"]}}],"collection":[{"href":"https:\/\/ecoshop.ee\/uk\/wp-json\/wp\/v2\/product"}],"about":[{"href":"https:\/\/ecoshop.ee\/uk\/wp-json\/wp\/v2\/types\/product"}],"replies":[{"embeddable":true,"href":"https:\/\/ecoshop.ee\/uk\/wp-json\/wp\/v2\/comments?post=6911"}],"version-history":[{"count":0,"href":"https:\/\/ecoshop.ee\/uk\/wp-json\/wp\/v2\/product\/6911\/revisions"}],"wp:featuredmedia":[{"embeddable":true,"href":"https:\/\/ecoshop.ee\/uk\/wp-json\/wp\/v2\/media\/6912"}],"wp:attachment":[{"href":"https:\/\/ecoshop.ee\/uk\/wp-json\/wp\/v2\/media?parent=6911"}],"wp:term":[{"taxonomy":"product_brand","embeddable":true,"href":"https:\/\/ecoshop.ee\/uk\/wp-json\/wp\/v2\/product_brand?post=6911"},{"taxonomy":"product_cat","embeddable":true,"href":"https:\/\/ecoshop.ee\/uk\/wp-json\/wp\/v2\/product_cat?post=6911"},{"taxonomy":"product_tag","embeddable":true,"href":"https:\/\/ecoshop.ee\/uk\/wp-json\/wp\/v2\/product_tag?post=6911"}],"curies":[{"name":"wp","href":"https:\/\/api.w.org\/{rel}","templated":true}]}}