{"id":7003,"date":"2024-08-13T00:26:11","date_gmt":"2024-08-12T21:26:11","guid":{"rendered":"https:\/\/ecoshop.ee\/?post_type=product&#038;p=7003"},"modified":"2026-03-14T18:15:45","modified_gmt":"2026-03-14T15:15:45","slug":"%d1%87%d0%b0%d1%88%d1%96-%d0%b7-%d0%b3%d0%be%d1%80%d1%96%d1%85%d0%be%d0%b2%d0%be%d1%8e-%d0%bf%d0%b0%d1%81%d1%82%d0%be%d1%8e-naughty-nuts-%d0%b7-%d0%bc%d0%b0%d0%bb%d0%b8%d0%bd%d0%be%d0%b2%d0%be%d1%8e","status":"publish","type":"product","link":"https:\/\/ecoshop.ee\/uk\/kommid\/naughty-nuts-vaarika-taidisega-pahklivoikausid-39g\/","title":{"rendered":"\u0427\u0430\u0448\u0456 \u0437 \u0433\u043e\u0440\u0456\u0445\u043e\u0432\u043e\u044e \u043f\u0430\u0441\u0442\u043e\u044e Naughty Nuts \u0437 \u043c\u0430\u043b\u0438\u043d\u043e\u0432\u043e\u044e \u043d\u0430\u0447\u0438\u043d\u043a\u043e\u044e, 39 \u0433"},"content":{"rendered":"<p>\u0427\u0430\u0448\u0456 \u0437 \u0433\u043e\u0440\u0456\u0445\u043e\u0432\u043e\u044e \u043f\u0430\u0441\u0442\u043e\u044e Naughty Nuts \u0437 \u043c\u0430\u043b\u0438\u043d\u043e\u0432\u043e\u044e \u043d\u0430\u0447\u0438\u043d\u043a\u043e\u044e \u043f\u0440\u043e\u043f\u043e\u043d\u0443\u044e\u0442\u044c \u043d\u0435\u0437\u0430\u0431\u0443\u0442\u043d\u0456 \u0441\u043c\u0430\u043a\u043e\u0432\u0456 \u0432\u0440\u0430\u0436\u0435\u043d\u043d\u044f \u0437 \u043c\u0435\u043d\u0448\u043e\u044e \u043a\u0456\u043b\u044c\u043a\u0456\u0441\u0442\u044e \u0446\u0443\u043a\u0440\u0443. \u0406\u0434\u0435\u0430\u043b\u044c\u043d\u0430 \u0437\u0430\u043a\u0443\u0441\u043a\u0430 \u0442\u0430 \u043d\u0430\u0441\u043e\u043b\u043e\u0434\u0430.<\/p>\n<p>\u041f\u043e\u0440\u0438\u043d\u044c\u0442\u0435 \u0443 \u0441\u0432\u0456\u0442 \u0433\u0440\u0456\u0445\u043e\u0432\u043d\u0438\u0445 \u0441\u043f\u043e\u043a\u0443\u0441 \u0456 \u0432\u0456\u0434\u0447\u0443\u0439\u0442\u0435 \u043d\u0435\u043f\u0435\u0440\u0435\u0432\u0435\u0440\u0448\u0435\u043d\u043e \u043a\u0440\u0435\u043c\u043e\u0432\u0443 \u043c\u0430\u043b\u0438\u043d\u043e\u0432\u043e-\u0433\u043e\u0440\u0456\u0445\u043e\u0432\u0443 \u043d\u0430\u0447\u0438\u043d\u043a\u0443. \u0426\u0435\u0439 \u0441\u043c\u0430\u043a, \u0449\u043e \u0442\u0430\u043d\u0435 \u0443 \u0440\u043e\u0442\u0456, \u043f\u0440\u043e\u043f\u043e\u043d\u0443\u0454 \u0447\u0438\u0441\u0442\u0435 \u0431\u043b\u0430\u0436\u0435\u043d\u0441\u0442\u0432\u043e \u0442\u0430 \u0456\u0434\u0435\u0430\u043b\u044c\u043d\u0435 \u043f\u043e\u0454\u0434\u043d\u0430\u043d\u043d\u044f \u0444\u0440\u0443\u043a\u0442\u043e\u0432\u0438\u0445 \u0442\u0430 \u0441\u043e\u043b\u043e\u0434\u043a\u0438\u0445 \u0441\u043c\u0430\u043a\u0456\u0432.<\/p>\n<p>\u041f\u0440\u0438\u0454\u043c\u043d\u043e \u043c&#039;\u044f\u043a\u0430 \u043c\u0430\u043b\u0438\u043d\u043e\u0432\u043e-\u0433\u043e\u0440\u0456\u0445\u043e\u0432\u0430 \u043d\u0430\u0447\u0438\u043d\u043a\u0430<br \/>\n\u0412\u0435\u0440\u0448\u043a\u043e\u0432\u0438\u0439 \u0442\u0430 \u0442\u0430\u043d\u0435 \u0443 \u0440\u043e\u0442\u0456<br \/>\n53% \u043c\u0435\u043d\u0448\u0435 \u0446\u0443\u043a\u0440\u0443 \u043f\u043e\u0440\u0456\u0432\u043d\u044f\u043d\u043e \u0437 \u0442\u0440\u0430\u0434\u0438\u0446\u0456\u0439\u043d\u0438\u043c\u0438 \u0447\u0430\u0448\u043a\u0430\u043c\u0438 \u0437 \u0433\u043e\u0440\u0456\u0445\u043e\u0432\u043e\u044e \u043f\u0430\u0441\u0442\u043e\u044e<br \/>\n\u0411\u0435\u0437 \u043f\u0430\u043b\u044c\u043c\u043e\u0432\u043e\u0457 \u043e\u043b\u0456\u0457 \u0442\u0430 \u0432\u0435\u0433\u0430\u043d\u0441\u044c\u043a\u0438\u0439 100%<\/p>","protected":false},"excerpt":{"rendered":"<p>Naughty Nuts vaarika t\u00e4idisega p\u00e4hkliv\u00f5ikausid pakuvad unustamatut maitseelamust, sisaldades v\u00e4hem suhkrut. T\u00e4iuslik suupiste ja nauding. Sukeldu patuse kiusatuse maailma ja koge vastupandamatult&hellip;<\/p>","protected":false},"featured_media":7004,"comment_status":"open","ping_status":"closed","template":"","meta":{"wprm-recipe-roundup-name":"","wprm-recipe-roundup-description":""},"product_brand":[12000],"product_cat":[160,303],"product_tag":[288],"class_list":{"0":"post-7003","1":"product","2":"type-product","3":"status-publish","4":"has-post-thumbnail","6":"product_brand-naughty-nuts","7":"product_cat-kommid","8":"product_cat-mahetooted","9":"product_tag-pahklivoikausid","10":"j79_wcxd_expiry_type-expiry-date","12":"first","13":"instock","14":"taxable","15":"shipping-taxable","16":"purchasable","17":"product-type-simple"},"supplier_id":9165,"supplier_sku":"","barcode":"4260737541634","atum_controlled":true,"out_stock_date":null,"out_stock_threshold":null,"inheritable":false,"inbound_stock":0,"stock_on_hold":0,"sold_today":0,"sales_last_days":0,"reserved_stock":0,"customer_returns":0,"warehouse_damage":0,"lost_in_post":0,"other_logs":0,"out_stock_days":0,"lost_sales":0,"has_location":false,"update_date":"2026-04-06T20:23:10","atum_locations":[],"atum_stock_status":"instock","restock_status":false,"low_stock_amount":"","sales_update_date":"2026-04-06T20:23:10","calc_backorders":null,"aioseo_notices":[],"_links":{"self":[{"href":"https:\/\/ecoshop.ee\/uk\/wp-json\/wp\/v2\/product\/7003","targetHints":{"allow":["GET"]}}],"collection":[{"href":"https:\/\/ecoshop.ee\/uk\/wp-json\/wp\/v2\/product"}],"about":[{"href":"https:\/\/ecoshop.ee\/uk\/wp-json\/wp\/v2\/types\/product"}],"replies":[{"embeddable":true,"href":"https:\/\/ecoshop.ee\/uk\/wp-json\/wp\/v2\/comments?post=7003"}],"version-history":[{"count":0,"href":"https:\/\/ecoshop.ee\/uk\/wp-json\/wp\/v2\/product\/7003\/revisions"}],"wp:featuredmedia":[{"embeddable":true,"href":"https:\/\/ecoshop.ee\/uk\/wp-json\/wp\/v2\/media\/7004"}],"wp:attachment":[{"href":"https:\/\/ecoshop.ee\/uk\/wp-json\/wp\/v2\/media?parent=7003"}],"wp:term":[{"taxonomy":"product_brand","embeddable":true,"href":"https:\/\/ecoshop.ee\/uk\/wp-json\/wp\/v2\/product_brand?post=7003"},{"taxonomy":"product_cat","embeddable":true,"href":"https:\/\/ecoshop.ee\/uk\/wp-json\/wp\/v2\/product_cat?post=7003"},{"taxonomy":"product_tag","embeddable":true,"href":"https:\/\/ecoshop.ee\/uk\/wp-json\/wp\/v2\/product_tag?post=7003"}],"curies":[{"name":"wp","href":"https:\/\/api.w.org\/{rel}","templated":true}]}}