{"id":7103,"date":"2024-08-14T21:40:49","date_gmt":"2024-08-14T18:40:49","guid":{"rendered":"https:\/\/ecoshop.ee\/?post_type=product&#038;p=7103"},"modified":"2026-05-08T21:32:49","modified_gmt":"2026-05-08T18:32:49","slug":"%d0%bd%d0%b0%d0%b9%d0%ba%d1%80%d0%b0%d1%89%d0%b0-%d0%bd%d1%96%d0%b6%d0%bd%d0%b0-%d0%b2%d0%b5%d1%80%d1%88%d0%ba%d0%be%d0%b2%d0%b0-%d0%b0%d1%80%d0%b0%d1%85%d1%96%d1%81%d0%be%d0%b2%d0%b0-%d0%bf%d0%b0","status":"publish","type":"product","link":"https:\/\/ecoshop.ee\/uk\/piimad-ja-maarded\/bettr-mahe-kreemine-maapahklivoi-250g\/","title":{"rendered":"\u041e\u0440\u0433\u0430\u043d\u0456\u0447\u043d\u0435 \u0432\u0435\u0440\u0448\u043a\u043e\u0432\u0435 \u0430\u0440\u0430\u0445\u0456\u0441\u043e\u0432\u0435 \u043c\u0430\u0441\u043b\u043e Bett&#039;r, 250 \u0433"},"content":{"rendered":"<p>\u041c\u0438 \u0432\u0441\u0456 \u043b\u044e\u0431\u0438\u043c\u043e \u0430\u0440\u0430\u0445\u0456\u0441\u043e\u0432\u0443 \u043f\u0430\u0441\u0442\u0443! \u0410\u043b\u0435 \u0441\u043a\u0456\u043b\u044c\u043a\u0438 \u0440\u0430\u0437\u0456\u0432 \u0432\u0438 \u043e\u043f\u0438\u043d\u044f\u043b\u0438\u0441\u044f \u0432 \u0441\u0438\u0442\u0443\u0430\u0446\u0456\u0457, \u043a\u043e\u043b\u0438 \u0432\u0430\u043c \u0434\u043e\u0432\u043e\u0434\u0438\u043b\u043e\u0441\u044f \u0437\u043c\u0456\u0448\u0443\u0432\u0430\u0442\u0438 \u043d\u0430\u0434\u0437\u0432\u0438\u0447\u0430\u0439\u043d\u043e \u0442\u0432\u0435\u0440\u0434\u0443 \u0442\u0430 \u0433\u0443\u0441\u0442\u0443 \u0430\u0440\u0430\u0445\u0456\u0441\u043e\u0432\u0443 \u043f\u0430\u0441\u0442\u0443?<\/p>\n<p>\u0423 \u043d\u0430\u0441 \u0454 \u0440\u0456\u0448\u0435\u043d\u043d\u044f! \u041e\u0440\u0433\u0430\u043d\u0456\u0447\u043d\u0430 \u0430\u0440\u0430\u0445\u0456\u0441\u043e\u0432\u0430 \u043f\u0430\u0441\u0442\u0430 Bett&#039;r \u0442\u0430\u043a\u0430 \u043c\u2019\u044f\u043a\u0430 \u0442\u0430 \u043a\u0440\u0435\u043c\u043e\u0432\u0430, \u0449\u043e \u0432\u0438 \u043c\u043e\u0436\u0435\u0442\u0435 \u043d\u0430\u0441\u043e\u043b\u043e\u0434\u0436\u0443\u0432\u0430\u0442\u0438\u0441\u044f \u043d\u0435\u044e \u043b\u0438\u0448\u0435 \u043b\u043e\u0436\u043a\u043e\u044e. \u041d\u0430\u043c\u0430\u0436\u0442\u0435 \u0446\u044e \u0441\u043c\u0430\u0447\u043d\u0443 \u0442\u0430 \u043d\u0456\u0436\u043d\u0443 \u0430\u0440\u0430\u0445\u0456\u0441\u043e\u0432\u0443 \u043f\u0430\u0441\u0442\u0443 \u043d\u0430 \u0441\u043a\u0438\u0431\u043e\u0447\u043a\u0443 \u0445\u043b\u0456\u0431\u0430 \u0442\u0430 \u043d\u0430\u0441\u043e\u043b\u043e\u0434\u0436\u0443\u0439\u0442\u0435\u0441\u044c \u043d\u0435\u043f\u0435\u0440\u0435\u0432\u0435\u0440\u0448\u0435\u043d\u0438\u043c \u0441\u043c\u0430\u043a\u043e\u043c \u0430\u0431\u043e \u0441\u043f\u0440\u043e\u0431\u0443\u0439\u0442\u0435 \u0457\u0457 \u0432 \u0430\u043c\u0435\u0440\u0438\u043a\u0430\u043d\u0441\u044c\u043a\u043e\u043c\u0443 \u0441\u0442\u0438\u043b\u0456 \u0437 \u0434\u0436\u0435\u043c\u043e\u043c. \u042f\u043a\u0449\u043e \u0445\u043e\u0447\u0435\u0442\u0435 \u0434\u043e\u0434\u0430\u0441\u0442\u0438 \u0447\u043e\u0433\u043e\u0441\u044c \u043e\u0441\u043e\u0431\u043b\u0438\u0432\u043e\u0433\u043e, \u0434\u043e\u0434\u0430\u0439\u0442\u0435 \u0441\u043a\u0438\u0431\u043e\u0447\u043a\u0438 \u0431\u0430\u043d\u0430\u043d\u0430!<\/p>\n<p>\u0410\u0440\u0430\u0445\u0456\u0441\u043e\u0432\u0430 \u043f\u0430\u0441\u0442\u0430 Bett&#039;r \u043d\u0435 \u0442\u0432\u0435\u0440\u0434\u043d\u0435!<\/p>\n<p>&nbsp;<\/p>\n<ul>\n<li>100% \u041d\u0430\u0442\u0443\u0440\u0430\u043b\u044c\u043d\u0438\u0439 \u0442\u0430 \u043e\u0440\u0433\u0430\u043d\u0456\u0447\u043d\u0438\u0439<\/li>\n<li>\u0412\u0438\u0433\u043e\u0442\u043e\u0432\u043b\u0435\u043d\u043e \u0437 \u0432\u0438\u0441\u043e\u043a\u043e\u044f\u043a\u0456\u0441\u043d\u043e\u0433\u043e \u0430\u0440\u0430\u0445\u0456\u0441\u0443<\/li>\n<li>\u041d\u0430\u0434\u0437\u0432\u0438\u0447\u0430\u0439\u043d\u043e \u0433\u043b\u0430\u0434\u043a\u0430 \u0437\u0430\u0432\u0434\u044f\u043a\u0438 \u043d\u043e\u0432\u0456\u0439 \u0442\u0435\u0445\u043d\u043e\u043b\u043e\u0433\u0456\u0457 \u0434\u0440\u0456\u0431\u043d\u043e\u0433\u043e \u0448\u043b\u0456\u0444\u0443\u0432\u0430\u043d\u043d\u044f<\/li>\n<li>\u0411\u0435\u0437 \u0434\u043e\u0431\u0430\u0432\u043e\u043a \u2013 \u0430\u0440\u0430\u0445\u0456\u0441 100%<\/li>\n<li>\u0427\u0443\u0434\u043e\u0432\u043e \u043a\u0440\u0435\u043c\u043e\u0432\u0438\u0439 \u0442\u0430 \u0441\u043c\u0430\u0447\u043d\u0438\u0439<\/li>\n<\/ul>","protected":false},"excerpt":{"rendered":"<p>Me k\u00f5ik armastame maap\u00e4hkliv\u00f5id! Kuid kui palju kordi oled sattunud olukorda, kus pead segama \u00fclik\u00f5va ja j\u00e4ika p\u00e4hkliv\u00f5id? Meil on lahendus! Bett\u2019r&hellip;<\/p>","protected":false},"featured_media":7104,"comment_status":"open","ping_status":"closed","template":"","meta":{"wprm-recipe-roundup-name":"","wprm-recipe-roundup-description":""},"product_brand":[11995],"product_cat":[325,161,303],"product_tag":[295,297],"class_list":{"0":"post-7103","1":"product","2":"type-product","3":"status-publish","4":"has-post-thumbnail","6":"product_brand-bettr","7":"product_cat-piimad-ja-maarded","8":"product_cat-sahvrikaubad","9":"product_cat-mahetooted","10":"product_tag-maapahklivoi","11":"product_tag-mahe","12":"j79_wcxd_expiry_type-expiry-date","14":"first","15":"instock","16":"taxable","17":"shipping-taxable","18":"purchasable","19":"product-type-simple"},"supplier_id":9165,"supplier_sku":"","barcode":"3800233688467","atum_controlled":true,"out_stock_date":null,"out_stock_threshold":null,"inheritable":false,"inbound_stock":0,"stock_on_hold":0,"sold_today":0,"sales_last_days":0,"reserved_stock":0,"customer_returns":0,"warehouse_damage":0,"lost_in_post":0,"other_logs":0,"out_stock_days":111,"lost_sales":69,"has_location":false,"update_date":"2026-05-08T18:32:51","atum_locations":[],"atum_stock_status":"instock","restock_status":false,"low_stock_amount":"","sales_update_date":"2026-04-06T20:01:18","calc_backorders":null,"aioseo_notices":[],"_links":{"self":[{"href":"https:\/\/ecoshop.ee\/uk\/wp-json\/wp\/v2\/product\/7103","targetHints":{"allow":["GET"]}}],"collection":[{"href":"https:\/\/ecoshop.ee\/uk\/wp-json\/wp\/v2\/product"}],"about":[{"href":"https:\/\/ecoshop.ee\/uk\/wp-json\/wp\/v2\/types\/product"}],"replies":[{"embeddable":true,"href":"https:\/\/ecoshop.ee\/uk\/wp-json\/wp\/v2\/comments?post=7103"}],"version-history":[{"count":1,"href":"https:\/\/ecoshop.ee\/uk\/wp-json\/wp\/v2\/product\/7103\/revisions"}],"predecessor-version":[{"id":396142,"href":"https:\/\/ecoshop.ee\/uk\/wp-json\/wp\/v2\/product\/7103\/revisions\/396142"}],"wp:featuredmedia":[{"embeddable":true,"href":"https:\/\/ecoshop.ee\/uk\/wp-json\/wp\/v2\/media\/7104"}],"wp:attachment":[{"href":"https:\/\/ecoshop.ee\/uk\/wp-json\/wp\/v2\/media?parent=7103"}],"wp:term":[{"taxonomy":"product_brand","embeddable":true,"href":"https:\/\/ecoshop.ee\/uk\/wp-json\/wp\/v2\/product_brand?post=7103"},{"taxonomy":"product_cat","embeddable":true,"href":"https:\/\/ecoshop.ee\/uk\/wp-json\/wp\/v2\/product_cat?post=7103"},{"taxonomy":"product_tag","embeddable":true,"href":"https:\/\/ecoshop.ee\/uk\/wp-json\/wp\/v2\/product_tag?post=7103"}],"curies":[{"name":"wp","href":"https:\/\/api.w.org\/{rel}","templated":true}]}}