{"id":73127,"date":"2025-03-25T18:45:06","date_gmt":"2025-03-25T16:45:06","guid":{"rendered":"https:\/\/ecoshop.ee\/maaratlemata\/plant-terrarium-set-jungle-boost-6-plants-palm-calathea-lancifolia-coffea-arabica-fern-red-white-fittonia\/"},"modified":"2026-05-15T07:15:22","modified_gmt":"2026-05-15T04:15:22","slug":"%d0%bd%d0%b0%d0%b1%d1%96%d1%80-%d1%80%d0%be%d1%81%d0%bb%d0%b8%d0%bd-%d0%b4%d0%bb%d1%8f-%d1%82%d0%b5%d1%80%d0%b0%d1%80%d1%96%d1%83%d0%bc%d1%83-jungle-boost-6-%d1%80%d0%be%d1%81%d0%bb%d0%b8%d0%bd-%d0%bf","status":"publish","type":"product","link":"https:\/\/ecoshop.ee\/uk\/taimed\/taime-terraariumi-komplekt-jungle-boost-6-taime-palm-calathea-lancifolia-kohvipuu-sonajalg-punane-valge-fittonia\/","title":{"rendered":"\u041d\u0430\u0431\u0456\u0440 \u0442\u0435\u0440\u0430\u0440\u0456\u0443\u043c\u0456\u0432 \u0434\u043b\u044f \u0440\u043e\u0441\u043b\u0438\u043d \u2013 Jungle Boost \u2013 6 \u0440\u043e\u0441\u043b\u0438\u043d: \u043f\u0430\u043b\u044c\u043c\u0430, \u043a\u0430\u043b\u0430\u0442\u0435\u044f \u043b\u0430\u043d\u0446\u0456\u0444\u043e\u043b\u0456\u044f, \u043a\u0430\u0432\u043e\u0432\u0435 \u0434\u0435\u0440\u0435\u0432\u043e, \u043f\u0430\u043f\u043e\u0440\u043e\u0442\u044c, \u0444\u0456\u0442\u043e\u043d\u0456\u044f \u0447\u0435\u0440\u0432\u043e\u043d\u0430 \u0442\u0430 \u0431\u0456\u043b\u0430"},"content":{"rendered":"<p class=\"\" data-start=\"196\" data-end=\"577\">\u0421\u0442\u0432\u043e\u0440\u0456\u0442\u044c \u0441\u043f\u0440\u0430\u0432\u0436\u043d\u044e \u0430\u0442\u043c\u043e\u0441\u0444\u0435\u0440\u0443 \u0434\u0436\u0443\u043d\u0433\u043b\u0456\u0432 \u0443 \u0441\u0432\u043e\u0454\u043c\u0443 \u0442\u0435\u0440\u0430\u0440\u0456\u0443\u043c\u0456! \u041d\u0430\u0431\u0456\u0440 \u0440\u043e\u0441\u043b\u0438\u043d Jungle Boost \u043c\u0456\u0441\u0442\u0438\u0442\u044c \u0448\u0456\u0441\u0442\u044c \u043f\u0438\u0448\u043d\u0438\u0445 \u0442\u0430 \u0435\u043a\u0437\u043e\u0442\u0438\u0447\u043d\u0438\u0445 \u043a\u0456\u043c\u043d\u0430\u0442\u043d\u0438\u0445 \u0440\u043e\u0441\u043b\u0438\u043d, \u044f\u043a\u0456 \u0456\u0434\u0435\u0430\u043b\u044c\u043d\u043e \u043f\u0456\u0434\u0445\u043e\u0434\u044f\u0442\u044c \u0434\u043b\u044f \u0441\u0442\u0432\u043e\u0440\u0435\u043d\u043d\u044f \u0442\u0440\u043e\u043f\u0456\u0447\u043d\u043e\u0457 \u043c\u0456\u043d\u0456-\u0435\u043a\u043e\u0441\u0438\u0441\u0442\u0435\u043c\u0438. \u0420\u043e\u0441\u043b\u0438\u043d\u0438 \u0432\u0456\u0437\u0443\u0430\u043b\u044c\u043d\u043e \u0437\u0431\u0430\u043b\u0430\u043d\u0441\u043e\u0432\u0430\u043d\u0456, \u043f\u0440\u043e\u0441\u0442\u0456 \u0443 \u0434\u043e\u0433\u043b\u044f\u0434\u0456 \u0442\u0430 \u0441\u043f\u0435\u0446\u0456\u0430\u043b\u044c\u043d\u043e \u043f\u0456\u0434\u0456\u0431\u0440\u0430\u043d\u0456 \u0434\u043b\u044f \u043f\u0440\u043e\u0446\u0432\u0456\u0442\u0430\u043d\u043d\u044f \u0432 \u0442\u0435\u0440\u0430\u0440\u0456\u0430\u043b\u044c\u043d\u0438\u0445 \u0443\u043c\u043e\u0432\u0430\u0445. \u0406\u0434\u0435\u0430\u043b\u044c\u043d\u0438\u0439 \u0441\u043f\u043e\u0441\u0456\u0431 \u043f\u0435\u0440\u0435\u0442\u0432\u043e\u0440\u0438\u0442\u0438 \u0431\u0443\u0434\u044c-\u044f\u043a\u0438\u0439 \u0442\u0435\u0440\u0430\u0440\u0456\u0443\u043c \u043d\u0430 \u044f\u0441\u043a\u0440\u0430\u0432\u0438\u0439 \u0442\u0430 \u0431\u0430\u0440\u0432\u0438\u0441\u0442\u0438\u0439 \u043a\u0443\u0442\u043e\u0447\u043e\u043a \u043f\u0440\u0438\u0440\u043e\u0434\u0438.<\/p>\n<p class=\"\" data-start=\"579\" data-end=\"610\"><strong data-start=\"579\" data-end=\"608\">\u0420\u043e\u0441\u043b\u0438\u043d\u0438, \u0449\u043e \u0432\u0445\u043e\u0434\u044f\u0442\u044c \u0434\u043e \u043d\u0430\u0431\u043e\u0440\u0443:<\/strong><\/p>\n<ul data-start=\"611\" data-end=\"879\">\n<li class=\"\" data-start=\"611\" data-end=\"666\">\n<p class=\"\" data-start=\"613\" data-end=\"666\"><em data-start=\"613\" data-end=\"634\">\u041a\u043e\u0440\u0434\u0438\u043b\u0456\u043d\u0430 \u043a\u0443\u0449\u0438\u0441\u0442\u0430<\/em> \u2018&#039;Purple Compacta&#039; - \u043c\u0456\u043d\u0456-\u043f\u0430\u043b\u044c\u043c\u0430<\/p>\n<\/li>\n<li class=\"\" data-start=\"667\" data-end=\"722\">\n<p class=\"\" data-start=\"669\" data-end=\"722\"><em data-start=\"669\" data-end=\"690\">\u041a\u0430\u043b\u0430\u0442\u0435\u044f \u043b\u0430\u043d\u0446\u0456\u0444\u043e\u043b\u0456\u044f<\/em> \u2013 \u043a\u0430\u043b\u0430\u0442\u0435\u044f \u0437 \u043f\u0430\u0432\u0438\u043d\u0438\u043c \u043b\u0438\u0441\u0442\u044f\u043c<\/p>\n<\/li>\n<li class=\"\" data-start=\"723\" data-end=\"754\">\n<p class=\"\" data-start=\"725\" data-end=\"754\"><em data-start=\"725\" data-end=\"741\">\u041a\u0430\u0432\u0430 \u0430\u0440\u0430\u0431\u0456\u043a\u0430<\/em> \u2013 \u043a\u0430\u0432\u043e\u0432\u0435 \u0434\u0435\u0440\u0435\u0432\u043e<\/p>\n<\/li>\n<li class=\"\" data-start=\"755\" data-end=\"785\">\n<p class=\"\" data-start=\"757\" data-end=\"785\"><em data-start=\"757\" data-end=\"767\">\u0410\u0442\u0438\u0440\u0456\u0443\u043c<\/em> \u2013 \u043c\u0456\u043d\u0456-\u043f\u0430\u043f\u043e\u0440\u043e\u0442\u044c<\/p>\n<\/li>\n<li class=\"\" data-start=\"786\" data-end=\"832\">\n<p class=\"\" data-start=\"788\" data-end=\"832\"><em data-start=\"788\" data-end=\"810\">\u0424\u0456\u0442\u0442\u043e\u043d\u0456\u044f \u0411\u0456\u043b\u0438\u0439 \u0422\u0438\u0433\u0440<\/em> \u2013 \u044f\u0441\u043a\u0440\u0430\u0432\u0430 \u043c\u043e\u0437\u0430\u0457\u0447\u043d\u0430 \u0440\u043e\u0441\u043b\u0438\u043d\u0430<\/p>\n<\/li>\n<li class=\"\" data-start=\"833\" data-end=\"879\">\n<p class=\"\" data-start=\"835\" data-end=\"879\"><em data-start=\"835\" data-end=\"855\">\u0424\u0456\u0442\u0442\u043e\u043d\u0456\u044f \u0420\u0443\u0431\u0456 \u041b\u0430\u0439\u043c<\/em> \u2013 \u0447\u0435\u0440\u0432\u043e\u043d\u0443\u0432\u0430\u0442\u0430 \u043c\u043e\u0437\u0430\u0457\u0447\u043d\u0430 \u0440\u043e\u0441\u043b\u0438\u043d\u0430<\/p>\n<\/li>\n<\/ul>\n<p class=\"\" data-start=\"881\" data-end=\"998\"><em data-start=\"881\" data-end=\"998\">\u041f\u0440\u0438\u043c\u0456\u0442\u043a\u0430! \u041d\u0430\u044f\u0432\u043d\u0456\u0441\u0442\u044c \u0440\u043e\u0441\u043b\u0438\u043d \u043c\u043e\u0436\u0435 \u0437\u043c\u0456\u043d\u044e\u0432\u0430\u0442\u0438\u0441\u044f \u0437\u0430\u043b\u0435\u0436\u043d\u043e \u0432\u0456\u0434 \u0441\u0435\u0437\u043e\u043d\u0443. \u0417\u0430 \u043d\u0435\u043e\u0431\u0445\u0456\u0434\u043d\u043e\u0441\u0442\u0456 \u0441\u043e\u0440\u0442 \u0431\u0443\u0434\u0435 \u0437\u0430\u043c\u0456\u043d\u0435\u043d\u043e \u0435\u043a\u0432\u0456\u0432\u0430\u043b\u0435\u043d\u0442\u043d\u043e\u044e \u0442\u0430 \u043f\u0440\u0438\u0434\u0430\u0442\u043d\u043e\u044e \u0430\u043b\u044c\u0442\u0435\u0440\u043d\u0430\u0442\u0438\u0432\u043e\u044e.<\/em><\/p>","protected":false},"excerpt":{"rendered":"<p>Too oma terraariumisse t\u00f5eline d\u017eunglih\u00f5ng! Jungle Boost taimede komplektis on kuus lopsakat ja eksootilist toataime, mis sobivad ideaalselt troopilise mini-\u00f6kos\u00fcsteemi loomiseks. Taimed&hellip;<\/p>","protected":false},"featured_media":73126,"comment_status":"open","ping_status":"closed","template":"","meta":{"wprm-recipe-roundup-name":"","wprm-recipe-roundup-description":""},"product_brand":[],"product_cat":[2001],"product_tag":[4583,4586,2084,2024,2002],"class_list":{"0":"post-73127","1":"product","2":"type-product","3":"status-publish","4":"has-post-thumbnail","6":"product_cat-taimed","7":"product_tag-baby-plants","8":"product_tag-mini-plants","9":"product_tag-plants","10":"product_tag-terrarium-plants","11":"product_tag-urbanjngl","12":"pa_brand-urbanjngl","14":"first","15":"instock","16":"taxable","17":"shipping-taxable","18":"purchasable","19":"product-type-simple"},"supplier_id":null,"supplier_sku":"","barcode":null,"atum_controlled":false,"out_stock_date":null,"out_stock_threshold":null,"inheritable":false,"inbound_stock":null,"stock_on_hold":null,"sold_today":null,"sales_last_days":null,"reserved_stock":null,"customer_returns":null,"warehouse_damage":null,"lost_in_post":null,"other_logs":null,"out_stock_days":null,"lost_sales":null,"has_location":false,"update_date":"2026-05-15T04:15:23","atum_locations":[],"atum_stock_status":"instock","restock_status":false,"low_stock_amount":"","sales_update_date":null,"calc_backorders":null,"aioseo_notices":[],"_links":{"self":[{"href":"https:\/\/ecoshop.ee\/uk\/wp-json\/wp\/v2\/product\/73127","targetHints":{"allow":["GET"]}}],"collection":[{"href":"https:\/\/ecoshop.ee\/uk\/wp-json\/wp\/v2\/product"}],"about":[{"href":"https:\/\/ecoshop.ee\/uk\/wp-json\/wp\/v2\/types\/product"}],"replies":[{"embeddable":true,"href":"https:\/\/ecoshop.ee\/uk\/wp-json\/wp\/v2\/comments?post=73127"}],"version-history":[{"count":0,"href":"https:\/\/ecoshop.ee\/uk\/wp-json\/wp\/v2\/product\/73127\/revisions"}],"wp:featuredmedia":[{"embeddable":true,"href":"https:\/\/ecoshop.ee\/uk\/wp-json\/wp\/v2\/media\/73126"}],"wp:attachment":[{"href":"https:\/\/ecoshop.ee\/uk\/wp-json\/wp\/v2\/media?parent=73127"}],"wp:term":[{"taxonomy":"product_brand","embeddable":true,"href":"https:\/\/ecoshop.ee\/uk\/wp-json\/wp\/v2\/product_brand?post=73127"},{"taxonomy":"product_cat","embeddable":true,"href":"https:\/\/ecoshop.ee\/uk\/wp-json\/wp\/v2\/product_cat?post=73127"},{"taxonomy":"product_tag","embeddable":true,"href":"https:\/\/ecoshop.ee\/uk\/wp-json\/wp\/v2\/product_tag?post=73127"}],"curies":[{"name":"wp","href":"https:\/\/api.w.org\/{rel}","templated":true}]}}