{"id":73134,"date":"2025-03-25T18:45:32","date_gmt":"2025-03-25T16:45:32","guid":{"rendered":"https:\/\/ecoshop.ee\/maaratlemata\/terrarium-diy-kit-little-joe-led-hedera-fittonia-white-%e2%86%91-21-5-cm\/"},"modified":"2026-01-26T17:45:31","modified_gmt":"2026-01-26T14:45:31","slug":"%d0%bd%d0%b0%d0%b1%d1%96%d1%80-%d0%b4%d0%bb%d1%8f-%d0%b2%d0%b8%d0%b3%d0%be%d1%82%d0%be%d0%b2%d0%bb%d0%b5%d0%bd%d0%bd%d1%8f-%d1%82%d0%b5%d1%80%d0%b0%d1%80%d1%96%d1%83%d0%bc%d1%83-little-joe-led-hedera","status":"publish","type":"product","link":"https:\/\/ecoshop.ee\/uk\/taime-terraariumid\/terrarium-diy-kit-little-joe-led-hedera-fittonia-white-%e2%86%91-21-5-cm\/","title":{"rendered":"\u0422\u0435\u0440\u0430\u0440\u0456\u0443\u043c \u0441\u0432\u043e\u0457\u043c\u0438 \u0440\u0443\u043a\u0430\u043c\u0438 \u2013 Little Joe \u2013 \u0437 \u043f\u0456\u0434\u0441\u0432\u0456\u0447\u0443\u0432\u0430\u043d\u043d\u044f\u043c \u2013 \u2191 21,5 \u0441\u043c"},"content":{"rendered":"<p class=\"\" data-start=\"178\" data-end=\"624\">\u041f\u0440\u0438\u0432\u043d\u0435\u0441\u0456\u0442\u044c \u0447\u0430\u0441\u0442\u0438\u043d\u043a\u0443 \u043f\u0440\u0438\u0440\u043e\u0434\u0438 \u0443 \u0441\u0432\u0456\u0439 \u0434\u0456\u043c \u0447\u0438 \u043e\u0444\u0456\u0441 \u0437\u0430 \u0434\u043e\u043f\u043e\u043c\u043e\u0433\u043e\u044e \u0446\u044c\u043e\u0433\u043e \u0435\u043b\u0435\u0433\u0430\u043d\u0442\u043d\u043e\u0433\u043e \u0442\u0430 \u0430\u0432\u0442\u043e\u043d\u043e\u043c\u043d\u043e\u0433\u043e \u043d\u0430\u0431\u043e\u0440\u0443 \u0434\u043b\u044f \u0442\u0435\u0440\u0430\u0440\u0456\u0443\u043c\u0443. \u0426\u0435\u0439 \u043d\u0430\u0431\u0456\u0440 \u00ab\u0437\u0440\u043e\u0431\u0438 \u0441\u0430\u043c\u00bb \u0456\u0434\u0435\u0430\u043b\u044c\u043d\u043e \u043f\u0456\u0434\u0445\u043e\u0434\u0438\u0442\u044c \u0434\u043b\u044f \u0442\u0438\u0445, \u0445\u0442\u043e \u043d\u0435 \u043c\u0430\u0454 \u0445\u0438\u0441\u0442\u0443 \u0434\u043e \u0441\u0430\u0434\u0456\u0432\u043d\u0438\u0446\u0442\u0432\u0430 \u2013 \u0446\u044e \u0437\u0430\u043a\u0440\u0438\u0442\u0443 \u0435\u043a\u043e\u0441\u0438\u0441\u0442\u0435\u043c\u0443 \u043f\u043e\u0442\u0440\u0456\u0431\u043d\u043e \u043f\u043e\u043b\u0438\u0432\u0430\u0442\u0438 \u043b\u0438\u0448\u0435 \u043a\u0456\u043b\u044c\u043a\u0430 \u0440\u0430\u0437\u0456\u0432 \u043d\u0430 \u0440\u0456\u043a. \u0422\u0435\u0440\u0430\u0440\u0456\u0443\u043c \u043c\u0456\u0441\u0442\u0438\u0442\u044c \u0443\u0441\u0435 \u043d\u0435\u043e\u0431\u0445\u0456\u0434\u043d\u0435 \u0434\u043b\u044f \u0441\u0442\u0432\u043e\u0440\u0435\u043d\u043d\u044f \u0432\u043b\u0430\u0441\u043d\u0438\u0445 \u043c\u0456\u043d\u0456-\u0434\u0436\u0443\u043d\u0433\u043b\u0456\u0432: \u043f\u043b\u044e\u0449 \u0437\u0432\u0438\u0447\u0430\u0439\u043d\u0438\u0439 (Hedera Helix), \u0444\u0456\u0442\u043e\u043d\u0456\u044e White Tiger, \u0441\u0432\u0456\u0442\u043b\u043e\u0434\u0456\u043e\u0434\u043d\u0443 \u043a\u043e\u0432\u043f\u0430\u0447\u043a\u0443, \u0437\u0435\u043b\u0435\u043d\u0438\u0439 \u043c\u043e\u0445, \u0433\u0456\u0434\u0440\u043e\u0433\u0440\u0430\u043d\u0443\u043b\u0438, \u0430\u043a\u0442\u0438\u0432\u043e\u0432\u0430\u043d\u0435 \u0432\u0443\u0433\u0456\u043b\u043b\u044f \u0442\u0430 \u0441\u043f\u0435\u0446\u0456\u0430\u043b\u044c\u043d\u0438\u0439 \u0441\u0443\u0431\u0441\u0442\u0440\u0430\u0442.<\/p>\n<p class=\"\" data-start=\"626\" data-end=\"641\"><strong data-start=\"626\" data-end=\"641\">\u0412\u043a\u043b\u044e\u0447\u0435\u043d\u043e:<\/strong><\/p>\n<ul data-start=\"642\" data-end=\"897\">\n<li class=\"\" data-start=\"642\" data-end=\"686\">\n<p class=\"\" data-start=\"644\" data-end=\"686\">\u0421\u043a\u043b\u044f\u043d\u0438\u0439 \u0442\u0435\u0440\u0430\u0440\u0456\u0443\u043c (\u00d8 20 \u0441\u043c, \u2191 21,5 \u0441\u043c)<\/p>\n<\/li>\n<li class=\"\" data-start=\"687\" data-end=\"723\">\n<p class=\"\" data-start=\"689\" data-end=\"723\">\u041a\u043e\u0432\u043f\u0430\u0447\u043e\u043a \u0437\u0456 \u0441\u0432\u0456\u0442\u043b\u043e\u0434\u0456\u043e\u0434\u043d\u0438\u043c \u043b\u0456\u0445\u0442\u0430\u0440\u0438\u043a\u043e\u043c (\u0440\u043e\u0437\u043c\u0456\u0440 S)<\/p>\n<\/li>\n<li class=\"\" data-start=\"724\" data-end=\"770\">\n<p class=\"\" data-start=\"726\" data-end=\"770\">\u0420\u043e\u0441\u043b\u0438\u043d\u0438: \u041f\u043b\u044e\u0449 \u0437\u0432\u0438\u0447\u0430\u0439\u043d\u0438\u0439 \u0442\u0430 \u0444\u0456\u0442\u043e\u043d\u0456\u044f \u0431\u0456\u043b\u0430<\/p>\n<\/li>\n<li class=\"\" data-start=\"771\" data-end=\"790\">\n<p class=\"\" data-start=\"773\" data-end=\"790\">\u0417\u0435\u043b\u0435\u043d\u0438\u0439 \u043c\u043e\u0445<\/p>\n<\/li>\n<li class=\"\" data-start=\"791\" data-end=\"808\">\n<p class=\"\" data-start=\"793\" data-end=\"808\">\u0413\u0456\u0434\u0440\u043e\u043f\u0435\u043b\u043b\u0435\u0442\u0438<\/p>\n<\/li>\n<li class=\"\" data-start=\"809\" data-end=\"823\">\n<p class=\"\" data-start=\"811\" data-end=\"823\">\u0410\u043a\u0442\u0438\u0432\u043e\u0432\u0430\u043d\u0435 \u0432\u0443\u0433\u0456\u043b\u043b\u044f<\/p>\n<\/li>\n<li class=\"\" data-start=\"824\" data-end=\"849\">\n<p class=\"\" data-start=\"826\" data-end=\"849\">\u0421\u0443\u0431\u0441\u0442\u0440\u0430\u0442 \u0434\u043b\u044f \u0442\u0435\u0440\u0430\u0440\u0456\u0443\u043c\u0443<\/p>\n<\/li>\n<li class=\"\" data-start=\"850\" data-end=\"875\">\n<p class=\"\" data-start=\"852\" data-end=\"875\">\u041f\u043e\u043a\u0440\u043e\u043a\u043e\u0432\u0438\u0439 \u043f\u043e\u0441\u0456\u0431\u043d\u0438\u043a<\/p>\n<\/li>\n<li class=\"\" data-start=\"876\" data-end=\"897\">\n<p class=\"\" data-start=\"878\" data-end=\"897\">\u0420\u0435\u043a\u043e\u043c\u0435\u043d\u0434\u0430\u0446\u0456\u0457 \u0437 \u0442\u0435\u0445\u043d\u0456\u0447\u043d\u043e\u0433\u043e \u043e\u0431\u0441\u043b\u0443\u0433\u043e\u0432\u0443\u0432\u0430\u043d\u043d\u044f<\/p>\n<\/li>\n<\/ul>\n<p class=\"\" data-start=\"899\" data-end=\"1096\">\u0423\u0441\u0456 \u0440\u043e\u0441\u043b\u0438\u043d\u0438 \u0442\u0430 \u043c\u043e\u0445\u0438 \u0432\u0438\u0440\u043e\u0449\u0443\u044e\u0442\u044c\u0441\u044f \u0437 \u043b\u044e\u0431\u043e\u0432&#039;\u044e \u0442\u0430 \u0432\u0456\u0434\u0456\u0431\u0440\u0430\u043d\u0456 \u0437 \u0443\u0440\u0430\u0445\u0443\u0432\u0430\u043d\u043d\u044f\u043c \u043a\u043e\u043d\u0442\u0440\u043e\u043b\u044e \u044f\u043a\u043e\u0441\u0442\u0456, \u0449\u043e\u0431 \u0432\u0438 \u043c\u043e\u0433\u043b\u0438 \u043d\u0430\u0441\u043e\u043b\u043e\u0434\u0436\u0443\u0432\u0430\u0442\u0438\u0441\u044f \u0434\u043e\u0432\u0433\u043e\u0432\u0456\u0447\u043d\u043e\u044e \u0437\u0435\u043b\u0435\u043d\u043d\u044e. \u0406\u0434\u0435\u0430\u043b\u044c\u043d\u0438\u0439 \u043f\u043e\u0434\u0430\u0440\u0443\u043d\u043e\u043a \u0430\u0431\u043e \u0435\u043b\u0435\u043c\u0435\u043d\u0442 \u0456\u043d\u0442\u0435\u0440&#039;\u0454\u0440\u0443, \u044f\u043a\u0438\u0439 \u043f\u0440\u0438\u043d\u043e\u0441\u0438\u0442\u0438\u043c\u0435 \u0440\u0430\u0434\u0456\u0441\u0442\u044c \u0440\u043e\u043a\u0430\u043c\u0438. \u0406\u0434\u0435\u0430\u043b\u044c\u043d\u0438\u0439 \u043f\u043e\u0434\u0430\u0440\u0443\u043d\u043e\u043a \u0434\u043b\u044f \u043b\u044e\u0431\u0438\u0442\u0435\u043b\u0456\u0432 \u043f\u0440\u0438\u0440\u043e\u0434\u0438 \u0431\u0443\u0434\u044c-\u044f\u043a\u043e\u0433\u043e \u0432\u0456\u043a\u0443.<\/p>","protected":false},"excerpt":{"rendered":"<p>Too oma koju v\u00f5i kontorisse killuke loodust selle elegantse ja isetoimiva terraariumikomplektiga. See Tee-Ise komplekt sobib suurep\u00e4raselt ka neile, kellel pole rohen\u00e4ppe&hellip;<\/p>","protected":false},"featured_media":73132,"comment_status":"open","ping_status":"closed","template":"","meta":{"wprm-recipe-roundup-name":"","wprm-recipe-roundup-description":""},"product_brand":[],"product_cat":[2063],"product_tag":[2005,2019,2003,4611,2052,2008,2009,2002],"class_list":{"0":"post-73134","1":"product","2":"type-product","3":"status-publish","4":"has-post-thumbnail","6":"product_cat-taime-terraariumid","7":"product_tag-diy","8":"product_tag-diy-terrarium","9":"product_tag-diy-terrarium-kit","10":"product_tag-led-light","11":"product_tag-plant-terrarium","12":"product_tag-terrarium","13":"product_tag-terrarium-kit","14":"product_tag-urbanjngl","16":"first","17":"outofstock","18":"taxable","19":"shipping-taxable","20":"purchasable","21":"product-type-simple"},"supplier_id":null,"supplier_sku":"","barcode":null,"atum_controlled":false,"out_stock_date":null,"out_stock_threshold":null,"inheritable":false,"inbound_stock":null,"stock_on_hold":0,"sold_today":0,"sales_last_days":0,"reserved_stock":null,"customer_returns":null,"warehouse_damage":null,"lost_in_post":null,"other_logs":null,"out_stock_days":0,"lost_sales":0,"has_location":false,"update_date":"2026-03-07T01:16:14","atum_locations":[],"atum_stock_status":"outofstock","restock_status":false,"low_stock_amount":"","sales_update_date":"2026-03-07T01:16:14","calc_backorders":null,"aioseo_notices":[],"_links":{"self":[{"href":"https:\/\/ecoshop.ee\/uk\/wp-json\/wp\/v2\/product\/73134","targetHints":{"allow":["GET"]}}],"collection":[{"href":"https:\/\/ecoshop.ee\/uk\/wp-json\/wp\/v2\/product"}],"about":[{"href":"https:\/\/ecoshop.ee\/uk\/wp-json\/wp\/v2\/types\/product"}],"replies":[{"embeddable":true,"href":"https:\/\/ecoshop.ee\/uk\/wp-json\/wp\/v2\/comments?post=73134"}],"version-history":[{"count":0,"href":"https:\/\/ecoshop.ee\/uk\/wp-json\/wp\/v2\/product\/73134\/revisions"}],"wp:featuredmedia":[{"embeddable":true,"href":"https:\/\/ecoshop.ee\/uk\/wp-json\/wp\/v2\/media\/73132"}],"wp:attachment":[{"href":"https:\/\/ecoshop.ee\/uk\/wp-json\/wp\/v2\/media?parent=73134"}],"wp:term":[{"taxonomy":"product_brand","embeddable":true,"href":"https:\/\/ecoshop.ee\/uk\/wp-json\/wp\/v2\/product_brand?post=73134"},{"taxonomy":"product_cat","embeddable":true,"href":"https:\/\/ecoshop.ee\/uk\/wp-json\/wp\/v2\/product_cat?post=73134"},{"taxonomy":"product_tag","embeddable":true,"href":"https:\/\/ecoshop.ee\/uk\/wp-json\/wp\/v2\/product_tag?post=73134"}],"curies":[{"name":"wp","href":"https:\/\/api.w.org\/{rel}","templated":true}]}}