{"id":7370,"date":"2024-08-20T23:11:39","date_gmt":"2024-08-20T20:11:39","guid":{"rendered":"https:\/\/ecoshop.ee\/?post_type=product&#038;p=7370"},"modified":"2024-11-07T23:19:05","modified_gmt":"2024-11-07T20:19:05","slug":"%d0%b1%d1%80%d0%b8%d1%82%d0%b2%d0%b0-%d0%bc%d0%b5%d1%82%d0%b5%d0%bb%d0%b8%d0%ba-%d0%b7-%d0%bd%d0%b5%d1%80%d0%b6%d0%b0%d0%b2%d1%96%d1%8e%d1%87%d0%be%d1%97-%d1%81%d1%82%d0%b0%d0%bb%d1%96-10-%d0%bb","status":"publish","type":"product","link":"https:\/\/ecoshop.ee\/uk\/raseerijad\/roostevabast-terasest-liblikraseerija-10-tera\/","title":{"rendered":"\u0411\u0440\u0438\u0442\u0432\u0430-\u043c\u0435\u0442\u0435\u043b\u0438\u043a \u0437 \u043d\u0435\u0440\u0436\u0430\u0432\u0456\u044e\u0447\u043e\u0457 \u0441\u0442\u0430\u043b\u0456 + 10 \u043b\u0435\u0437"},"content":{"rendered":"<p>\u0411\u0440\u0438\u0442\u0432\u0430-\u043c\u0435\u0442\u0435\u043b\u0438\u043a \u0437 \u043d\u0435\u0440\u0436\u0430\u0432\u0456\u044e\u0447\u043e\u0457 \u0441\u0442\u0430\u043b\u0456 \u0437 \u0432\u0438\u0441\u043e\u043a\u043e\u044f\u043a\u0456\u0441\u043d\u0438\u043c \u043f\u043e\u043a\u0440\u0438\u0442\u0442\u044f\u043c \u0442\u0430 \u043c\u0435\u0445\u0430\u043d\u0456\u0437\u043c\u043e\u043c \u00ab\u043c\u0435\u0442\u0435\u043b\u0438\u043a\u00bb, \u0449\u043e \u0434\u043e\u0437\u0432\u043e\u043b\u044f\u0454 \u0448\u0432\u0438\u0434\u043a\u043e \u0442\u0430 \u0437\u0440\u0443\u0447\u043d\u043e \u0437\u043c\u0456\u043d\u044e\u0432\u0430\u0442\u0438 \u043b\u0435\u0437\u0430. \u0414\u043e\u0432\u0433\u0430 \u0440\u0443\u0447\u043a\u0430 \u0431\u0440\u0438\u0442\u0432\u0438 \u0437\u0430\u0431\u0435\u0437\u043f\u0435\u0447\u0443\u0454 \u043d\u0430\u0434\u0456\u0439\u043d\u0435 \u0437\u0430\u0445\u043e\u043f\u043b\u0435\u043d\u043d\u044f \u0442\u0430 \u0447\u0443\u0434\u043e\u0432\u0438\u0439 \u043a\u043e\u043d\u0442\u0440\u043e\u043b\u044c, \u0437\u0430\u0431\u0435\u0437\u043f\u0435\u0447\u0443\u044e\u0447\u0438 \u0440\u0435\u0442\u0435\u043b\u044c\u043d\u0435 \u0442\u0430 \u043a\u043e\u043c\u0444\u043e\u0440\u0442\u043d\u0435 \u0433\u043e\u043b\u0456\u043d\u043d\u044f \u0449\u043e\u0440\u0430\u0437\u0443. \u041a\u043e\u043c\u043f\u043b\u0435\u043a\u0442 \u043c\u0456\u0441\u0442\u0438\u0442\u044c 10 \u043b\u0435\u0437, \u044f\u043a\u0456 \u0433\u0430\u0440\u0430\u043d\u0442\u0443\u044e\u0442\u044c \u0433\u043b\u0430\u0434\u043a\u0435 \u0442\u0430 \u0440\u0435\u0442\u0435\u043b\u044c\u043d\u0435 \u0433\u043e\u043b\u0456\u043d\u043d\u044f \u043f\u0440\u043e\u0442\u044f\u0433\u043e\u043c \u0442\u0440\u0438\u0432\u0430\u043b\u043e\u0433\u043e \u0447\u0430\u0441\u0443. \u0406\u0434\u0435\u0430\u043b\u044c\u043d\u0438\u0439 \u0432\u0438\u0431\u0456\u0440 \u0434\u043b\u044f \u0442\u0438\u0445, \u0445\u0442\u043e \u0446\u0456\u043d\u0443\u0454 \u0442\u0440\u0430\u0434\u0438\u0446\u0456\u0439\u043d\u0438\u0439 \u0442\u0430 \u0432\u0438\u0441\u043e\u043a\u043e\u044f\u043a\u0456\u0441\u043d\u0438\u0439 \u0434\u043e\u0433\u043b\u044f\u0434. \u0426\u044f \u0431\u0430\u0433\u0430\u0442\u043e\u0440\u0430\u0437\u043e\u0432\u0430 \u0431\u0440\u0438\u0442\u0432\u0430 \u043f\u0440\u043e\u043f\u043e\u043d\u0443\u0454 \u0435\u043a\u043e\u043d\u043e\u043c\u0456\u0447\u043d\u0438\u0439, \u0437\u0440\u0443\u0447\u043d\u0438\u0439 \u0442\u0430 \u0432\u0438\u0441\u043e\u043a\u043e\u044f\u043a\u0456\u0441\u043d\u0438\u0439 \u0434\u043e\u0433\u043b\u044f\u0434 \u0437\u0430 \u0442\u0456\u043b\u043e\u043c.<\/p>\n<p>\u0414\u043e\u0432\u0436\u0438\u043d\u0430: 12 \u0441\u043c<\/p>","protected":false},"excerpt":{"rendered":"<p>Roostevabast terasest liblikraseerija, millel on k\u00f5rgekvaliteediline viimistlus ja liblikmehhanism, mis v\u00f5imaldab terade vahetamist kiiresti ja mugavalt. Raseerija pikk k\u00e4epide tagab kindla haarde&hellip;<\/p>","protected":false},"featured_media":7371,"comment_status":"open","ping_status":"closed","template":"","meta":{"wprm-recipe-roundup-name":"","wprm-recipe-roundup-description":""},"product_brand":[],"product_cat":[280],"product_tag":[190],"class_list":{"0":"post-7370","1":"product","2":"type-product","3":"status-publish","4":"has-post-thumbnail","6":"product_cat-raseerijad","7":"product_tag-raseerija","9":"first","10":"instock","11":"sale","12":"taxable","13":"shipping-taxable","14":"purchasable","15":"product-type-simple"},"supplier_id":9163,"supplier_sku":"","barcode":null,"atum_controlled":true,"out_stock_date":null,"out_stock_threshold":null,"inheritable":false,"inbound_stock":0,"stock_on_hold":0,"sold_today":0,"sales_last_days":0,"reserved_stock":0,"customer_returns":0,"warehouse_damage":0,"lost_in_post":0,"other_logs":0,"out_stock_days":0,"lost_sales":0,"has_location":false,"update_date":"2026-03-07T01:16:03","atum_locations":[],"atum_stock_status":"instock","restock_status":false,"low_stock_amount":"","sales_update_date":"2026-03-07T01:16:03","calc_backorders":null,"aioseo_notices":[],"_links":{"self":[{"href":"https:\/\/ecoshop.ee\/uk\/wp-json\/wp\/v2\/product\/7370","targetHints":{"allow":["GET"]}}],"collection":[{"href":"https:\/\/ecoshop.ee\/uk\/wp-json\/wp\/v2\/product"}],"about":[{"href":"https:\/\/ecoshop.ee\/uk\/wp-json\/wp\/v2\/types\/product"}],"replies":[{"embeddable":true,"href":"https:\/\/ecoshop.ee\/uk\/wp-json\/wp\/v2\/comments?post=7370"}],"version-history":[{"count":0,"href":"https:\/\/ecoshop.ee\/uk\/wp-json\/wp\/v2\/product\/7370\/revisions"}],"wp:featuredmedia":[{"embeddable":true,"href":"https:\/\/ecoshop.ee\/uk\/wp-json\/wp\/v2\/media\/7371"}],"wp:attachment":[{"href":"https:\/\/ecoshop.ee\/uk\/wp-json\/wp\/v2\/media?parent=7370"}],"wp:term":[{"taxonomy":"product_brand","embeddable":true,"href":"https:\/\/ecoshop.ee\/uk\/wp-json\/wp\/v2\/product_brand?post=7370"},{"taxonomy":"product_cat","embeddable":true,"href":"https:\/\/ecoshop.ee\/uk\/wp-json\/wp\/v2\/product_cat?post=7370"},{"taxonomy":"product_tag","embeddable":true,"href":"https:\/\/ecoshop.ee\/uk\/wp-json\/wp\/v2\/product_tag?post=7370"}],"curies":[{"name":"wp","href":"https:\/\/api.w.org\/{rel}","templated":true}]}}