{"id":7541,"date":"2024-08-24T21:45:29","date_gmt":"2024-08-24T18:45:29","guid":{"rendered":"https:\/\/ecoshop.ee\/?post_type=product&#038;p=7541"},"modified":"2026-04-06T22:30:58","modified_gmt":"2026-04-06T19:30:58","slug":"%d0%b1%d0%b0%d0%bc%d0%b1%d1%83%d0%ba%d0%be%d0%b2%d0%b0-%d0%b7%d1%83%d0%b1%d0%bd%d0%b0-%d1%89%d1%96%d1%82%d0%ba%d0%b0","status":"publish","type":"product","link":"https:\/\/ecoshop.ee\/uk\/hugieenitarbed\/bambusest-hambahari\/","title":{"rendered":"\u0411\u0430\u043c\u0431\u0443\u043a\u043e\u0432\u0430 \u0437\u0443\u0431\u043d\u0430 \u0449\u0456\u0442\u043a\u0430"},"content":{"rendered":"<p>\u0415\u043b\u0435\u0433\u0430\u043d\u0442\u043d\u0430 \u0442\u0430 \u0435\u043a\u043e\u043b\u043e\u0433\u0456\u0447\u043d\u0430 \u0431\u0430\u043c\u0431\u0443\u043a\u043e\u0432\u0430 \u0437\u0443\u0431\u043d\u0430 \u0449\u0456\u0442\u043a\u0430, \u044f\u043a\u0430 \u0437\u0440\u0443\u0447\u043d\u043e \u043b\u0435\u0436\u0438\u0442\u044c \u0443 \u0431\u0443\u0434\u044c-\u044f\u043a\u0456\u0439 \u0440\u0443\u0446\u0456. \u041c\u2019\u044f\u043a\u0456 \u0449\u0435\u0442\u0438\u043d\u043a\u0438 \u0434\u0431\u0430\u0439\u043b\u0438\u0432\u043e \u0437\u0430\u0445\u0438\u0449\u0430\u044e\u0442\u044c \u044f\u0441\u043d\u0430, \u0437\u0430\u043f\u043e\u0431\u0456\u0433\u0430\u044e\u0447\u0438 \u043a\u0440\u043e\u0432\u043e\u0442\u043e\u0447\u0438\u0432\u043e\u0441\u0442\u0456 \u0442\u0430 \u043f\u043e\u0434\u0440\u044f\u043f\u0438\u043d\u0430\u043c, \u0437\u0430\u0431\u0435\u0437\u043f\u0435\u0447\u0443\u044e\u0447\u0438 \u0440\u0435\u0442\u0435\u043b\u044c\u043d\u0435 \u043e\u0447\u0438\u0449\u0435\u043d\u043d\u044f. \u0426\u044f \u0437\u0443\u0431\u043d\u0430 \u0449\u0456\u0442\u043a\u0430 \u043b\u0435\u0433\u043a\u043e \u0434\u043e\u0441\u044f\u0433\u0430\u0454 \u0432\u0441\u0456\u0445 \u0437\u0443\u0431\u0456\u0432 \u0442\u0430 \u043a\u0443\u0442\u043e\u0447\u043a\u0456\u0432 \u0440\u043e\u0442\u0430, \u0437\u0430\u0431\u0435\u0437\u043f\u0435\u0447\u0443\u044e\u0447\u0438 \u043f\u0440\u0438\u0454\u043c\u043d\u0435 \u0442\u0430 \u0435\u0444\u0435\u043a\u0442\u0438\u0432\u043d\u0435 \u043e\u0447\u0438\u0449\u0435\u043d\u043d\u044f \u0449\u043e\u0440\u0430\u0437\u0443. \u0412\u0438\u0433\u043e\u0442\u043e\u0432\u043b\u0435\u043d\u0430 \u0437 \u043c\u0456\u0446\u043d\u043e\u0433\u043e \u0431\u0430\u043c\u0431\u0443\u043a\u0430, \u0437\u0430\u0432\u0434\u043e\u0432\u0436\u043a\u0438 17 \u0441\u043c. \u0414\u043e\u0441\u0442\u0443\u043f\u043d\u0430 \u0443 \u0441\u0442\u0438\u043b\u044c\u043d\u0438\u0445 \u043a\u043e\u043b\u044c\u043e\u0440\u0430\u0445: \u0447\u043e\u0440\u043d\u043e\u043c\u0443, \u0431\u0456\u043b\u043e\u043c\u0443 \u0442\u0430 \u0431\u0435\u0436\u0435\u0432\u043e\u043c\u0443. \u0406\u0434\u0435\u0430\u043b\u044c\u043d\u0438\u0439 \u0432\u0438\u0431\u0456\u0440 \u0434\u043b\u044f \u043f\u0456\u0434\u0442\u0440\u0438\u043c\u043a\u0438 \u0433\u0456\u0433\u0456\u0454\u043d\u0438 \u0442\u0430 \u0437\u0434\u043e\u0440\u043e\u0432\u2019\u044f \u0440\u043e\u0442\u043e\u0432\u043e\u0457 \u043f\u043e\u0440\u043e\u0436\u043d\u0438\u043d\u0438. \u0423\u043f\u0430\u043a\u043e\u0432\u0430\u043d\u0430 \u0432 \u0442\u043e\u043d\u043a\u0443 \u043a\u0430\u0440\u0442\u043e\u043d\u043d\u0443 \u043a\u043e\u0440\u043e\u0431\u043a\u0443.<\/p>","protected":false},"excerpt":{"rendered":"<p>Elegantne ja looduss\u00f5bralik bambusest hambahari, mis sobitub mugavalt igasse k\u00e4tte. Pehmed harjased kaitsevad \u00f5rnalt igemeid, v\u00e4ltides veritsemist ja kriimustusi, tagades samal ajal&hellip;<\/p>","protected":false},"featured_media":7545,"comment_status":"open","ping_status":"closed","template":"","meta":{"wprm-recipe-roundup-name":"","wprm-recipe-roundup-description":""},"product_brand":[],"product_cat":[246],"product_tag":[196],"class_list":{"0":"post-7541","1":"product","2":"type-product","3":"status-publish","4":"has-post-thumbnail","6":"product_cat-hugieenitarbed","7":"product_tag-hambahari","9":"first","10":"instock","11":"taxable","12":"shipping-taxable","13":"purchasable","14":"product-type-variable"},"supplier_id":null,"supplier_sku":"","barcode":null,"atum_controlled":true,"out_stock_date":null,"out_stock_threshold":null,"inheritable":false,"inbound_stock":0,"stock_on_hold":0,"sold_today":0,"sales_last_days":1,"reserved_stock":0,"customer_returns":0,"warehouse_damage":0,"lost_in_post":0,"other_logs":0,"out_stock_days":0,"lost_sales":0,"has_location":false,"update_date":"2026-04-07T07:40:59","atum_locations":[],"atum_stock_status":"instock","restock_status":false,"low_stock_amount":"","sales_update_date":"2026-03-07T01:16:03","calc_backorders":null,"aioseo_notices":[],"_links":{"self":[{"href":"https:\/\/ecoshop.ee\/uk\/wp-json\/wp\/v2\/product\/7541","targetHints":{"allow":["GET"]}}],"collection":[{"href":"https:\/\/ecoshop.ee\/uk\/wp-json\/wp\/v2\/product"}],"about":[{"href":"https:\/\/ecoshop.ee\/uk\/wp-json\/wp\/v2\/types\/product"}],"replies":[{"embeddable":true,"href":"https:\/\/ecoshop.ee\/uk\/wp-json\/wp\/v2\/comments?post=7541"}],"version-history":[{"count":0,"href":"https:\/\/ecoshop.ee\/uk\/wp-json\/wp\/v2\/product\/7541\/revisions"}],"wp:featuredmedia":[{"embeddable":true,"href":"https:\/\/ecoshop.ee\/uk\/wp-json\/wp\/v2\/media\/7545"}],"wp:attachment":[{"href":"https:\/\/ecoshop.ee\/uk\/wp-json\/wp\/v2\/media?parent=7541"}],"wp:term":[{"taxonomy":"product_brand","embeddable":true,"href":"https:\/\/ecoshop.ee\/uk\/wp-json\/wp\/v2\/product_brand?post=7541"},{"taxonomy":"product_cat","embeddable":true,"href":"https:\/\/ecoshop.ee\/uk\/wp-json\/wp\/v2\/product_cat?post=7541"},{"taxonomy":"product_tag","embeddable":true,"href":"https:\/\/ecoshop.ee\/uk\/wp-json\/wp\/v2\/product_tag?post=7541"}],"curies":[{"name":"wp","href":"https:\/\/api.w.org\/{rel}","templated":true}]}}