{"id":8749,"date":"2024-10-30T23:13:38","date_gmt":"2024-10-30T20:13:38","guid":{"rendered":"https:\/\/ecoshop.ee\/?post_type=product&#038;p=8749"},"modified":"2026-05-04T11:29:13","modified_gmt":"2026-05-04T08:29:13","slug":"%d0%be%d1%80%d0%b3%d0%b0%d0%bd%d1%96%d1%87%d0%bd%d0%b8%d0%b9-%d1%82%d0%b0-%d0%b2%d0%b5%d0%b3%d0%b0%d0%bd%d1%81%d1%8c%d0%ba%d0%b8%d0%b9-%d0%b1%d1%96%d0%bb%d0%b8%d0%b9-%d1%88%d0%be%d0%ba%d0%be%d0%bb","status":"publish","type":"product","link":"https:\/\/ecoshop.ee\/uk\/sokolaadid\/ichoc-mahe-ja-vegan-valge-sokolaad-vanilliga-80g\/","title":{"rendered":"iChoc \u0432\u0435\u0433\u0430\u043d\u0441\u044c\u043a\u0438\u0439 \u0431\u0456\u043b\u0438\u0439 \u0448\u043e\u043a\u043e\u043b\u0430\u0434 \u0437 \u0432\u0430\u043d\u0456\u043b\u043b\u044e, \u043e\u0440\u0433\u0430\u043d\u0456\u0447\u043d\u0438\u0439, 80 \u0433"},"content":{"rendered":"<p>\u0412\u0435\u0433\u0430\u043d\u0441\u044c\u043a\u0438\u0439 \u0431\u0456\u043b\u0438\u0439 \u0448\u043e\u043a\u043e\u043b\u0430\u0434 iChoc \u0437 \u0432\u0430\u043d\u0456\u043b\u043b\u044e \u043f\u0440\u043e\u043f\u043e\u043d\u0443\u0454 \u043d\u0456\u0436\u043d\u0435 \u0441\u043c\u0430\u043a\u043e\u0432\u0435 \u0437\u0430\u0434\u043e\u0432\u043e\u043b\u0435\u043d\u043d\u044f \u0434\u043b\u044f \u043a\u043e\u0436\u043d\u043e\u0433\u043e \u0433\u0443\u0440\u043c\u0430\u043d\u0430. \u0412\u0435\u0433\u0430\u043d\u0441\u044c\u043a\u0438\u0439, \u0431\u0435\u0437 \u043f\u0430\u043b\u044c\u043c\u043e\u0432\u043e\u0457 \u043e\u043b\u0456\u0457 \u0442\u0430 \u0432 \u043a\u043e\u043c\u043f\u043e\u0441\u0442\u043e\u0432\u0430\u043d\u0456\u0439 \u0443\u043f\u0430\u043a\u043e\u0432\u0446\u0456 \u0437 \u0434\u0435\u0440\u0435\u0432\u043d\u043e\u0433\u043e \u0432\u043e\u043b\u043e\u043a\u043d\u0430. \u0426\u0435\u0439 \u043a\u0440\u0435\u043c\u043e\u0432\u0438\u0439 \u0431\u0430\u0442\u043e\u043d\u0447\u0438\u043a \u0432\u0438\u0433\u043e\u0442\u043e\u0432\u043b\u0435\u043d\u0438\u0439 \u0437 \u043a\u0430\u043a\u0430\u043e-\u043c\u0430\u0441\u043b\u0430 \u0442\u0430 \u0431\u0443\u0440\u0431\u043e\u043d\u0441\u044c\u043a\u043e\u0457 \u0432\u0430\u043d\u0456\u043b\u0456, \u0449\u043e \u0441\u0442\u0432\u043e\u0440\u044e\u0454 \u043e\u0441\u043e\u0431\u043b\u0438\u0432\u043e \u043d\u0456\u0436\u043d\u0438\u0439 \u0442\u0430 \u043f\u0440\u0438\u0454\u043c\u043d\u0438\u0439 \u0441\u043c\u0430\u043a. \u041d\u0430\u0441\u043e\u043b\u043e\u0434\u0436\u0443\u0439\u0442\u0435\u0441\u044c \u043d\u0438\u043c \u0443 \u0447\u0438\u0441\u0442\u043e\u043c\u0443 \u0432\u0438\u0433\u043b\u044f\u0434\u0456 \u0430\u0431\u043e \u0434\u043e\u0434\u0430\u0432\u0430\u0439\u0442\u0435 \u0434\u043e \u0441\u0432\u043e\u0457\u0445 \u0432\u0435\u0433\u0430\u043d\u0441\u044c\u043a\u0438\u0445 \u0447\u0438 \u0440\u043e\u0441\u043b\u0438\u043d\u043d\u0438\u0445 \u0434\u0435\u0441\u0435\u0440\u0442\u0456\u0432 \u2014 \u0447\u0443\u0434\u043e\u0432\u0430 \u0430\u043b\u044c\u0442\u0435\u0440\u043d\u0430\u0442\u0438\u0432\u0430 \u043a\u043b\u0430\u0441\u0438\u0447\u043d\u043e\u043c\u0443 \u0448\u043e\u043a\u043e\u043b\u0430\u0434\u0443!<\/p>","protected":false},"excerpt":{"rendered":"<p>iChoc vegan valge \u0161okolaad vanilliga pakub mahedat maitser\u00f5\u00f5mu igale gurmaanile. Vegan, palmi\u00f5livaba ja komposteeritavas puidukiust pakendis. See kreemjas tahvel on valmistatud kakaov\u00f5ist&hellip;<\/p>","protected":false},"featured_media":8750,"comment_status":"open","ping_status":"closed","template":"","meta":{"wprm-recipe-roundup-name":"","wprm-recipe-roundup-description":""},"product_brand":[12028],"product_cat":[141,303],"product_tag":[297,142,385],"class_list":{"0":"post-8749","1":"product","2":"type-product","3":"status-publish","4":"has-post-thumbnail","6":"product_brand-ichoc","7":"product_cat-sokolaadid","8":"product_cat-mahetooted","9":"product_tag-mahe","10":"product_tag-sokolaad","11":"product_tag-valge","12":"j79_wcxd_expiry_type-best-before","14":"first","15":"instock","16":"taxable","17":"shipping-taxable","18":"purchasable","19":"product-type-simple"},"supplier_id":390160,"supplier_sku":"","barcode":"4044889004571","atum_controlled":true,"out_stock_date":null,"out_stock_threshold":null,"inheritable":false,"inbound_stock":0,"stock_on_hold":0,"sold_today":0,"sales_last_days":1,"reserved_stock":0,"customer_returns":0,"warehouse_damage":0,"lost_in_post":0,"other_logs":0,"out_stock_days":0,"lost_sales":0,"has_location":false,"update_date":"2026-05-07T14:39:18","atum_locations":[],"atum_stock_status":"instock","restock_status":false,"low_stock_amount":"","sales_update_date":"2026-05-07T14:39:18","calc_backorders":null,"aioseo_notices":[],"_links":{"self":[{"href":"https:\/\/ecoshop.ee\/uk\/wp-json\/wp\/v2\/product\/8749","targetHints":{"allow":["GET"]}}],"collection":[{"href":"https:\/\/ecoshop.ee\/uk\/wp-json\/wp\/v2\/product"}],"about":[{"href":"https:\/\/ecoshop.ee\/uk\/wp-json\/wp\/v2\/types\/product"}],"replies":[{"embeddable":true,"href":"https:\/\/ecoshop.ee\/uk\/wp-json\/wp\/v2\/comments?post=8749"}],"version-history":[{"count":0,"href":"https:\/\/ecoshop.ee\/uk\/wp-json\/wp\/v2\/product\/8749\/revisions"}],"wp:featuredmedia":[{"embeddable":true,"href":"https:\/\/ecoshop.ee\/uk\/wp-json\/wp\/v2\/media\/8750"}],"wp:attachment":[{"href":"https:\/\/ecoshop.ee\/uk\/wp-json\/wp\/v2\/media?parent=8749"}],"wp:term":[{"taxonomy":"product_brand","embeddable":true,"href":"https:\/\/ecoshop.ee\/uk\/wp-json\/wp\/v2\/product_brand?post=8749"},{"taxonomy":"product_cat","embeddable":true,"href":"https:\/\/ecoshop.ee\/uk\/wp-json\/wp\/v2\/product_cat?post=8749"},{"taxonomy":"product_tag","embeddable":true,"href":"https:\/\/ecoshop.ee\/uk\/wp-json\/wp\/v2\/product_tag?post=8749"}],"curies":[{"name":"wp","href":"https:\/\/api.w.org\/{rel}","templated":true}]}}