{"id":8934,"date":"2024-11-02T19:45:50","date_gmt":"2024-11-02T16:45:50","guid":{"rendered":"https:\/\/ecoshop.ee\/?post_type=product&#038;p=8934"},"modified":"2026-02-17T03:00:17","modified_gmt":"2026-02-17T00:00:17","slug":"%d1%80%d1%96%d0%b7%d0%bd%d0%be%d0%ba%d0%be%d0%bb%d1%8c%d0%be%d1%80%d0%be%d0%b2%d0%b0-%d0%ba%d1%96%d0%bd%d0%be%d0%b0-%d0%be%d1%80%d0%b3%d0%b0%d0%bd%d1%96%d1%87%d0%bd%d0%b0-250-%d0%b3","status":"publish","type":"product","link":"https:\/\/ecoshop.ee\/uk\/kupsetussegud-ja-kuivained\/mitmevarviline-kinoa-mahe-250g\/","title":{"rendered":"\u0420\u0456\u0437\u043d\u043e\u043a\u043e\u043b\u044c\u043e\u0440\u043e\u0432\u0430 \u043a\u0456\u043d\u043e\u0430, \u043e\u0440\u0433\u0430\u043d\u0456\u0447\u043d\u0430, 250 \u0433"},"content":{"rendered":"<p>\u041a\u0456\u043d\u043e\u0430 \u0406\u043d\u043a\u0430, \u0431\u0430\u0440\u0432\u0438\u0441\u0442\u0430 \u0441\u0443\u043c\u0456\u0448 \u0431\u0456\u043b\u043e\u0457 \u0442\u0430 \u0447\u0435\u0440\u0432\u043e\u043d\u043e\u0457 \u043a\u0456\u043d\u043e\u0430, \u0431\u0430\u0433\u0430\u0442\u0430 \u043d\u0430 \u043c\u0456\u043d\u0435\u0440\u0430\u043b\u0438 \u0442\u0430 \u0431\u0456\u043b\u043e\u043a \u0456 \u043d\u0430\u0434\u0437\u0432\u0438\u0447\u0430\u0439\u043d\u043e \u043f\u043e\u0436\u0438\u0432\u043d\u0430.<\/p>\n<p>\u0426\u044f \u0431\u0430\u0440\u0432\u0438\u0441\u0442\u0430 \u043a\u0456\u043d\u043e\u0430 \u043f\u0440\u0438\u0432\u0435\u0440\u0442\u0430\u0454 \u0443\u0432\u0430\u0433\u0443 \u0432 \u0431\u0443\u0434\u044c-\u044f\u043a\u0456\u0439 \u0441\u0442\u0440\u0430\u0432\u0456 \u2014 \u0456\u0434\u0435\u0430\u043b\u044c\u043d\u043e \u0441\u043c\u0430\u043a\u0443\u0454 \u0437 \u043e\u0432\u043e\u0447\u0430\u043c\u0438, \u0443 \u043f\u044e\u0440\u0435, \u0433\u0440\u0430\u0442\u0435\u043d\u0430\u0445, \u0441\u043c\u0430\u0436\u0438\u0442\u044c\u0441\u044f \u0430\u0431\u043e \u0442\u0443\u0448\u043a\u0443\u0454\u0442\u044c\u0441\u044f. \u0417\u0430\u0432\u0434\u044f\u043a\u0438 \u043b\u0435\u0433\u043a\u043e\u043c\u0443 \u0433\u043e\u0440\u0456\u0445\u043e\u0432\u043e\u043c\u0443 \u0441\u043c\u0430\u043a\u0443 \u043a\u0456\u043d\u043e\u0430 \u0454 \u0443\u043d\u0456\u0432\u0435\u0440\u0441\u0430\u043b\u044c\u043d\u043e\u044e \u0434\u043e\u0431\u0430\u0432\u043a\u043e\u044e, \u044f\u043a\u0430 \u0437\u0431\u0430\u0433\u0430\u0447\u0443\u0454 \u0431\u0443\u0434\u044c-\u044f\u043a\u0443 \u0441\u0442\u0440\u0430\u0432\u0443.<\/p>\n<p><strong>\u041f\u0456\u0434\u0433\u043e\u0442\u043e\u0432\u043a\u0430:<\/strong><\/p>\n<p>\u041f\u0440\u043e\u043c\u0438\u0439\u0442\u0435 \u043a\u0456\u043d\u043e\u0430. \u0412\u0430\u0440\u0456\u0442\u044c 250 \u0433 \u043a\u0456\u043d\u043e\u0430 \u0432 625 \u043c\u043b \u0432\u043e\u0434\u0438 \u043f\u0440\u043e\u0442\u044f\u0433\u043e\u043c 15 \u0445\u0432\u0438\u043b\u0438\u043d, \u0430 \u043f\u043e\u0442\u0456\u043c \u0434\u0430\u0439\u0442\u0435 \u043d\u0430\u0441\u0442\u043e\u044f\u0442\u0438\u0441\u044f 5 \u0445\u0432\u0438\u043b\u0438\u043d.<\/p>","protected":false},"excerpt":{"rendered":"<p>Inkade kinoa, v\u00e4rvikas segu valgest ja punasest kinoast, pakub rikkalikult mineraale ja valku ning on \u00e4\u00e4rmiselt toitev. See v\u00e4rvikas kinoa on iga&hellip;<\/p>","protected":false},"featured_media":8936,"comment_status":"open","ping_status":"closed","template":"","meta":{"wprm-recipe-roundup-name":"","wprm-recipe-roundup-description":""},"product_brand":[],"product_cat":[323],"product_tag":[373,297],"class_list":{"0":"post-8934","1":"product","2":"type-product","3":"status-publish","4":"has-post-thumbnail","6":"product_cat-kupsetussegud-ja-kuivained","7":"product_tag-kinoa","8":"product_tag-mahe","9":"j79_wcxd_expiry_type-best-before","11":"first","12":"outofstock","13":"taxable","14":"shipping-taxable","15":"purchasable","16":"product-type-simple"},"supplier_id":9137,"supplier_sku":"","barcode":"4006040024217","atum_controlled":true,"out_stock_date":null,"out_stock_threshold":null,"inheritable":false,"inbound_stock":0,"stock_on_hold":0,"sold_today":0,"sales_last_days":0,"reserved_stock":0,"customer_returns":0,"warehouse_damage":0,"lost_in_post":0,"other_logs":0,"out_stock_days":0,"lost_sales":0,"has_location":false,"update_date":"2026-03-07T01:16:10","atum_locations":[],"atum_stock_status":"outofstock","restock_status":false,"low_stock_amount":"","sales_update_date":"2026-03-07T01:16:10","calc_backorders":null,"aioseo_notices":[],"_links":{"self":[{"href":"https:\/\/ecoshop.ee\/uk\/wp-json\/wp\/v2\/product\/8934","targetHints":{"allow":["GET"]}}],"collection":[{"href":"https:\/\/ecoshop.ee\/uk\/wp-json\/wp\/v2\/product"}],"about":[{"href":"https:\/\/ecoshop.ee\/uk\/wp-json\/wp\/v2\/types\/product"}],"replies":[{"embeddable":true,"href":"https:\/\/ecoshop.ee\/uk\/wp-json\/wp\/v2\/comments?post=8934"}],"version-history":[{"count":0,"href":"https:\/\/ecoshop.ee\/uk\/wp-json\/wp\/v2\/product\/8934\/revisions"}],"wp:featuredmedia":[{"embeddable":true,"href":"https:\/\/ecoshop.ee\/uk\/wp-json\/wp\/v2\/media\/8936"}],"wp:attachment":[{"href":"https:\/\/ecoshop.ee\/uk\/wp-json\/wp\/v2\/media?parent=8934"}],"wp:term":[{"taxonomy":"product_brand","embeddable":true,"href":"https:\/\/ecoshop.ee\/uk\/wp-json\/wp\/v2\/product_brand?post=8934"},{"taxonomy":"product_cat","embeddable":true,"href":"https:\/\/ecoshop.ee\/uk\/wp-json\/wp\/v2\/product_cat?post=8934"},{"taxonomy":"product_tag","embeddable":true,"href":"https:\/\/ecoshop.ee\/uk\/wp-json\/wp\/v2\/product_tag?post=8934"}],"curies":[{"name":"wp","href":"https:\/\/api.w.org\/{rel}","templated":true}]}}