{"id":9078,"date":"2024-11-05T18:51:09","date_gmt":"2024-11-05T15:51:09","guid":{"rendered":"https:\/\/ecoshop.ee\/?post_type=product&#038;p=9078"},"modified":"2026-04-14T00:43:06","modified_gmt":"2026-04-13T21:43:06","slug":"%d1%82%d1%80%d0%b8%d0%bc%d0%b5%d1%80-%d0%b4%d0%bb%d1%8f-%d0%b1%d1%80%d1%96%d0%b2-%d1%82%d0%b0-%d0%b4%d0%b5%d1%80%d0%bc%d0%b0%d0%bf%d0%bb%d0%b0%d0%bd%d0%b5%d1%80-%d0%b7-5-%d0%bb%d0%b5%d0%b7%d0%b0%d0%bc","status":"publish","type":"product","link":"https:\/\/ecoshop.ee\/uk\/raseerijad\/kulmude-piiraja-ja-dermaplaneerija-5-tera\/","title":{"rendered":"\u0422\u0440\u0438\u043c\u0435\u0440 \u0434\u043b\u044f \u0431\u0440\u0456\u0432 \u0442\u0430 \u0434\u0435\u0440\u043c\u0430\u043f\u043b\u0430\u043d\u0435\u0440 + 5 \u043b\u0435\u0437"},"content":{"rendered":"<p>\u041d\u0430\u0448 \u0431\u0430\u0433\u0430\u0442\u043e\u0440\u0430\u0437\u043e\u0432\u0438\u0439 \u043c\u0435\u0442\u0430\u043b\u0435\u0432\u0438\u0439 \u0442\u0440\u0438\u043c\u0435\u0440 \u0434\u043b\u044f \u0431\u0440\u0456\u0432 \u0456\u0434\u0435\u0430\u043b\u044c\u043d\u043e \u043f\u0456\u0434\u0445\u043e\u0434\u0438\u0442\u044c \u0434\u043b\u044f \u043b\u0435\u0433\u043a\u043e\u0433\u043e \u0432\u0438\u0434\u0430\u043b\u0435\u043d\u043d\u044f \u0430\u0431\u043e \u0444\u043e\u0440\u043c\u0443\u0432\u0430\u043d\u043d\u044f \u0432\u043e\u043b\u043e\u0441\u0441\u044f \u043d\u0430 \u043e\u0431\u043b\u0438\u0447\u0447\u0456. \u0412\u0456\u043d \u0442\u0430\u043a\u043e\u0436 \u043f\u0456\u0434\u0445\u043e\u0434\u0438\u0442\u044c \u0434\u043b\u044f \u0434\u0435\u0440\u043c\u0430\u043f\u043b\u0430\u043d\u0456\u043d\u0433\u0443 (\u0432\u0456\u0434\u043b\u0443\u0449\u0443\u0432\u0430\u043d\u043d\u044f \u0448\u043a\u0456\u0440\u0438), \u0449\u043e \u0440\u043e\u0431\u0438\u0442\u044c \u0439\u043e\u0433\u043e \u0435\u0444\u0435\u043a\u0442\u0438\u0432\u043d\u0438\u043c \u0442\u0430 \u0431\u0430\u0433\u0430\u0442\u043e\u0444\u0443\u043d\u043a\u0446\u0456\u043e\u043d\u0430\u043b\u044c\u043d\u0438\u043c \u0456\u043d\u0441\u0442\u0440\u0443\u043c\u0435\u043d\u0442\u043e\u043c. \u0422\u0440\u0438\u043c\u0435\u0440 \u0434\u043b\u044f \u0431\u0440\u0456\u0432 \u043e\u0441\u043d\u0430\u0449\u0435\u043d\u0438\u0439 \u043f&#039;\u044f\u0442\u044c\u043c\u0430 \u043b\u0435\u0437\u0430\u043c\u0438 \u0437 \u043d\u0435\u0440\u0436\u0430\u0432\u0456\u044e\u0447\u043e\u0457 \u0441\u0442\u0430\u043b\u0456, \u0440\u043e\u0437\u0440\u043e\u0431\u043b\u0435\u043d\u0438\u043c\u0438 \u0431\u0435\u0437 \u043f\u043b\u0430\u0441\u0442\u0438\u043a\u043e\u0432\u0438\u0445 \u043d\u0430\u0441\u0430\u0434\u043e\u043a, \u0449\u043e \u0440\u043e\u0431\u0438\u0442\u044c 100% \u0431\u0435\u0437 \u043f\u043b\u0430\u0441\u0442\u0438\u043a\u0443, \u043f\u0440\u0438\u0434\u0430\u0442\u043d\u0438\u043c \u0434\u043b\u044f \u0431\u0435\u0437\u043a\u0456\u043d\u0435\u0447\u043d\u043e\u0457 \u043f\u0435\u0440\u0435\u0440\u043e\u0431\u043a\u0438 \u0442\u0430 \u0435\u043a\u043e\u043b\u043e\u0433\u0456\u0447\u043d\u043e \u0447\u0438\u0441\u0442\u0438\u043c.<\/p>\n<p>\u041c\u043e\u0436\u043d\u0430 \u043f\u0440\u0438\u0434\u0431\u0430\u0442\u0438 \u0434\u043e\u0434\u0430\u0442\u043a\u043e\u0432\u0456 \u043b\u0435\u0437\u0430 <a href=\"https:\/\/ecoshop.ee\/uk\/%d0%b0%d0%ba%d1%81%d0%b5%d1%81%d1%83%d0%b0%d1%80%d0%b8-%d0%b4%d0%bb%d1%8f-%d0%b3%d0%be%d0%bb%d1%96%d0%bd%d0%bd%d1%8f\/%d0%bb%d0%b5%d0%b7%d0%b0-%d0%b4%d0%bb%d1%8f-%d1%82%d1%80%d0%b8%d0%bc%d0%b5%d1%80%d0%b0-%d0%b4%d0%bb%d1%8f-%d0%b1%d1%80%d1%96%d0%b2-%d1%82%d0%b0-%d0%b4%d0%b5%d1%80%d0%bc%d0%b0%d0%bf%d0%bb%d0%b0%d0%bd\/\" target=\"_blank\" rel=\"noopener\"><strong>\u0442\u0443\u0442.<\/strong><\/a><\/p>\n<p><strong>\u041a\u043e\u043c\u043f\u043b\u0435\u043a\u0442 \u0432\u043a\u043b\u044e\u0447\u0430\u0454:<\/strong><\/p>\n<ul>\n<li>1 \u0445 \u043c\u0435\u0442\u0430\u043b\u0435\u0432\u0438\u0439 \u0442\u0440\u0438\u043c\u0435\u0440 \u0434\u043b\u044f \u0431\u0440\u0456\u0432<\/li>\n<li>1 x \u0443\u043f\u0430\u043a\u043e\u0432\u043a\u0430 \u0437 5 \u043b\u0435\u0437 (\u0431\u0435\u0437 \u043f\u043b\u0430\u0441\u0442\u0438\u043a\u0443)<\/li>\n<li>1 \u0445 \u0441\u0438\u043b\u0456\u043a\u043e\u043d\u043e\u0432\u0438\u0439 \u0437\u0430\u0445\u0438\u0441\u0442 \u043b\u0435\u0437\u0430<\/li>\n<\/ul>\n<p><strong>\u0421\u043f\u0435\u0446\u0438\u0444\u0456\u043a\u0430\u0446\u0456\u0457 \u043f\u0440\u043e\u0434\u0443\u043a\u0442\u0443:<\/strong><\/p>\n<ul>\n<li>\u0412\u0430\u0433\u0430: 80 \u0433<\/li>\n<li>\u0420\u043e\u0437\u043c\u0456\u0440\u0438: 16 \u0441\u043c x 6,7 \u0441\u043c x 1,9 \u0441\u043c<\/li>\n<\/ul>\n<p><strong>\u041c\u0430\u0442\u0435\u0440\u0456\u0430\u043b\u0438<\/strong>:<\/p>\n<ul>\n<li>\u041b\u0430\u0442\u0443\u043d\u043d\u0438\u0439 \u0441\u043f\u043b\u0430\u0432, \u0445\u0440\u043e\u043c\u043e\u0432\u0430\u043d\u0435 \u043f\u043e\u043a\u0440\u0438\u0442\u0442\u044f<\/li>\n<\/ul>","protected":false},"excerpt":{"rendered":"<p>Meie korduvkasutatav metallist kulmude piiraja sobib t\u00e4iuslikult n\u00e4okarvade lihtsaks eemaldamiseks v\u00f5i kujundamiseks. Lisaks sobib see ka dermaplaneerimiseks (naha koorimiseks), olles t\u00f5hus ja&hellip;<\/p>","protected":false},"featured_media":9081,"comment_status":"open","ping_status":"closed","template":"","meta":{"wprm-recipe-roundup-name":"","wprm-recipe-roundup-description":""},"product_brand":[12064],"product_cat":[280],"product_tag":[431,432],"class_list":{"0":"post-9078","1":"product","2":"type-product","3":"status-publish","4":"has-post-thumbnail","6":"product_brand-jungle-culture","7":"product_cat-raseerijad","8":"product_tag-kulmud","9":"product_tag-kulmude-piiraja","11":"first","12":"instock","13":"taxable","14":"shipping-taxable","15":"purchasable","16":"product-type-variable"},"supplier_id":null,"supplier_sku":"","barcode":null,"atum_controlled":true,"out_stock_date":null,"out_stock_threshold":null,"inheritable":true,"inbound_stock":0,"stock_on_hold":0,"sold_today":0,"sales_last_days":0,"reserved_stock":0,"customer_returns":0,"warehouse_damage":0,"lost_in_post":0,"other_logs":0,"out_stock_days":0,"lost_sales":0,"has_location":false,"update_date":"2026-04-13T21:43:07","atum_locations":[],"atum_stock_status":"instock","restock_status":false,"low_stock_amount":"","sales_update_date":"2026-03-07T01:16:14","calc_backorders":null,"aioseo_notices":[],"_links":{"self":[{"href":"https:\/\/ecoshop.ee\/uk\/wp-json\/wp\/v2\/product\/9078","targetHints":{"allow":["GET"]}}],"collection":[{"href":"https:\/\/ecoshop.ee\/uk\/wp-json\/wp\/v2\/product"}],"about":[{"href":"https:\/\/ecoshop.ee\/uk\/wp-json\/wp\/v2\/types\/product"}],"replies":[{"embeddable":true,"href":"https:\/\/ecoshop.ee\/uk\/wp-json\/wp\/v2\/comments?post=9078"}],"version-history":[{"count":0,"href":"https:\/\/ecoshop.ee\/uk\/wp-json\/wp\/v2\/product\/9078\/revisions"}],"wp:featuredmedia":[{"embeddable":true,"href":"https:\/\/ecoshop.ee\/uk\/wp-json\/wp\/v2\/media\/9081"}],"wp:attachment":[{"href":"https:\/\/ecoshop.ee\/uk\/wp-json\/wp\/v2\/media?parent=9078"}],"wp:term":[{"taxonomy":"product_brand","embeddable":true,"href":"https:\/\/ecoshop.ee\/uk\/wp-json\/wp\/v2\/product_brand?post=9078"},{"taxonomy":"product_cat","embeddable":true,"href":"https:\/\/ecoshop.ee\/uk\/wp-json\/wp\/v2\/product_cat?post=9078"},{"taxonomy":"product_tag","embeddable":true,"href":"https:\/\/ecoshop.ee\/uk\/wp-json\/wp\/v2\/product_tag?post=9078"}],"curies":[{"name":"wp","href":"https:\/\/api.w.org\/{rel}","templated":true}]}}