{"id":9105,"date":"2024-11-05T22:06:01","date_gmt":"2024-11-05T19:06:01","guid":{"rendered":"https:\/\/ecoshop.ee\/?post_type=product&#038;p=9105"},"modified":"2026-05-10T15:30:17","modified_gmt":"2026-05-10T12:30:17","slug":"%d0%bd%d0%b0%d0%b1%d1%96%d1%80-%d1%89%d1%96%d1%82%d0%be%d0%ba-%d0%b4%d0%bb%d1%8f-%d0%bc%d0%b8%d1%82%d1%82%d1%8f-%d0%ba%d0%b0%d1%81%d1%82%d1%80%d1%83%d0%bb%d1%8c-%d1%96-%d1%81%d0%ba%d0%be%d0%b2%d0%be","status":"publish","type":"product","link":"https:\/\/ecoshop.ee\/uk\/noud-ja-koogitarbed\/potide-ja-pannide-kuurimisharjade-komplekt\/","title":{"rendered":"\u041d\u0430\u0431\u0456\u0440 \u0449\u0456\u0442\u043e\u043a \u0434\u043b\u044f \u043c\u0438\u0442\u0442\u044f \u043a\u0430\u0441\u0442\u0440\u0443\u043b\u044c \u0456 \u0441\u043a\u043e\u0432\u043e\u0440\u0456\u0434\u043e\u043a"},"content":{"rendered":"<p>\u041d\u0430\u0448 \u0434\u0432\u043e\u043a\u043e\u043c\u043f\u043e\u043d\u0435\u043d\u0442\u043d\u0438\u0439 \u043d\u0430\u0431\u0456\u0440 \u0449\u0456\u0442\u043e\u043a \u0434\u043b\u044f \u043c\u0438\u0442\u0442\u044f \u043a\u0430\u0441\u0442\u0440\u0443\u043b\u044c \u0442\u0430 \u0441\u043a\u043e\u0432\u043e\u0440\u0456\u0434\u043e\u043a \u0456\u0434\u0435\u0430\u043b\u044c\u043d\u043e \u043f\u0456\u0434\u0445\u043e\u0434\u0438\u0442\u044c \u0434\u043b\u044f \u0440\u0456\u0437\u043d\u043e\u043c\u0430\u043d\u0456\u0442\u043d\u0438\u0445 \u0437\u0430\u0432\u0434\u0430\u043d\u044c \u0437 \u043c\u0438\u0442\u0442\u044f \u043f\u043e\u0441\u0443\u0434\u0443. \u041c\u2019\u044f\u043a\u0430 \u0449\u0456\u0442\u043a\u0430 \u0437 \u0441\u0438\u0437\u0430\u043b\u0435\u0432\u043e\u0433\u043e \u0432\u043e\u043b\u043e\u043a\u043d\u0430 \u0456\u0434\u0435\u0430\u043b\u044c\u043d\u043e \u043f\u0456\u0434\u0445\u043e\u0434\u0438\u0442\u044c \u0434\u043b\u044f \u043e\u0447\u0438\u0449\u0435\u043d\u043d\u044f \u043a\u0435\u0440\u0430\u043c\u0456\u043a\u0438, \u0441\u043a\u043b\u044f\u043d\u043e\u0433\u043e \u043f\u043e\u0441\u0443\u0434\u0443 \u0442\u0430 \u0441\u0442\u043e\u043b\u043e\u0432\u0438\u0445 \u043f\u0440\u0438\u0431\u043e\u0440\u0456\u0432, \u0442\u043e\u0434\u0456 \u044f\u043a \u043c\u0456\u0446\u043d\u0430 \u0449\u0456\u0442\u043a\u0430 \u0437 \u043a\u043e\u043a\u043e\u0441\u043e\u0432\u043e\u0433\u043e \u0432\u043e\u043b\u043e\u043a\u043d\u0430 \u043c\u043e\u0436\u0435 \u0432\u043f\u043e\u0440\u0430\u0442\u0438\u0441\u044f \u0437\u0456 \u0441\u0442\u0456\u0439\u043a\u0438\u043c\u0438 \u043f\u043b\u044f\u043c\u0430\u043c\u0438, \u0434\u0435\u043a\u0430\u043c\u0438 \u0442\u0430 \u0441\u043a\u043e\u0432\u043e\u0440\u0456\u0434\u043a\u0430\u043c\u0438. \u0415\u0440\u0433\u043e\u043d\u043e\u043c\u0456\u0447\u043d\u0438\u0439 \u0434\u0438\u0437\u0430\u0439\u043d \u0437\u0430\u0431\u0435\u0437\u043f\u0435\u0447\u0443\u0454 \u0437\u0440\u0443\u0447\u043d\u0438\u0439 \u0442\u0430 \u043d\u0430\u0434\u0456\u0439\u043d\u0438\u0439 \u0445\u0432\u0430\u0442. \u0423\u043d\u0456\u0432\u0435\u0440\u0441\u0430\u043b\u044c\u043d\u0456 \u0449\u0456\u0442\u043a\u0438 \u0442\u0430\u043a\u043e\u0436 \u043c\u043e\u0436\u043d\u0430 \u0432\u0438\u043a\u043e\u0440\u0438\u0441\u0442\u043e\u0432\u0443\u0432\u0430\u0442\u0438 \u0434\u043b\u044f \u043e\u0447\u0438\u0449\u0435\u043d\u043d\u044f \u043e\u0432\u043e\u0447\u0456\u0432, \u043c\u0438\u0442\u0442\u044f \u043f\u043e\u0432\u0435\u0440\u0445\u043e\u043d\u044c \u0442\u0430 \u043e\u0431\u0440\u043e\u0431\u043a\u0438 \u043c\u0435\u0442\u0430\u043b\u0435\u0432\u0438\u0445 \u043f\u043e\u0432\u0435\u0440\u0445\u043e\u043d\u044c.<\/p>\n<p><strong>\u041a\u043e\u043c\u043f\u043b\u0435\u043a\u0442 \u0432\u043a\u043b\u044e\u0447\u0430\u0454:<\/strong><\/p>\n<ul>\n<li>1 \u0445 \u043c&#039;\u044f\u043a\u0430 \u0441\u0438\u0437\u0430\u043b\u0435\u0432\u0430 \u0449\u0456\u0442\u043a\u0430 \u0434\u043b\u044f \u0447\u0438\u0449\u0435\u043d\u043d\u044f<\/li>\n<li>1 \u0445 \u043c\u0456\u0446\u043d\u0430 \u0449\u0456\u0442\u043a\u0430 \u0434\u043b\u044f \u0447\u0438\u0449\u0435\u043d\u043d\u044f \u0437 \u043a\u043e\u043a\u043e\u0441\u043e\u0432\u043e\u0433\u043e \u0432\u043e\u043b\u043e\u043a\u043d\u0430<\/li>\n<\/ul>\n<p><strong>\u0421\u043f\u0435\u0446\u0438\u0444\u0456\u043a\u0430\u0446\u0456\u0457 \u043f\u0440\u043e\u0434\u0443\u043a\u0442\u0443:<\/strong><\/p>\n<ul>\n<li>\u0412\u0430\u0433\u0430: 125 \u0433<\/li>\n<li>\u0420\u043e\u0437\u043c\u0456\u0440\u0438: 10 \u0441\u043c x 8 \u0441\u043c x 5,5 \u0441\u043c<\/li>\n<\/ul>\n<p><strong>\u041c\u0430\u0442\u0435\u0440\u0456\u0430\u043b\u0438<\/strong>:<\/p>\n<ul>\n<li>\u0411\u0430\u043c\u0431\u0443\u043a, \u0441\u0438\u0437\u0430\u043b\u0435\u0432\u0435 \u0432\u043e\u043b\u043e\u043a\u043d\u043e, \u043a\u043e\u043a\u043e\u0441\u043e\u0432\u0435 \u0432\u043e\u043b\u043e\u043a\u043d\u043e<\/li>\n<\/ul>","protected":false},"excerpt":{"rendered":"<p>Meie kaheosaline potide ja pannide k\u00fc\u00fcrimisharjade komplekt sobib suurep\u00e4raselt erinevate n\u00f5udepesut\u00f6\u00f6de jaoks. Pehme sisalkiust hari on ideaalne keraamika, klaasn\u00f5ude ja s\u00f6\u00f6giriistade puhastamiseks,&hellip;<\/p>","protected":false},"featured_media":9107,"comment_status":"open","ping_status":"closed","template":"","meta":{"wprm-recipe-roundup-name":"","wprm-recipe-roundup-description":""},"product_brand":[12064],"product_cat":[247],"product_tag":[187],"class_list":{"0":"post-9105","1":"product","2":"type-product","3":"status-publish","4":"has-post-thumbnail","6":"product_brand-jungle-culture","7":"product_cat-noud-ja-koogitarbed","8":"product_tag-noudepesuharjad","10":"first","11":"instock","12":"taxable","13":"shipping-taxable","14":"purchasable","15":"product-type-simple"},"supplier_id":9133,"supplier_sku":"","barcode":null,"atum_controlled":true,"out_stock_date":null,"out_stock_threshold":null,"inheritable":false,"inbound_stock":0,"stock_on_hold":0,"sold_today":0,"sales_last_days":0,"reserved_stock":0,"customer_returns":0,"warehouse_damage":0,"lost_in_post":0,"other_logs":0,"out_stock_days":0,"lost_sales":0,"has_location":false,"update_date":"2026-05-10T12:31:17","atum_locations":[],"atum_stock_status":"instock","restock_status":false,"low_stock_amount":"","sales_update_date":"2026-05-10T12:31:17","calc_backorders":null,"aioseo_notices":[],"_links":{"self":[{"href":"https:\/\/ecoshop.ee\/uk\/wp-json\/wp\/v2\/product\/9105","targetHints":{"allow":["GET"]}}],"collection":[{"href":"https:\/\/ecoshop.ee\/uk\/wp-json\/wp\/v2\/product"}],"about":[{"href":"https:\/\/ecoshop.ee\/uk\/wp-json\/wp\/v2\/types\/product"}],"replies":[{"embeddable":true,"href":"https:\/\/ecoshop.ee\/uk\/wp-json\/wp\/v2\/comments?post=9105"}],"version-history":[{"count":0,"href":"https:\/\/ecoshop.ee\/uk\/wp-json\/wp\/v2\/product\/9105\/revisions"}],"wp:featuredmedia":[{"embeddable":true,"href":"https:\/\/ecoshop.ee\/uk\/wp-json\/wp\/v2\/media\/9107"}],"wp:attachment":[{"href":"https:\/\/ecoshop.ee\/uk\/wp-json\/wp\/v2\/media?parent=9105"}],"wp:term":[{"taxonomy":"product_brand","embeddable":true,"href":"https:\/\/ecoshop.ee\/uk\/wp-json\/wp\/v2\/product_brand?post=9105"},{"taxonomy":"product_cat","embeddable":true,"href":"https:\/\/ecoshop.ee\/uk\/wp-json\/wp\/v2\/product_cat?post=9105"},{"taxonomy":"product_tag","embeddable":true,"href":"https:\/\/ecoshop.ee\/uk\/wp-json\/wp\/v2\/product_tag?post=9105"}],"curies":[{"name":"wp","href":"https:\/\/api.w.org\/{rel}","templated":true}]}}